{"id":4680,"date":"2015-10-19T16:15:41","date_gmt":"2015-10-19T14:15:41","guid":{"rendered":"http:\/\/stolmar24.com\/fr\/?page_id=4680"},"modified":"2015-10-19T16:25:10","modified_gmt":"2015-10-19T14:25:10","slug":"aluminium","status":"publish","type":"page","link":"https:\/\/stolmar24.com\/fr\/aluminium\/","title":{"rendered":"Aluminium"},"content":{"rendered":"<p>[et_pb_section admin_label=\u00a0\u00bbsection\u00a0\u00bb fullwidth=\u00a0\u00bbon\u00a0\u00bb specialty=\u00a0\u00bboff\u00a0\u00bb transparent_background=\u00a0\u00bboff\u00a0\u00bb background_color=\u00a0\u00bb#4ac1d3&Prime; allow_player_pause=\u00a0\u00bboff\u00a0\u00bb inner_shadow=\u00a0\u00bboff\u00a0\u00bb parallax=\u00a0\u00bboff\u00a0\u00bb parallax_method=\u00a0\u00bboff\u00a0\u00bb][et_pb_fullwidth_header admin_label=\u00a0\u00bbNag\u0142\u00f3wek pe\u0142nej szeroko\u015bci\u00a0\u00bb title=\u00a0\u00bbALUMINIUM\u00a0\u00bb subhead=\u00a0\u00bbNos produits en aluminium\u00a0\u00bb background_layout=\u00a0\u00bbdark\u00a0\u00bb text_orientation=\u00a0\u00bbleft\u00a0\u00bb header_fullscreen=\u00a0\u00bboff\u00a0\u00bb header_scroll_down=\u00a0\u00bboff\u00a0\u00bb parallax=\u00a0\u00bboff\u00a0\u00bb parallax_method=\u00a0\u00bboff\u00a0\u00bb content_orientation=\u00a0\u00bbcenter\u00a0\u00bb image_orientation=\u00a0\u00bbcenter\u00a0\u00bb custom_button_one=\u00a0\u00bboff\u00a0\u00bb button_one_letter_spacing=\u00a0\u00bb0&Prime; button_one_use_icon=\u00a0\u00bbdefault\u00a0\u00bb button_one_icon_placement=\u00a0\u00bbright\u00a0\u00bb button_one_on_hover=\u00a0\u00bbon\u00a0\u00bb button_one_letter_spacing_hover=\u00a0\u00bb0&Prime; custom_button_two=\u00a0\u00bboff\u00a0\u00bb button_two_letter_spacing=\u00a0\u00bb0&Prime; button_two_use_icon=\u00a0\u00bbdefault\u00a0\u00bb button_two_icon_placement=\u00a0\u00bbright\u00a0\u00bb button_two_on_hover=\u00a0\u00bbon\u00a0\u00bb button_two_letter_spacing_hover=\u00a0\u00bb0&Prime;]<\/p>\n<p><\/p>\n<p>[\/et_pb_fullwidth_header][\/et_pb_section][et_pb_section admin_label=\u00a0\u00bbsection\u00a0\u00bb][et_pb_row admin_label=\u00a0\u00bbrow\u00a0\u00bb][et_pb_column type=\u00a0\u00bb4_4&Prime;][et_pb_text admin_label=\u00a0\u00bbTekst\u00a0\u00bb background_layout=\u00a0\u00bblight\u00a0\u00bb text_orientation=\u00a0\u00bbleft\u00a0\u00bb use_border_color=\u00a0\u00bboff\u00a0\u00bb border_color=\u00a0\u00bb#ffffff\u00a0\u00bb border_style=\u00a0\u00bbsolid\u00a0\u00bb]<\/p>\n<p style=\"text-align: justify;\">Avec l&rsquo;aluminium, composez votre fen?tre ? la carte en choisissant judicieusement sa forme, son mode d&rsquo;ouverture, sa finition et ses accessoires. La combinaison judicieuse de ces \u00e9l\u00e9ments permet d&rsquo;int\u00e9grer parfaitement la fen?tre au b\u00e2ti et garantit un confort en toute saison. La fen?tre aluminium optimise isolation thermique et apports gratuits de chaleur et de lumi?re. Il existe de nombreux types de fen?tres que le march\u00e9 de la baie s\u00e9pare actuellement en deux grandes familles : les fen?tres battantes et les fen?tres coulissantes. Leurs diff\u00e9rentes caract\u00e9ristiques sont ? conna\u00eetre afin de choisir sa bonne fen?tre en aluminium<\/p>\n<p>[\/et_pb_text][et_pb_cta admin_label=\u00a0\u00bbWezwanie do dzia\u0142ania\u00a0\u00bb title=\u00a0\u00bbAluminium ext\u00e9rieur\u00a0\u00bb use_background_color=\u00a0\u00bbon\u00a0\u00bb background_color=\u00a0\u00bb#7EBEC5&Prime; background_layout=\u00a0\u00bbdark\u00a0\u00bb text_orientation=\u00a0\u00bbcenter\u00a0\u00bb url_new_window=\u00a0\u00bboff\u00a0\u00bb use_border_color=\u00a0\u00bboff\u00a0\u00bb border_color=\u00a0\u00bb#ffffff\u00a0\u00bb border_style=\u00a0\u00bbsolid\u00a0\u00bb custom_button=\u00a0\u00bboff\u00a0\u00bb button_letter_spacing=\u00a0\u00bb0&Prime; button_use_icon=\u00a0\u00bbdefault\u00a0\u00bb button_icon_placement=\u00a0\u00bbright\u00a0\u00bb button_on_hover=\u00a0\u00bbon\u00a0\u00bb button_letter_spacing_hover=\u00a0\u00bb0&Prime;]<\/p>\n<p>\nAluminium chaud<\/p>\n<p>[\/et_pb_cta][\/et_pb_column][\/et_pb_row][et_pb_row admin_label=\u00a0\u00bbrow\u00a0\u00bb][et_pb_column type=\u00a0\u00bb1_3&Prime;][et_pb_image admin_label=\u00a0\u00bbObraz\u00a0\u00bb src=\u00a0\u00bbhttp:\/\/stolmar24.com\/wp-content\/uploads\/MB86-aero-drzwi1.jpg\u00a0\u00bb show_in_lightbox=\u00a0\u00bboff\u00a0\u00bb url_new_window=\u00a0\u00bboff\u00a0\u00bb animation=\u00a0\u00bboff\u00a0\u00bb sticky=\u00a0\u00bboff\u00a0\u00bb alt=\u00a0\u00bbSyst?me MB86&Prime; align=\u00a0\u00bbleft\u00a0\u00bb force_fullwidth=\u00a0\u00bboff\u00a0\u00bb always_center_on_mobile=\u00a0\u00bbon\u00a0\u00bb use_border_color=\u00a0\u00bboff\u00a0\u00bb border_color=\u00a0\u00bb#ffffff\u00a0\u00bb border_style=\u00a0\u00bbsolid\u00a0\u00bb]<\/p>\n<p><\/p>\n<p>[\/et_pb_image][et_pb_text admin_label=\u00a0\u00bbTekst\u00a0\u00bb background_layout=\u00a0\u00bblight\u00a0\u00bb text_orientation=\u00a0\u00bbcenter\u00a0\u00bb use_border_color=\u00a0\u00bboff\u00a0\u00bb border_color=\u00a0\u00bb#ffffff\u00a0\u00bb border_style=\u00a0\u00bbsolid\u00a0\u00bb]<\/p>\n<h2>Syst?me MB86<\/h2>\n<p>[\/et_pb_text][et_pb_text admin_label=\u00a0\u00bbTekst\u00a0\u00bb background_layout=\u00a0\u00bblight\u00a0\u00bb text_orientation=\u00a0\u00bbcenter\u00a0\u00bb use_border_color=\u00a0\u00bboff\u00a0\u00bb border_color=\u00a0\u00bb#ffffff\u00a0\u00bb border_style=\u00a0\u00bbsolid\u00a0\u00bb]<\/p>\n<p style=\"text-align: justify;\">Syst?me de portes et fen?tres de tr?s bons param?tres r\u00e9pondant ? une grande vari\u00e9t\u00e9 de besoins d&rsquo;utilisateurs. MB-86 est le seul syst?me existant de fen?tres en aluminium o? est utilis\u00e9 l?a\u00e9rogel, un excellent isolant thermique. Un autre grand avantage du syst?me MB-86 est la haute r\u00e9sistance de ses profil\u00e9s qui permet de r\u00e9aliser des fen?tres de plus grandes dimensions et poids.<br \/> Surface des profils en aluminium peut ?tre finie avec les techniques du vernissage en poudre et d&rsquo;anodisation.<\/p>\n<p>[\/et_pb_text][\/et_pb_column][et_pb_column type=\u00a0\u00bb1_3&Prime;][et_pb_image admin_label=\u00a0\u00bbObraz\u00a0\u00bb src=\u00a0\u00bbhttp:\/\/stolmar24.com\/wp-content\/uploads\/mb70-hi-drzwi.jpg\u00a0\u00bb show_in_lightbox=\u00a0\u00bboff\u00a0\u00bb url_new_window=\u00a0\u00bboff\u00a0\u00bb animation=\u00a0\u00bboff\u00a0\u00bb sticky=\u00a0\u00bboff\u00a0\u00bb alt=\u00a0\u00bbSyst?me MB70&Prime; align=\u00a0\u00bbleft\u00a0\u00bb force_fullwidth=\u00a0\u00bboff\u00a0\u00bb always_center_on_mobile=\u00a0\u00bbon\u00a0\u00bb use_border_color=\u00a0\u00bboff\u00a0\u00bb border_color=\u00a0\u00bb#ffffff\u00a0\u00bb border_style=\u00a0\u00bbsolid\u00a0\u00bb]<\/p>\n<p><\/p>\n<p>[\/et_pb_image][et_pb_text admin_label=\u00a0\u00bbTekst\u00a0\u00bb background_layout=\u00a0\u00bblight\u00a0\u00bb text_orientation=\u00a0\u00bbcenter\u00a0\u00bb use_border_color=\u00a0\u00bboff\u00a0\u00bb border_color=\u00a0\u00bb#ffffff\u00a0\u00bb border_style=\u00a0\u00bbsolid\u00a0\u00bb]<\/p>\n<h2>Syst?me MB70<\/h2>\n<p>[\/et_pb_text][et_pb_text admin_label=\u00a0\u00bbTekst\u00a0\u00bb background_layout=\u00a0\u00bblight\u00a0\u00bb text_orientation=\u00a0\u00bbcenter\u00a0\u00bb use_border_color=\u00a0\u00bboff\u00a0\u00bb border_color=\u00a0\u00bb#ffffff\u00a0\u00bb border_style=\u00a0\u00bbsolid\u00a0\u00bb]<\/p>\n<p style=\"text-align: justify;\">Le syst?me est \u00e9quip\u00e9 de profil\u00e9s d&rsquo;isolation thermique, en polyamide renforc\u00e9 de fibre de verre. La forme des profil\u00e9s isolants rend les assemblages plus rigides que dans le cas de profil\u00e9s thermiques plats, et contribue au drainage des profil\u00e9s tout en garantissant une isolation thermique et acoustique aussi \u00e9lev\u00e9e dans toutes les conditions m\u00e9t\u00e9orologiques. L&rsquo;\u00e9tanch\u00e9it\u00e9 est assur\u00e9e par des joints sp\u00e9ciaux composites en caoutchouc synth\u00e9tique EPDM, partiellement pleins et partiellement creux, qui leur garantissent une longue dur\u00e9e de vie et une tr?s bonne isolation thermique. MB-70 est le premier syst?me exploitant ce type de joint pour r\u00e9aliser le joint central de fen?tres.<\/p>\n<p>[\/et_pb_text][\/et_pb_column][et_pb_column type=\u00a0\u00bb1_3&Prime;][et_pb_image admin_label=\u00a0\u00bbObraz\u00a0\u00bb src=\u00a0\u00bbhttp:\/\/stolmar24.com\/wp-content\/uploads\/mb60-drzwi.jpg\u00a0\u00bb show_in_lightbox=\u00a0\u00bboff\u00a0\u00bb url_new_window=\u00a0\u00bboff\u00a0\u00bb animation=\u00a0\u00bboff\u00a0\u00bb sticky=\u00a0\u00bboff\u00a0\u00bb alt=\u00a0\u00bbSyst?me MB60&Prime; align=\u00a0\u00bbleft\u00a0\u00bb force_fullwidth=\u00a0\u00bboff\u00a0\u00bb always_center_on_mobile=\u00a0\u00bbon\u00a0\u00bb use_border_color=\u00a0\u00bboff\u00a0\u00bb border_color=\u00a0\u00bb#ffffff\u00a0\u00bb border_style=\u00a0\u00bbsolid\u00a0\u00bb]<\/p>\n<p><\/p>\n<p>[\/et_pb_image][et_pb_text admin_label=\u00a0\u00bbTekst\u00a0\u00bb background_layout=\u00a0\u00bblight\u00a0\u00bb text_orientation=\u00a0\u00bbcenter\u00a0\u00bb use_border_color=\u00a0\u00bboff\u00a0\u00bb border_color=\u00a0\u00bb#ffffff\u00a0\u00bb border_style=\u00a0\u00bbsolid\u00a0\u00bb]<\/p>\n<h2>Syst?me MB60<\/h2>\n<p>[\/et_pb_text][et_pb_text admin_label=\u00a0\u00bbTekst\u00a0\u00bb background_layout=\u00a0\u00bblight\u00a0\u00bb text_orientation=\u00a0\u00bbcenter\u00a0\u00bb use_border_color=\u00a0\u00bboff\u00a0\u00bb border_color=\u00a0\u00bb#ffffff\u00a0\u00bb border_style=\u00a0\u00bbsolid\u00a0\u00bb]<\/p>\n<p style=\"text-align: justify;\">La caract\u00e9ristique de ce syst?me est \u00e7a relation \u00e9troite avec les syst?mes de portes et fen?tres MB-45, MB-59S et MB-70. Ceci a permis d&rsquo;inclure dans sa structure de nombreux \u00e9l\u00e9ments compatibles avec ces syst?mes. L&rsquo;un des effets de cette uniformisation est que l&rsquo;apparence ext\u00e9rieure et int\u00e9rieure des portes, fen?tres, etc. r\u00e9alis\u00e9es dans des syst?mes diff\u00e9rents de construction int\u00e9rieure ou ext\u00e9rieure est pratiquement identique.Surface des profil\u00e9s des fen?tres de ce syst?me peut ?tre finie avec les techniques de vernissage en poudre ou d&rsquo;anodisation.<\/p>\n<p>[\/et_pb_text][\/et_pb_column][\/et_pb_row][et_pb_row admin_label=\u00a0\u00bbrow\u00a0\u00bb][et_pb_column type=\u00a0\u00bb1_2&Prime;][et_pb_cta admin_label=\u00a0\u00bbWezwanie do dzia\u0142ania\u00a0\u00bb title=\u00a0\u00bbAluminium int\u00e9rieur\u00a0\u00bb use_background_color=\u00a0\u00bbon\u00a0\u00bb background_color=\u00a0\u00bb#7EBEC5&Prime; background_layout=\u00a0\u00bbdark\u00a0\u00bb text_orientation=\u00a0\u00bbcenter\u00a0\u00bb url_new_window=\u00a0\u00bboff\u00a0\u00bb use_border_color=\u00a0\u00bboff\u00a0\u00bb border_color=\u00a0\u00bb#ffffff\u00a0\u00bb border_style=\u00a0\u00bbsolid\u00a0\u00bb custom_button=\u00a0\u00bboff\u00a0\u00bb button_letter_spacing=\u00a0\u00bb0&Prime; button_use_icon=\u00a0\u00bbdefault\u00a0\u00bb button_icon_placement=\u00a0\u00bbright\u00a0\u00bb button_on_hover=\u00a0\u00bbon\u00a0\u00bb button_letter_spacing_hover=\u00a0\u00bb0&Prime;]<\/p>\n<p>\nAluminium ciep\u0142e<\/p>\n<p>[\/et_pb_cta][et_pb_image admin_label=\u00a0\u00bbObraz\u00a0\u00bb src=\u00a0\u00bbhttp:\/\/stolmar24.com\/wp-content\/uploads\/mb45-drzwi-podstawowe.jpg\u00a0\u00bb show_in_lightbox=\u00a0\u00bboff\u00a0\u00bb url_new_window=\u00a0\u00bboff\u00a0\u00bb animation=\u00a0\u00bboff\u00a0\u00bb sticky=\u00a0\u00bboff\u00a0\u00bb alt=\u00a0\u00bbAluminium chaud\u00a0\u00bb align=\u00a0\u00bbleft\u00a0\u00bb force_fullwidth=\u00a0\u00bboff\u00a0\u00bb always_center_on_mobile=\u00a0\u00bbon\u00a0\u00bb use_border_color=\u00a0\u00bboff\u00a0\u00bb border_color=\u00a0\u00bb#ffffff\u00a0\u00bb border_style=\u00a0\u00bbsolid\u00a0\u00bb]<\/p>\n<p><\/p>\n<p>[\/et_pb_image][et_pb_text admin_label=\u00a0\u00bbTekst\u00a0\u00bb background_layout=\u00a0\u00bblight\u00a0\u00bb text_orientation=\u00a0\u00bbcenter\u00a0\u00bb use_border_color=\u00a0\u00bboff\u00a0\u00bb border_color=\u00a0\u00bb#ffffff\u00a0\u00bb border_style=\u00a0\u00bbsolid\u00a0\u00bb]<\/p>\n<h2>Syst?me MB45<\/h2>\n<p>[\/et_pb_text][et_pb_text admin_label=\u00a0\u00bbTekst\u00a0\u00bb background_layout=\u00a0\u00bblight\u00a0\u00bb text_orientation=\u00a0\u00bbcenter\u00a0\u00bb use_border_color=\u00a0\u00bboff\u00a0\u00bb border_color=\u00a0\u00bb#ffffff\u00a0\u00bb border_style=\u00a0\u00bbsolid\u00a0\u00bb]<\/p>\n<p style=\"text-align: justify;\">MB-45 est un syst?me aluminium con\u00e7u principalement pour effectuer des \u00e9l\u00e9ments de constructions int\u00e9rieures o? il ne n\u00e9cessite pas d&rsquo;isolation thermique, comme par exemple des cloisons, fen?tres et portes int\u00e9rieures, portes coulissantes automatiques ou manuelles, porte va-et-vient, auvents, vitrines, box de caisse de magasin, tableaux d&rsquo;affichage, constructions de volume.<\/p>\n<p>[\/et_pb_text][\/et_pb_column][et_pb_column type=\u00a0\u00bb1_2&Prime;][et_pb_cta admin_label=\u00a0\u00bbWezwanie do dzia\u0142ania\u00a0\u00bb title=\u00a0\u00bbFa\u00e7ades en aluminium\u00a0\u00bb use_background_color=\u00a0\u00bbon\u00a0\u00bb background_color=\u00a0\u00bb#7EBEC5&Prime; background_layout=\u00a0\u00bbdark\u00a0\u00bb text_orientation=\u00a0\u00bbcenter\u00a0\u00bb url_new_window=\u00a0\u00bboff\u00a0\u00bb use_border_color=\u00a0\u00bboff\u00a0\u00bb border_color=\u00a0\u00bb#ffffff\u00a0\u00bb border_style=\u00a0\u00bbsolid\u00a0\u00bb custom_button=\u00a0\u00bboff\u00a0\u00bb button_letter_spacing=\u00a0\u00bb0&Prime; button_use_icon=\u00a0\u00bbdefault\u00a0\u00bb button_icon_placement=\u00a0\u00bbright\u00a0\u00bb button_on_hover=\u00a0\u00bbon\u00a0\u00bb button_letter_spacing_hover=\u00a0\u00bb0&Prime;]<\/p>\n<p>Syst?me de fa\u00e7ades<\/p>\n<p>[\/et_pb_cta][et_pb_image admin_label=\u00a0\u00bbObraz\u00a0\u00bb src=\u00a0\u00bbhttp:\/\/stolmar24.com\/wp-content\/uploads\/mbsr50n.jpg\u00a0\u00bb show_in_lightbox=\u00a0\u00bboff\u00a0\u00bb url_new_window=\u00a0\u00bboff\u00a0\u00bb animation=\u00a0\u00bboff\u00a0\u00bb sticky=\u00a0\u00bboff\u00a0\u00bb alt=\u00a0\u00bbSyst?me de fa\u00e7ades\u00a0\u00bb align=\u00a0\u00bbleft\u00a0\u00bb force_fullwidth=\u00a0\u00bboff\u00a0\u00bb always_center_on_mobile=\u00a0\u00bbon\u00a0\u00bb use_border_color=\u00a0\u00bboff\u00a0\u00bb border_color=\u00a0\u00bb#ffffff\u00a0\u00bb border_style=\u00a0\u00bbsolid\u00a0\u00bb]<\/p>\n<p><\/p>\n<p>[\/et_pb_image][et_pb_text admin_label=\u00a0\u00bbTekst\u00a0\u00bb background_layout=\u00a0\u00bblight\u00a0\u00bb text_orientation=\u00a0\u00bbcenter\u00a0\u00bb use_border_color=\u00a0\u00bboff\u00a0\u00bb border_color=\u00a0\u00bb#ffffff\u00a0\u00bb border_style=\u00a0\u00bbsolid\u00a0\u00bb]<\/p>\n<h2>Syst?me de fa\u00e7ades<\/h2>\n<p>[\/et_pb_text][et_pb_text admin_label=\u00a0\u00bbTekst\u00a0\u00bb background_layout=\u00a0\u00bblight\u00a0\u00bb text_orientation=\u00a0\u00bbcenter\u00a0\u00bb use_border_color=\u00a0\u00bboff\u00a0\u00bb border_color=\u00a0\u00bb#ffffff\u00a0\u00bb border_style=\u00a0\u00bbsolid\u00a0\u00bb]<\/p>\n<p style=\"text-align: justify;\">Ce syst?me est destin\u00e9 ? construire et ? ex\u00e9cuter les murs-rideaux l\u00e9gers ? murs plats du type suspendu ou  incorpor\u00e9 &#8211; et il sert aussi ? la r\u00e9alisation de toits, de lucarnes et ? d?autres constructions. Cette solution constitue une modification du syst?me de fa\u00e7ades tr?s renomm\u00e9 &#8211; MB-SR 50 &#8211; qui a \u00e9t\u00e9 effectu\u00e9e pour faire face aux tendances actuelles dans l&rsquo;architecture.<br \/>\n La forme des montants et des traverses permet de construire des fa\u00e7ades esth\u00e9tiques aux lignes de divisions tr?s \u00e9troites, tout en assurant la durabilit\u00e9 et la r\u00e9sistance de la construction. Le trait caract\u00e9ristique du syst?me MB-SR50 ?arrondissement des profil\u00e9s au rayon de 2,5 mm ? dans le syst?me MB-SR50N a subi une modification \u00e9tant substitu\u00e9 par une ar?te vive. <\/p>\n<p>[\/et_pb_text][\/et_pb_column][\/et_pb_row][\/et_pb_section][et_pb_section admin_label=\u00a0\u00bbsection\u00a0\u00bb fullwidth=\u00a0\u00bboff\u00a0\u00bb specialty=\u00a0\u00bboff\u00a0\u00bb][et_pb_row admin_label=\u00a0\u00bbrow\u00a0\u00bb][et_pb_column type=\u00a0\u00bb4_4&Prime;][et_pb_cta admin_label=\u00a0\u00bbWezwanie do dzia\u0142ania\u00a0\u00bb title=\u00a0\u00bbSyst?mes alu dans les chantiers r\u00e9alis\u00e9s par Stolmar\u00a0\u00bb use_background_color=\u00a0\u00bbon\u00a0\u00bb background_color=\u00a0\u00bb#757575&Prime; background_layout=\u00a0\u00bbdark\u00a0\u00bb text_orientation=\u00a0\u00bbcenter\u00a0\u00bb url_new_window=\u00a0\u00bboff\u00a0\u00bb use_border_color=\u00a0\u00bboff\u00a0\u00bb border_color=\u00a0\u00bb#ffffff\u00a0\u00bb border_style=\u00a0\u00bbsolid\u00a0\u00bb custom_button=\u00a0\u00bboff\u00a0\u00bb button_letter_spacing=\u00a0\u00bb0&Prime; button_use_icon=\u00a0\u00bbdefault\u00a0\u00bb button_icon_placement=\u00a0\u00bbright\u00a0\u00bb button_on_hover=\u00a0\u00bbon\u00a0\u00bb button_letter_spacing_hover=\u00a0\u00bb0&Prime;]<\/p>\n<p><\/p>\n<p>[\/et_pb_cta][\/et_pb_column][\/et_pb_row][et_pb_row admin_label=\u00a0\u00bbrow\u00a0\u00bb][et_pb_column type=\u00a0\u00bb1_3&Prime;][et_pb_image admin_label=\u00a0\u00bbObraz\u00a0\u00bb src=\u00a0\u00bbhttp:\/\/stolmar24.com\/wp-content\/uploads\/stolmar-okna-realizacja-centrum-medyczne-bb-003.jpg\u00a0\u00bb show_in_lightbox=\u00a0\u00bboff\u00a0\u00bb url=\u00a0\u00bbhttp:\/\/stolmar24.com\/?project=centrum-medyczne-bb\u00a0\u00bb url_new_window=\u00a0\u00bboff\u00a0\u00bb animation=\u00a0\u00bbleft\u00a0\u00bb sticky=\u00a0\u00bboff\u00a0\u00bb]<\/p>\n<p><\/p>\n<p>[\/et_pb_image][et_pb_text admin_label=\u00a0\u00bbTekst\u00a0\u00bb background_layout=\u00a0\u00bblight\u00a0\u00bb text_orientation=\u00a0\u00bbcenter\u00a0\u00bb]<\/p>\n<p>\nCentrum Medyczne Bia\u0142e B\u0142ota<\/p>\n<p>[\/et_pb_text][\/et_pb_column][et_pb_column type=\u00a0\u00bb1_3&Prime;][et_pb_image admin_label=\u00a0\u00bbObraz\u00a0\u00bb src=\u00a0\u00bbhttp:\/\/stolmar24.com\/wp-content\/uploads\/stolmar-okna-realizacja-biblioteka-ukw-016.jpg\u00a0\u00bb show_in_lightbox=\u00a0\u00bboff\u00a0\u00bb url=\u00a0\u00bbhttp:\/\/stolmar24.com\/?project=1098&Prime; url_new_window=\u00a0\u00bboff\u00a0\u00bb animation=\u00a0\u00bbleft\u00a0\u00bb sticky=\u00a0\u00bboff\u00a0\u00bb]<\/p>\n<p><\/p>\n<p>[\/et_pb_image][et_pb_text admin_label=\u00a0\u00bbTekst\u00a0\u00bb background_layout=\u00a0\u00bblight\u00a0\u00bb text_orientation=\u00a0\u00bbcenter\u00a0\u00bb]<\/p>\n<p>\nBiblioteka Uniwersytetu Kazimierza Wielkiego<\/p>\n<p>[\/et_pb_text][\/et_pb_column][et_pb_column type=\u00a0\u00bb1_3&Prime;][et_pb_image admin_label=\u00a0\u00bbObraz\u00a0\u00bb src=\u00a0\u00bbhttp:\/\/stolmar24.com\/wp-content\/uploads\/stolmar-okna-realizacja-tranzax-003.jpg\u00a0\u00bb show_in_lightbox=\u00a0\u00bboff\u00a0\u00bb url=\u00a0\u00bbhttp:\/\/stolmar24.com\/?project=tranzax\u00a0\u00bb url_new_window=\u00a0\u00bboff\u00a0\u00bb animation=\u00a0\u00bbleft\u00a0\u00bb sticky=\u00a0\u00bboff\u00a0\u00bb]<\/p>\n<p><\/p>\n<p>[\/et_pb_image][et_pb_text admin_label=\u00a0\u00bbTekst\u00a0\u00bb background_layout=\u00a0\u00bblight\u00a0\u00bb text_orientation=\u00a0\u00bbcenter\u00a0\u00bb]<\/p>\n<p>\nBudynek firmy Tranzax<\/p>\n<p>[\/et_pb_text][\/et_pb_column][\/et_pb_row][\/et_pb_section]<\/p>\n","protected":false},"excerpt":{"rendered":"<p>Avec l&rsquo;aluminium, composez votre fen?tre ? la carte en choisissant judicieusement sa forme, son mode d&rsquo;ouverture, sa finition et ses accessoires. La combinaison judicieuse de ces \u00e9l\u00e9ments permet d&rsquo;int\u00e9grer parfaitement la fen?tre au b\u00e2ti et garantit un confort en toute saison. La fen?tre aluminium optimise isolation thermique et apports gratuits de chaleur et de lumi?re. [&hellip;]<\/p>\n","protected":false},"author":10,"featured_media":0,"parent":0,"menu_order":0,"comment_status":"open","ping_status":"closed","template":"","meta":{"_et_pb_use_builder":"on","_et_pb_old_content":"","_et_gb_content_width":"","footnotes":""},"class_list":["post-4680","page","type-page","status-publish","hentry"],"yoast_head":"<!-- This site is optimized with the Yoast SEO plugin v27.4 - https:\/\/yoast.com\/product\/yoast-seo-wordpress\/ -->\n<title>Aluminium - Stolmar<\/title>\n<meta name=\"robots\" content=\"index, follow, max-snippet:-1, max-image-preview:large, max-video-preview:-1\" \/>\n<link rel=\"canonical\" href=\"https:\/\/stolmar24.com\/fr\/aluminium\/\" \/>\n<meta property=\"og:locale\" content=\"fr_FR\" \/>\n<meta property=\"og:type\" content=\"article\" \/>\n<meta property=\"og:title\" content=\"Aluminium - Stolmar\" \/>\n<meta property=\"og:description\" content=\"Avec l&#039;aluminium, composez votre fen?tre ? la carte en choisissant judicieusement sa forme, son mode d&#039;ouverture, sa finition et ses accessoires. La combinaison judicieuse de ces \u00e9l\u00e9ments permet d&#039;int\u00e9grer parfaitement la fen?tre au b\u00e2ti et garantit un confort en toute saison. La fen?tre aluminium optimise isolation thermique et apports gratuits de chaleur et de lumi?re. [&hellip;]\" \/>\n<meta property=\"og:url\" content=\"https:\/\/stolmar24.com\/fr\/aluminium\/\" \/>\n<meta property=\"og:site_name\" content=\"Stolmar\" \/>\n<meta property=\"article:publisher\" content=\"https:\/\/www.facebook.com\/STOLMAR-1482853595329004\/\" \/>\n<meta property=\"article:modified_time\" content=\"2015-10-19T14:25:10+00:00\" \/>\n<meta name=\"twitter:card\" content=\"summary_large_image\" \/>\n<meta name=\"twitter:site\" content=\"@Stolmar24\" \/>\n<meta name=\"twitter:label1\" content=\"Dur\u00e9e de lecture estim\u00e9e\" \/>\n\t<meta name=\"twitter:data1\" content=\"9 minutes\" \/>\n<script type=\"application\/ld+json\" class=\"yoast-schema-graph\">{\"@context\":\"https:\\\/\\\/schema.org\",\"@graph\":[{\"@type\":\"WebPage\",\"@id\":\"https:\\\/\\\/stolmar24.com\\\/fr\\\/aluminium\\\/\",\"url\":\"https:\\\/\\\/stolmar24.com\\\/fr\\\/aluminium\\\/\",\"name\":\"Aluminium - Stolmar\",\"isPartOf\":{\"@id\":\"https:\\\/\\\/stolmar24.com\\\/#website\"},\"datePublished\":\"2015-10-19T14:15:41+00:00\",\"dateModified\":\"2015-10-19T14:25:10+00:00\",\"breadcrumb\":{\"@id\":\"https:\\\/\\\/stolmar24.com\\\/fr\\\/aluminium\\\/#breadcrumb\"},\"inLanguage\":\"fr-FR\",\"potentialAction\":[{\"@type\":\"ReadAction\",\"target\":[\"https:\\\/\\\/stolmar24.com\\\/fr\\\/aluminium\\\/\"]}]},{\"@type\":\"BreadcrumbList\",\"@id\":\"https:\\\/\\\/stolmar24.com\\\/fr\\\/aluminium\\\/#breadcrumb\",\"itemListElement\":[{\"@type\":\"ListItem\",\"position\":1,\"name\":\"Strona g\u0142\u00f3wna\",\"item\":\"https:\\\/\\\/stolmar24.com\\\/fr\\\/\"},{\"@type\":\"ListItem\",\"position\":2,\"name\":\"Aluminium\"}]},{\"@type\":\"WebSite\",\"@id\":\"https:\\\/\\\/stolmar24.com\\\/#website\",\"url\":\"https:\\\/\\\/stolmar24.com\\\/\",\"name\":\"Stolmar\",\"description\":\"Okna PCV, plastikowe i drzwi wewn\u0119trzne - Bydgoszczy\",\"potentialAction\":[{\"@type\":\"SearchAction\",\"target\":{\"@type\":\"EntryPoint\",\"urlTemplate\":\"https:\\\/\\\/stolmar24.com\\\/?s={search_term_string}\"},\"query-input\":{\"@type\":\"PropertyValueSpecification\",\"valueRequired\":true,\"valueName\":\"search_term_string\"}}],\"inLanguage\":\"fr-FR\"}]}<\/script>\n<!-- \/ Yoast SEO plugin. -->","yoast_head_json":{"title":"Aluminium - Stolmar","robots":{"index":"index","follow":"follow","max-snippet":"max-snippet:-1","max-image-preview":"max-image-preview:large","max-video-preview":"max-video-preview:-1"},"canonical":"https:\/\/stolmar24.com\/fr\/aluminium\/","og_locale":"fr_FR","og_type":"article","og_title":"Aluminium - Stolmar","og_description":"Avec l'aluminium, composez votre fen?tre ? la carte en choisissant judicieusement sa forme, son mode d'ouverture, sa finition et ses accessoires. La combinaison judicieuse de ces \u00e9l\u00e9ments permet d'int\u00e9grer parfaitement la fen?tre au b\u00e2ti et garantit un confort en toute saison. La fen?tre aluminium optimise isolation thermique et apports gratuits de chaleur et de lumi?re. [&hellip;]","og_url":"https:\/\/stolmar24.com\/fr\/aluminium\/","og_site_name":"Stolmar","article_publisher":"https:\/\/www.facebook.com\/STOLMAR-1482853595329004\/","article_modified_time":"2015-10-19T14:25:10+00:00","twitter_card":"summary_large_image","twitter_site":"@Stolmar24","twitter_misc":{"Dur\u00e9e de lecture estim\u00e9e":"9 minutes"},"schema":{"@context":"https:\/\/schema.org","@graph":[{"@type":"WebPage","@id":"https:\/\/stolmar24.com\/fr\/aluminium\/","url":"https:\/\/stolmar24.com\/fr\/aluminium\/","name":"Aluminium - Stolmar","isPartOf":{"@id":"https:\/\/stolmar24.com\/#website"},"datePublished":"2015-10-19T14:15:41+00:00","dateModified":"2015-10-19T14:25:10+00:00","breadcrumb":{"@id":"https:\/\/stolmar24.com\/fr\/aluminium\/#breadcrumb"},"inLanguage":"fr-FR","potentialAction":[{"@type":"ReadAction","target":["https:\/\/stolmar24.com\/fr\/aluminium\/"]}]},{"@type":"BreadcrumbList","@id":"https:\/\/stolmar24.com\/fr\/aluminium\/#breadcrumb","itemListElement":[{"@type":"ListItem","position":1,"name":"Strona g\u0142\u00f3wna","item":"https:\/\/stolmar24.com\/fr\/"},{"@type":"ListItem","position":2,"name":"Aluminium"}]},{"@type":"WebSite","@id":"https:\/\/stolmar24.com\/#website","url":"https:\/\/stolmar24.com\/","name":"Stolmar","description":"Okna PCV, plastikowe i drzwi wewn\u0119trzne - Bydgoszczy","potentialAction":[{"@type":"SearchAction","target":{"@type":"EntryPoint","urlTemplate":"https:\/\/stolmar24.com\/?s={search_term_string}"},"query-input":{"@type":"PropertyValueSpecification","valueRequired":true,"valueName":"search_term_string"}}],"inLanguage":"fr-FR"}]}},"_links":{"self":[{"href":"https:\/\/stolmar24.com\/fr\/wp-json\/wp\/v2\/pages\/4680","targetHints":{"allow":["GET"]}}],"collection":[{"href":"https:\/\/stolmar24.com\/fr\/wp-json\/wp\/v2\/pages"}],"about":[{"href":"https:\/\/stolmar24.com\/fr\/wp-json\/wp\/v2\/types\/page"}],"author":[{"embeddable":true,"href":"https:\/\/stolmar24.com\/fr\/wp-json\/wp\/v2\/users\/10"}],"replies":[{"embeddable":true,"href":"https:\/\/stolmar24.com\/fr\/wp-json\/wp\/v2\/comments?post=4680"}],"version-history":[{"count":0,"href":"https:\/\/stolmar24.com\/fr\/wp-json\/wp\/v2\/pages\/4680\/revisions"}],"wp:attachment":[{"href":"https:\/\/stolmar24.com\/fr\/wp-json\/wp\/v2\/media?parent=4680"}],"curies":[{"name":"wp","href":"https:\/\/api.w.org\/{rel}","templated":true}]}}