{"id":4659,"date":"2015-10-16T14:10:55","date_gmt":"2015-10-16T12:10:55","guid":{"rendered":"http:\/\/stolmar24.com\/fr\/?page_id=4659"},"modified":"2015-10-16T14:12:40","modified_gmt":"2015-10-16T12:12:40","slug":"poignee-de-fenetre","status":"publish","type":"page","link":"https:\/\/stolmar24.com\/fr\/poignee-de-fenetre\/","title":{"rendered":"Poign\u00e9e de fen?tre"},"content":{"rendered":"<p>[et_pb_section admin_label=\u00a0\u00bbsection\u00a0\u00bb fullwidth=\u00a0\u00bbon\u00a0\u00bb specialty=\u00a0\u00bboff\u00a0\u00bb transparent_background=\u00a0\u00bboff\u00a0\u00bb background_color=\u00a0\u00bb#4ac1d3&Prime; allow_player_pause=\u00a0\u00bboff\u00a0\u00bb inner_shadow=\u00a0\u00bboff\u00a0\u00bb parallax=\u00a0\u00bboff\u00a0\u00bb parallax_method=\u00a0\u00bboff\u00a0\u00bb][et_pb_fullwidth_header admin_label=\u00a0\u00bbNag\u0142\u00f3wek pe\u0142nej szeroko\u015bci\u00a0\u00bb title=\u00a0\u00bbPOIGN\u00c9E DE FEN?TRE\u00a0\u00bb subhead=\u00a0\u00bbNos produits pour fen?tres\u00a0\u00bb background_layout=\u00a0\u00bbdark\u00a0\u00bb text_orientation=\u00a0\u00bbleft\u00a0\u00bb header_fullscreen=\u00a0\u00bboff\u00a0\u00bb header_scroll_down=\u00a0\u00bboff\u00a0\u00bb parallax=\u00a0\u00bboff\u00a0\u00bb parallax_method=\u00a0\u00bboff\u00a0\u00bb content_orientation=\u00a0\u00bbcenter\u00a0\u00bb image_orientation=\u00a0\u00bbcenter\u00a0\u00bb custom_button_one=\u00a0\u00bboff\u00a0\u00bb button_one_letter_spacing=\u00a0\u00bb0&Prime; button_one_use_icon=\u00a0\u00bbdefault\u00a0\u00bb button_one_icon_placement=\u00a0\u00bbright\u00a0\u00bb button_one_on_hover=\u00a0\u00bbon\u00a0\u00bb button_one_letter_spacing_hover=\u00a0\u00bb0&Prime; custom_button_two=\u00a0\u00bboff\u00a0\u00bb button_two_letter_spacing=\u00a0\u00bb0&Prime; button_two_use_icon=\u00a0\u00bbdefault\u00a0\u00bb button_two_icon_placement=\u00a0\u00bbright\u00a0\u00bb button_two_on_hover=\u00a0\u00bbon\u00a0\u00bb button_two_letter_spacing_hover=\u00a0\u00bb0&Prime;]<\/p>\n<p>[\/et_pb_fullwidth_header][\/et_pb_section][et_pb_section admin_label=\u00a0\u00bbsection\u00a0\u00bb][et_pb_row admin_label=\u00a0\u00bbrow\u00a0\u00bb][et_pb_column type=\u00a0\u00bb4_4&Prime;][et_pb_text admin_label=\u00a0\u00bbTekst\u00a0\u00bb background_layout=\u00a0\u00bblight\u00a0\u00bb text_orientation=\u00a0\u00bbleft\u00a0\u00bb use_border_color=\u00a0\u00bboff\u00a0\u00bb border_color=\u00a0\u00bb#ffffff\u00a0\u00bb border_style=\u00a0\u00bbsolid\u00a0\u00bb]<\/p>\n<p>En tant que leader europ\u00e9en dans son domaine, HOPPE d\u00e9veloppe, produit et commercialise ? un art de d\u00e9corer son habitat dans le moindre d\u00e9tail ?, sous la forme de poign\u00e9es de porte et de fen?tre en aluminium, inox, laiton et polyamide. Les designs attractifs sont associ\u00e9s ? des technologies innovantes pour des applications tr?s diff\u00e9rentes. Vous b\u00e9n\u00e9ficiez d?une garantie de fonctionnement de 10 ans sur toutes nos poign\u00e9es de porte et fen?tre. ? HOPPE ? La qualit\u00e9 bien en main ?.<\/p>\n<p>[\/et_pb_text][et_pb_cta admin_label=\u00a0\u00bbWezwanie do dzia\u0142ania\u00a0\u00bb title=\u00a0\u00bbKLAMKI HOPPE\u00a0\u00bb use_background_color=\u00a0\u00bbon\u00a0\u00bb background_color=\u00a0\u00bb#7EBEC5&Prime; background_layout=\u00a0\u00bbdark\u00a0\u00bb text_orientation=\u00a0\u00bbcenter\u00a0\u00bb]<\/p>\n<p>[\/et_pb_cta][\/et_pb_column][\/et_pb_row][et_pb_row admin_label=\u00a0\u00bbrow\u00a0\u00bb][et_pb_column type=\u00a0\u00bb1_2&Prime;][et_pb_image admin_label=\u00a0\u00bbObraz\u00a0\u00bb src=\u00a0\u00bbhttp:\/\/stolmar24.com\/wp-content\/uploads\/program-klamek-titan-globe-001.jpg\u00a0\u00bb show_in_lightbox=\u00a0\u00bboff\u00a0\u00bb url_new_window=\u00a0\u00bboff\u00a0\u00bb animation=\u00a0\u00bboff\u00a0\u00bb sticky=\u00a0\u00bboff\u00a0\u00bb]<\/p>\n<p>[\/et_pb_image][\/et_pb_column][et_pb_column type=\u00a0\u00bb1_2&Prime;][et_pb_text admin_label=\u00a0\u00bbTekst\u00a0\u00bb background_layout=\u00a0\u00bblight\u00a0\u00bb text_orientation=\u00a0\u00bbleft\u00a0\u00bb use_border_color=\u00a0\u00bboff\u00a0\u00bb border_color=\u00a0\u00bb#ffffff\u00a0\u00bb border_style=\u00a0\u00bbsolid\u00a0\u00bb]<\/p>\n<p>\u00a0<\/p>\n<h3><em><strong>On ignore tr?s souvent le r\u00f4le de la poign\u00e9e en tant que contact direct de l?homme et de la fen?tre.<\/strong><\/em><\/h3>\n<p>\u00a0<\/p>\n<p>En tant que leader europ\u00e9en dans son domaine, HOPPE d\u00e9veloppe, produit et commercialise ? un art de d\u00e9corer son habitat dans le moindre d\u00e9tail ?, sous la forme de poign\u00e9es de porte et de fen?tre en aluminium, inox, laiton et polyamide. Que vous soyez ? la recherche d?une poign\u00e9e pour porte d?entr\u00e9e, pour porte int\u00e9rieure, d?un set pour porte coulissante, d?une poign\u00e9e battante ou d?une poign\u00e9e pour porte-fen?tre ? vous trouverez chez nous bien plus qu?une simple solution, ? un rapport qualit\u00e9-prix optimal. Les designs attractifs sont associ\u00e9s ? des technologies innovantes pour des applications tr?s diff\u00e9rentes, comme par exemple les poign\u00e9es de fen?tre condamnables, les poign\u00e9es pour porte coupe-feu ou les poign\u00e9es de s\u00e9curit\u00e9 retardant l?effraction.<\/p>\n<p>\u00a0<\/p>\n<p>[\/et_pb_text][\/et_pb_column][\/et_pb_row][et_pb_row admin_label=\u00a0\u00bbrow\u00a0\u00bb][et_pb_column type=\u00a0\u00bb4_4&Prime;][et_pb_text admin_label=\u00a0\u00bbTekst\u00a0\u00bb background_layout=\u00a0\u00bblight\u00a0\u00bb text_orientation=\u00a0\u00bbleft\u00a0\u00bb use_border_color=\u00a0\u00bboff\u00a0\u00bb border_color=\u00a0\u00bb#ffffff\u00a0\u00bb border_style=\u00a0\u00bbsolid\u00a0\u00bb]<\/p>\n<p><strong><em>Poign\u00e9es de fen?tre Secustik?<\/em><\/strong><\/p>\n<p>Secu100? ? Poign\u00e9es de fen?tre condamnables<br \/> Secu100? + Secustik? ? Poign\u00e9es de fen?tre condamnables<br \/> SecuDuplex? ? Poign\u00e9es de fen?tre condamnables<br \/> TBT \/ SecuTBT? ? Poign\u00e9es de fen?tre condamnables avec fonction TBT<br \/> KISI2 ? Poign\u00e9es de fen?tres avec protection enfant<br \/> SecuSignal? ? Poign\u00e9es de fen?tre avec \u00e9metteur radio<\/p>\n<p>[\/et_pb_text][\/et_pb_column][\/et_pb_row][et_pb_row admin_label=\u00a0\u00bbrow\u00a0\u00bb][et_pb_column type=\u00a0\u00bb4_4&Prime;][et_pb_text admin_label=\u00a0\u00bbTekst\u00a0\u00bb background_layout=\u00a0\u00bblight\u00a0\u00bb text_orientation=\u00a0\u00bbcenter\u00a0\u00bb use_border_color=\u00a0\u00bboff\u00a0\u00bb border_color=\u00a0\u00bb#ffffff\u00a0\u00bb border_style=\u00a0\u00bbsolid\u00a0\u00bb]<\/p>\n<h2 style=\"text-align: center;\">Poign\u00e9e de fen?tre<\/h2>\n<p>[\/et_pb_text][et_pb_text admin_label=\u00a0\u00bbTekst\u00a0\u00bb background_layout=\u00a0\u00bblight\u00a0\u00bb text_orientation=\u00a0\u00bbcenter\u00a0\u00bb use_border_color=\u00a0\u00bboff\u00a0\u00bb border_color=\u00a0\u00bb#ffffff\u00a0\u00bb border_style=\u00a0\u00bbsolid\u00a0\u00bb]<\/p>\n<p style=\"text-align: center;\">Pour plus de renseignements n?h\u00e9sitez pas ? nous appeler par t\u00e9l\u00e9phone ou par e-mail (<a href=\"http:\/\/stolmar24.com\/fr\/contact\/\">contact<\/a>).<\/p>\n<p>[\/et_pb_text][\/et_pb_column][\/et_pb_row][et_pb_row admin_label=\u00a0\u00bbrow\u00a0\u00bb][et_pb_column type=\u00a0\u00bb1_2&Prime;][et_pb_image admin_label=\u00a0\u00bbObraz\u00a0\u00bb src=\u00a0\u00bbhttp:\/\/stolmar24.com\/wp-content\/uploads\/klamki-dla-okien-stolmar-okna-bydgoszcz-001.jpg\u00a0\u00bb alt=\u00a0\u00bbKlamki dla okien HOPPE\u00a0\u00bb title_text=\u00a0\u00bbKlamki dla okien HOPPE\u00a0\u00bb show_in_lightbox=\u00a0\u00bbon\u00a0\u00bb url_new_window=\u00a0\u00bboff\u00a0\u00bb animation=\u00a0\u00bboff\u00a0\u00bb sticky=\u00a0\u00bboff\u00a0\u00bb]<\/p>\n<p>[\/et_pb_image][\/et_pb_column][et_pb_column type=\u00a0\u00bb1_2&Prime;][et_pb_image admin_label=\u00a0\u00bbObraz\u00a0\u00bb src=\u00a0\u00bbhttp:\/\/stolmar24.com\/wp-content\/uploads\/klamki-dla-okien-stolmar-okna-bydgoszcz-002.jpg\u00a0\u00bb alt=\u00a0\u00bbKlamki dla okien HOPPE\u00a0\u00bb title_text=\u00a0\u00bbKlamki dla okien HOPPE\u00a0\u00bb show_in_lightbox=\u00a0\u00bbon\u00a0\u00bb url_new_window=\u00a0\u00bboff\u00a0\u00bb animation=\u00a0\u00bboff\u00a0\u00bb sticky=\u00a0\u00bboff\u00a0\u00bb]<\/p>\n<p>[\/et_pb_image][\/et_pb_column][\/et_pb_row][et_pb_row admin_label=\u00a0\u00bbrow\u00a0\u00bb][et_pb_column type=\u00a0\u00bb1_2&Prime;][et_pb_text admin_label=\u00a0\u00bbTekst\u00a0\u00bb background_layout=\u00a0\u00bblight\u00a0\u00bb text_orientation=\u00a0\u00bbcenter\u00a0\u00bb]<\/p>\n<h2 style=\"text-align: center;\">Klamki dla okien uchylno &#8211; przes\u00f3wnych<\/h2>\n<p>\u00a0<\/p>\n<p>[\/et_pb_text][et_pb_image admin_label=\u00a0\u00bbObraz\u00a0\u00bb src=\u00a0\u00bbhttp:\/\/stolmar24.com\/wp-content\/uploads\/klamki-dla-okien-uchylno-przesownych-okna-stolmar-bydgoszcz-001.jpg\u00a0\u00bb alt=\u00a0\u00bbKlamki dla okien uchylno &#8211; przesuwnych \u00a0\u00bb title_text=\u00a0\u00bbKlamki dla okien uchylno &#8211; przesuwnych \u00a0\u00bb show_in_lightbox=\u00a0\u00bbon\u00a0\u00bb url_new_window=\u00a0\u00bboff\u00a0\u00bb animation=\u00a0\u00bboff\u00a0\u00bb sticky=\u00a0\u00bboff\u00a0\u00bb]<\/p>\n<p>[\/et_pb_image][\/et_pb_column][et_pb_column type=\u00a0\u00bb1_2&Prime;][et_pb_text admin_label=\u00a0\u00bbTekst\u00a0\u00bb background_layout=\u00a0\u00bblight\u00a0\u00bb text_orientation=\u00a0\u00bbcenter\u00a0\u00bb]<\/p>\n<h2 style=\"text-align: center;\">Klamki dla okien podnoszono &#8211; przes\u00f3wnych<\/h2>\n<p>[\/et_pb_text][et_pb_image admin_label=\u00a0\u00bbObraz\u00a0\u00bb src=\u00a0\u00bbhttp:\/\/stolmar24.com\/wp-content\/uploads\/klamki-dla-okien-podnoszono-przesownych-okna-stolmar-bydgoszcz-001.jpg\u00a0\u00bb alt=\u00a0\u00bbKlamki dla okien podnoszono &#8211; przes\u00f3wnych\u00a0\u00bb title_text=\u00a0\u00bbKlamki dla okien podnoszono &#8211; przes\u00f3wnych\u00a0\u00bb show_in_lightbox=\u00a0\u00bbon\u00a0\u00bb url_new_window=\u00a0\u00bboff\u00a0\u00bb animation=\u00a0\u00bboff\u00a0\u00bb sticky=\u00a0\u00bboff\u00a0\u00bb]<\/p>\n<p>[\/et_pb_image][\/et_pb_column][\/et_pb_row][et_pb_row admin_label=\u00a0\u00bbrow\u00a0\u00bb][et_pb_column type=\u00a0\u00bb4_4&Prime;][et_pb_cta admin_label=\u00a0\u00bbWezwanie do dzia\u0142ania\u00a0\u00bb title=\u00a0\u00bbKLAMKI FIRMY MEDOS\u00a0\u00bb button_url=\u00a0\u00bbhttp:\/\/www.medos.pl\/#\/home\u00a0\u00bb button_text=\u00a0\u00bbzobacz klamki\u00a0\u00bb use_background_color=\u00a0\u00bbon\u00a0\u00bb background_color=\u00a0\u00bb#7EBEC5&Prime; background_layout=\u00a0\u00bbdark\u00a0\u00bb text_orientation=\u00a0\u00bbcenter\u00a0\u00bb]<\/p>\n<p>[\/et_pb_cta][\/et_pb_column][\/et_pb_row][\/et_pb_section][et_pb_section admin_label=\u00a0\u00bbsection\u00a0\u00bb fullwidth=\u00a0\u00bboff\u00a0\u00bb specialty=\u00a0\u00bboff\u00a0\u00bb][et_pb_row admin_label=\u00a0\u00bbrow\u00a0\u00bb][et_pb_column type=\u00a0\u00bb4_4&Prime;][et_pb_text admin_label=\u00a0\u00bbTekst\u00a0\u00bb background_layout=\u00a0\u00bblight\u00a0\u00bb text_orientation=\u00a0\u00bbcenter\u00a0\u00bb]<\/p>\n<h2>Film producenta klamek HOPPE<\/h2>\n<p>Secustik? &#8211; uchwyt okna z marginesem bezpiecze\u0144stwa d\u017awi\u0119kowym<\/p>\n<p>[\/et_pb_text][et_pb_video admin_label=\u00a0\u00bbKlip wideo\u00a0\u00bb src=\u00a0\u00bbhttps:\/\/www.youtube.com\/watch?v=XgYfZhXZNag\u00a0\u00bb]<\/p>\n<p>[\/et_pb_video][\/et_pb_column][\/et_pb_row][\/et_pb_section]<\/p>\n","protected":false},"excerpt":{"rendered":"<p>En tant que leader europ\u00e9en dans son domaine, HOPPE d\u00e9veloppe, produit et commercialise ? un art de d\u00e9corer son habitat dans le moindre d\u00e9tail ?, sous la forme de poign\u00e9es de porte et de fen?tre en aluminium, inox, laiton et polyamide. Les designs attractifs sont associ\u00e9s ? des technologies innovantes pour des applications tr?s diff\u00e9rentes. [&hellip;]<\/p>\n","protected":false},"author":10,"featured_media":0,"parent":0,"menu_order":0,"comment_status":"open","ping_status":"open","template":"","meta":{"_et_pb_use_builder":"on","_et_pb_old_content":"[et_pb_section fullwidth=\"on\" specialty=\"off\" transparent_background=\"off\" background_color=\"#4ac1d3\" allow_player_pause=\"off\" inner_shadow=\"off\" parallax=\"off\" parallax_method=\"off\"][et_pb_fullwidth_header admin_label=\"Nag\u0142\u00f3wek pe\u0142nej szeroko\u015bci\" title=\"KLAMKI DLA OKIEN\" subhead=\"Nasze produkty dla okien\" background_layout=\"dark\" text_orientation=\"left\" \/][\/et_pb_section][et_pb_section][et_pb_row][et_pb_column type=\"4_4\"][et_pb_text admin_label=\"Tekst\" background_layout=\"light\" text_orientation=\"left\"]\r\n\r\n\u00a0\r\n\r\nWysokiej jako\u015bci klamki z od firmy HOPPE. Ich atrakcyjny wygl\u0105d to zas\u0142uga po\u0142\u0105czenia idealnego projektu i precyzyjnego wykonania z dba\u0142o\u015bci\u0105 o najmniejsze detale. Wysokiej jako\u015bci materia\u0142y u\u017cyte w procesie produkcji oraz wysoka ergonomia dope\u0142niona funkcjonalno\u015bci\u0105 produktu sprawi\u0142y, \u017ce sta\u0142 si\u0119 on niezawodny. Istotny jest r\u00f3wnie\u017c aspekt d\u0142ugiego okresu \u017cywotno\u015bci klamek oraz du\u017cy wyboru mo\u017cliwo\u015bci kolorystycznych.\r\n\r\n\u00a0\r\n\r\n[\/et_pb_text][et_pb_cta admin_label=\"Wezwanie do dzia\u0142ania\" title=\"KLAMKI HOPPE\" use_background_color=\"on\" background_color=\"#7EBEC5\" background_layout=\"dark\" text_orientation=\"center\" \/][\/et_pb_column][\/et_pb_row][et_pb_row][et_pb_column type=\"1_2\"][et_pb_image admin_label=\"Obraz\" src=\"http:\/\/stolmar24.com\/wp-content\/uploads\/program-klamek-titan-globe-001.jpg\" show_in_lightbox=\"off\" url_new_window=\"off\" animation=\"off\" sticky=\"off\" \/][\/et_pb_column][et_pb_column type=\"1_2\"][et_pb_text admin_label=\"Tekst\" background_layout=\"light\" text_orientation=\"left\"]\r\n\r\n\u00a0\r\n<h3><em><strong>Klamka, element bezpo\u015bredniego kontaktu cz\u0142owieka z oknem, cz\u0119sto jest pomijana.<\/strong><\/em><\/h3>\r\n\u00a0\r\n\r\nUwa\u017camy, i\u017c jest to bardzo wa\u017cny element wp\u0142ywaj\u0105cy na funkcjonalno\u015b\u0107, bezpiecze\u0144stwo oraz ergonomi\u0119 okna. Dlatego ka\u017cde nasze okno wyposa\u017camy standardowo w klamk\u0119 Hoppe Secustik.\r\n\r\nKlamki z funkcj\u0105 Secustik to opatentowany produkt niemieckiego producenta klamek okiennych i drzwiowych ? firmy Hoppe. Klamki te wyposa\u017cono w mechanizm blokuj\u0105cy obr\u00f3t klamki. Chroni on okno przed w\u0142amaniem polegaj\u0105cym na pr\u00f3bie przesuni\u0119cia okucia obwiedniowego przedmiotem wsuni\u0119tym od zewn\u0105trz pomi\u0119dzy skrzyd\u0142o a ram\u0119 okienn\u0105. Cech\u0105 charakterystyczn\u0105 tych klamek jest ponadto specyficzny d\u017awi\u0119k, kt\u00f3ry mechanizm Secustik wydaje przy obrocie klamki.\r\n\r\n\u00a0\r\n\r\n\u00a0\r\n\r\n[\/et_pb_text][\/et_pb_column][\/et_pb_row][et_pb_row][et_pb_column type=\"4_4\"][et_pb_text admin_label=\"Tekst\" background_layout=\"light\" text_orientation=\"left\"]\r\n\r\n\u00a0\r\n\r\n<strong><em>Dla naszych klient\u00f3w \u00a0oferujemy aluminiowe klamki Secustik w kilku modelach i kolorach.<\/em><\/strong>\r\n\r\nOferujemy wysokiej jako\u015bci klamki okienne renomowanych producent\u00f3w europejskich. W naszym sklepie znajduj\u0105 si\u0119 klamki aluminiowe przeznaczone do r\u00f3\u017cnych zastosowa\u0144, w wielu modelach i kolorach.\r\n\r\nOpr\u00f3cz klamek podstawowych, przeznaczonych do standardowych okien uchylno-rozwieranych, klamki z przyciskiem, atestowane klamki z kluczykiem do okien antyw\u0142amaniowych, klamki dwustronne do drzwi balkonowych, klamki do drzwi przesuwnych, specjalne klamki pod rolet\u0119 i inne produkty do otwierania i zamykania okien, jak np. zatrzaski balkonowe.\r\n\r\n\u00a0\r\n\r\n[\/et_pb_text][\/et_pb_column][\/et_pb_row][et_pb_row][et_pb_column type=\"4_4\"][et_pb_text admin_label=\"Tekst\" background_layout=\"light\" text_orientation=\"center\"]\r\n<h2 style=\"text-align: center;\">Klamki dla okien<\/h2>\r\n[\/et_pb_text][et_pb_text admin_label=\"Tekst\" background_layout=\"light\" text_orientation=\"center\"]\r\n<p style=\"text-align: center;\">Pe\u0142ne informacje o asortymencie klamek standardowych oraz klamek na zam\u00f3wienie udzielamy telefoniczne lub mailowo (<a href=\"http:\/\/stolmar24.com\/?page_id=105\">kontakt<\/a>).<\/p>\r\n[\/et_pb_text][\/et_pb_column][\/et_pb_row][et_pb_row][et_pb_column type=\"1_2\"][et_pb_image admin_label=\"Obraz\" src=\"http:\/\/stolmar24.com\/wp-content\/uploads\/klamki-dla-okien-stolmar-okna-bydgoszcz-001.jpg\" alt=\"Klamki dla okien HOPPE\" title_text=\"Klamki dla okien HOPPE\" show_in_lightbox=\"on\" url_new_window=\"off\" animation=\"off\" sticky=\"off\" \/][\/et_pb_column][et_pb_column type=\"1_2\"][et_pb_image admin_label=\"Obraz\" src=\"http:\/\/stolmar24.com\/wp-content\/uploads\/klamki-dla-okien-stolmar-okna-bydgoszcz-002.jpg\" alt=\"Klamki dla okien HOPPE\" title_text=\"Klamki dla okien HOPPE\" show_in_lightbox=\"on\" url_new_window=\"off\" animation=\"off\" sticky=\"off\" \/][\/et_pb_column][\/et_pb_row][et_pb_row][et_pb_column type=\"1_2\"][et_pb_text admin_label=\"Tekst\" background_layout=\"light\" text_orientation=\"center\"]\r\n<h2 style=\"text-align: center;\">Klamki dla okien uchylno - przes\u00f3wnych<\/h2>\r\n\u00a0\r\n\r\n[\/et_pb_text][et_pb_image admin_label=\"Obraz\" src=\"http:\/\/stolmar24.com\/wp-content\/uploads\/klamki-dla-okien-uchylno-przesownych-okna-stolmar-bydgoszcz-001.jpg\" alt=\"Klamki dla okien uchylno - przesuwnych \" title_text=\"Klamki dla okien uchylno - przesuwnych \" show_in_lightbox=\"on\" url_new_window=\"off\" animation=\"off\" sticky=\"off\" \/][\/et_pb_column][et_pb_column type=\"1_2\"][et_pb_text admin_label=\"Tekst\" background_layout=\"light\" text_orientation=\"center\"]\r\n<h2 style=\"text-align: center;\">Klamki dla okien podnoszono - przes\u00f3wnych<\/h2>\r\n[\/et_pb_text][et_pb_image admin_label=\"Obraz\" src=\"http:\/\/stolmar24.com\/wp-content\/uploads\/klamki-dla-okien-podnoszono-przesownych-okna-stolmar-bydgoszcz-001.jpg\" alt=\"Klamki dla okien podnoszono - przes\u00f3wnych\" title_text=\"Klamki dla okien podnoszono - przes\u00f3wnych\" show_in_lightbox=\"on\" url_new_window=\"off\" animation=\"off\" sticky=\"off\" \/][\/et_pb_column][\/et_pb_row][et_pb_row][et_pb_column type=\"4_4\"][et_pb_cta admin_label=\"Wezwanie do dzia\u0142ania\" title=\"KLAMKI FIRMY MEDOS\" button_url=\"http:\/\/www.medos.pl\/#\/home\" button_text=\"zobacz klamki\" use_background_color=\"on\" background_color=\"#7EBEC5\" background_layout=\"dark\" text_orientation=\"center\" \/][\/et_pb_column][\/et_pb_row][\/et_pb_section][et_pb_section fullwidth=\"off\" specialty=\"off\"][et_pb_row][et_pb_column type=\"4_4\"][et_pb_text admin_label=\"Tekst\" background_layout=\"light\" text_orientation=\"center\"]\r\n<h2>Film producenta klamek HOPPE<\/h2>\r\nSecustik? - uchwyt okna z marginesem bezpiecze\u0144stwa d\u017awi\u0119kowym\r\n\r\n[\/et_pb_text][et_pb_video admin_label=\"Klip wideo\" src=\"https:\/\/www.youtube.com\/watch?v=XgYfZhXZNag\" \/][\/et_pb_column][\/et_pb_row][\/et_pb_section]","_et_gb_content_width":"","footnotes":""},"class_list":["post-4659","page","type-page","status-publish","hentry"],"yoast_head":"<!-- This site is optimized with the Yoast SEO plugin v27.4 - https:\/\/yoast.com\/product\/yoast-seo-wordpress\/ -->\n<title>Poign\u00e9e de fen?tre - Stolmar<\/title>\n<meta name=\"robots\" content=\"index, follow, max-snippet:-1, max-image-preview:large, max-video-preview:-1\" \/>\n<link rel=\"canonical\" href=\"https:\/\/stolmar24.com\/fr\/poignee-de-fenetre\/\" \/>\n<meta property=\"og:locale\" content=\"fr_FR\" \/>\n<meta property=\"og:type\" content=\"article\" \/>\n<meta property=\"og:title\" content=\"Poign\u00e9e de fen?tre - Stolmar\" \/>\n<meta property=\"og:description\" content=\"En tant que leader europ\u00e9en dans son domaine, HOPPE d\u00e9veloppe, produit et commercialise ? un art de d\u00e9corer son habitat dans le moindre d\u00e9tail ?, sous la forme de poign\u00e9es de porte et de fen?tre en aluminium, inox, laiton et polyamide. Les designs attractifs sont associ\u00e9s ? des technologies innovantes pour des applications tr?s diff\u00e9rentes. [&hellip;]\" \/>\n<meta property=\"og:url\" content=\"https:\/\/stolmar24.com\/fr\/poignee-de-fenetre\/\" \/>\n<meta property=\"og:site_name\" content=\"Stolmar\" \/>\n<meta property=\"article:publisher\" content=\"https:\/\/www.facebook.com\/STOLMAR-1482853595329004\/\" \/>\n<meta property=\"article:modified_time\" content=\"2015-10-16T12:12:40+00:00\" \/>\n<meta name=\"twitter:card\" content=\"summary_large_image\" \/>\n<meta name=\"twitter:site\" content=\"@Stolmar24\" \/>\n<meta name=\"twitter:label1\" content=\"Dur\u00e9e de lecture estim\u00e9e\" \/>\n\t<meta name=\"twitter:data1\" content=\"6 minutes\" \/>\n<script type=\"application\/ld+json\" class=\"yoast-schema-graph\">{\"@context\":\"https:\\\/\\\/schema.org\",\"@graph\":[{\"@type\":\"WebPage\",\"@id\":\"https:\\\/\\\/stolmar24.com\\\/fr\\\/poignee-de-fenetre\\\/\",\"url\":\"https:\\\/\\\/stolmar24.com\\\/fr\\\/poignee-de-fenetre\\\/\",\"name\":\"Poign\u00e9e de fen?tre - Stolmar\",\"isPartOf\":{\"@id\":\"https:\\\/\\\/stolmar24.com\\\/#website\"},\"datePublished\":\"2015-10-16T12:10:55+00:00\",\"dateModified\":\"2015-10-16T12:12:40+00:00\",\"breadcrumb\":{\"@id\":\"https:\\\/\\\/stolmar24.com\\\/fr\\\/poignee-de-fenetre\\\/#breadcrumb\"},\"inLanguage\":\"fr-FR\",\"potentialAction\":[{\"@type\":\"ReadAction\",\"target\":[\"https:\\\/\\\/stolmar24.com\\\/fr\\\/poignee-de-fenetre\\\/\"]}]},{\"@type\":\"BreadcrumbList\",\"@id\":\"https:\\\/\\\/stolmar24.com\\\/fr\\\/poignee-de-fenetre\\\/#breadcrumb\",\"itemListElement\":[{\"@type\":\"ListItem\",\"position\":1,\"name\":\"Strona g\u0142\u00f3wna\",\"item\":\"https:\\\/\\\/stolmar24.com\\\/fr\\\/\"},{\"@type\":\"ListItem\",\"position\":2,\"name\":\"Poign\u00e9e de fen?tre\"}]},{\"@type\":\"WebSite\",\"@id\":\"https:\\\/\\\/stolmar24.com\\\/#website\",\"url\":\"https:\\\/\\\/stolmar24.com\\\/\",\"name\":\"Stolmar\",\"description\":\"Okna PCV, plastikowe i drzwi wewn\u0119trzne - Bydgoszczy\",\"potentialAction\":[{\"@type\":\"SearchAction\",\"target\":{\"@type\":\"EntryPoint\",\"urlTemplate\":\"https:\\\/\\\/stolmar24.com\\\/?s={search_term_string}\"},\"query-input\":{\"@type\":\"PropertyValueSpecification\",\"valueRequired\":true,\"valueName\":\"search_term_string\"}}],\"inLanguage\":\"fr-FR\"}]}<\/script>\n<!-- \/ Yoast SEO plugin. -->","yoast_head_json":{"title":"Poign\u00e9e de fen?tre - Stolmar","robots":{"index":"index","follow":"follow","max-snippet":"max-snippet:-1","max-image-preview":"max-image-preview:large","max-video-preview":"max-video-preview:-1"},"canonical":"https:\/\/stolmar24.com\/fr\/poignee-de-fenetre\/","og_locale":"fr_FR","og_type":"article","og_title":"Poign\u00e9e de fen?tre - Stolmar","og_description":"En tant que leader europ\u00e9en dans son domaine, HOPPE d\u00e9veloppe, produit et commercialise ? un art de d\u00e9corer son habitat dans le moindre d\u00e9tail ?, sous la forme de poign\u00e9es de porte et de fen?tre en aluminium, inox, laiton et polyamide. Les designs attractifs sont associ\u00e9s ? des technologies innovantes pour des applications tr?s diff\u00e9rentes. [&hellip;]","og_url":"https:\/\/stolmar24.com\/fr\/poignee-de-fenetre\/","og_site_name":"Stolmar","article_publisher":"https:\/\/www.facebook.com\/STOLMAR-1482853595329004\/","article_modified_time":"2015-10-16T12:12:40+00:00","twitter_card":"summary_large_image","twitter_site":"@Stolmar24","twitter_misc":{"Dur\u00e9e de lecture estim\u00e9e":"6 minutes"},"schema":{"@context":"https:\/\/schema.org","@graph":[{"@type":"WebPage","@id":"https:\/\/stolmar24.com\/fr\/poignee-de-fenetre\/","url":"https:\/\/stolmar24.com\/fr\/poignee-de-fenetre\/","name":"Poign\u00e9e de fen?tre - Stolmar","isPartOf":{"@id":"https:\/\/stolmar24.com\/#website"},"datePublished":"2015-10-16T12:10:55+00:00","dateModified":"2015-10-16T12:12:40+00:00","breadcrumb":{"@id":"https:\/\/stolmar24.com\/fr\/poignee-de-fenetre\/#breadcrumb"},"inLanguage":"fr-FR","potentialAction":[{"@type":"ReadAction","target":["https:\/\/stolmar24.com\/fr\/poignee-de-fenetre\/"]}]},{"@type":"BreadcrumbList","@id":"https:\/\/stolmar24.com\/fr\/poignee-de-fenetre\/#breadcrumb","itemListElement":[{"@type":"ListItem","position":1,"name":"Strona g\u0142\u00f3wna","item":"https:\/\/stolmar24.com\/fr\/"},{"@type":"ListItem","position":2,"name":"Poign\u00e9e de fen?tre"}]},{"@type":"WebSite","@id":"https:\/\/stolmar24.com\/#website","url":"https:\/\/stolmar24.com\/","name":"Stolmar","description":"Okna PCV, plastikowe i drzwi wewn\u0119trzne - Bydgoszczy","potentialAction":[{"@type":"SearchAction","target":{"@type":"EntryPoint","urlTemplate":"https:\/\/stolmar24.com\/?s={search_term_string}"},"query-input":{"@type":"PropertyValueSpecification","valueRequired":true,"valueName":"search_term_string"}}],"inLanguage":"fr-FR"}]}},"_links":{"self":[{"href":"https:\/\/stolmar24.com\/fr\/wp-json\/wp\/v2\/pages\/4659","targetHints":{"allow":["GET"]}}],"collection":[{"href":"https:\/\/stolmar24.com\/fr\/wp-json\/wp\/v2\/pages"}],"about":[{"href":"https:\/\/stolmar24.com\/fr\/wp-json\/wp\/v2\/types\/page"}],"author":[{"embeddable":true,"href":"https:\/\/stolmar24.com\/fr\/wp-json\/wp\/v2\/users\/10"}],"replies":[{"embeddable":true,"href":"https:\/\/stolmar24.com\/fr\/wp-json\/wp\/v2\/comments?post=4659"}],"version-history":[{"count":0,"href":"https:\/\/stolmar24.com\/fr\/wp-json\/wp\/v2\/pages\/4659\/revisions"}],"wp:attachment":[{"href":"https:\/\/stolmar24.com\/fr\/wp-json\/wp\/v2\/media?parent=4659"}],"curies":[{"name":"wp","href":"https:\/\/api.w.org\/{rel}","templated":true}]}}