{"id":4621,"date":"2015-10-14T14:20:43","date_gmt":"2015-10-14T12:20:43","guid":{"rendered":"http:\/\/stolmar24.com\/fr\/?page_id=4621"},"modified":"2015-10-14T14:20:43","modified_gmt":"2015-10-14T12:20:43","slug":"prix","status":"publish","type":"page","link":"https:\/\/stolmar24.com\/fr\/a-propos-de-nous\/prix\/","title":{"rendered":"Prix"},"content":{"rendered":"<p>[et_pb_section admin_label=\u00a0\u00bbsection\u00a0\u00bb fullwidth=\u00a0\u00bbon\u00a0\u00bb specialty=\u00a0\u00bboff\u00a0\u00bb transparent_background=\u00a0\u00bboff\u00a0\u00bb background_color=\u00a0\u00bb#ac76e2&Prime; inner_shadow=\u00a0\u00bboff\u00a0\u00bb parallax=\u00a0\u00bboff\u00a0\u00bb parallax_method=\u00a0\u00bboff\u00a0\u00bb][et_pb_fullwidth_header admin_label=\u00a0\u00bbFullwidth Header\u00a0\u00bb title=\u00a0\u00bbPrix\u00a0\u00bb subhead=\u00a0\u00bbStatuetki i wyr\u00f3\u017cnienia\u00a0\u00bb background_layout=\u00a0\u00bbdark\u00a0\u00bb text_orientation=\u00a0\u00bbleft\u00a0\u00bb header_fullscreen=\u00a0\u00bboff\u00a0\u00bb header_scroll_down=\u00a0\u00bboff\u00a0\u00bb parallax=\u00a0\u00bboff\u00a0\u00bb parallax_method=\u00a0\u00bboff\u00a0\u00bb content_orientation=\u00a0\u00bbcenter\u00a0\u00bb image_orientation=\u00a0\u00bbcenter\u00a0\u00bb custom_button_one=\u00a0\u00bboff\u00a0\u00bb button_one_letter_spacing=\u00a0\u00bb0&Prime; button_one_use_icon=\u00a0\u00bbdefault\u00a0\u00bb button_one_icon_placement=\u00a0\u00bbright\u00a0\u00bb button_one_on_hover=\u00a0\u00bbon\u00a0\u00bb button_one_letter_spacing_hover=\u00a0\u00bb0&Prime; custom_button_two=\u00a0\u00bboff\u00a0\u00bb button_two_letter_spacing=\u00a0\u00bb0&Prime; button_two_use_icon=\u00a0\u00bbdefault\u00a0\u00bb button_two_icon_placement=\u00a0\u00bbright\u00a0\u00bb button_two_on_hover=\u00a0\u00bbon\u00a0\u00bb button_two_letter_spacing_hover=\u00a0\u00bb0&Prime;] [\/et_pb_fullwidth_header][\/et_pb_section][et_pb_section admin_label=\u00a0\u00bbsection\u00a0\u00bb][et_pb_row admin_label=\u00a0\u00bbrow\u00a0\u00bb][et_pb_column type=\u00a0\u00bb1_2&Prime;][et_pb_image admin_label=\u00a0\u00bbImage\u00a0\u00bb src=\u00a0\u00bbhttp:\/\/stolmar24.com\/wp-content\/uploads\/nogroda-stolmar-najwieksza-dynamika-sprzedazy-w-2011.jpg\u00a0\u00bb alt=\u00a0\u00bbNagroda partnera ALUPROF w kategorii \u00a0\u00bb title_text=\u00a0\u00bbNagroda partnera ALUPROF w kategorii \u00a0\u00bb show_in_lightbox=\u00a0\u00bboff\u00a0\u00bb url_new_window=\u00a0\u00bboff\u00a0\u00bb animation=\u00a0\u00bbleft\u00a0\u00bb sticky=\u00a0\u00bboff\u00a0\u00bb] [\/et_pb_image][et_pb_text admin_label=\u00a0\u00bbText\u00a0\u00bb background_layout=\u00a0\u00bblight\u00a0\u00bb text_orientation=\u00a0\u00bbleft\u00a0\u00bb]<\/p>\n<p><em><strong>Nagroda partnera ALUPROF w kategorii \u00a0\u00bb Najwi\u0119ksza dynamika sprzeda\u017cy w 2011r.\u00a0\u00bb<\/strong><\/em><\/p>\n<p>[\/et_pb_text][\/et_pb_column][et_pb_column type=\u00a0\u00bb1_2&Prime;][et_pb_image admin_label=\u00a0\u00bbImage\u00a0\u00bb src=\u00a0\u00bbhttp:\/\/stolmar24.com\/wp-content\/uploads\/nogroda-stolmar-konkurs-kolorowe-okna-2010.jpg\u00a0\u00bb show_in_lightbox=\u00a0\u00bboff\u00a0\u00bb url_new_window=\u00a0\u00bboff\u00a0\u00bb animation=\u00a0\u00bbleft\u00a0\u00bb sticky=\u00a0\u00bboff\u00a0\u00bb] [\/et_pb_image][et_pb_text admin_label=\u00a0\u00bbText\u00a0\u00bb background_layout=\u00a0\u00bblight\u00a0\u00bb text_orientation=\u00a0\u00bbleft\u00a0\u00bb]<\/p>\n<p><em><strong>Nagroda w konkursie \u00ab\u00a0Kolorowe okna\u00a0\u00bb 2010<\/strong><\/em><\/p>\n<p>[\/et_pb_text][\/et_pb_column][\/et_pb_row][et_pb_row admin_label=\u00a0\u00bbrow\u00a0\u00bb][et_pb_column type=\u00a0\u00bb1_2&Prime;][et_pb_image admin_label=\u00a0\u00bbImage\u00a0\u00bb src=\u00a0\u00bbhttp:\/\/stolmar24.com\/wp-content\/uploads\/nogroda-stolmar-konkurs-kolorowe-okna.jpg\u00a0\u00bb show_in_lightbox=\u00a0\u00bboff\u00a0\u00bb url_new_window=\u00a0\u00bboff\u00a0\u00bb animation=\u00a0\u00bbleft\u00a0\u00bb sticky=\u00a0\u00bboff\u00a0\u00bb] [\/et_pb_image][et_pb_text admin_label=\u00a0\u00bbText\u00a0\u00bb background_layout=\u00a0\u00bblight\u00a0\u00bb text_orientation=\u00a0\u00bbleft\u00a0\u00bb]<\/p>\n<p><strong><em>Nagroda w konkursie \u00ab\u00a0Kolorowe okna\u00a0\u00bb 2009 w kategorii \u00ab\u00a0warto\u015b\u0107 zakupu profili acrycolor w okresie 06-12.2009\u00a0\u00bb<\/em><\/strong><\/p>\n<p>[\/et_pb_text][\/et_pb_column][et_pb_column type=\u00a0\u00bb1_2&Prime;][et_pb_image admin_label=\u00a0\u00bbImage\u00a0\u00bb src=\u00a0\u00bbhttp:\/\/stolmar24.com\/wp-content\/uploads\/certyfikat-stolmar-licencjonowanym-uzytkownikiem-systemu-krajowego-rejestru-dlugow-biura-informacji-gospodarczej-sa.jpg\u00a0\u00bb show_in_lightbox=\u00a0\u00bboff\u00a0\u00bb url_new_window=\u00a0\u00bboff\u00a0\u00bb animation=\u00a0\u00bbleft\u00a0\u00bb sticky=\u00a0\u00bboff\u00a0\u00bb alt=\u00a0\u00bbCertyfikat Stolmar licencjonowanym u\u017cytkownikiem systemu Krajowego Rejestru D\u0142ug\u00f3w Biura Informacji Gospodarczej SA\u00a0\u00bb title_text=\u00a0\u00bbCertyfikat Stolmar licencjonowanym u\u017cytkownikiem systemu Krajowego Rejestru D\u0142ug\u00f3w Biura Informacji Gospodarczej SA\u00a0\u00bb] [\/et_pb_image][et_pb_text admin_label=\u00a0\u00bbText\u00a0\u00bb background_layout=\u00a0\u00bblight\u00a0\u00bb text_orientation=\u00a0\u00bbleft\u00a0\u00bb]<\/p>\n<p><em><strong>Certyfikat Stolmar licencjonowanym u\u017cytkownikiem systemu Krajowego Rejestru D\u0142ug\u00f3w \u00a0Biura Informacji Gospodarczej SA<\/strong><\/em><\/p>\n<p>[\/et_pb_text][\/et_pb_column][\/et_pb_row][et_pb_row admin_label=\u00a0\u00bbrow\u00a0\u00bb][et_pb_column type=\u00a0\u00bb1_2&Prime;][et_pb_image admin_label=\u00a0\u00bbImage\u00a0\u00bb src=\u00a0\u00bbhttp:\/\/stolmar24.com\/wp-content\/uploads\/nogroda-stolmar-superprofil-w-kategorii-wytrwalosc-i-konsekwencja-droga-do-sukcesu.jpg\u00a0\u00bb show_in_lightbox=\u00a0\u00bboff\u00a0\u00bb url_new_window=\u00a0\u00bboff\u00a0\u00bb animation=\u00a0\u00bbleft\u00a0\u00bb sticky=\u00a0\u00bboff\u00a0\u00bb alt=\u00a0\u00bbNagroda Superprofil w kategorii \u00a0\u00bb title_text=\u00a0\u00bbNagroda Superprofil w kategorii \u00ab\u00a0] [\/et_pb_image][et_pb_text admin_label=\u00a0\u00bbText\u00a0\u00bb background_layout=\u00a0\u00bblight\u00a0\u00bb text_orientation=\u00a0\u00bbleft\u00a0\u00bb]<\/p>\n<p><em><strong>Nagroda Superprofil w kategorii \u00a0\u00bb Wytrwa\u0142o\u015b\u0107 i konsekwencja drog\u0105 do sukcesu\u00a0\u00bb<\/strong><\/em><\/p>\n<p>[\/et_pb_text][\/et_pb_column][et_pb_column type=\u00a0\u00bb1_2&Prime;][et_pb_image admin_label=\u00a0\u00bbImage\u00a0\u00bb src=\u00a0\u00bbhttp:\/\/stolmar24.com\/wp-content\/uploads\/nogroda-stolmar-w-konkursie-innovation-2011-w-kategorii-zakupy-profili-acrycolor.jpg\u00a0\u00bb show_in_lightbox=\u00a0\u00bboff\u00a0\u00bb url_new_window=\u00a0\u00bboff\u00a0\u00bb animation=\u00a0\u00bbleft\u00a0\u00bb sticky=\u00a0\u00bboff\u00a0\u00bb] [\/et_pb_image][et_pb_text admin_label=\u00a0\u00bbText\u00a0\u00bb background_layout=\u00a0\u00bblight\u00a0\u00bb text_orientation=\u00a0\u00bbleft\u00a0\u00bb]<\/p>\n<p><strong><em>Nagroda w konkursie \u00ab\u00a0Innovation 2011\u00a0\u00bb w kategorii \u00ab\u00a0zakupy profili acrycolor\u00a0\u00bb<\/em><\/strong><\/p>\n<p>[\/et_pb_text][\/et_pb_column][\/et_pb_row][et_pb_row admin_label=\u00a0\u00bbrow\u00a0\u00bb][et_pb_column type=\u00a0\u00bb1_2&Prime;][et_pb_image admin_label=\u00a0\u00bbImage\u00a0\u00bb src=\u00a0\u00bbhttp:\/\/stolmar24.com\/wp-content\/uploads\/wyroznienie-dla-stolmar-za-10-letnia-wspolprace-gealan.jpg\u00a0\u00bb show_in_lightbox=\u00a0\u00bboff\u00a0\u00bb url_new_window=\u00a0\u00bboff\u00a0\u00bb animation=\u00a0\u00bbleft\u00a0\u00bb sticky=\u00a0\u00bboff\u00a0\u00bb alt=\u00a0\u00bbBr\u0105zowe wyr\u00f3\u017cnienie od firmy Gealan za 10-letni\u0105 wsp\u00f3\u0142prac\u0119.\u00a0\u00bb title_text=\u00a0\u00bbBr\u0105zowe wyr\u00f3\u017cnienie od firmy Gealan za 10-letni\u0105 wsp\u00f3\u0142prac\u0119.\u00a0\u00bb] [\/et_pb_image][et_pb_text admin_label=\u00a0\u00bbText\u00a0\u00bb background_layout=\u00a0\u00bblight\u00a0\u00bb text_orientation=\u00a0\u00bbleft\u00a0\u00bb] <em><strong>Br\u0105zowe wyr\u00f3\u017cnienie od firmy \u00ab\u00a0Gealan\u00a0\u00bb za 10-letni\u0105 wsp\u00f3\u0142prac\u0119.<\/strong><\/em> [\/et_pb_text][\/et_pb_column][et_pb_column type=\u00a0\u00bb1_2&Prime;][\/et_pb_column][\/et_pb_row][\/et_pb_section]<\/p>\n","protected":false},"excerpt":{"rendered":"<p>Nagroda partnera ALUPROF w kategorii \u00a0\u00bb Najwi\u0119ksza dynamika sprzeda\u017cy w 2011r.\u00a0\u00bb Nagroda w konkursie \u00ab\u00a0Kolorowe okna\u00a0\u00bb 2010 Nagroda w konkursie \u00ab\u00a0Kolorowe okna\u00a0\u00bb 2009 w kategorii \u00ab\u00a0warto\u015b\u0107 zakupu profili acrycolor w okresie 06-12.2009&Prime; Certyfikat Stolmar licencjonowanym u\u017cytkownikiem systemu Krajowego Rejestru D\u0142ug\u00f3w \u00a0Biura Informacji Gospodarczej SA Nagroda Superprofil w kategorii \u00a0\u00bb Wytrwa\u0142o\u015b\u0107 i konsekwencja drog\u0105 do sukcesu\u00a0\u00bb [&hellip;]<\/p>\n","protected":false},"author":10,"featured_media":0,"parent":2648,"menu_order":0,"comment_status":"open","ping_status":"closed","template":"","meta":{"_et_pb_use_builder":"on","_et_pb_old_content":"<p>\u00a0<\/p><p>\u00a0<\/p>","_et_gb_content_width":"","footnotes":""},"class_list":["post-4621","page","type-page","status-publish","hentry"],"yoast_head":"<!-- This site is optimized with the Yoast SEO plugin v27.3 - https:\/\/yoast.com\/product\/yoast-seo-wordpress\/ -->\n<title>Prix - Stolmar<\/title>\n<meta name=\"robots\" content=\"index, follow, max-snippet:-1, max-image-preview:large, max-video-preview:-1\" \/>\n<link rel=\"canonical\" href=\"https:\/\/stolmar24.com\/fr\/a-propos-de-nous\/prix\/\" \/>\n<meta property=\"og:locale\" content=\"fr_FR\" \/>\n<meta property=\"og:type\" content=\"article\" \/>\n<meta property=\"og:title\" content=\"Prix - Stolmar\" \/>\n<meta property=\"og:description\" content=\"Nagroda partnera ALUPROF w kategorii &quot; Najwi\u0119ksza dynamika sprzeda\u017cy w 2011r.&quot; Nagroda w konkursie &quot;Kolorowe okna&quot; 2010 Nagroda w konkursie &quot;Kolorowe okna&quot; 2009 w kategorii &quot;warto\u015b\u0107 zakupu profili acrycolor w okresie 06-12.2009&quot; Certyfikat Stolmar licencjonowanym u\u017cytkownikiem systemu Krajowego Rejestru D\u0142ug\u00f3w \u00a0Biura Informacji Gospodarczej SA Nagroda Superprofil w kategorii &quot; Wytrwa\u0142o\u015b\u0107 i konsekwencja drog\u0105 do sukcesu&quot; [&hellip;]\" \/>\n<meta property=\"og:url\" content=\"https:\/\/stolmar24.com\/fr\/a-propos-de-nous\/prix\/\" \/>\n<meta property=\"og:site_name\" content=\"Stolmar\" \/>\n<meta property=\"article:publisher\" content=\"https:\/\/www.facebook.com\/STOLMAR-1482853595329004\/\" \/>\n<meta name=\"twitter:card\" content=\"summary_large_image\" \/>\n<meta name=\"twitter:site\" content=\"@Stolmar24\" \/>\n<meta name=\"twitter:label1\" content=\"Dur\u00e9e de lecture estim\u00e9e\" \/>\n\t<meta name=\"twitter:data1\" content=\"3 minutes\" \/>\n<script type=\"application\/ld+json\" class=\"yoast-schema-graph\">{\"@context\":\"https:\\\/\\\/schema.org\",\"@graph\":[{\"@type\":\"WebPage\",\"@id\":\"https:\\\/\\\/stolmar24.com\\\/fr\\\/a-propos-de-nous\\\/prix\\\/\",\"url\":\"https:\\\/\\\/stolmar24.com\\\/fr\\\/a-propos-de-nous\\\/prix\\\/\",\"name\":\"Prix - Stolmar\",\"isPartOf\":{\"@id\":\"https:\\\/\\\/stolmar24.com\\\/#website\"},\"datePublished\":\"2015-10-14T12:20:43+00:00\",\"breadcrumb\":{\"@id\":\"https:\\\/\\\/stolmar24.com\\\/fr\\\/a-propos-de-nous\\\/prix\\\/#breadcrumb\"},\"inLanguage\":\"fr-FR\",\"potentialAction\":[{\"@type\":\"ReadAction\",\"target\":[\"https:\\\/\\\/stolmar24.com\\\/fr\\\/a-propos-de-nous\\\/prix\\\/\"]}]},{\"@type\":\"BreadcrumbList\",\"@id\":\"https:\\\/\\\/stolmar24.com\\\/fr\\\/a-propos-de-nous\\\/prix\\\/#breadcrumb\",\"itemListElement\":[{\"@type\":\"ListItem\",\"position\":1,\"name\":\"Strona g\u0142\u00f3wna\",\"item\":\"https:\\\/\\\/stolmar24.com\\\/fr\\\/\"},{\"@type\":\"ListItem\",\"position\":2,\"name\":\"Stolmar\",\"item\":\"https:\\\/\\\/stolmar24.com\\\/fr\\\/a-propos-de-nous\\\/\"},{\"@type\":\"ListItem\",\"position\":3,\"name\":\"Prix\"}]},{\"@type\":\"WebSite\",\"@id\":\"https:\\\/\\\/stolmar24.com\\\/#website\",\"url\":\"https:\\\/\\\/stolmar24.com\\\/\",\"name\":\"Stolmar\",\"description\":\"Okna PCV, plastikowe i drzwi wewn\u0119trzne - Bydgoszczy\",\"potentialAction\":[{\"@type\":\"SearchAction\",\"target\":{\"@type\":\"EntryPoint\",\"urlTemplate\":\"https:\\\/\\\/stolmar24.com\\\/?s={search_term_string}\"},\"query-input\":{\"@type\":\"PropertyValueSpecification\",\"valueRequired\":true,\"valueName\":\"search_term_string\"}}],\"inLanguage\":\"fr-FR\"}]}<\/script>\n<!-- \/ Yoast SEO plugin. -->","yoast_head_json":{"title":"Prix - Stolmar","robots":{"index":"index","follow":"follow","max-snippet":"max-snippet:-1","max-image-preview":"max-image-preview:large","max-video-preview":"max-video-preview:-1"},"canonical":"https:\/\/stolmar24.com\/fr\/a-propos-de-nous\/prix\/","og_locale":"fr_FR","og_type":"article","og_title":"Prix - Stolmar","og_description":"Nagroda partnera ALUPROF w kategorii \" Najwi\u0119ksza dynamika sprzeda\u017cy w 2011r.\" Nagroda w konkursie \"Kolorowe okna\" 2010 Nagroda w konkursie \"Kolorowe okna\" 2009 w kategorii \"warto\u015b\u0107 zakupu profili acrycolor w okresie 06-12.2009\" Certyfikat Stolmar licencjonowanym u\u017cytkownikiem systemu Krajowego Rejestru D\u0142ug\u00f3w \u00a0Biura Informacji Gospodarczej SA Nagroda Superprofil w kategorii \" Wytrwa\u0142o\u015b\u0107 i konsekwencja drog\u0105 do sukcesu\" [&hellip;]","og_url":"https:\/\/stolmar24.com\/fr\/a-propos-de-nous\/prix\/","og_site_name":"Stolmar","article_publisher":"https:\/\/www.facebook.com\/STOLMAR-1482853595329004\/","twitter_card":"summary_large_image","twitter_site":"@Stolmar24","twitter_misc":{"Dur\u00e9e de lecture estim\u00e9e":"3 minutes"},"schema":{"@context":"https:\/\/schema.org","@graph":[{"@type":"WebPage","@id":"https:\/\/stolmar24.com\/fr\/a-propos-de-nous\/prix\/","url":"https:\/\/stolmar24.com\/fr\/a-propos-de-nous\/prix\/","name":"Prix - Stolmar","isPartOf":{"@id":"https:\/\/stolmar24.com\/#website"},"datePublished":"2015-10-14T12:20:43+00:00","breadcrumb":{"@id":"https:\/\/stolmar24.com\/fr\/a-propos-de-nous\/prix\/#breadcrumb"},"inLanguage":"fr-FR","potentialAction":[{"@type":"ReadAction","target":["https:\/\/stolmar24.com\/fr\/a-propos-de-nous\/prix\/"]}]},{"@type":"BreadcrumbList","@id":"https:\/\/stolmar24.com\/fr\/a-propos-de-nous\/prix\/#breadcrumb","itemListElement":[{"@type":"ListItem","position":1,"name":"Strona g\u0142\u00f3wna","item":"https:\/\/stolmar24.com\/fr\/"},{"@type":"ListItem","position":2,"name":"Stolmar","item":"https:\/\/stolmar24.com\/fr\/a-propos-de-nous\/"},{"@type":"ListItem","position":3,"name":"Prix"}]},{"@type":"WebSite","@id":"https:\/\/stolmar24.com\/#website","url":"https:\/\/stolmar24.com\/","name":"Stolmar","description":"Okna PCV, plastikowe i drzwi wewn\u0119trzne - Bydgoszczy","potentialAction":[{"@type":"SearchAction","target":{"@type":"EntryPoint","urlTemplate":"https:\/\/stolmar24.com\/?s={search_term_string}"},"query-input":{"@type":"PropertyValueSpecification","valueRequired":true,"valueName":"search_term_string"}}],"inLanguage":"fr-FR"}]}},"_links":{"self":[{"href":"https:\/\/stolmar24.com\/fr\/wp-json\/wp\/v2\/pages\/4621","targetHints":{"allow":["GET"]}}],"collection":[{"href":"https:\/\/stolmar24.com\/fr\/wp-json\/wp\/v2\/pages"}],"about":[{"href":"https:\/\/stolmar24.com\/fr\/wp-json\/wp\/v2\/types\/page"}],"author":[{"embeddable":true,"href":"https:\/\/stolmar24.com\/fr\/wp-json\/wp\/v2\/users\/10"}],"replies":[{"embeddable":true,"href":"https:\/\/stolmar24.com\/fr\/wp-json\/wp\/v2\/comments?post=4621"}],"version-history":[{"count":0,"href":"https:\/\/stolmar24.com\/fr\/wp-json\/wp\/v2\/pages\/4621\/revisions"}],"up":[{"embeddable":true,"href":"https:\/\/stolmar24.com\/fr\/wp-json\/wp\/v2\/pages\/2648"}],"wp:attachment":[{"href":"https:\/\/stolmar24.com\/fr\/wp-json\/wp\/v2\/media?parent=4621"}],"curies":[{"name":"wp","href":"https:\/\/api.w.org\/{rel}","templated":true}]}}