{"id":2664,"date":"2015-08-05T10:37:32","date_gmt":"2015-08-05T08:37:32","guid":{"rendered":"http:\/\/stolmar24.com\/?page_id=2664&#038;lang=fr"},"modified":"2015-10-14T14:07:46","modified_gmt":"2015-10-14T12:07:46","slug":"veka","status":"publish","type":"page","link":"https:\/\/stolmar24.com\/fr\/veka\/","title":{"rendered":"Veka"},"content":{"rendered":"<p>[et_pb_section admin_label=\u00a0\u00bbsection\u00a0\u00bb fullwidth=\u00a0\u00bbon\u00a0\u00bb background_color=\u00a0\u00bb#1f9dc4&Prime; inner_shadow=\u00a0\u00bboff\u00a0\u00bb parallax=\u00a0\u00bboff\u00a0\u00bb][et_pb_fullwidth_header admin_label=\u00a0\u00bbFullwidth Header\u00a0\u00bb title=\u00a0\u00bb? propos de nous\u00a0\u00bb background_layout=\u00a0\u00bbdark\u00a0\u00bb text_orientation=\u00a0\u00bbleft\u00a0\u00bb header_fullscreen=\u00a0\u00bboff\u00a0\u00bb header_scroll_down=\u00a0\u00bboff\u00a0\u00bb parallax=\u00a0\u00bboff\u00a0\u00bb parallax_method=\u00a0\u00bboff\u00a0\u00bb content_orientation=\u00a0\u00bbcenter\u00a0\u00bb image_orientation=\u00a0\u00bbcenter\u00a0\u00bb custom_button_one=\u00a0\u00bboff\u00a0\u00bb button_one_letter_spacing=\u00a0\u00bb0&Prime; button_one_use_icon=\u00a0\u00bbdefault\u00a0\u00bb button_one_icon_placement=\u00a0\u00bbright\u00a0\u00bb button_one_on_hover=\u00a0\u00bbon\u00a0\u00bb button_one_letter_spacing_hover=\u00a0\u00bb0&Prime; custom_button_two=\u00a0\u00bboff\u00a0\u00bb button_two_letter_spacing=\u00a0\u00bb0&Prime; button_two_use_icon=\u00a0\u00bbdefault\u00a0\u00bb button_two_icon_placement=\u00a0\u00bbright\u00a0\u00bb button_two_on_hover=\u00a0\u00bbon\u00a0\u00bb button_two_letter_spacing_hover=\u00a0\u00bb0&Prime;] [\/et_pb_fullwidth_header][\/et_pb_section][et_pb_section admin_label=\u00a0\u00bbsection\u00a0\u00bb fullwidth=\u00a0\u00bboff\u00a0\u00bb][et_pb_row admin_label=\u00a0\u00bbrow\u00a0\u00bb][et_pb_column type=\u00a0\u00bb4_4&Prime;][et_pb_cta admin_label=\u00a0\u00bbWezwanie do dzia\u0142ania\u00a0\u00bb title=\u00a0\u00bbVEKA\u00a0\u00bb use_background_color=\u00a0\u00bbon\u00a0\u00bb background_color=\u00a0\u00bb#b5b5b5&Prime; background_layout=\u00a0\u00bbdark\u00a0\u00bb text_orientation=\u00a0\u00bbcenter\u00a0\u00bb] [\/et_pb_cta][\/et_pb_column][\/et_pb_row][et_pb_row admin_label=\u00a0\u00bbrow\u00a0\u00bb][et_pb_column type=\u00a0\u00bb4_4&Prime;][et_pb_text admin_label=\u00a0\u00bbText\u00a0\u00bb background_layout=\u00a0\u00bblight\u00a0\u00bb text_orientation=\u00a0\u00bbleft\u00a0\u00bb use_border_color=\u00a0\u00bboff\u00a0\u00bb border_color=\u00a0\u00bb#ffffff\u00a0\u00bb border_style=\u00a0\u00bbsolid\u00a0\u00bb]<\/p>\n<p>C?est ? Sendenhorst en Westfalie en 1969 que commence l?histoire du groupe Veka AG o? une soci\u00e9t\u00e9 ? 8 personnes commence ? fabriquer les VR et profil\u00e9s de fen?tre. A partir de ce moment-l? la soci\u00e9t\u00e9 se met au d\u00e9veloppement mondial et devient leader en fabrication des profil\u00e9s PVC. La soci\u00e9t\u00e9 Veka ouvre ses filiales pas seulement dans presque chaque pays en Europe mais aussi dans le monde entier et c?est une action permanente.<\/p>\n<p>Depuis 20 ans la soci\u00e9t\u00e9 VEKA est pr\u00e9sente en Pologne. Elle d\u00e9veloppe constamment la technologie de la fabrication en exigeant le plus possible de ses profil\u00e9s en performance.<br \/>\nLes profil\u00e9s VEKA sont fabriqu\u00e9s dans un PVC de qualit\u00e9 sup\u00e9rieure, un mat\u00e9riau de construction qui a fait ses preuves et dont la durabilit\u00e9 est reconnue.<br \/>\nUne composition sp\u00e9ciale et des contr\u00f4les de la qualit\u00e9 permanents garantissent, m?me sous des conditions atmosph\u00e9riques extr?mes, une parfaite r\u00e9sistance aux intemp\u00e9ries et une inalt\u00e9rabilit\u00e9.<\/p>\n<p>VEKA Pologne a \u00e9t\u00e9 en 1998 le premier concepteur-extrudeur de profil\u00e9s PVC pour Fen?tres ? obtenir le certificat DIN EN ISO 9001 et est aujourd?hui certifi\u00e9 NF-EN ISO 9001-2000. B\u00e9n\u00e9ficiant d&rsquo;ann\u00e9es de retour d&rsquo;exp\u00e9rience, de syst?mes de contr\u00f4le qualit\u00e9 exigeants, jouissant du label NF profil\u00e9 et des avis techniques du CSTB, \u00a0Veka Pologne fabrique des produits parfaitements adapt\u00e9s au march\u00e9 fran\u00e7ais et ? la qualit\u00e9 reconnue.<\/p>\n<p>[\/et_pb_text][\/et_pb_column][\/et_pb_row][et_pb_row admin_label=\u00a0\u00bbrow\u00a0\u00bb][et_pb_column type=\u00a0\u00bb4_4&Prime;][et_pb_text admin_label=\u00a0\u00bbTekst\u00a0\u00bb background_layout=\u00a0\u00bblight\u00a0\u00bb text_orientation=\u00a0\u00bbleft\u00a0\u00bb use_border_color=\u00a0\u00bboff\u00a0\u00bb border_color=\u00a0\u00bb#ffffff\u00a0\u00bb border_style=\u00a0\u00bbsolid\u00a0\u00bb]<\/p>\n<p><a href=\"http:\/\/stolmar24.com\/wp-content\/uploads\/2014\/02\/slider-niebieski.jpg\"><img loading=\"lazy\" decoding=\"async\" class=\" size-medium wp-image-42 alignleft\" src=\"http:\/\/stolmar24.com\/wp-content\/uploads\/2014\/02\/slider-niebieski-300x225.jpg\" alt=\"slider-niebieski\" width=\"300\" height=\"225\" srcset=\"https:\/\/stolmar24.com\/wp-content\/uploads\/2014\/02\/slider-niebieski-300x225.jpg 300w, https:\/\/stolmar24.com\/wp-content\/uploads\/2014\/02\/slider-niebieski-150x112.jpg 150w, https:\/\/stolmar24.com\/wp-content\/uploads\/2014\/02\/slider-niebieski-1024x768.jpg 1024w, https:\/\/stolmar24.com\/wp-content\/uploads\/2014\/02\/slider-niebieski-510x382.jpg 510w, https:\/\/stolmar24.com\/wp-content\/uploads\/2014\/02\/slider-niebieski-1080x810.jpg 1080w, https:\/\/stolmar24.com\/wp-content\/uploads\/2014\/02\/slider-niebieski-157x117.jpg 157w, https:\/\/stolmar24.com\/wp-content\/uploads\/2014\/02\/slider-niebieski-400x300.jpg 400w\" sizes=\"(max-width: 300px) 100vw, 300px\" \/><\/a><\/p>\n<h2><span style=\"color: #808080;\">Classe RAL A*- l?essentiel de bons profil\u00e9s.<\/span><\/h2>\n<p>VEKA dispose d?une tr?s large gamme de profil\u00e9s pour les utilisations les plus diverses seulement en classe A et de 3 mm d?\u00e9paisseur ce qui est primordial pour une protection optimale contre le froid et le bruit en assurant en m?me temps des performances les meilleures sur le march\u00e9 de la fen?tre. Des profil\u00e9s classe B et C ne sont pas autant r\u00e9sistants au choc et ce qu?il faut signaler ils sont plus susceptibles aux fissures des angles.<\/p>\n<p>&nbsp;<\/p>\n<p>&nbsp;<\/p>\n<p>&nbsp;<\/p>\n<ul>\n<li>Marque internationale- leader de l&rsquo;extrusion de profil\u00e9s en PVC pour syst?mes de menuiseries, VEKA est une entreprise internationale regroupant 20 soci\u00e9tes, marquant sa pr\u00e9sence en Europe depuis 40 ans.<\/li>\n<li>Certfication\u00a0n\u00e9cessaire: le CSTB (Centre scientifique et technique du Batiment) comme son homologue allemand l&rsquo;IFT (Institut pour la technique des fen?tres ? Rosenheim) examine le cahier des charges des syst?mes de fen?tres, effectue des tests et d\u00e9livre les avis techniques. Il garantie ainsi que les produits ont \u00e9t\u00e9 con\u00e7us dans le stricte respect des normes et des r?gles de l&rsquo;art en vigueur en france et ce afin de pouvoir r\u00e9pondre aux sollicitudes les plus \u00e9lev\u00e9es.<\/li>\n<\/ul>\n<p><strong>\u00a0<em>Un aper\u00e7u des avantages lorsque vous choisissez les fen?tres VEKA\u00a0:<br \/>\n?Conception de toutes les formes de fen?tres et de constructions possibles<br \/>\n?Saisie par types ou construction libre<br \/>\n?D\u00e9termination individuelle du prix par calcul ou par liste de prix des fen?tres<br \/>\n?Gestion des stocks<br \/>\n?Certification n\u00e9cessaire<br \/>\n?Performances imbattables, introuvables ailleurs<\/em><\/strong><\/p>\n<ul>\n<li>?Durabilit\u00e9 et entretien<br \/>\nLes syst?mes de fen?tres VEKA n&rsquo;exigent pratiquement pas d&rsquo;entretien et ont une excellente tenue dans le temps. De plus, ils ne n\u00e9cessitent aucune couche de peinture : un argument non seulement pratique, mais \u00e9galement \u00e9conomique sur du long terme.<\/li>\n<li>\u00a0RAL- c?est le label qui est attribu\u00e9 ? ceux qui effectuent la fabrication en PVC au niveau exig\u00e9 par l?Association pour une mise en Oeuvre de la Qualit\u00e9 des Syst?mes de Fen?tres en Plastique.<\/li>\n<\/ul>\n<p><strong>VEKA apporte soutien et conseils aux fabricants, aux clients lors d&rsquo;audits de qualit\u00e9 et d&rsquo;optimisation de production, ainsi que dans leurs d\u00e9marches de certifications. La soci\u00e9t\u00e9 participe de fa\u00e7on active ? l&rsquo;\u00e9laboration, ? la mise en place, ? la r\u00e9actualisation des r?gles de fabrication et de mise en ?uvre des fen?tres PVC en collaboration avec le CSTB, les bureaux de contr\u00f4le, les syndicats professionnels, les organismes de formations?<\/strong><\/p>\n<p>[\/et_pb_text][\/et_pb_column][\/et_pb_row][\/et_pb_section][et_pb_section admin_label=\u00a0\u00bbsection\u00a0\u00bb fullwidth=\u00a0\u00bboff\u00a0\u00bb specialty=\u00a0\u00bboff\u00a0\u00bb transparent_background=\u00a0\u00bboff\u00a0\u00bb background_color=\u00a0\u00bb#6bbef9&Prime; allow_player_pause=\u00a0\u00bboff\u00a0\u00bb inner_shadow=\u00a0\u00bboff\u00a0\u00bb parallax=\u00a0\u00bboff\u00a0\u00bb parallax_method=\u00a0\u00bboff\u00a0\u00bb][et_pb_row admin_label=\u00a0\u00bbrow\u00a0\u00bb][et_pb_column type=\u00a0\u00bb4_4&Prime;][et_pb_text admin_label=\u00a0\u00bbTekst\u00a0\u00bb background_layout=\u00a0\u00bbdark\u00a0\u00bb text_orientation=\u00a0\u00bbleft\u00a0\u00bb use_border_color=\u00a0\u00bboff\u00a0\u00bb border_color=\u00a0\u00bb#ffffff\u00a0\u00bb border_style=\u00a0\u00bbsolid\u00a0\u00bb]<\/p>\n<h1>Certificat QM 320 d\u00e9cern\u00e9 par Rosenheim Q-ZERT<\/h1>\n<p>[\/et_pb_text][et_pb_text admin_label=\u00a0\u00bbTekst\u00a0\u00bb background_layout=\u00a0\u00bbdark\u00a0\u00bb text_orientation=\u00a0\u00bbleft\u00a0\u00bb use_border_color=\u00a0\u00bboff\u00a0\u00bb border_color=\u00a0\u00bb#ffffff\u00a0\u00bb border_style=\u00a0\u00bbsolid\u00a0\u00bb]<\/p>\n<p>NF EN ISO 9001-2000 : le garant de la qualit\u00e9. La qualit\u00e9 d?un produit refl?te la qualit\u00e9 de l?entreprise toute enti?re. C?est pourquoi l?assurance de la qualit\u00e9 selon la norme NF EN ISO 9001-2000 englobe tous les secteurs de l?entreprise, de la conception ? la gestion et ? la logistique en passant par la fabrication.<br \/>\nDans chacun de ces secteurs, le catalogue des proc\u00e9dures qualit\u00e9 pr\u00e9voit des contr\u00f4les aux diff\u00e9rentes \u00e9tapes du processus. Ces contr\u00f4les permettent de valider que l&rsquo;objectif fix\u00e9 au d\u00e9part, par exemple, fabriquer aux bonnes dimensions, livrer dans le temps imparti&#8230; est atteint. En cas de d\u00e9faillance, la proc\u00e9dure permet de retrouver rapidement o? se trouve la d\u00e9ficience, o? a \u00e9t\u00e9 commise l&rsquo;erreur et de mettre en place les mesures correctives.<br \/>\nL&rsquo;homme et la machine ne seront jamais parfaits. Seul des moyens de production adapt\u00e9s, entretenus et performants, des personnels rigoureux, form\u00e9s et comp\u00e9tents et la mise en place de syst?mes de contr\u00f4les permettent de garantir des services et des produits de qualit\u00e9.<br \/>\nC?est ce principe qui fait qu?aujourd?hui nous am\u00e9liorons, encore et toujours, l&rsquo;ensemble de nos prestations aupr?s de nos partenaires. Pour notre client?le nous avons \u00e9t\u00e9 honor\u00e9s par le certificat QM 320 distribu\u00e9 par Rosenheim Q-ZERT.<\/p>\n<p>[\/et_pb_text][\/et_pb_column][\/et_pb_row][\/et_pb_section][et_pb_section admin_label=\u00a0\u00bbsection\u00a0\u00bb fullwidth=\u00a0\u00bboff\u00a0\u00bb specialty=\u00a0\u00bboff\u00a0\u00bb transparent_background=\u00a0\u00bboff\u00a0\u00bb background_color=\u00a0\u00bb#a3a3a3&Prime; allow_player_pause=\u00a0\u00bboff\u00a0\u00bb inner_shadow=\u00a0\u00bboff\u00a0\u00bb parallax=\u00a0\u00bboff\u00a0\u00bb parallax_method=\u00a0\u00bboff\u00a0\u00bb][et_pb_row admin_label=\u00a0\u00bbrow\u00a0\u00bb][et_pb_column type=\u00a0\u00bb4_4&Prime;][et_pb_text admin_label=\u00a0\u00bbTekst\u00a0\u00bb background_layout=\u00a0\u00bbdark\u00a0\u00bb text_orientation=\u00a0\u00bbleft\u00a0\u00bb use_border_color=\u00a0\u00bboff\u00a0\u00bb border_color=\u00a0\u00bb#ffffff\u00a0\u00bb border_style=\u00a0\u00bbsolid\u00a0\u00bb]<\/p>\n<h2>Veka Pologne est la seule soci\u00e9t\u00e9 ? exiger de la part des assembleurs des fen?tres une d\u00e9marche bien d\u00e9finie:<\/h2>\n<p>[\/et_pb_text][et_pb_text admin_label=\u00a0\u00bbTekst\u00a0\u00bb background_layout=\u00a0\u00bbdark\u00a0\u00bb text_orientation=\u00a0\u00bbleft\u00a0\u00bb use_border_color=\u00a0\u00bboff\u00a0\u00bb border_color=\u00a0\u00bb#ffffff\u00a0\u00bb border_style=\u00a0\u00bbsolid\u00a0\u00bb]<\/p>\n<ul>\n<li>Au moins une fois par an on effectue un examen de la menuiserie fabriqu\u00e9e<\/li>\n<li>On n?utilise ? la fabrication que des \u00e9l\u00e9ments (renforts, joints, quincaillerie, vitrage) qui disposent des attestations de performances sign\u00e9es ainsi que des certificats tels que Rosenheim QM 328, PN-EN 12361-1, PN-EN 12207.<\/li>\n<\/ul>\n<p>[\/et_pb_text][\/et_pb_column][\/et_pb_row][\/et_pb_section][et_pb_section admin_label=\u00a0\u00bbsection\u00a0\u00bb fullwidth=\u00a0\u00bboff\u00a0\u00bb specialty=\u00a0\u00bboff\u00a0\u00bb][et_pb_row admin_label=\u00a0\u00bbrow\u00a0\u00bb][et_pb_column type=\u00a0\u00bb4_4&Prime;][et_pb_text admin_label=\u00a0\u00bbTekst\u00a0\u00bb background_layout=\u00a0\u00bblight\u00a0\u00bb text_orientation=\u00a0\u00bbleft\u00a0\u00bb use_border_color=\u00a0\u00bboff\u00a0\u00bb border_color=\u00a0\u00bb#ffffff\u00a0\u00bb border_style=\u00a0\u00bbsolid\u00a0\u00bb]<\/p>\n<h1>Le PVC: un mat\u00e9riau id\u00e9al pour la fen?tre<\/h1>\n<p>[\/et_pb_text][et_pb_text admin_label=\u00a0\u00bbTekst\u00a0\u00bb background_layout=\u00a0\u00bblight\u00a0\u00bb text_orientation=\u00a0\u00bbleft\u00a0\u00bb use_border_color=\u00a0\u00bboff\u00a0\u00bb border_color=\u00a0\u00bb#ffffff\u00a0\u00bb border_style=\u00a0\u00bbsolid\u00a0\u00bb]<\/p>\n<p>VEKA s?est sp\u00e9cialis\u00e9e sur le mat\u00e9riau le plus moderne, le PVC, qui, tant du point de vue \u00e9conomique qu&rsquo;\u00e9cologique, pr\u00e9sente les avantages les plus importants.<br \/>\nLe PVC a une extr?me durabilit\u00e9 car il est tr?s r\u00e9sistant aux variations climatiques, et b\u00e9n\u00e9ficie ainsi d&rsquo;une excellente tenue dans le temps.<br \/>\nIl est \u00e9conome en ressource naturelle et en \u00e9nergie dans sa phase de production comme tout au long de son utilisation. En effet , aucun produit n&rsquo;est n\u00e9cessaire ? sa maintenance, par exemple, aucun frais n&rsquo;est ? pr\u00e9voir pour une nouvelle couche de peinture et la surface des profil\u00e9s PVC pour fen?tres n?exige pas d?entretien particulier (de l&rsquo;eau et du savon suffisent).<br \/>\nA cela s&rsquo;ajoutent des indices de r\u00e9sistance et d?isolation acoustique et surtout thermique de premier ordre qui permettent ? la fois d&rsquo;assurer un r\u00e9el confort des utilisateurs mais aussi de v\u00e9ritable \u00e9conomie d&rsquo;\u00e9nergie pour le chauffage et la climatisation des logements.<br \/>\nLe souci de l?\u00e9cologie fait partie int\u00e9grante, de la production au recyclage, de la philosophie de la soci\u00e9t\u00e9 VEKA.<\/p>\n<p>[\/et_pb_text][et_pb_divider admin_label=\u00a0\u00bbSeparator\u00a0\u00bb color=\u00a0\u00bb#ffffff\u00a0\u00bb show_divider=\u00a0\u00bboff\u00a0\u00bb] [\/et_pb_divider][et_pb_text admin_label=\u00a0\u00bbTekst\u00a0\u00bb background_layout=\u00a0\u00bblight\u00a0\u00bb text_orientation=\u00a0\u00bbleft\u00a0\u00bb use_border_color=\u00a0\u00bboff\u00a0\u00bb border_color=\u00a0\u00bb#ffffff\u00a0\u00bb border_style=\u00a0\u00bbsolid\u00a0\u00bb]<\/p>\n<h2>Historique de la soci\u00e9t\u00e9:<\/h2>\n<p>[\/et_pb_text][et_pb_text admin_label=\u00a0\u00bbTekst\u00a0\u00bb background_layout=\u00a0\u00bblight\u00a0\u00bb text_orientation=\u00a0\u00bbleft\u00a0\u00bb use_border_color=\u00a0\u00bboff\u00a0\u00bb border_color=\u00a0\u00bb#ffffff\u00a0\u00bb border_style=\u00a0\u00bbsolid\u00a0\u00bb]<\/p>\n<p>C?est ? Sendenhorst en Westfalie en 1969 que commence l?histoire du groupe Veka AG o? une soci\u00e9t\u00e9 ? 8 personnes commence ? fabriquer les VR et profil\u00e9s de fen?tre. A partir de ce moment-l? la soci\u00e9t\u00e9 se met au d\u00e9veloppement mondial et devient leader en fabrication des profil\u00e9s PVC. La soci\u00e9t\u00e9 Veka ouvre ses filiales pas seulement dans presque chaque pays en Europe mais aussi dans le monde entier et c?est une action permanente.<\/p>\n<p>Depuis 20 ans la soci\u00e9t\u00e9 VEKA est pr\u00e9sente en Pologne. Elle d\u00e9veloppe constamment la technologie de la fabrication en exigeant le plus possible de ses profil\u00e9s en performance.<br \/>\nLes profil\u00e9s VEKA sont fabriqu\u00e9s dans un PVC de qualit\u00e9 sup\u00e9rieure, un mat\u00e9riau de construction qui a fait ses preuves et dont la durabilit\u00e9 est reconnue.<\/p>\n<p>Une composition sp\u00e9ciale et des contr\u00f4les de la qualit\u00e9 permanents garantissent, m?me sous des conditions atmosph\u00e9riques extr?mes, une parfaite r\u00e9sistance aux intemp\u00e9ries et une inalt\u00e9rabilit\u00e9.<br \/>\nVEKA Pologne a \u00e9t\u00e9 en 1998 le premier concepteur-extrudeur de profil\u00e9s PVC pour Fen?tres ? obtenir le certificat DIN EN ISO 9001 et est aujourd?hui certifi\u00e9 NF-EN ISO 9001-2000. B\u00e9n\u00e9ficiant d&rsquo;ann\u00e9es de retour d&rsquo;exp\u00e9rience, de syst?mes de contr\u00f4le qualit\u00e9 exigeants, jouissant du label NF profil\u00e9 et des avis techniques du CSTB, Veka Pologne fabrique des produits parfaitements adapt\u00e9s au march\u00e9 fran\u00e7ais et ? la qualit\u00e9 reconnue.<\/p>\n<p>[\/et_pb_text][\/et_pb_column][\/et_pb_row][\/et_pb_section]<\/p>\n","protected":false},"excerpt":{"rendered":"<p>C?est ? Sendenhorst en Westfalie en 1969 que commence l?histoire du groupe Veka AG o? une soci\u00e9t\u00e9 ? 8 personnes commence ? fabriquer les VR et profil\u00e9s de fen?tre. A partir de ce moment-l? la soci\u00e9t\u00e9 se met au d\u00e9veloppement mondial et devient leader en fabrication des profil\u00e9s PVC. La soci\u00e9t\u00e9 Veka ouvre ses filiales [&hellip;]<\/p>\n","protected":false},"author":10,"featured_media":0,"parent":0,"menu_order":0,"comment_status":"open","ping_status":"closed","template":"","meta":{"_et_pb_use_builder":"on","_et_pb_old_content":"","_et_gb_content_width":"","footnotes":""},"class_list":["post-2664","page","type-page","status-publish","hentry"],"yoast_head":"<!-- This site is optimized with the Yoast SEO plugin v27.3 - https:\/\/yoast.com\/product\/yoast-seo-wordpress\/ -->\n<title>Veka - Stolmar<\/title>\n<meta name=\"robots\" content=\"index, follow, max-snippet:-1, max-image-preview:large, max-video-preview:-1\" \/>\n<link rel=\"canonical\" href=\"https:\/\/stolmar24.com\/fr\/veka\/\" \/>\n<meta property=\"og:locale\" content=\"fr_FR\" \/>\n<meta property=\"og:type\" content=\"article\" \/>\n<meta property=\"og:title\" content=\"Veka - Stolmar\" \/>\n<meta property=\"og:description\" content=\"C?est ? Sendenhorst en Westfalie en 1969 que commence l?histoire du groupe Veka AG o? une soci\u00e9t\u00e9 ? 8 personnes commence ? fabriquer les VR et profil\u00e9s de fen?tre. A partir de ce moment-l? la soci\u00e9t\u00e9 se met au d\u00e9veloppement mondial et devient leader en fabrication des profil\u00e9s PVC. La soci\u00e9t\u00e9 Veka ouvre ses filiales [&hellip;]\" \/>\n<meta property=\"og:url\" content=\"https:\/\/stolmar24.com\/fr\/veka\/\" \/>\n<meta property=\"og:site_name\" content=\"Stolmar\" \/>\n<meta property=\"article:publisher\" content=\"https:\/\/www.facebook.com\/STOLMAR-1482853595329004\/\" \/>\n<meta property=\"article:modified_time\" content=\"2015-10-14T12:07:46+00:00\" \/>\n<meta property=\"og:image\" content=\"https:\/\/stolmar24.com\/wp-content\/uploads\/2014\/02\/slider-niebieski.jpg\" \/>\n\t<meta property=\"og:image:width\" content=\"2362\" \/>\n\t<meta property=\"og:image:height\" content=\"1772\" \/>\n\t<meta property=\"og:image:type\" content=\"image\/jpeg\" \/>\n<meta name=\"twitter:card\" content=\"summary_large_image\" \/>\n<meta name=\"twitter:site\" content=\"@Stolmar24\" \/>\n<meta name=\"twitter:label1\" content=\"Dur\u00e9e de lecture estim\u00e9e\" \/>\n\t<meta name=\"twitter:data1\" content=\"10 minutes\" \/>\n<script type=\"application\/ld+json\" class=\"yoast-schema-graph\">{\"@context\":\"https:\\\/\\\/schema.org\",\"@graph\":[{\"@type\":\"WebPage\",\"@id\":\"https:\\\/\\\/stolmar24.com\\\/fr\\\/veka\\\/\",\"url\":\"https:\\\/\\\/stolmar24.com\\\/fr\\\/veka\\\/\",\"name\":\"Veka - Stolmar\",\"isPartOf\":{\"@id\":\"https:\\\/\\\/stolmar24.com\\\/#website\"},\"primaryImageOfPage\":{\"@id\":\"https:\\\/\\\/stolmar24.com\\\/fr\\\/veka\\\/#primaryimage\"},\"image\":{\"@id\":\"https:\\\/\\\/stolmar24.com\\\/fr\\\/veka\\\/#primaryimage\"},\"thumbnailUrl\":\"http:\\\/\\\/stolmar24.com\\\/wp-content\\\/uploads\\\/2014\\\/02\\\/slider-niebieski-300x225.jpg\",\"datePublished\":\"2015-08-05T08:37:32+00:00\",\"dateModified\":\"2015-10-14T12:07:46+00:00\",\"breadcrumb\":{\"@id\":\"https:\\\/\\\/stolmar24.com\\\/fr\\\/veka\\\/#breadcrumb\"},\"inLanguage\":\"fr-FR\",\"potentialAction\":[{\"@type\":\"ReadAction\",\"target\":[\"https:\\\/\\\/stolmar24.com\\\/fr\\\/veka\\\/\"]}]},{\"@type\":\"ImageObject\",\"inLanguage\":\"fr-FR\",\"@id\":\"https:\\\/\\\/stolmar24.com\\\/fr\\\/veka\\\/#primaryimage\",\"url\":\"http:\\\/\\\/stolmar24.com\\\/wp-content\\\/uploads\\\/2014\\\/02\\\/slider-niebieski-300x225.jpg\",\"contentUrl\":\"http:\\\/\\\/stolmar24.com\\\/wp-content\\\/uploads\\\/2014\\\/02\\\/slider-niebieski-300x225.jpg\"},{\"@type\":\"BreadcrumbList\",\"@id\":\"https:\\\/\\\/stolmar24.com\\\/fr\\\/veka\\\/#breadcrumb\",\"itemListElement\":[{\"@type\":\"ListItem\",\"position\":1,\"name\":\"Strona g\u0142\u00f3wna\",\"item\":\"https:\\\/\\\/stolmar24.com\\\/fr\\\/\"},{\"@type\":\"ListItem\",\"position\":2,\"name\":\"Veka\"}]},{\"@type\":\"WebSite\",\"@id\":\"https:\\\/\\\/stolmar24.com\\\/#website\",\"url\":\"https:\\\/\\\/stolmar24.com\\\/\",\"name\":\"Stolmar\",\"description\":\"Okna PCV, plastikowe i drzwi wewn\u0119trzne - Bydgoszczy\",\"potentialAction\":[{\"@type\":\"SearchAction\",\"target\":{\"@type\":\"EntryPoint\",\"urlTemplate\":\"https:\\\/\\\/stolmar24.com\\\/?s={search_term_string}\"},\"query-input\":{\"@type\":\"PropertyValueSpecification\",\"valueRequired\":true,\"valueName\":\"search_term_string\"}}],\"inLanguage\":\"fr-FR\"}]}<\/script>\n<!-- \/ Yoast SEO plugin. -->","yoast_head_json":{"title":"Veka - Stolmar","robots":{"index":"index","follow":"follow","max-snippet":"max-snippet:-1","max-image-preview":"max-image-preview:large","max-video-preview":"max-video-preview:-1"},"canonical":"https:\/\/stolmar24.com\/fr\/veka\/","og_locale":"fr_FR","og_type":"article","og_title":"Veka - Stolmar","og_description":"C?est ? Sendenhorst en Westfalie en 1969 que commence l?histoire du groupe Veka AG o? une soci\u00e9t\u00e9 ? 8 personnes commence ? fabriquer les VR et profil\u00e9s de fen?tre. A partir de ce moment-l? la soci\u00e9t\u00e9 se met au d\u00e9veloppement mondial et devient leader en fabrication des profil\u00e9s PVC. La soci\u00e9t\u00e9 Veka ouvre ses filiales [&hellip;]","og_url":"https:\/\/stolmar24.com\/fr\/veka\/","og_site_name":"Stolmar","article_publisher":"https:\/\/www.facebook.com\/STOLMAR-1482853595329004\/","article_modified_time":"2015-10-14T12:07:46+00:00","og_image":[{"width":2362,"height":1772,"url":"https:\/\/stolmar24.com\/wp-content\/uploads\/2014\/02\/slider-niebieski.jpg","type":"image\/jpeg"}],"twitter_card":"summary_large_image","twitter_site":"@Stolmar24","twitter_misc":{"Dur\u00e9e de lecture estim\u00e9e":"10 minutes"},"schema":{"@context":"https:\/\/schema.org","@graph":[{"@type":"WebPage","@id":"https:\/\/stolmar24.com\/fr\/veka\/","url":"https:\/\/stolmar24.com\/fr\/veka\/","name":"Veka - Stolmar","isPartOf":{"@id":"https:\/\/stolmar24.com\/#website"},"primaryImageOfPage":{"@id":"https:\/\/stolmar24.com\/fr\/veka\/#primaryimage"},"image":{"@id":"https:\/\/stolmar24.com\/fr\/veka\/#primaryimage"},"thumbnailUrl":"http:\/\/stolmar24.com\/wp-content\/uploads\/2014\/02\/slider-niebieski-300x225.jpg","datePublished":"2015-08-05T08:37:32+00:00","dateModified":"2015-10-14T12:07:46+00:00","breadcrumb":{"@id":"https:\/\/stolmar24.com\/fr\/veka\/#breadcrumb"},"inLanguage":"fr-FR","potentialAction":[{"@type":"ReadAction","target":["https:\/\/stolmar24.com\/fr\/veka\/"]}]},{"@type":"ImageObject","inLanguage":"fr-FR","@id":"https:\/\/stolmar24.com\/fr\/veka\/#primaryimage","url":"http:\/\/stolmar24.com\/wp-content\/uploads\/2014\/02\/slider-niebieski-300x225.jpg","contentUrl":"http:\/\/stolmar24.com\/wp-content\/uploads\/2014\/02\/slider-niebieski-300x225.jpg"},{"@type":"BreadcrumbList","@id":"https:\/\/stolmar24.com\/fr\/veka\/#breadcrumb","itemListElement":[{"@type":"ListItem","position":1,"name":"Strona g\u0142\u00f3wna","item":"https:\/\/stolmar24.com\/fr\/"},{"@type":"ListItem","position":2,"name":"Veka"}]},{"@type":"WebSite","@id":"https:\/\/stolmar24.com\/#website","url":"https:\/\/stolmar24.com\/","name":"Stolmar","description":"Okna PCV, plastikowe i drzwi wewn\u0119trzne - Bydgoszczy","potentialAction":[{"@type":"SearchAction","target":{"@type":"EntryPoint","urlTemplate":"https:\/\/stolmar24.com\/?s={search_term_string}"},"query-input":{"@type":"PropertyValueSpecification","valueRequired":true,"valueName":"search_term_string"}}],"inLanguage":"fr-FR"}]}},"_links":{"self":[{"href":"https:\/\/stolmar24.com\/fr\/wp-json\/wp\/v2\/pages\/2664","targetHints":{"allow":["GET"]}}],"collection":[{"href":"https:\/\/stolmar24.com\/fr\/wp-json\/wp\/v2\/pages"}],"about":[{"href":"https:\/\/stolmar24.com\/fr\/wp-json\/wp\/v2\/types\/page"}],"author":[{"embeddable":true,"href":"https:\/\/stolmar24.com\/fr\/wp-json\/wp\/v2\/users\/10"}],"replies":[{"embeddable":true,"href":"https:\/\/stolmar24.com\/fr\/wp-json\/wp\/v2\/comments?post=2664"}],"version-history":[{"count":0,"href":"https:\/\/stolmar24.com\/fr\/wp-json\/wp\/v2\/pages\/2664\/revisions"}],"wp:attachment":[{"href":"https:\/\/stolmar24.com\/fr\/wp-json\/wp\/v2\/media?parent=2664"}],"curies":[{"name":"wp","href":"https:\/\/api.w.org\/{rel}","templated":true}]}}