{"id":2657,"date":"2015-08-02T19:00:20","date_gmt":"2015-08-02T17:00:20","guid":{"rendered":"http:\/\/stolmar24.com\/?page_id=2657&#038;lang=fr"},"modified":"2015-08-05T10:55:25","modified_gmt":"2015-08-05T08:55:25","slug":"gealan","status":"publish","type":"page","link":"https:\/\/stolmar24.com\/fr\/gealan\/","title":{"rendered":"Gealan"},"content":{"rendered":"<p>[et_pb_section fullwidth=\u00a0\u00bbon\u00a0\u00bb background_color=\u00a0\u00bb#1f9dc4&Prime; inner_shadow=\u00a0\u00bboff\u00a0\u00bb parallax=\u00a0\u00bboff\u00a0\u00bb][et_pb_fullwidth_header admin_label=\u00a0\u00bbFullwidth Header\u00a0\u00bb title=\u00a0\u00bbTechnologie et historique du groupe Gealan\u00a0\u00bb background_layout=\u00a0\u00bbdark\u00a0\u00bb text_orientation=\u00a0\u00bbleft\u00a0\u00bb header_fullscreen=\u00a0\u00bboff\u00a0\u00bb header_scroll_down=\u00a0\u00bboff\u00a0\u00bb parallax=\u00a0\u00bboff\u00a0\u00bb parallax_method=\u00a0\u00bboff\u00a0\u00bb content_orientation=\u00a0\u00bbcenter\u00a0\u00bb image_orientation=\u00a0\u00bbcenter\u00a0\u00bb custom_button_one=\u00a0\u00bboff\u00a0\u00bb button_one_letter_spacing=\u00a0\u00bb0&Prime; button_one_use_icon=\u00a0\u00bbdefault\u00a0\u00bb button_one_icon_placement=\u00a0\u00bbright\u00a0\u00bb button_one_on_hover=\u00a0\u00bbon\u00a0\u00bb button_one_letter_spacing_hover=\u00a0\u00bb0&Prime; custom_button_two=\u00a0\u00bboff\u00a0\u00bb button_two_letter_spacing=\u00a0\u00bb0&Prime; button_two_use_icon=\u00a0\u00bbdefault\u00a0\u00bb button_two_icon_placement=\u00a0\u00bbright\u00a0\u00bb button_two_on_hover=\u00a0\u00bbon\u00a0\u00bb button_two_letter_spacing_hover=\u00a0\u00bb0&Prime;] [\/et_pb_fullwidth_header][\/et_pb_section][et_pb_section fullwidth=\u00a0\u00bboff\u00a0\u00bb][et_pb_row][et_pb_column type=\u00a0\u00bb4_4&Prime;][et_pb_cta admin_label=\u00a0\u00bbWezwanie do dzia\u0142ania\u00a0\u00bb title=\u00a0\u00bbGroupe Gealan\u00a0\u00bb use_background_color=\u00a0\u00bbon\u00a0\u00bb background_color=\u00a0\u00bb#b5b5b5&Prime; background_layout=\u00a0\u00bbdark\u00a0\u00bb text_orientation=\u00a0\u00bbcenter\u00a0\u00bb url_new_window=\u00a0\u00bboff\u00a0\u00bb use_border_color=\u00a0\u00bboff\u00a0\u00bb border_color=\u00a0\u00bb#ffffff\u00a0\u00bb border_style=\u00a0\u00bbsolid\u00a0\u00bb custom_button=\u00a0\u00bboff\u00a0\u00bb button_letter_spacing=\u00a0\u00bb0&Prime; button_use_icon=\u00a0\u00bbdefault\u00a0\u00bb button_icon_placement=\u00a0\u00bbright\u00a0\u00bb button_on_hover=\u00a0\u00bbon\u00a0\u00bb button_letter_spacing_hover=\u00a0\u00bb0&Prime;] [\/et_pb_cta][\/et_pb_column][\/et_pb_row][et_pb_row][et_pb_column type=\u00a0\u00bb4_4&Prime;][et_pb_text admin_label=\u00a0\u00bbText\u00a0\u00bb background_layout=\u00a0\u00bblight\u00a0\u00bb text_orientation=\u00a0\u00bbleft\u00a0\u00bb use_border_color=\u00a0\u00bboff\u00a0\u00bb border_color=\u00a0\u00bb#ffffff\u00a0\u00bb border_style=\u00a0\u00bbsolid\u00a0\u00bb]<\/p>\n<p>&nbsp;<\/p>\n<p><span lang=\"fr-CA\">Le proc\u00e9d\u00e9 de la co-extrusion est bas\u00e9 sur le principe de la fusion de deux mat\u00e9riaux : le PVC blanc et le Plexiglas. Le Plexiglas fait partie de la famille des acrylates (PMMA : poly-m\u00e9thacrylate de m\u00e9thyle) et a l?avantage d??tre un produit noble et de tr?s haute qualit\u00e9 ayant fait ses preuves depuis de nombreuses ann\u00e9es dans diff\u00e9rents secteurs de pointe, tels que l?industrie automobile, la cosm\u00e9tique ou l?architecture d?int\u00e9rieure.<\/span><\/p>\n<p><span lang=\"fr-CA\">Transparent ? l?\u00e9tat brut, il permet de nombreuses possibilit\u00e9s de coloration donnant au profil\u00e9 sur lequel il est appliqu\u00e9 une apparence homog?ne, un effet de profondeur in\u00e9gal\u00e9 et une garantie d?inalt\u00e9rabilit\u00e9.<\/span><\/p>\n<p><span lang=\"fr-CA\">1. Le corps de base blanc du profil\u00e9 PVC est extrud\u00e9 dans la fili?re principale.<\/span><\/p>\n<p><span lang=\"fr-CA\">2. Simultan\u00e9ment une couche de PMMA teint\u00e9 est extrud\u00e9e sur le corps de base.<\/span><\/p>\n<p><span lang=\"fr-CA\">3. Les deux mati?res fusionnent de mani?re indissociable par un proc\u00e9d\u00e9 thermique.<\/span><\/p>\n<p><span lang=\"fr-CA\">4.Le profil\u00e9 teint\u00e9 ainsi obtenu est ensuite bross\u00e9 afin de pr\u00e9senter une surface parfaitement homog?ne et un aspect satin\u00e9.<\/span><\/p>\n<p><span lang=\"fr-CA\">5. Le profil\u00e9 acrylcolor fini est bicolore. La face ext\u00e9rieure est color\u00e9e pour participer ? la d\u00e9coration de la fa\u00e7ade. La face int\u00e9rieure est blanche pour un maximum de luminosit\u00e9.<\/span><\/p>\n<p>&nbsp;<\/p>\n<p>[\/et_pb_text][\/et_pb_column][\/et_pb_row][et_pb_row][et_pb_column type=\u00a0\u00bb4_4&Prime;][et_pb_text admin_label=\u00a0\u00bbTekst\u00a0\u00bb background_layout=\u00a0\u00bblight\u00a0\u00bb text_orientation=\u00a0\u00bbleft\u00a0\u00bb use_border_color=\u00a0\u00bboff\u00a0\u00bb border_color=\u00a0\u00bb#ffffff\u00a0\u00bb border_style=\u00a0\u00bbsolid\u00a0\u00bb]<\/p>\n<p><strong><span lang=\"fr-CA\">Gealan a mis en oeuvre le proc\u00e9d\u00e9 de l?extrusion en 1968. A partir de ce moment-l? le groupe d\u00e9veloppe en permanence la technologie co-extrusion du profil de fen?tre en est une preuve.<\/span><\/strong><\/p>\n<p>[\/et_pb_text][\/et_pb_column][\/et_pb_row][et_pb_row][et_pb_column type=\u00a0\u00bb1_3&Prime;][et_pb_image admin_label=\u00a0\u00bbObraz\u00a0\u00bb src=\u00a0\u00bbhttp:\/\/stolmar24.com\/wp-content\/uploads\/technologie-gealan-stolmar-okna-bydgoszcz-001.gif\u00a0\u00bb show_in_lightbox=\u00a0\u00bboff\u00a0\u00bb url_new_window=\u00a0\u00bboff\u00a0\u00bb animation=\u00a0\u00bboff\u00a0\u00bb sticky=\u00a0\u00bboff\u00a0\u00bb alt=\u00a0\u00bb Z silos\u00f3w dryblent (sucha mieszanka) trafia przez lej nasypowy do cylindra ekstrudera z dwoma \u015blimakami. Dwa obracaj\u0105ce si\u0119 w przeciwnych kierunkach \u015blimaki transportuj\u0105 go tam w stron\u0119 narz\u0119dzia. \u00a0\u00bb title_text=\u00a0\u00bb Z silos\u00f3w dryblent (sucha mieszanka) trafia przez lej nasypowy do cylindra ekstrudera z dwoma \u015blimakami. Dwa obracaj\u0105ce si\u0119 w przeciwnych kierunkach \u015blimaki transportuj\u0105 go tam w stron\u0119 narz\u0119dzia. \u00ab\u00a0] [\/et_pb_image][\/et_pb_column][et_pb_column type=\u00a0\u00bb2_3&Prime;][et_pb_text admin_label=\u00a0\u00bbText\u00a0\u00bb background_layout=\u00a0\u00bblight\u00a0\u00bb text_orientation=\u00a0\u00bbleft\u00a0\u00bb use_border_color=\u00a0\u00bboff\u00a0\u00bb border_color=\u00a0\u00bb#ffffff\u00a0\u00bb border_style=\u00a0\u00bbsolid\u00a0\u00bb]<\/p>\n<p><span style=\"color: #17365d;\"><span lang=\"fr-CA\">T<\/span><\/span><span style=\"color: #17365d;\"><span lang=\"fr-CA\">echnologie de pointe: le STV &#8211; une nouvelle technologie de vitrage coll\u00e9 pour la fabrication de fen?tres.<\/span><\/span><\/p>\n<p><span style=\"color: #17365d;\"><span lang=\"fr-CA\">Le c?ur de ce nouveau concept r\u00e9side dans une bande haute performance sp\u00e9cialement d\u00e9velopp\u00e9e pour la fabrication de fen?tre, qui est directement mise en place lors de l?extrusion des barres PVC. Le fabricant re\u00e7oit les barres d\u00e9j? \u00e9quip\u00e9es de la bande STV?. Le process de fabrication se d\u00e9roule comme habituellement, sans investissement suppl\u00e9mentaire. Le d\u00e9bit, la soudure, l?\u00e9bavurage et le vitrage peuvent ?tre r\u00e9alis\u00e9 sans modifications majeures.<\/span><\/span><\/p>\n<p><span style=\"color: #17365d;\"><span lang=\"fr-CA\">Des ch\u00e2ssis plus grands, un meilleur Uf et plus de s\u00e9curit\u00e9Le c?ur de ce nouveau concept r\u00e9side dans une bande haute performance sp\u00e9cialement d\u00e9velopp\u00e9e pour la fabrication de fen?tre, qui est directement mise en place lors de l?extrusion des barres PVC. <\/span><\/span><\/p>\n<p>[\/et_pb_text][\/et_pb_column][\/et_pb_row][et_pb_row][et_pb_column type=\u00a0\u00bb4_4&Prime;][et_pb_divider admin_label=\u00a0\u00bbSeparator\u00a0\u00bb color=\u00a0\u00bb#ffffff\u00a0\u00bb show_divider=\u00a0\u00bboff\u00a0\u00bb] [\/et_pb_divider][\/et_pb_column][\/et_pb_row][et_pb_row][et_pb_column type=\u00a0\u00bb1_3&Prime;][et_pb_image admin_label=\u00a0\u00bbObraz\u00a0\u00bb src=\u00a0\u00bbhttp:\/\/stolmar24.com\/wp-content\/uploads\/technologie-gealan-stolmar-okna-bydgoszcz-004.jpg\u00a0\u00bb show_in_lightbox=\u00a0\u00bboff\u00a0\u00bb url_new_window=\u00a0\u00bboff\u00a0\u00bb animation=\u00a0\u00bboff\u00a0\u00bb sticky=\u00a0\u00bboff\u00a0\u00bb] [\/et_pb_image][\/et_pb_column][et_pb_column type=\u00a0\u00bb2_3&Prime;][et_pb_text admin_label=\u00a0\u00bbTekst\u00a0\u00bb background_layout=\u00a0\u00bblight\u00a0\u00bb text_orientation=\u00a0\u00bbleft\u00a0\u00bb use_border_color=\u00a0\u00bboff\u00a0\u00bb border_color=\u00a0\u00bb#ffffff\u00a0\u00bb border_style=\u00a0\u00bbsolid\u00a0\u00bb]<\/p>\n<p><span style=\"color: #17365d;\"><span lang=\"fr-CA\">Le fabricant re\u00e7oit les barres d\u00e9j? \u00e9quip\u00e9es de la bande STV?. <\/span><\/span><\/p>\n<p><span style=\"color: #17365d;\"><span lang=\"fr-CA\">Des ch\u00e2ssis plus grands, un meilleur Uf et plus de s\u00e9curit\u00e9La combinaison du STV? avec les renforts permet la r\u00e9alisation de ch\u00e2ssis particuli?rement grands, qui jusqu?alors ne pouvaient pas ?tre r\u00e9alis\u00e9s en PVC. De l?assemblage ouvrant\/vitrage coll\u00e9 r\u00e9sulte une plus grande rigidit\u00e9 qui autorise la r\u00e9alisation de fen?tres de plus grande dimension. Le vitrage et la menuiserie sont solidaires gr\u00e2ce ? la bande STV?: plus de r\u00e9glage n\u00e9cessaire apr?s la pose. Les \u00e9l\u00e9ments sp\u00e9ciaux tels les cintres se trouvent aussi consid\u00e9rablement stabilis\u00e9s par cette nouvelle technologie.<\/span><\/span><\/p>\n<p><span style=\"color: #17365d;\"><span lang=\"fr-CA\">De plus, pour les tailles standards de fen?tres, il est possible de consid\u00e9rablement am\u00e9liorer l?isolation thermique gr\u00e2ce ? la suppression des renforts rendue possible par la nouvelle technologie. Les ponts thermiques sont fortement r\u00e9duits. L?abandon du renfort acier rendu possible gr\u00e2ce au STV? dans les profil\u00e9s blancs permet une am\u00e9lioration de la valeur Uf jusqu?? 0,2 W\/m?K selon les combinaisons.<\/span><\/span><\/p>\n<p><span style=\"color: #17365d;\"><span lang=\"fr-CA\">Le collage de la vitre ? l?ouvrant am\u00e9liore aussi la protection contre l?effraction: il devient tr?s difficile d?introduire des outils pour d\u00e9verrouiller la fen?tre.<\/span><\/span><\/p>\n<p>[\/et_pb_text][\/et_pb_column][\/et_pb_row][et_pb_row][et_pb_column type=\u00a0\u00bb4_4&Prime;][et_pb_text admin_label=\u00a0\u00bbTekst\u00a0\u00bb background_layout=\u00a0\u00bblight\u00a0\u00bb text_orientation=\u00a0\u00bbleft\u00a0\u00bb] <strong>Koekstruzj\u0119 stosuje si\u0119 w firmie GEALAN od 1980 roku. Potwierdzeniem niezaprzeczalnych osi\u0105gni\u0119\u0107 na tym polu s\u0105 znaki jako\u015bci RAL dla profili acrylcolor oraz znak jako\u015bci Po\u0142udniowo-Niemieckiego Centrum Tworzyw Sztucznych.<\/strong> [\/et_pb_text][\/et_pb_column][\/et_pb_row][\/et_pb_section][et_pb_section fullwidth=\u00a0\u00bboff\u00a0\u00bb specialty=\u00a0\u00bboff\u00a0\u00bb transparent_background=\u00a0\u00bboff\u00a0\u00bb background_color=\u00a0\u00bb#6bbef9&Prime; allow_player_pause=\u00a0\u00bboff\u00a0\u00bb inner_shadow=\u00a0\u00bboff\u00a0\u00bb parallax=\u00a0\u00bboff\u00a0\u00bb parallax_method=\u00a0\u00bboff\u00a0\u00bb][et_pb_row][et_pb_column type=\u00a0\u00bb4_4&Prime;][et_pb_text admin_label=\u00a0\u00bbTekst\u00a0\u00bb background_layout=\u00a0\u00bbdark\u00a0\u00bb text_orientation=\u00a0\u00bbleft\u00a0\u00bb use_border_color=\u00a0\u00bboff\u00a0\u00bb border_color=\u00a0\u00bb#ffffff\u00a0\u00bb border_style=\u00a0\u00bbsolid\u00a0\u00bb]<\/p>\n<h1>Technologie de pointe: \u00a0le STV &#8211; une nouvelle technologie de vitrage coll\u00e9 pour la fabrication de fen?tres.<\/h1>\n<p>[\/et_pb_text][et_pb_text admin_label=\u00a0\u00bbTekst\u00a0\u00bb background_layout=\u00a0\u00bbdark\u00a0\u00bb text_orientation=\u00a0\u00bbleft\u00a0\u00bb use_border_color=\u00a0\u00bboff\u00a0\u00bb border_color=\u00a0\u00bb#ffffff\u00a0\u00bb border_style=\u00a0\u00bbsolid\u00a0\u00bb]<\/p>\n<p>Le c?ur de ce nouveau concept r\u00e9side dans une bande haute performance sp\u00e9cialement d\u00e9velopp\u00e9e pour la fabrication de fen?tre, qui est directement mise en place lors de l?extrusion des barres PVC. Le fabricant re\u00e7oit les barres d\u00e9j? \u00e9quip\u00e9es de la bande STV?. Le process de fabrication se d\u00e9roule comme habituellement, sans investissement suppl\u00e9mentaire. Le d\u00e9bit, la soudure, l?\u00e9bavurage et le vitrage peuvent ?tre r\u00e9alis\u00e9 sans modifications majeures.<\/p>\n<p>[\/et_pb_text][et_pb_image admin_label=\u00a0\u00bbObraz\u00a0\u00bb src=\u00a0\u00bbhttp:\/\/stolmar24.com\/wp-content\/uploads\/stv-ikd-stolmar-okna-bydgoszcz-002.jpg\u00a0\u00bb show_in_lightbox=\u00a0\u00bboff\u00a0\u00bb url_new_window=\u00a0\u00bboff\u00a0\u00bb animation=\u00a0\u00bbleft\u00a0\u00bb sticky=\u00a0\u00bboff\u00a0\u00bb] [\/et_pb_image][\/et_pb_column][\/et_pb_row][et_pb_row][et_pb_column type=\u00a0\u00bb4_4&Prime;][et_pb_text admin_label=\u00a0\u00bbTekst\u00a0\u00bb background_layout=\u00a0\u00bbdark\u00a0\u00bb text_orientation=\u00a0\u00bbleft\u00a0\u00bb use_border_color=\u00a0\u00bboff\u00a0\u00bb border_color=\u00a0\u00bb#ffffff\u00a0\u00bb border_style=\u00a0\u00bbsolid\u00a0\u00bb]<\/p>\n<h2>Des ch\u00e2ssis plus grands, un meilleur Uf et plus de s\u00e9curit\u00e9Le c?ur de ce nouveau concept r\u00e9side dans une bande haute performance sp\u00e9cialement d\u00e9velopp\u00e9e pour la fabrication de fen?tre, qui est directement mise en place lors de l?extrusion des barres PVC.<\/h2>\n<p>[\/et_pb_text][et_pb_text admin_label=\u00a0\u00bbTekst\u00a0\u00bb background_layout=\u00a0\u00bbdark\u00a0\u00bb text_orientation=\u00a0\u00bbleft\u00a0\u00bb use_border_color=\u00a0\u00bboff\u00a0\u00bb border_color=\u00a0\u00bb#ffffff\u00a0\u00bb border_style=\u00a0\u00bbsolid\u00a0\u00bb]<\/p>\n<p>Le fabricant re\u00e7oit les barres d\u00e9j? \u00e9quip\u00e9es de la bande STV?.<\/p>\n<p>Des ch\u00e2ssis plus grands, un meilleur Uf et plus de s\u00e9curit\u00e9La combinaison du STV? avec les renforts permet la r\u00e9alisation de ch\u00e2ssis particuli?rement grands, qui jusqu?alors ne pouvaient pas ?tre r\u00e9alis\u00e9s en PVC. De l?assemblage ouvrant\/vitrage coll\u00e9 r\u00e9sulte une plus grande rigidit\u00e9 qui autorise la r\u00e9alisation de fen?tres de plus grande dimension. Le vitrage et la menuiserie sont solidaires gr\u00e2ce ? la bande STV?: plus de r\u00e9glage n\u00e9cessaire apr?s la pose. Les \u00e9l\u00e9ments sp\u00e9ciaux tels les cintres se trouvent aussi consid\u00e9rablement stabilis\u00e9s par cette nouvelle technologie.<\/p>\n<p>De plus, pour les tailles standards de fen?tres, il est possible de consid\u00e9rablement am\u00e9liorer l?isolation thermique gr\u00e2ce ? la suppression des renforts rendue possible par la nouvelle technologie. Les ponts thermiques sont fortement r\u00e9duits. L?abandon du renfort acier rendu possible gr\u00e2ce au STV? dans les profil\u00e9s blancs permet une am\u00e9lioration de la valeur Uf jusqu?? 0,2 W\/m?K selon les combinaisons.<\/p>\n<p>&nbsp;<\/p>\n<p>Le collage de la vitre ? l?ouvrant am\u00e9liore aussi la protection contre l?effraction: il devient tr?s difficile d?introduire des outils pour d\u00e9verrouiller la fen?tre.<\/p>\n<p>[\/et_pb_text][\/et_pb_column][\/et_pb_row][\/et_pb_section][et_pb_section fullwidth=\u00a0\u00bboff\u00a0\u00bb specialty=\u00a0\u00bboff\u00a0\u00bb][et_pb_row][et_pb_column type=\u00a0\u00bb4_4&Prime;][et_pb_text admin_label=\u00a0\u00bbTekst\u00a0\u00bb background_layout=\u00a0\u00bblight\u00a0\u00bb text_orientation=\u00a0\u00bbleft\u00a0\u00bb use_border_color=\u00a0\u00bboff\u00a0\u00bb border_color=\u00a0\u00bb#ffffff\u00a0\u00bb border_style=\u00a0\u00bbsolid\u00a0\u00bb]<\/p>\n<h1>Technologie de pointe\u00a0: IKD?: mousse thermique haute densit\u00e9.<\/h1>\n<p>[\/et_pb_text][et_pb_text admin_label=\u00a0\u00bbTekst\u00a0\u00bb background_layout=\u00a0\u00bblight\u00a0\u00bb text_orientation=\u00a0\u00bbleft\u00a0\u00bb use_border_color=\u00a0\u00bboff\u00a0\u00bb border_color=\u00a0\u00bb#ffffff\u00a0\u00bb border_style=\u00a0\u00bbsolid\u00a0\u00bb]<\/p>\n<p>Le moussage des profil\u00e9s est une solution int\u00e9ressante pour am\u00e9liorer la valeur Uf. La nouvelle technologie de vitrage coll\u00e9 STV ? vitrage coll\u00e9 ? solution adh\u00e9sive ? ouvre des perspectives int\u00e9ressantes : la solidarit\u00e9 du vitrage et de l?ouvrant au moyen d?une bande sp\u00e9cialement d\u00e9velopp\u00e9e rends le renforcement acier quasi inutile. La chambre de profil\u00e9 lib\u00e9r\u00e9e du renfort est remplie de mousse thermique haute densit\u00e9 pour am\u00e9liorer l?isolation thermique. Le but de ce d\u00e9veloppement est de g\u00e9n\u00e9rer une solution qui permette d?obtenir des valeurs Uf inf\u00e9rieures ? 0.8W\/m?K (standard maison passive).<\/p>\n<p>[\/et_pb_text][et_pb_text admin_label=\u00a0\u00bbTekst\u00a0\u00bb background_layout=\u00a0\u00bblight\u00a0\u00bb text_orientation=\u00a0\u00bbleft\u00a0\u00bb use_border_color=\u00a0\u00bboff\u00a0\u00bb border_color=\u00a0\u00bb#ffffff\u00a0\u00bb border_style=\u00a0\u00bbsolid\u00a0\u00bb]<\/p>\n<h2>Les profil\u00e9s IKD? directement de chez GEALAN<\/h2>\n<p>[\/et_pb_text][et_pb_text admin_label=\u00a0\u00bbTekst\u00a0\u00bb background_layout=\u00a0\u00bblight\u00a0\u00bb text_orientation=\u00a0\u00bbleft\u00a0\u00bb use_border_color=\u00a0\u00bboff\u00a0\u00bb border_color=\u00a0\u00bb#ffffff\u00a0\u00bb border_style=\u00a0\u00bbsolid\u00a0\u00bb]<\/p>\n<p>Pour atteindre cet objectif, une mousse sp\u00e9ciale, soudable a du ?tre d\u00e9velopp\u00e9e. Cette mousse est inject\u00e9e dans les profil\u00e9s directement ? l?usine d?extrusion; ce qui signifie qu?aucun investissement n?est ? faire pour le fabricant de fen?tre puisqu?il re\u00e7oit une barre pr?te ? l?emploi. Les \u00e9tapes de d\u00e9bit, soudure et d?\u00e9bavurage se d\u00e9roulent avec l?IKD comme ? l?habitude.<\/p>\n<p>[\/et_pb_text][\/et_pb_column][\/et_pb_row][\/et_pb_section]<\/p>\n","protected":false},"excerpt":{"rendered":"<p><div class=\"et_pb_row et_pb_row_0 et_pb_row_empty\">\n\t\t\t\t\n\t\t\t\t\n\t\t\t\t\n\t\t\t\t\n\t\t\t\t\n\t\t\t<\/div> <div class=\"et_pb_row et_pb_row_1 et_pb_row_empty\">\n\t\t\t\t\n\t\t\t\t\n\t\t\t\t\n\t\t\t\t\n\t\t\t\t\n\t\t\t<\/div> &nbsp; Le proc\u00e9d\u00e9 de la co-extrusion est bas\u00e9 sur le principe de la fusion de deux mat\u00e9riaux : le PVC blanc et le Plexiglas. Le Plexiglas fait partie de la famille des acrylates (PMMA : poly-m\u00e9thacrylate de m\u00e9thyle) et a l?avantage d??tre un produit noble et de tr?s haute qualit\u00e9 ayant fait ses [&hellip;]<\/p>\n","protected":false},"author":10,"featured_media":0,"parent":0,"menu_order":0,"comment_status":"open","ping_status":"closed","template":"","meta":{"_et_pb_use_builder":"on","_et_pb_old_content":"","_et_gb_content_width":"","footnotes":""},"class_list":["post-2657","page","type-page","status-publish","hentry"],"yoast_head":"<!-- This site is optimized with the Yoast SEO plugin v27.4 - https:\/\/yoast.com\/product\/yoast-seo-wordpress\/ -->\n<title>Gealan - Stolmar<\/title>\n<meta name=\"robots\" content=\"index, follow, max-snippet:-1, max-image-preview:large, max-video-preview:-1\" \/>\n<link rel=\"canonical\" href=\"https:\/\/stolmar24.com\/fr\/gealan\/\" \/>\n<meta property=\"og:locale\" content=\"fr_FR\" \/>\n<meta property=\"og:type\" content=\"article\" \/>\n<meta property=\"og:title\" content=\"Gealan - Stolmar\" \/>\n<meta property=\"og:description\" content=\"&nbsp; Le proc\u00e9d\u00e9 de la co-extrusion est bas\u00e9 sur le principe de la fusion de deux mat\u00e9riaux : le PVC blanc et le Plexiglas. Le Plexiglas fait partie de la famille des acrylates (PMMA : poly-m\u00e9thacrylate de m\u00e9thyle) et a l?avantage d??tre un produit noble et de tr?s haute qualit\u00e9 ayant fait ses [&hellip;]\" \/>\n<meta property=\"og:url\" content=\"https:\/\/stolmar24.com\/fr\/gealan\/\" \/>\n<meta property=\"og:site_name\" content=\"Stolmar\" \/>\n<meta property=\"article:publisher\" content=\"https:\/\/www.facebook.com\/STOLMAR-1482853595329004\/\" \/>\n<meta property=\"article:modified_time\" content=\"2015-08-05T08:55:25+00:00\" \/>\n<meta name=\"twitter:card\" content=\"summary_large_image\" \/>\n<meta name=\"twitter:site\" content=\"@Stolmar24\" \/>\n<meta name=\"twitter:label1\" content=\"Dur\u00e9e de lecture estim\u00e9e\" \/>\n\t<meta name=\"twitter:data1\" content=\"10 minutes\" \/>\n<script type=\"application\/ld+json\" class=\"yoast-schema-graph\">{\"@context\":\"https:\\\/\\\/schema.org\",\"@graph\":[{\"@type\":\"WebPage\",\"@id\":\"https:\\\/\\\/stolmar24.com\\\/fr\\\/gealan\\\/\",\"url\":\"https:\\\/\\\/stolmar24.com\\\/fr\\\/gealan\\\/\",\"name\":\"Gealan - Stolmar\",\"isPartOf\":{\"@id\":\"https:\\\/\\\/stolmar24.com\\\/#website\"},\"datePublished\":\"2015-08-02T17:00:20+00:00\",\"dateModified\":\"2015-08-05T08:55:25+00:00\",\"breadcrumb\":{\"@id\":\"https:\\\/\\\/stolmar24.com\\\/fr\\\/gealan\\\/#breadcrumb\"},\"inLanguage\":\"fr-FR\",\"potentialAction\":[{\"@type\":\"ReadAction\",\"target\":[\"https:\\\/\\\/stolmar24.com\\\/fr\\\/gealan\\\/\"]}]},{\"@type\":\"BreadcrumbList\",\"@id\":\"https:\\\/\\\/stolmar24.com\\\/fr\\\/gealan\\\/#breadcrumb\",\"itemListElement\":[{\"@type\":\"ListItem\",\"position\":1,\"name\":\"Strona g\u0142\u00f3wna\",\"item\":\"https:\\\/\\\/stolmar24.com\\\/fr\\\/\"},{\"@type\":\"ListItem\",\"position\":2,\"name\":\"Gealan\"}]},{\"@type\":\"WebSite\",\"@id\":\"https:\\\/\\\/stolmar24.com\\\/#website\",\"url\":\"https:\\\/\\\/stolmar24.com\\\/\",\"name\":\"Stolmar\",\"description\":\"Okna PCV, plastikowe i drzwi wewn\u0119trzne - Bydgoszczy\",\"potentialAction\":[{\"@type\":\"SearchAction\",\"target\":{\"@type\":\"EntryPoint\",\"urlTemplate\":\"https:\\\/\\\/stolmar24.com\\\/?s={search_term_string}\"},\"query-input\":{\"@type\":\"PropertyValueSpecification\",\"valueRequired\":true,\"valueName\":\"search_term_string\"}}],\"inLanguage\":\"fr-FR\"}]}<\/script>\n<!-- \/ Yoast SEO plugin. -->","yoast_head_json":{"title":"Gealan - Stolmar","robots":{"index":"index","follow":"follow","max-snippet":"max-snippet:-1","max-image-preview":"max-image-preview:large","max-video-preview":"max-video-preview:-1"},"canonical":"https:\/\/stolmar24.com\/fr\/gealan\/","og_locale":"fr_FR","og_type":"article","og_title":"Gealan - Stolmar","og_description":"&nbsp; Le proc\u00e9d\u00e9 de la co-extrusion est bas\u00e9 sur le principe de la fusion de deux mat\u00e9riaux : le PVC blanc et le Plexiglas. Le Plexiglas fait partie de la famille des acrylates (PMMA : poly-m\u00e9thacrylate de m\u00e9thyle) et a l?avantage d??tre un produit noble et de tr?s haute qualit\u00e9 ayant fait ses [&hellip;]","og_url":"https:\/\/stolmar24.com\/fr\/gealan\/","og_site_name":"Stolmar","article_publisher":"https:\/\/www.facebook.com\/STOLMAR-1482853595329004\/","article_modified_time":"2015-08-05T08:55:25+00:00","twitter_card":"summary_large_image","twitter_site":"@Stolmar24","twitter_misc":{"Dur\u00e9e de lecture estim\u00e9e":"10 minutes"},"schema":{"@context":"https:\/\/schema.org","@graph":[{"@type":"WebPage","@id":"https:\/\/stolmar24.com\/fr\/gealan\/","url":"https:\/\/stolmar24.com\/fr\/gealan\/","name":"Gealan - Stolmar","isPartOf":{"@id":"https:\/\/stolmar24.com\/#website"},"datePublished":"2015-08-02T17:00:20+00:00","dateModified":"2015-08-05T08:55:25+00:00","breadcrumb":{"@id":"https:\/\/stolmar24.com\/fr\/gealan\/#breadcrumb"},"inLanguage":"fr-FR","potentialAction":[{"@type":"ReadAction","target":["https:\/\/stolmar24.com\/fr\/gealan\/"]}]},{"@type":"BreadcrumbList","@id":"https:\/\/stolmar24.com\/fr\/gealan\/#breadcrumb","itemListElement":[{"@type":"ListItem","position":1,"name":"Strona g\u0142\u00f3wna","item":"https:\/\/stolmar24.com\/fr\/"},{"@type":"ListItem","position":2,"name":"Gealan"}]},{"@type":"WebSite","@id":"https:\/\/stolmar24.com\/#website","url":"https:\/\/stolmar24.com\/","name":"Stolmar","description":"Okna PCV, plastikowe i drzwi wewn\u0119trzne - Bydgoszczy","potentialAction":[{"@type":"SearchAction","target":{"@type":"EntryPoint","urlTemplate":"https:\/\/stolmar24.com\/?s={search_term_string}"},"query-input":{"@type":"PropertyValueSpecification","valueRequired":true,"valueName":"search_term_string"}}],"inLanguage":"fr-FR"}]}},"_links":{"self":[{"href":"https:\/\/stolmar24.com\/fr\/wp-json\/wp\/v2\/pages\/2657","targetHints":{"allow":["GET"]}}],"collection":[{"href":"https:\/\/stolmar24.com\/fr\/wp-json\/wp\/v2\/pages"}],"about":[{"href":"https:\/\/stolmar24.com\/fr\/wp-json\/wp\/v2\/types\/page"}],"author":[{"embeddable":true,"href":"https:\/\/stolmar24.com\/fr\/wp-json\/wp\/v2\/users\/10"}],"replies":[{"embeddable":true,"href":"https:\/\/stolmar24.com\/fr\/wp-json\/wp\/v2\/comments?post=2657"}],"version-history":[{"count":0,"href":"https:\/\/stolmar24.com\/fr\/wp-json\/wp\/v2\/pages\/2657\/revisions"}],"wp:attachment":[{"href":"https:\/\/stolmar24.com\/fr\/wp-json\/wp\/v2\/media?parent=2657"}],"curies":[{"name":"wp","href":"https:\/\/api.w.org\/{rel}","templated":true}]}}