{"id":2648,"date":"2015-07-29T18:03:29","date_gmt":"2015-07-29T16:03:29","guid":{"rendered":"http:\/\/stolmar24.com\/?page_id=2648&#038;lang=fr"},"modified":"2015-10-20T15:35:01","modified_gmt":"2015-10-20T13:35:01","slug":"a-propos-de-nous","status":"publish","type":"page","link":"https:\/\/stolmar24.com\/fr\/a-propos-de-nous\/","title":{"rendered":"Stolmar"},"content":{"rendered":"<p>[et_pb_section fullwidth=\u00a0\u00bbon\u00a0\u00bb background_color=\u00a0\u00bb#1f9dc4&Prime; inner_shadow=\u00a0\u00bboff\u00a0\u00bb parallax=\u00a0\u00bboff\u00a0\u00bb][et_pb_fullwidth_header admin_label=\u00a0\u00bbFullwidth Header\u00a0\u00bb title=\u00a0\u00bbFaites la connaissance avec Stolmar\u00a0\u00bb subhead=\u00a0\u00bbDepuis des ann\u00e9es notre entreprise incite de plus en plus de bonnes opinions aupr?s de notre client?le.\u00a0\u00bb background_layout=\u00a0\u00bbdark\u00a0\u00bb text_orientation=\u00a0\u00bbleft\u00a0\u00bb header_fullscreen=\u00a0\u00bboff\u00a0\u00bb header_scroll_down=\u00a0\u00bboff\u00a0\u00bb parallax=\u00a0\u00bboff\u00a0\u00bb parallax_method=\u00a0\u00bboff\u00a0\u00bb content_orientation=\u00a0\u00bbcenter\u00a0\u00bb image_orientation=\u00a0\u00bbcenter\u00a0\u00bb custom_button_one=\u00a0\u00bboff\u00a0\u00bb button_one_letter_spacing=\u00a0\u00bb0&Prime; button_one_use_icon=\u00a0\u00bbdefault\u00a0\u00bb button_one_icon_placement=\u00a0\u00bbright\u00a0\u00bb button_one_on_hover=\u00a0\u00bbon\u00a0\u00bb button_one_letter_spacing_hover=\u00a0\u00bb0&Prime; custom_button_two=\u00a0\u00bboff\u00a0\u00bb button_two_letter_spacing=\u00a0\u00bb0&Prime; button_two_use_icon=\u00a0\u00bbdefault\u00a0\u00bb button_two_icon_placement=\u00a0\u00bbright\u00a0\u00bb button_two_on_hover=\u00a0\u00bbon\u00a0\u00bb button_two_letter_spacing_hover=\u00a0\u00bb0&Prime;]<br \/>\n[\/et_pb_fullwidth_header][\/et_pb_section][et_pb_section fullwidth=\u00a0\u00bboff\u00a0\u00bb][et_pb_row][et_pb_column type=\u00a0\u00bb4_4&Prime;][et_pb_text admin_label=\u00a0\u00bbText\u00a0\u00bb background_layout=\u00a0\u00bblight\u00a0\u00bb text_orientation=\u00a0\u00bbcenter\u00a0\u00bb use_border_color=\u00a0\u00bboff\u00a0\u00bb border_color=\u00a0\u00bb#ffffff\u00a0\u00bb border_style=\u00a0\u00bbsolid\u00a0\u00bb]<\/p>\n<h2>Le si?ge de Stolmar se trouve ? Kruszyn Krajenski en Pologne.<\/h2>\n<p>[\/et_pb_text][\/et_pb_column][\/et_pb_row][et_pb_row][et_pb_column type=\u00a0\u00bb4_4&Prime;][et_pb_image admin_label=\u00a0\u00bbImage\u00a0\u00bb src=\u00a0\u00bbhttp:\/\/stolmar24.com\/wp-content\/uploads\/MG_9933.jpg\u00a0\u00bb alt=\u00a0\u00bbStolmar sp. z o.o. &#8211; Siedziba firmy w Kruszynie Kraje\u0144skim\u00a0\u00bb url_new_window=\u00a0\u00bboff\u00a0\u00bb animation=\u00a0\u00bboff\u00a0\u00bb show_in_lightbox=\u00a0\u00bboff\u00a0\u00bb sticky=\u00a0\u00bboff\u00a0\u00bb]<br \/>\n[\/et_pb_image][\/et_pb_column][\/et_pb_row][et_pb_row][et_pb_column type=\u00a0\u00bb4_4&Prime;][et_pb_text admin_label=\u00a0\u00bbText\u00a0\u00bb background_layout=\u00a0\u00bblight\u00a0\u00bb text_orientation=\u00a0\u00bbleft\u00a0\u00bb use_border_color=\u00a0\u00bboff\u00a0\u00bb border_color=\u00a0\u00bb#ffffff\u00a0\u00bb border_style=\u00a0\u00bbsolid\u00a0\u00bb]<\/p>\n<p>Nous sommes fabricant de fen?tres et portes d?entr\u00e9e en profil <strong>PVC GEALAN FENSTER SYSTEM<\/strong> ainsi qu?en <strong>VEKA AG<\/strong> (tous les profils sans plomb). Nos produits c?est aussi l?aluminum en profil d?ALUPROF ET MORAD.<\/p>\n<p><span lang=\"fr-CA\">La qualit\u00e9 de nos menuiseries ne change pas; toujours ? tr?s haut niveau.<\/span><\/p>\n<p><span lang=\"fr-CA\">Nous le devons avant tout ? l?usage des meilleurs mat\u00e9riaux auxquels nous avons acc?s sur le march\u00e9 europ\u00e9en ; ? une moderne fili?re et ? l?exp\u00e9rience de nos ouvriers, responsables, de notre management.<\/span><\/p>\n<p><span lang=\"fr-CA\">A remarquer que nous effectuons en permanence les tests de nos produits pour montrer ? nos clients qu?ils ont affaire avec une qualit\u00e9 ? tr?s haut niveau.<\/span><\/p>\n<p><span lang=\"fr-CA\">Toutes les \u00e9tapes de la fabrication sont soumises ? des programmes de contr\u00f4le interne. Gr\u00e2ce ? notre team professionnel travaillant dans nos filiales en Allemagne nous sommes capables d?accomplir des prestations de service pour des clients particuliers ainsi que pour des grands investisseurs en UE.<\/span><\/p>\n<p><span lang=\"fr-CA\">Comme preuves de la qualit\u00e9 et bonne r\u00e9putation en Europe il faut citer ici plusieurs s\u00e9l\u00e9ctions aux prix nationaux et internationaux mais avant tout l?opinion extraordinaire de nos partenaires ce qui est primordial pour tout fabricant.<\/span><\/p>\n<p><span lang=\"fr-CA\">Notre soci\u00e9t\u00e9 prend en charge aussi la fabrication des menuiseries hors standard comme fen?tres cintr\u00e9e, triangles, portes d?entr\u00e9e, coulissants et jardins d?hiver. <\/span><\/p>\n<p>[\/et_pb_text][\/et_pb_column][\/et_pb_row][\/et_pb_section][et_pb_section fullwidth=\u00a0\u00bboff\u00a0\u00bb specialty=\u00a0\u00bboff\u00a0\u00bb][et_pb_row][et_pb_column type=\u00a0\u00bb4_4&Prime;][et_pb_text admin_label=\u00a0\u00bbTekst\u00a0\u00bb background_layout=\u00a0\u00bblight\u00a0\u00bb text_orientation=\u00a0\u00bbcenter\u00a0\u00bb use_border_color=\u00a0\u00bboff\u00a0\u00bb border_color=\u00a0\u00bb#ffffff\u00a0\u00bb border_style=\u00a0\u00bbsolid\u00a0\u00bb]<\/p>\n<h1>L?historique de la soci\u00e9t\u00e9<\/h1>\n<p>[\/et_pb_text][\/et_pb_column][\/et_pb_row][et_pb_row][et_pb_column type=\u00a0\u00bb4_4&Prime;][et_pb_text admin_label=\u00a0\u00bbTekst\u00a0\u00bb background_layout=\u00a0\u00bblight\u00a0\u00bb text_orientation=\u00a0\u00bbleft\u00a0\u00bb use_border_color=\u00a0\u00bboff\u00a0\u00bb border_color=\u00a0\u00bb#ffffff\u00a0\u00bb border_style=\u00a0\u00bbsolid\u00a0\u00bb]<\/p>\n<p>En d\u00e9cembre 2003 <strong>STOLMAR<\/strong> a pris naissance comme fruit d?une longue exp\u00e9rience en fabrication, recherches et d\u00e9veloppement des syst?mes modernes<strong> de profils PVC et aluminium pour la fen?tre.<\/strong><\/p>\n<p><span lang=\"fr-CA\">La connaissance du march\u00e9 nous a incit\u00e9 ? commencer la vente<strong> en Pologne et puis en Allemagne<\/strong>. Le d\u00e9veloppement durable de la vente et de nouveaux projets r\u00e9alis\u00e9s avec nos partenaires et fournisseurs nous a pouss\u00e9 ? l?ouverture en 2008 d?une filiale ? <strong>Saarbrucken<\/strong> en Allemagne du sud-ouest.<\/span><\/p>\n<p><span lang=\"fr-CA\">Notre usine principale se trouve ? Kruszyn Krajenski en Pologne (? 8 kms de <strong>Bydgoszcz<\/strong>). La fabrication de nos menuiseries r\u00e9pond ? toutes les normes \u00e9cologiques et tous <strong>les r\u00e9sidus comme le vitrage, profils PVC, aluminium sont soumis au recyclage<\/strong> dans des entreprises agr\u00e9es par l?\u00e9tat.<\/span><\/p>\n<p><span lang=\"fr-CA\">Tout en long des ann\u00e9es l?entreprise a su construire sa marque solide et position d?un <strong>fabricant significatif de fen?tres pvc et aluminium en r\u00e9gion kujawsko-pomorskie en Pologne.<\/strong><\/span><\/p>\n<p><span lang=\"fr-CA\">Ce qui a le plus de valeur pour un fabricant est la confiance de ses clients.<\/span><\/p>\n<p><span lang=\"fr-CA\">Tel est notre cas. Au moment de la d\u00e9cision pour l?achat les gens prennent en consid\u00e9ration les bonnes opinions de leurs amis, voisins, famille; lisent les notes sur les r\u00e9seaux sociaux.<\/span><\/p>\n<p><span lang=\"fr-CA\">Nous comptons parmi nos clients ceux qui nous ont fait une recommandation personnelle et il y en vraiment beaucoup ce qu?il faut lire comme confiance pour la qualit\u00e9 de nos produits.<\/span><\/p>\n<p><span lang=\"fr-CA\">A partir de l?ann\u00e9e 2011 nous mettons en place des <strong>programmes internes de formation<\/strong> ce qui nous permet d?\u00e9lever en continu la qualit\u00e9 de nos menuiseries. <\/span><\/p>\n<p><span lang=\"fr-CA\">Une coop\u00e9ration bien avanc\u00e9e avec nos partenaires en mati?re de recherche technolgique fait qu?aujourd?hui nous sommes capables d?effectuer notre fabrication en technologie <strong>STV<\/strong> (nouvelle technologie de vitrage coll\u00e9) et <strong>IKD?<\/strong>: mousse thermique haute densit\u00e9.<\/span><\/p>\n<p><span lang=\"fr-CA\">Tous les produits Stolmar sont usin\u00e9s avec des appareils et fili?res modernes, cha\u00eenes de fabrication de marques connues sur le march\u00e9 telles que <strong>KABAN, URBAN, PRESSTA, SCHURING .<\/strong><\/span><\/p>\n<p>[\/et_pb_text][\/et_pb_column][\/et_pb_row][\/et_pb_section][et_pb_section background_color=\u00a0\u00bb#2d3743&Prime; inner_shadow=\u00a0\u00bbon\u00a0\u00bb][et_pb_row][et_pb_column type=\u00a0\u00bb1_4&Prime;][et_pb_blurb admin_label=\u00a0\u00bbBlurb\u00a0\u00bb background_layout=\u00a0\u00bbdark\u00a0\u00bb image=\u00a0\u00bbhttp:\/\/www.elegantthemesimages.com\/images\/premade_blurb_5.png\u00a0\u00bb title=\u00a0\u00bbZawsze na czas\u00a0\u00bb url_new_window=\u00a0\u00bboff\u00a0\u00bb use_icon=\u00a0\u00bboff\u00a0\u00bb icon_color=\u00a0\u00bb#7EBEC5&Prime; use_circle=\u00a0\u00bboff\u00a0\u00bb circle_color=\u00a0\u00bb#7EBEC5&Prime; use_circle_border=\u00a0\u00bboff\u00a0\u00bb circle_border_color=\u00a0\u00bb#7EBEC5&Prime; icon_placement=\u00a0\u00bbtop\u00a0\u00bb animation=\u00a0\u00bbtop\u00a0\u00bb text_orientation=\u00a0\u00bbcenter\u00a0\u00bb]<\/p>\n<p>Szybka i sprawna realizacja zam\u00f3wie\u0144 sk\u0142adanych przez Klient\u00f3w jest dla nas priorytetow\u0105 spraw\u0105. Indywidualne doradztwo oraz p\u0142ynny przekaz informacji gwarantuj\u0105 sukces, kt\u00f3ry przek\u0142ada si\u0119 na zadowolenie Kupuj\u0105cych.<\/p>\n<p>[\/et_pb_blurb][\/et_pb_column][et_pb_column type=\u00a0\u00bb1_4&Prime;][et_pb_blurb admin_label=\u00a0\u00bbBlurb\u00a0\u00bb background_layout=\u00a0\u00bbdark\u00a0\u00bb image=\u00a0\u00bbhttp:\/\/www.elegantthemesimages.com\/images\/premade_blurb_6.png\u00a0\u00bb title=\u00a0\u00bbInnowacyjne podej\u015bcie\u00a0\u00bb url_new_window=\u00a0\u00bboff\u00a0\u00bb use_icon=\u00a0\u00bboff\u00a0\u00bb icon_color=\u00a0\u00bb#7EBEC5&Prime; use_circle=\u00a0\u00bboff\u00a0\u00bb circle_color=\u00a0\u00bb#7EBEC5&Prime; use_circle_border=\u00a0\u00bboff\u00a0\u00bb circle_border_color=\u00a0\u00bb#7EBEC5&Prime; icon_placement=\u00a0\u00bbtop\u00a0\u00bb animation=\u00a0\u00bbtop\u00a0\u00bb text_orientation=\u00a0\u00bbcenter\u00a0\u00bb]<\/p>\n<p>Nasza firma ci\u0105gle pod\u0105\u017ca za czym\u015b wi\u0119cej.\u00a0Zdolno\u015b\u0107 i skuteczno\u015b\u0107 wprowadzania innowacji jest jednym z najistotniejszych czynnik\u00f3w skutecznego konkurowania na otwartym rynku stolarki okiennej.<\/p>\n<p>[\/et_pb_blurb][\/et_pb_column][et_pb_column type=\u00a0\u00bb1_4&Prime;][et_pb_blurb admin_label=\u00a0\u00bbBlurb\u00a0\u00bb background_layout=\u00a0\u00bbdark\u00a0\u00bb image=\u00a0\u00bbhttp:\/\/www.elegantthemesimages.com\/images\/premade_blurb_7.png\u00a0\u00bb title=\u00a0\u00bbNowoczesne technologie\u00a0\u00bb url_new_window=\u00a0\u00bboff\u00a0\u00bb use_icon=\u00a0\u00bboff\u00a0\u00bb icon_color=\u00a0\u00bb#7EBEC5&Prime; use_circle=\u00a0\u00bboff\u00a0\u00bb circle_color=\u00a0\u00bb#7EBEC5&Prime; use_circle_border=\u00a0\u00bboff\u00a0\u00bb circle_border_color=\u00a0\u00bb#7EBEC5&Prime; icon_placement=\u00a0\u00bbtop\u00a0\u00bb animation=\u00a0\u00bbtop\u00a0\u00bb text_orientation=\u00a0\u00bbcenter\u00a0\u00bb]<\/p>\n<p>Posiadamy nowoczesny park maszyn, kt\u00f3ry umo\u017cliwia wykonanie niezawodnych okien dopasowanych do oczekiwa\u0144 i potrzeb naszych Klient\u00f3w. Precyzja i doskona\u0142o\u015b\u0107 stanowi\u0105 u nas podstaw\u0119 biznesu.<\/p>\n<p>[\/et_pb_blurb][\/et_pb_column][et_pb_column type=\u00a0\u00bb1_4&Prime;][et_pb_blurb admin_label=\u00a0\u00bbBlurb\u00a0\u00bb background_layout=\u00a0\u00bbdark\u00a0\u00bb image=\u00a0\u00bbhttp:\/\/www.elegantthemesimages.com\/images\/premade_blurb_8.png\u00a0\u00bb title=\u00a0\u00bbFachowe doradztwo\u00a0\u00bb url_new_window=\u00a0\u00bboff\u00a0\u00bb use_icon=\u00a0\u00bboff\u00a0\u00bb icon_color=\u00a0\u00bb#7EBEC5&Prime; use_circle=\u00a0\u00bboff\u00a0\u00bb circle_color=\u00a0\u00bb#7EBEC5&Prime; use_circle_border=\u00a0\u00bboff\u00a0\u00bb circle_border_color=\u00a0\u00bb#7EBEC5&Prime; icon_placement=\u00a0\u00bbtop\u00a0\u00bb animation=\u00a0\u00bbtop\u00a0\u00bb text_orientation=\u00a0\u00bbcenter\u00a0\u00bb]<\/p>\n<p>Dzi\u0119ki zespo\u0142owi specjalist\u00f3w bogatych w wiedz\u0119 i do\u015bwiadczenie w bran\u017cy stolarki okiennej, mo\u017cemy zaoferowa\u0107 Pa\u0144stwu pomoc w postaci indywidualnego podej\u015bcia oraz wyboru idealnych rozwi\u0105za\u0144 dla nietypowych potrzeb.<\/p>\n<p>[\/et_pb_blurb][\/et_pb_column][\/et_pb_row][\/et_pb_section][et_pb_section background_color=\u00a0\u00bb#f5f5f5&Prime; inner_shadow=\u00a0\u00bbon\u00a0\u00bb][et_pb_row][et_pb_column type=\u00a0\u00bb4_4&Prime;][et_pb_text admin_label=\u00a0\u00bbText\u00a0\u00bb text_orientation=\u00a0\u00bbcenter\u00a0\u00bb background_layout=\u00a0\u00bblight\u00a0\u00bb]<\/p>\n<h2>Posty z naszego bloga<\/h2>\n<p>Nowo\u015bci oraz naj\u015bwie\u017csze informacje z \u017cycia firmy.<\/p>\n<p>[\/et_pb_text][\/et_pb_column][\/et_pb_row][et_pb_row][et_pb_column type=\u00a0\u00bb4_4&Prime;][et_pb_blog admin_label=\u00a0\u00bbBlog\u00a0\u00bb fullwidth=\u00a0\u00bboff\u00a0\u00bb show_pagination=\u00a0\u00bboff\u00a0\u00bb posts_number=\u00a0\u00bb3&Prime; meta_date=\u00a0\u00bbM j, Y\u00a0\u00bb show_thumbnail=\u00a0\u00bbon\u00a0\u00bb show_content=\u00a0\u00bboff\u00a0\u00bb show_author=\u00a0\u00bbon\u00a0\u00bb show_date=\u00a0\u00bbon\u00a0\u00bb show_categories=\u00a0\u00bbon\u00a0\u00bb]<br \/>\n[\/et_pb_blog][\/et_pb_column][\/et_pb_row][\/et_pb_section][et_pb_section][et_pb_row][et_pb_column type=\u00a0\u00bb4_4&Prime;][et_pb_text admin_label=\u00a0\u00bbText\u00a0\u00bb text_orientation=\u00a0\u00bbcenter\u00a0\u00bb background_layout=\u00a0\u00bblight\u00a0\u00bb]<\/p>\n<h2>Nasze realizacje<\/h2>\n<p>Budynki z oknami firmy Stolmar.<\/p>\n<p>[\/et_pb_text][\/et_pb_column][\/et_pb_row][et_pb_row][et_pb_column type=\u00a0\u00bb4_4&Prime;][et_pb_portfolio admin_label=\u00a0\u00bbPortfolio\u00a0\u00bb categories=\u00a0\u00bbPortfolio\u00a0\u00bb fullwidth=\u00a0\u00bboff\u00a0\u00bb posts_number=\u00a0\u00bb12&Prime; show_title=\u00a0\u00bbon\u00a0\u00bb show_categories=\u00a0\u00bbon\u00a0\u00bb show_pagination=\u00a0\u00bboff\u00a0\u00bb background_layout=\u00a0\u00bblight\u00a0\u00bb include_categories=\u00a0\u00bb68,67,79,70,69&Prime;]<br \/>\n[\/et_pb_portfolio][\/et_pb_column][\/et_pb_row][\/et_pb_section][et_pb_section background_color=\u00a0\u00bb#7EBEC5&Prime;][et_pb_row][et_pb_column type=\u00a0\u00bb4_4&Prime;][et_pb_cta admin_label=\u00a0\u00bbCall To Action\u00a0\u00bb title=\u00a0\u00bbSkontaktuj si\u0119 z nami. Czekamy na Ciebie.\u00a0\u00bb button_url=\u00a0\u00bbhttp:\/\/stolmar24.com\/?page_id=105&Prime; button_text=\u00a0\u00bbKontakt\u00a0\u00bb background_layout=\u00a0\u00bbdark\u00a0\u00bb background_color=\u00a0\u00bbnone\u00a0\u00bb use_background_color=\u00a0\u00bbon\u00a0\u00bb text_orientation=\u00a0\u00bbcenter\u00a0\u00bb]<\/p>\n<p>Masz problem lub zastanawiasz si\u0119 jak\u0105 decyzj\u0119 podj\u0105\u0107? Nasi specjali\u015bci ch\u0119tnie s\u0142u\u017cymy pomoc\u0105.\u00a0Zadzwo\u0144 lub napisz do nas!<\/p>\n<p>[\/et_pb_cta][\/et_pb_column][\/et_pb_row][\/et_pb_section]<\/p>\n","protected":false},"excerpt":{"rendered":"<p><div class=\"et_pb_row et_pb_row_0 et_pb_row_empty\">\n\t\t\t\t\n\t\t\t\t\n\t\t\t\t\n\t\t\t\t\n\t\t\t\t\n\t\t\t<\/div> Le si?ge de Stolmar se trouve ? Kruszyn Krajenski en Pologne. <div class=\"et_pb_row et_pb_row_1 et_pb_row_empty\">\n\t\t\t\t\n\t\t\t\t\n\t\t\t\t\n\t\t\t\t\n\t\t\t\t\n\t\t\t<\/div> <div class=\"et_pb_row et_pb_row_2 et_pb_row_empty\">\n\t\t\t\t\n\t\t\t\t\n\t\t\t\t\n\t\t\t\t\n\t\t\t\t\n\t\t\t<\/div> Nous sommes fabricant de fen?tres et portes d?entr\u00e9e en profil PVC GEALAN FENSTER SYSTEM ainsi qu?en VEKA AG (tous les profils sans plomb). Nos produits c?est aussi l?aluminum en profil d?ALUPROF ET MORAD. La qualit\u00e9 de nos menuiseries ne change pas; [&hellip;]<\/p>\n","protected":false},"author":10,"featured_media":0,"parent":0,"menu_order":0,"comment_status":"open","ping_status":"open","template":"","meta":{"_et_pb_use_builder":"on","_et_pb_old_content":"","_et_gb_content_width":"","footnotes":""},"class_list":["post-2648","page","type-page","status-publish","hentry"],"yoast_head":"<!-- This site is optimized with the Yoast SEO plugin v27.4 - https:\/\/yoast.com\/product\/yoast-seo-wordpress\/ -->\n<title>Stolmar - Stolmar<\/title>\n<meta name=\"robots\" content=\"index, follow, max-snippet:-1, max-image-preview:large, max-video-preview:-1\" \/>\n<link rel=\"canonical\" href=\"https:\/\/stolmar24.com\/fr\/a-propos-de-nous\/\" \/>\n<meta property=\"og:locale\" content=\"fr_FR\" \/>\n<meta property=\"og:type\" content=\"article\" \/>\n<meta property=\"og:title\" content=\"Stolmar - Stolmar\" \/>\n<meta property=\"og:description\" content=\"Le si?ge de Stolmar se trouve ? Kruszyn Krajenski en Pologne.  Nous sommes fabricant de fen?tres et portes d?entr\u00e9e en profil PVC GEALAN FENSTER SYSTEM ainsi qu?en VEKA AG (tous les profils sans plomb). Nos produits c?est aussi l?aluminum en profil d?ALUPROF ET MORAD. La qualit\u00e9 de nos menuiseries ne change pas; [&hellip;]\" \/>\n<meta property=\"og:url\" content=\"https:\/\/stolmar24.com\/fr\/a-propos-de-nous\/\" \/>\n<meta property=\"og:site_name\" content=\"Stolmar\" \/>\n<meta property=\"article:publisher\" content=\"https:\/\/www.facebook.com\/STOLMAR-1482853595329004\/\" \/>\n<meta property=\"article:modified_time\" content=\"2015-10-20T13:35:01+00:00\" \/>\n<meta name=\"twitter:card\" content=\"summary_large_image\" \/>\n<meta name=\"twitter:site\" content=\"@Stolmar24\" \/>\n<meta name=\"twitter:label1\" content=\"Dur\u00e9e de lecture estim\u00e9e\" \/>\n\t<meta name=\"twitter:data1\" content=\"8 minutes\" \/>\n<script type=\"application\/ld+json\" class=\"yoast-schema-graph\">{\"@context\":\"https:\\\/\\\/schema.org\",\"@graph\":[{\"@type\":\"WebPage\",\"@id\":\"https:\\\/\\\/stolmar24.com\\\/fr\\\/a-propos-de-nous\\\/\",\"url\":\"https:\\\/\\\/stolmar24.com\\\/fr\\\/a-propos-de-nous\\\/\",\"name\":\"Stolmar - Stolmar\",\"isPartOf\":{\"@id\":\"https:\\\/\\\/stolmar24.com\\\/#website\"},\"datePublished\":\"2015-07-29T16:03:29+00:00\",\"dateModified\":\"2015-10-20T13:35:01+00:00\",\"breadcrumb\":{\"@id\":\"https:\\\/\\\/stolmar24.com\\\/fr\\\/a-propos-de-nous\\\/#breadcrumb\"},\"inLanguage\":\"fr-FR\",\"potentialAction\":[{\"@type\":\"ReadAction\",\"target\":[\"https:\\\/\\\/stolmar24.com\\\/fr\\\/a-propos-de-nous\\\/\"]}]},{\"@type\":\"BreadcrumbList\",\"@id\":\"https:\\\/\\\/stolmar24.com\\\/fr\\\/a-propos-de-nous\\\/#breadcrumb\",\"itemListElement\":[{\"@type\":\"ListItem\",\"position\":1,\"name\":\"Strona g\u0142\u00f3wna\",\"item\":\"https:\\\/\\\/stolmar24.com\\\/fr\\\/\"},{\"@type\":\"ListItem\",\"position\":2,\"name\":\"Stolmar\"}]},{\"@type\":\"WebSite\",\"@id\":\"https:\\\/\\\/stolmar24.com\\\/#website\",\"url\":\"https:\\\/\\\/stolmar24.com\\\/\",\"name\":\"Stolmar\",\"description\":\"Okna PCV, plastikowe i drzwi wewn\u0119trzne - Bydgoszczy\",\"potentialAction\":[{\"@type\":\"SearchAction\",\"target\":{\"@type\":\"EntryPoint\",\"urlTemplate\":\"https:\\\/\\\/stolmar24.com\\\/?s={search_term_string}\"},\"query-input\":{\"@type\":\"PropertyValueSpecification\",\"valueRequired\":true,\"valueName\":\"search_term_string\"}}],\"inLanguage\":\"fr-FR\"}]}<\/script>\n<!-- \/ Yoast SEO plugin. -->","yoast_head_json":{"title":"Stolmar - Stolmar","robots":{"index":"index","follow":"follow","max-snippet":"max-snippet:-1","max-image-preview":"max-image-preview:large","max-video-preview":"max-video-preview:-1"},"canonical":"https:\/\/stolmar24.com\/fr\/a-propos-de-nous\/","og_locale":"fr_FR","og_type":"article","og_title":"Stolmar - Stolmar","og_description":"Le si?ge de Stolmar se trouve ? Kruszyn Krajenski en Pologne.  Nous sommes fabricant de fen?tres et portes d?entr\u00e9e en profil PVC GEALAN FENSTER SYSTEM ainsi qu?en VEKA AG (tous les profils sans plomb). Nos produits c?est aussi l?aluminum en profil d?ALUPROF ET MORAD. La qualit\u00e9 de nos menuiseries ne change pas; [&hellip;]","og_url":"https:\/\/stolmar24.com\/fr\/a-propos-de-nous\/","og_site_name":"Stolmar","article_publisher":"https:\/\/www.facebook.com\/STOLMAR-1482853595329004\/","article_modified_time":"2015-10-20T13:35:01+00:00","twitter_card":"summary_large_image","twitter_site":"@Stolmar24","twitter_misc":{"Dur\u00e9e de lecture estim\u00e9e":"8 minutes"},"schema":{"@context":"https:\/\/schema.org","@graph":[{"@type":"WebPage","@id":"https:\/\/stolmar24.com\/fr\/a-propos-de-nous\/","url":"https:\/\/stolmar24.com\/fr\/a-propos-de-nous\/","name":"Stolmar - Stolmar","isPartOf":{"@id":"https:\/\/stolmar24.com\/#website"},"datePublished":"2015-07-29T16:03:29+00:00","dateModified":"2015-10-20T13:35:01+00:00","breadcrumb":{"@id":"https:\/\/stolmar24.com\/fr\/a-propos-de-nous\/#breadcrumb"},"inLanguage":"fr-FR","potentialAction":[{"@type":"ReadAction","target":["https:\/\/stolmar24.com\/fr\/a-propos-de-nous\/"]}]},{"@type":"BreadcrumbList","@id":"https:\/\/stolmar24.com\/fr\/a-propos-de-nous\/#breadcrumb","itemListElement":[{"@type":"ListItem","position":1,"name":"Strona g\u0142\u00f3wna","item":"https:\/\/stolmar24.com\/fr\/"},{"@type":"ListItem","position":2,"name":"Stolmar"}]},{"@type":"WebSite","@id":"https:\/\/stolmar24.com\/#website","url":"https:\/\/stolmar24.com\/","name":"Stolmar","description":"Okna PCV, plastikowe i drzwi wewn\u0119trzne - Bydgoszczy","potentialAction":[{"@type":"SearchAction","target":{"@type":"EntryPoint","urlTemplate":"https:\/\/stolmar24.com\/?s={search_term_string}"},"query-input":{"@type":"PropertyValueSpecification","valueRequired":true,"valueName":"search_term_string"}}],"inLanguage":"fr-FR"}]}},"_links":{"self":[{"href":"https:\/\/stolmar24.com\/fr\/wp-json\/wp\/v2\/pages\/2648","targetHints":{"allow":["GET"]}}],"collection":[{"href":"https:\/\/stolmar24.com\/fr\/wp-json\/wp\/v2\/pages"}],"about":[{"href":"https:\/\/stolmar24.com\/fr\/wp-json\/wp\/v2\/types\/page"}],"author":[{"embeddable":true,"href":"https:\/\/stolmar24.com\/fr\/wp-json\/wp\/v2\/users\/10"}],"replies":[{"embeddable":true,"href":"https:\/\/stolmar24.com\/fr\/wp-json\/wp\/v2\/comments?post=2648"}],"version-history":[{"count":0,"href":"https:\/\/stolmar24.com\/fr\/wp-json\/wp\/v2\/pages\/2648\/revisions"}],"wp:attachment":[{"href":"https:\/\/stolmar24.com\/fr\/wp-json\/wp\/v2\/media?parent=2648"}],"curies":[{"name":"wp","href":"https:\/\/api.w.org\/{rel}","templated":true}]}}