{"id":7260,"date":"2017-02-10T23:54:28","date_gmt":"2017-02-10T22:54:28","guid":{"rendered":"http:\/\/stolmar24.com\/handles-for-hoppe-windows\/"},"modified":"2017-02-10T23:54:30","modified_gmt":"2017-02-10T22:54:30","slug":"handles-for-hoppe-windows","status":"publish","type":"page","link":"https:\/\/stolmar24.com\/en\/handles-for-hoppe-windows\/","title":{"rendered":"Handles for Hoppe windows"},"content":{"rendered":"<p>[et_pb_section admin_label=&#8221;section&#8221; fullwidth=&#8221;on&#8221; specialty=&#8221;off&#8221; transparent_background=&#8221;off&#8221; background_color=&#8221;#4ac1d3&#8243; allow_player_pause=&#8221;off&#8221; inner_shadow=&#8221;off&#8221; parallax=&#8221;off&#8221; parallax_method=&#8221;off&#8221;][et_pb_fullwidth_header admin_label=&#8221;Nag\u0142\u00f3wek pe\u0142nej szeroko\u015bci&#8221; title=&#8221;HANDLES FOR WINDOWS&#8221; subhead=&#8221;Our products for windows&#8221; background_layout=&#8221;dark&#8221; text_orientation=&#8221;left&#8221;] [\/et_pb_fullwidth_header][\/et_pb_section][et_pb_section admin_label=&#8221;section&#8221;][et_pb_row admin_label=&#8221;row&#8221;][et_pb_column type=&#8221;4_4&#8243;][et_pb_text admin_label=&#8221;Tekst&#8221; background_layout=&#8221;light&#8221; text_orientation=&#8221;left&#8221; text_font_size=&#8221;14&#8243; use_border_color=&#8221;off&#8221; border_color=&#8221;#ffffff&#8221; border_style=&#8221;solid&#8221;]High-quality door handles from the HOPPE company. Their attractive look\u00a0comes from combination of ideal design and precise realization\u00a0with attention to the smallest details. High quality materials used in the production process and excellent ergonomics which complemented functionality of the product make it very\u00a0reliable. The long term use of handles and a large selection of color possibilities are also significant aspects.[\/et_pb_text][et_pb_cta admin_label=&#8221;Wezwanie do dzia\u0142ania&#8221; title=&#8221;HOPPE HANDLES&#8221; use_background_color=&#8221;on&#8221; background_color=&#8221;#7EBEC5&#8243; background_layout=&#8221;dark&#8221; text_orientation=&#8221;center&#8221;] [\/et_pb_cta][\/et_pb_column][\/et_pb_row][et_pb_row admin_label=&#8221;row&#8221;][et_pb_column type=&#8221;1_2&#8243;][et_pb_image admin_label=&#8221;Obraz&#8221; src=&#8221;http:\/\/stolmar24.com\/wp-content\/uploads\/program-klamek-titan-globe-001.jpg&#8221; show_in_lightbox=&#8221;off&#8221; url_new_window=&#8221;off&#8221; animation=&#8221;off&#8221; sticky=&#8221;off&#8221;] [\/et_pb_image][\/et_pb_column][et_pb_column type=&#8221;1_2&#8243;][et_pb_text admin_label=&#8221;Tekst&#8221; background_layout=&#8221;light&#8221; text_orientation=&#8221;left&#8221; text_font_size=&#8221;14&#8243; use_border_color=&#8221;off&#8221; border_color=&#8221;#ffffff&#8221; border_style=&#8221;solid&#8221;]&nbsp;<\/p>\n<h3><strong><em>Handle which is an element of direct contact between human and the window is often overlooked.<\/em><\/strong><\/h3>\n<p>&nbsp;<\/p>\n<p>We believe that this is a very important element affecting the functionality, safety and ergonomics of window. That is why each of our window are standard equipped with a Hoppe Secustik handle .<\/p>\n<p>Handles with Secustik function is a patented product \u00a0ofGerman manufacturer of window and door handles &#8211; the Hoppe company. These handles are equipped with a mechanism for locking the rotation of the handle. It protects the window from intrusion when burglar attempts to shift the orbital \u00a0fitting \u00a0by theobject inserted from the outside which is put between leaf\u00a0and the window frame. A characteristic feature of these handles is also a specific sound which Secustik mechanism make during the handle rotation.[\/et_pb_text][\/et_pb_column][\/et_pb_row][et_pb_row admin_label=&#8221;row&#8221;][et_pb_column type=&#8221;4_4&#8243;][et_pb_text admin_label=&#8221;Tekst&#8221; background_layout=&#8221;light&#8221; text_orientation=&#8221;left&#8221;]&nbsp;<\/p>\n<p><em><strong>For our customers we offer Secustik aluminum door handles in several models and colors.<\/strong><\/em><\/p>\n<p>We offer high quality window handles of renowned European manufacturers. In our shop you can find aluminum handles for various use available\u00a0in many models and colors.<\/p>\n<p>In addition to basic door handles designed for\u00a0standard tlit and slide windows, door handles with push button, certified handles with key for anti-burglar windows, two-sided handles for balcony doors, handles for sliding doors, special handles under\u00a0the roller shutter\u00a0and other products for\u00a0the opening and closing the windows such as balcony locks.[\/et_pb_text][\/et_pb_column][\/et_pb_row][et_pb_row admin_label=&#8221;row&#8221;][et_pb_column type=&#8221;4_4&#8243;][et_pb_text admin_label=&#8221;Tekst&#8221; background_layout=&#8221;light&#8221; text_orientation=&#8221;center&#8221;]<\/p>\n<h2 style=\"text-align: center;\">Handles\u00a0for windows<\/h2>\n<p>[\/et_pb_text][et_pb_text admin_label=&#8221;Tekst&#8221; background_layout=&#8221;light&#8221; text_orientation=&#8221;center&#8221;]<\/p>\n<p style=\"text-align: center;\">Full information abut the range of standard door handles and door handles on request we provide by phone\u00a0or e-mail (<a href=\"http:\/\/stolmar24.com\/en\/contact\/\">contact<\/a>).<\/p>\n<p>[\/et_pb_text][\/et_pb_column][\/et_pb_row][et_pb_row admin_label=&#8221;row&#8221;][et_pb_column type=&#8221;1_2&#8243;][et_pb_image admin_label=&#8221;Obraz&#8221; src=&#8221;http:\/\/stolmar24.com\/wp-content\/uploads\/klamki-dla-okien-stolmar-okna-bydgoszcz-001.jpg&#8221; alt=&#8221;Handles for Hoppe windows&#8221; title_text=&#8221;Handles for Hoppe windows&#8221; show_in_lightbox=&#8221;on&#8221; url_new_window=&#8221;off&#8221; animation=&#8221;off&#8221; sticky=&#8221;off&#8221;] [\/et_pb_image][\/et_pb_column][et_pb_column type=&#8221;1_2&#8243;][et_pb_image admin_label=&#8221;Obraz&#8221; src=&#8221;http:\/\/stolmar24.com\/wp-content\/uploads\/klamki-dla-okien-stolmar-okna-bydgoszcz-002.jpg&#8221; alt=&#8221;Handles for Hoppe windows&#8221; title_text=&#8221;Handles for Hoppe windows&#8221; show_in_lightbox=&#8221;on&#8221; url_new_window=&#8221;off&#8221; animation=&#8221;off&#8221; sticky=&#8221;off&#8221;] [\/et_pb_image][\/et_pb_column][\/et_pb_row][et_pb_row admin_label=&#8221;row&#8221;][et_pb_column type=&#8221;1_2&#8243;][et_pb_text admin_label=&#8221;Tekst&#8221; background_layout=&#8221;light&#8221; text_orientation=&#8221;center&#8221; use_border_color=&#8221;off&#8221; border_color=&#8221;#ffffff&#8221; border_style=&#8221;solid&#8221;]<\/p>\n<h2 style=\"text-align: center;\">Handles for tilt and slide windows<\/h2>\n<p>&nbsp;[\/et_pb_text][et_pb_image admin_label=&#8221;Obraz&#8221; src=&#8221;http:\/\/stolmar24.com\/wp-content\/uploads\/klamki-dla-okien-uchylno-przesownych-okna-stolmar-bydgoszcz-001.jpg&#8221; alt=&#8221;Handles for tilt and slide windows&#8221; title_text=&#8221;Handles for tilt and slide windows&#8221; show_in_lightbox=&#8221;on&#8221; url_new_window=&#8221;off&#8221; animation=&#8221;off&#8221; sticky=&#8221;off&#8221;] [\/et_pb_image][\/et_pb_column][et_pb_column type=&#8221;1_2&#8243;][et_pb_text admin_label=&#8221;Tekst&#8221; background_layout=&#8221;light&#8221; text_orientation=&#8221;center&#8221; use_border_color=&#8221;off&#8221; border_color=&#8221;#ffffff&#8221; border_style=&#8221;solid&#8221;]<\/p>\n<h2 style=\"text-align: center;\">Handles for stilt and slide windows<\/h2>\n<p>[\/et_pb_text][et_pb_image admin_label=&#8221;Obraz&#8221; src=&#8221;http:\/\/stolmar24.com\/wp-content\/uploads\/klamki-dla-okien-podnoszono-przesownych-okna-stolmar-bydgoszcz-001.jpg&#8221; alt=&#8221;Handles for lift and slide windows&#8221; title_text=&#8221;Handles for lift and slide windows&#8221; show_in_lightbox=&#8221;on&#8221; url_new_window=&#8221;off&#8221; animation=&#8221;off&#8221; sticky=&#8221;off&#8221; use_overlay=&#8221;off&#8221; align=&#8221;left&#8221; force_fullwidth=&#8221;off&#8221; always_center_on_mobile=&#8221;on&#8221; use_border_color=&#8221;off&#8221; border_color=&#8221;#ffffff&#8221; border_style=&#8221;solid&#8221;] [\/et_pb_image][\/et_pb_column][\/et_pb_row][et_pb_row admin_label=&#8221;row&#8221;][et_pb_column type=&#8221;4_4&#8243;][et_pb_cta admin_label=&#8221;Wezwanie do dzia\u0142ania&#8221; title=&#8221;MEDOS HANDLES&#8221; button_url=&#8221;http:\/\/www.medos.pl\/#\/home&#8221; button_text=&#8221;Check the handles&#8221; use_background_color=&#8221;on&#8221; background_color=&#8221;#7EBEC5&#8243; background_layout=&#8221;dark&#8221; text_orientation=&#8221;center&#8221;] [\/et_pb_cta][\/et_pb_column][\/et_pb_row][\/et_pb_section][et_pb_section admin_label=&#8221;section&#8221; fullwidth=&#8221;off&#8221; specialty=&#8221;off&#8221;][et_pb_row admin_label=&#8221;row&#8221;][et_pb_column type=&#8221;4_4&#8243;][et_pb_text admin_label=&#8221;Tekst&#8221; background_layout=&#8221;light&#8221; text_orientation=&#8221;center&#8221;]<\/p>\n<h2>The movie of HOPPE manufacturer<\/h2>\n<p>Secustik? &#8211; window handle with a safety margin sound[\/et_pb_text][et_pb_video admin_label=&#8221;Klip wideo&#8221; src=&#8221;https:\/\/www.youtube.com\/watch?v=XgYfZhXZNag&#8221;] [\/et_pb_video][\/et_pb_column][\/et_pb_row][\/et_pb_section]<\/p>\n","protected":false},"excerpt":{"rendered":"<p>High-quality door handles from the HOPPE company. Their attractive look\u00a0comes from combination of ideal design and precise realization\u00a0with attention to the smallest details. High quality materials used in the production process and excellent ergonomics which complemented functionality of the product make it very\u00a0reliable. The long term use of handles and a large selection of color [&hellip;]<\/p>\n","protected":false},"author":10,"featured_media":0,"parent":0,"menu_order":0,"comment_status":"open","ping_status":"open","template":"","meta":{"_et_pb_use_builder":"on","_et_pb_old_content":"","_et_gb_content_width":"","footnotes":""},"class_list":["post-7260","page","type-page","status-publish","hentry"],"yoast_head":"<!-- This site is optimized with the Yoast SEO plugin v27.4 - https:\/\/yoast.com\/product\/yoast-seo-wordpress\/ -->\n<title>Handles for Hoppe PVC windows - Stolmar<\/title>\n<meta name=\"robots\" content=\"index, follow, max-snippet:-1, max-image-preview:large, max-video-preview:-1\" \/>\n<link rel=\"canonical\" href=\"https:\/\/stolmar24.com\/en\/handles-for-hoppe-windows\/\" \/>\n<meta property=\"og:locale\" content=\"en_US\" \/>\n<meta property=\"og:type\" content=\"article\" \/>\n<meta property=\"og:title\" content=\"Handles for Hoppe PVC windows - Stolmar\" \/>\n<meta property=\"og:description\" content=\"High-quality door handles from the HOPPE company. Their attractive look\u00a0comes from combination of ideal design and precise realization\u00a0with attention to the smallest details. High quality materials used in the production process and excellent ergonomics which complemented functionality of the product make it very\u00a0reliable. The long term use of handles and a large selection of color [&hellip;]\" \/>\n<meta property=\"og:url\" content=\"https:\/\/stolmar24.com\/en\/handles-for-hoppe-windows\/\" \/>\n<meta property=\"og:site_name\" content=\"Stolmar\" \/>\n<meta property=\"article:publisher\" content=\"https:\/\/www.facebook.com\/STOLMAR-1482853595329004\/\" \/>\n<meta property=\"article:modified_time\" content=\"2017-02-10T22:54:30+00:00\" \/>\n<meta name=\"twitter:card\" content=\"summary_large_image\" \/>\n<meta name=\"twitter:site\" content=\"@Stolmar24\" \/>\n<meta name=\"twitter:label1\" content=\"Est. reading time\" \/>\n\t<meta name=\"twitter:data1\" content=\"5 minutes\" \/>\n<script type=\"application\/ld+json\" class=\"yoast-schema-graph\">{\"@context\":\"https:\\\/\\\/schema.org\",\"@graph\":[{\"@type\":\"WebPage\",\"@id\":\"https:\\\/\\\/stolmar24.com\\\/en\\\/handles-for-hoppe-windows\\\/\",\"url\":\"https:\\\/\\\/stolmar24.com\\\/en\\\/handles-for-hoppe-windows\\\/\",\"name\":\"Handles for Hoppe PVC windows - Stolmar\",\"isPartOf\":{\"@id\":\"https:\\\/\\\/stolmar24.com\\\/#website\"},\"datePublished\":\"2017-02-10T22:54:28+00:00\",\"dateModified\":\"2017-02-10T22:54:30+00:00\",\"breadcrumb\":{\"@id\":\"https:\\\/\\\/stolmar24.com\\\/en\\\/handles-for-hoppe-windows\\\/#breadcrumb\"},\"inLanguage\":\"en-US\",\"potentialAction\":[{\"@type\":\"ReadAction\",\"target\":[\"https:\\\/\\\/stolmar24.com\\\/en\\\/handles-for-hoppe-windows\\\/\"]}]},{\"@type\":\"BreadcrumbList\",\"@id\":\"https:\\\/\\\/stolmar24.com\\\/en\\\/handles-for-hoppe-windows\\\/#breadcrumb\",\"itemListElement\":[{\"@type\":\"ListItem\",\"position\":1,\"name\":\"Strona g\u0142\u00f3wna\",\"item\":\"https:\\\/\\\/stolmar24.com\\\/en\\\/\"},{\"@type\":\"ListItem\",\"position\":2,\"name\":\"Handles for Hoppe windows\"}]},{\"@type\":\"WebSite\",\"@id\":\"https:\\\/\\\/stolmar24.com\\\/#website\",\"url\":\"https:\\\/\\\/stolmar24.com\\\/\",\"name\":\"Stolmar\",\"description\":\"Window joinery manufacturer\",\"potentialAction\":[{\"@type\":\"SearchAction\",\"target\":{\"@type\":\"EntryPoint\",\"urlTemplate\":\"https:\\\/\\\/stolmar24.com\\\/?s={search_term_string}\"},\"query-input\":{\"@type\":\"PropertyValueSpecification\",\"valueRequired\":true,\"valueName\":\"search_term_string\"}}],\"inLanguage\":\"en-US\"}]}<\/script>\n<!-- \/ Yoast SEO plugin. -->","yoast_head_json":{"title":"Handles for Hoppe PVC windows - Stolmar","robots":{"index":"index","follow":"follow","max-snippet":"max-snippet:-1","max-image-preview":"max-image-preview:large","max-video-preview":"max-video-preview:-1"},"canonical":"https:\/\/stolmar24.com\/en\/handles-for-hoppe-windows\/","og_locale":"en_US","og_type":"article","og_title":"Handles for Hoppe PVC windows - Stolmar","og_description":"High-quality door handles from the HOPPE company. Their attractive look\u00a0comes from combination of ideal design and precise realization\u00a0with attention to the smallest details. High quality materials used in the production process and excellent ergonomics which complemented functionality of the product make it very\u00a0reliable. The long term use of handles and a large selection of color [&hellip;]","og_url":"https:\/\/stolmar24.com\/en\/handles-for-hoppe-windows\/","og_site_name":"Stolmar","article_publisher":"https:\/\/www.facebook.com\/STOLMAR-1482853595329004\/","article_modified_time":"2017-02-10T22:54:30+00:00","twitter_card":"summary_large_image","twitter_site":"@Stolmar24","twitter_misc":{"Est. reading time":"5 minutes"},"schema":{"@context":"https:\/\/schema.org","@graph":[{"@type":"WebPage","@id":"https:\/\/stolmar24.com\/en\/handles-for-hoppe-windows\/","url":"https:\/\/stolmar24.com\/en\/handles-for-hoppe-windows\/","name":"Handles for Hoppe PVC windows - Stolmar","isPartOf":{"@id":"https:\/\/stolmar24.com\/#website"},"datePublished":"2017-02-10T22:54:28+00:00","dateModified":"2017-02-10T22:54:30+00:00","breadcrumb":{"@id":"https:\/\/stolmar24.com\/en\/handles-for-hoppe-windows\/#breadcrumb"},"inLanguage":"en-US","potentialAction":[{"@type":"ReadAction","target":["https:\/\/stolmar24.com\/en\/handles-for-hoppe-windows\/"]}]},{"@type":"BreadcrumbList","@id":"https:\/\/stolmar24.com\/en\/handles-for-hoppe-windows\/#breadcrumb","itemListElement":[{"@type":"ListItem","position":1,"name":"Strona g\u0142\u00f3wna","item":"https:\/\/stolmar24.com\/en\/"},{"@type":"ListItem","position":2,"name":"Handles for Hoppe windows"}]},{"@type":"WebSite","@id":"https:\/\/stolmar24.com\/#website","url":"https:\/\/stolmar24.com\/","name":"Stolmar","description":"Window joinery manufacturer","potentialAction":[{"@type":"SearchAction","target":{"@type":"EntryPoint","urlTemplate":"https:\/\/stolmar24.com\/?s={search_term_string}"},"query-input":{"@type":"PropertyValueSpecification","valueRequired":true,"valueName":"search_term_string"}}],"inLanguage":"en-US"}]}},"_links":{"self":[{"href":"https:\/\/stolmar24.com\/en\/wp-json\/wp\/v2\/pages\/7260","targetHints":{"allow":["GET"]}}],"collection":[{"href":"https:\/\/stolmar24.com\/en\/wp-json\/wp\/v2\/pages"}],"about":[{"href":"https:\/\/stolmar24.com\/en\/wp-json\/wp\/v2\/types\/page"}],"author":[{"embeddable":true,"href":"https:\/\/stolmar24.com\/en\/wp-json\/wp\/v2\/users\/10"}],"replies":[{"embeddable":true,"href":"https:\/\/stolmar24.com\/en\/wp-json\/wp\/v2\/comments?post=7260"}],"version-history":[{"count":0,"href":"https:\/\/stolmar24.com\/en\/wp-json\/wp\/v2\/pages\/7260\/revisions"}],"wp:attachment":[{"href":"https:\/\/stolmar24.com\/en\/wp-json\/wp\/v2\/media?parent=7260"}],"curies":[{"name":"wp","href":"https:\/\/api.w.org\/{rel}","templated":true}]}}