{"id":7153,"date":"2017-02-09T12:13:31","date_gmt":"2017-02-09T11:13:31","guid":{"rendered":"http:\/\/stolmar24.com\/veka-alphaline-profiles\/"},"modified":"2017-02-09T12:13:35","modified_gmt":"2017-02-09T11:13:35","slug":"veka-alphaline-profiles","status":"publish","type":"page","link":"https:\/\/stolmar24.com\/en\/veka-alphaline-profiles\/","title":{"rendered":"Veka Alphaline profiles"},"content":{"rendered":"<p>[et_pb_section fullwidth=&#8221;on&#8221; specialty=&#8221;off&#8221; transparent_background=&#8221;off&#8221; background_color=&#8221;#5b5b5b&#8221; allow_player_pause=&#8221;off&#8221; inner_shadow=&#8221;off&#8221; parallax=&#8221;off&#8221; parallax_method=&#8221;off&#8221;][et_pb_fullwidth_header admin_label=&#8221;Nag\u0142\u00f3wek pe\u0142nej szeroko\u015bci&#8221; title=&#8221;Veka Alphaline profiles&#8221; background_layout=&#8221;dark&#8221; text_orientation=&#8221;center&#8221; \/][\/et_pb_section][et_pb_section][et_pb_row][et_pb_column type=&#8221;1_3&#8243;][et_pb_image admin_label=&#8221;Obraz&#8221; src=&#8221;http:\/\/stolmar24.com\/wp-content\/uploads\/alphaline-bez-klina-zdjecie-podstawowe.jpg&#8221; alt=&#8221;Alphaline without a gusset &#8211; basic profile&#8221; title_text=&#8221;Alphaline without a gusset &#8211; basic profile&#8221; show_in_lightbox=&#8221;on&#8221; url_new_window=&#8221;off&#8221; animation=&#8221;off&#8221; sticky=&#8221;off&#8221; \/][et_pb_text admin_label=&#8221;Tekst&#8221; background_layout=&#8221;light&#8221; text_orientation=&#8221;center&#8221;]Alphaline without a gusset &#8211; basic profile[\/et_pb_text][\/et_pb_column][et_pb_column type=&#8221;1_3&#8243;][et_pb_image admin_label=&#8221;Obraz&#8221; src=&#8221;http:\/\/stolmar24.com\/wp-content\/uploads\/alphaline-z-klinem.jpg&#8221; alt=&#8221;Alphaline with gusset&#8221; title_text=&#8221;Alphaline with gusset&#8221; show_in_lightbox=&#8221;on&#8221; url_new_window=&#8221;off&#8221; animation=&#8221;off&#8221; sticky=&#8221;off&#8221; \/][et_pb_text admin_label=&#8221;Tekst&#8221; background_layout=&#8221;light&#8221; text_orientation=&#8221;center&#8221;]Alphaline with\u00a0a gusset[\/et_pb_text][\/et_pb_column][et_pb_column type=&#8221;1_3&#8243;][et_pb_image admin_label=&#8221;Obraz&#8221; \/][\/et_pb_column][\/et_pb_row][\/et_pb_section]<\/p>\n","protected":false},"excerpt":{"rendered":"<p><div class=\"et_pb_section et_pb_section_0 et_section_regular\" >\n\t\t\t\t\n\t\t\t\t\n\t\t\t\t\n\t\t\t\t\n\t\t\t\t\n\t\t\t\t\n\t\t\t\t\n\t\t\t\t\n\t\t\t\t\n\t\t\t<\/div><div class=\"et_pb_row et_pb_row_0 et_pb_row_empty\">\n\t\t\t\t\n\t\t\t\t\n\t\t\t\t\n\t\t\t\t\n\t\t\t\t\n\t\t\t<\/div>Alphaline without a gusset &#8211; basic profileAlphaline with\u00a0a gusset<\/p>\n","protected":false},"author":10,"featured_media":0,"parent":0,"menu_order":0,"comment_status":"open","ping_status":"closed","template":"","meta":{"_et_pb_use_builder":"on","_et_pb_old_content":"","_et_gb_content_width":"","footnotes":""},"class_list":["post-7153","page","type-page","status-publish","hentry"],"yoast_head":"<!-- This site is optimized with the Yoast SEO plugin v27.4 - https:\/\/yoast.com\/product\/yoast-seo-wordpress\/ -->\n<title>PVC windows - Veka Alphaline profiles - Stolmar Bydgoszcz<\/title>\n<meta name=\"robots\" content=\"index, follow, max-snippet:-1, max-image-preview:large, max-video-preview:-1\" \/>\n<link rel=\"canonical\" href=\"https:\/\/stolmar24.com\/en\/veka-alphaline-profiles\/\" \/>\n<meta property=\"og:locale\" content=\"en_US\" \/>\n<meta property=\"og:type\" content=\"article\" \/>\n<meta property=\"og:title\" content=\"PVC windows - Veka Alphaline profiles - Stolmar Bydgoszcz\" \/>\n<meta property=\"og:description\" content=\"Alphaline without a gusset - basic profileAlphaline with\u00a0a gusset\" \/>\n<meta property=\"og:url\" content=\"https:\/\/stolmar24.com\/en\/veka-alphaline-profiles\/\" \/>\n<meta property=\"og:site_name\" content=\"Stolmar\" \/>\n<meta property=\"article:publisher\" content=\"https:\/\/www.facebook.com\/STOLMAR-1482853595329004\/\" \/>\n<meta property=\"article:modified_time\" content=\"2017-02-09T11:13:35+00:00\" \/>\n<meta name=\"twitter:card\" content=\"summary_large_image\" \/>\n<meta name=\"twitter:site\" content=\"@Stolmar24\" \/>\n<meta name=\"twitter:label1\" content=\"Est. reading time\" \/>\n\t<meta name=\"twitter:data1\" content=\"1 minute\" \/>\n<script type=\"application\/ld+json\" class=\"yoast-schema-graph\">{\"@context\":\"https:\\\/\\\/schema.org\",\"@graph\":[{\"@type\":\"WebPage\",\"@id\":\"https:\\\/\\\/stolmar24.com\\\/en\\\/veka-alphaline-profiles\\\/\",\"url\":\"https:\\\/\\\/stolmar24.com\\\/en\\\/veka-alphaline-profiles\\\/\",\"name\":\"PVC windows - Veka Alphaline profiles - Stolmar Bydgoszcz\",\"isPartOf\":{\"@id\":\"https:\\\/\\\/stolmar24.com\\\/#website\"},\"datePublished\":\"2017-02-09T11:13:31+00:00\",\"dateModified\":\"2017-02-09T11:13:35+00:00\",\"breadcrumb\":{\"@id\":\"https:\\\/\\\/stolmar24.com\\\/en\\\/veka-alphaline-profiles\\\/#breadcrumb\"},\"inLanguage\":\"en-US\",\"potentialAction\":[{\"@type\":\"ReadAction\",\"target\":[\"https:\\\/\\\/stolmar24.com\\\/en\\\/veka-alphaline-profiles\\\/\"]}]},{\"@type\":\"BreadcrumbList\",\"@id\":\"https:\\\/\\\/stolmar24.com\\\/en\\\/veka-alphaline-profiles\\\/#breadcrumb\",\"itemListElement\":[{\"@type\":\"ListItem\",\"position\":1,\"name\":\"Strona g\u0142\u00f3wna\",\"item\":\"https:\\\/\\\/stolmar24.com\\\/en\\\/\"},{\"@type\":\"ListItem\",\"position\":2,\"name\":\"Veka Alphaline profiles\"}]},{\"@type\":\"WebSite\",\"@id\":\"https:\\\/\\\/stolmar24.com\\\/#website\",\"url\":\"https:\\\/\\\/stolmar24.com\\\/\",\"name\":\"Stolmar\",\"description\":\"Window joinery manufacturer\",\"potentialAction\":[{\"@type\":\"SearchAction\",\"target\":{\"@type\":\"EntryPoint\",\"urlTemplate\":\"https:\\\/\\\/stolmar24.com\\\/?s={search_term_string}\"},\"query-input\":{\"@type\":\"PropertyValueSpecification\",\"valueRequired\":true,\"valueName\":\"search_term_string\"}}],\"inLanguage\":\"en-US\"}]}<\/script>\n<!-- \/ Yoast SEO plugin. -->","yoast_head_json":{"title":"PVC windows - Veka Alphaline profiles - Stolmar Bydgoszcz","robots":{"index":"index","follow":"follow","max-snippet":"max-snippet:-1","max-image-preview":"max-image-preview:large","max-video-preview":"max-video-preview:-1"},"canonical":"https:\/\/stolmar24.com\/en\/veka-alphaline-profiles\/","og_locale":"en_US","og_type":"article","og_title":"PVC windows - Veka Alphaline profiles - Stolmar Bydgoszcz","og_description":"Alphaline without a gusset - basic profileAlphaline with\u00a0a gusset","og_url":"https:\/\/stolmar24.com\/en\/veka-alphaline-profiles\/","og_site_name":"Stolmar","article_publisher":"https:\/\/www.facebook.com\/STOLMAR-1482853595329004\/","article_modified_time":"2017-02-09T11:13:35+00:00","twitter_card":"summary_large_image","twitter_site":"@Stolmar24","twitter_misc":{"Est. reading time":"1 minute"},"schema":{"@context":"https:\/\/schema.org","@graph":[{"@type":"WebPage","@id":"https:\/\/stolmar24.com\/en\/veka-alphaline-profiles\/","url":"https:\/\/stolmar24.com\/en\/veka-alphaline-profiles\/","name":"PVC windows - Veka Alphaline profiles - Stolmar Bydgoszcz","isPartOf":{"@id":"https:\/\/stolmar24.com\/#website"},"datePublished":"2017-02-09T11:13:31+00:00","dateModified":"2017-02-09T11:13:35+00:00","breadcrumb":{"@id":"https:\/\/stolmar24.com\/en\/veka-alphaline-profiles\/#breadcrumb"},"inLanguage":"en-US","potentialAction":[{"@type":"ReadAction","target":["https:\/\/stolmar24.com\/en\/veka-alphaline-profiles\/"]}]},{"@type":"BreadcrumbList","@id":"https:\/\/stolmar24.com\/en\/veka-alphaline-profiles\/#breadcrumb","itemListElement":[{"@type":"ListItem","position":1,"name":"Strona g\u0142\u00f3wna","item":"https:\/\/stolmar24.com\/en\/"},{"@type":"ListItem","position":2,"name":"Veka Alphaline profiles"}]},{"@type":"WebSite","@id":"https:\/\/stolmar24.com\/#website","url":"https:\/\/stolmar24.com\/","name":"Stolmar","description":"Window joinery manufacturer","potentialAction":[{"@type":"SearchAction","target":{"@type":"EntryPoint","urlTemplate":"https:\/\/stolmar24.com\/?s={search_term_string}"},"query-input":{"@type":"PropertyValueSpecification","valueRequired":true,"valueName":"search_term_string"}}],"inLanguage":"en-US"}]}},"_links":{"self":[{"href":"https:\/\/stolmar24.com\/en\/wp-json\/wp\/v2\/pages\/7153","targetHints":{"allow":["GET"]}}],"collection":[{"href":"https:\/\/stolmar24.com\/en\/wp-json\/wp\/v2\/pages"}],"about":[{"href":"https:\/\/stolmar24.com\/en\/wp-json\/wp\/v2\/types\/page"}],"author":[{"embeddable":true,"href":"https:\/\/stolmar24.com\/en\/wp-json\/wp\/v2\/users\/10"}],"replies":[{"embeddable":true,"href":"https:\/\/stolmar24.com\/en\/wp-json\/wp\/v2\/comments?post=7153"}],"version-history":[{"count":0,"href":"https:\/\/stolmar24.com\/en\/wp-json\/wp\/v2\/pages\/7153\/revisions"}],"wp:attachment":[{"href":"https:\/\/stolmar24.com\/en\/wp-json\/wp\/v2\/media?parent=7153"}],"curies":[{"name":"wp","href":"https:\/\/api.w.org\/{rel}","templated":true}]}}