{"id":7137,"date":"2017-02-09T11:32:03","date_gmt":"2017-02-09T10:32:03","guid":{"rendered":"http:\/\/stolmar24.com\/range-of-colors-gealan\/"},"modified":"2017-02-09T11:32:04","modified_gmt":"2017-02-09T10:32:04","slug":"range-of-colors-gealan","status":"publish","type":"page","link":"https:\/\/stolmar24.com\/en\/range-of-colors-gealan\/","title":{"rendered":"Range of colors Gealan"},"content":{"rendered":"<p>[et_pb_section fullwidth=&#8221;on&#8221; specialty=&#8221;off&#8221; transparent_background=&#8221;off&#8221; background_color=&#8221;#4ac1d3&#8243; allow_player_pause=&#8221;off&#8221; inner_shadow=&#8221;off&#8221; parallax=&#8221;off&#8221; parallax_method=&#8221;off&#8221;][et_pb_fullwidth_header admin_label=&#8221;Nag\u0142\u00f3wek pe\u0142nej szeroko\u015bci&#8221; title=&#8221;RANGE OF COLORS GEALAN&#8221; subhead=&#8221;Our products for windows&#8221; background_layout=&#8221;dark&#8221; text_orientation=&#8221;left&#8221; \/][\/et_pb_section][et_pb_section][et_pb_row][et_pb_column type=&#8221;4_4&#8243;][et_pb_text admin_label=&#8221;Tekst&#8221; background_layout=&#8221;light&#8221; text_orientation=&#8221;left&#8221;]Colorful windows can create a great character of the house or apartment. They can also be external decoration as well as an important element of our aesthetics of our\u00a0interior. Depending on your tastes and the vision of designers colorful windows can provide a clear accents on walls or on the contrary harmoniously fit into the color scheme of the facade. Inside the\u00a0rooms colorful windows make\u00a0a warm, friendly atmosphere and greatly emphasize the natural character of the interior.[\/et_pb_text][et_pb_cta admin_label=&#8221;Wezwanie do dzia\u0142ania&#8221; title=&#8221;Gealan acrycolor&#8221; use_background_color=&#8221;on&#8221; background_color=&#8221;#7EBEC5&#8243; background_layout=&#8221;dark&#8221; text_orientation=&#8221;center&#8221;]PVC windows[\/et_pb_cta][\/et_pb_column][\/et_pb_row][et_pb_row][et_pb_column type=&#8221;4_4&#8243;][et_pb_gallery admin_label=&#8221;Galeria&#8221; gallery_ids=&#8221;601,600,599,598,597,596,595,594,593,592,591,590,589&#8243; fullwidth=&#8221;off&#8221; posts_number=&#8221;100&#8243; show_title_and_caption=&#8221;on&#8221; show_pagination=&#8221;on&#8221; background_layout=&#8221;light&#8221; \/][\/et_pb_column][\/et_pb_row][et_pb_row][et_pb_column type=&#8221;4_4&#8243;][et_pb_cta admin_label=&#8221;Wezwanie do dzia\u0142ania&#8221; title=&#8221;Gealan renolit&#8221; use_background_color=&#8221;on&#8221; background_layout=&#8221;dark&#8221; text_orientation=&#8221;center&#8221; background_color=&#8221;#7EBEC5&#8243;]PVC windows[\/et_pb_cta][\/et_pb_column][\/et_pb_row][et_pb_row][et_pb_column type=&#8221;4_4&#8243;][et_pb_gallery admin_label=&#8221;Galeria&#8221; gallery_ids=&#8221;587,586,577,578,579,580,581,582,583,584,585,576,575,574,572,573,571,570,569,568&#8243; fullwidth=&#8221;off&#8221; posts_number=&#8221;100&#8243; show_title_and_caption=&#8221;on&#8221; show_pagination=&#8221;off&#8221; background_layout=&#8221;light&#8221; \/][\/et_pb_column][\/et_pb_row][\/et_pb_section]<\/p>\n","protected":false},"excerpt":{"rendered":"<p><div class=\"et_pb_section et_pb_section_0 et_section_regular\" >\n\t\t\t\t\n\t\t\t\t\n\t\t\t\t\n\t\t\t\t\n\t\t\t\t\n\t\t\t\t\n\t\t\t\t\n\t\t\t\t\n\t\t\t\t\n\t\t\t<\/div><div class=\"et_pb_row et_pb_row_0 et_pb_row_empty\">\n\t\t\t\t\n\t\t\t\t\n\t\t\t\t\n\t\t\t\t\n\t\t\t\t\n\t\t\t<\/div>Colorful windows can create a great character of the house or apartment. They can also be external decoration as well as an important element of our aesthetics of our\u00a0interior. Depending on your tastes and the vision of designers colorful windows can provide a clear accents on walls or on the contrary harmoniously fit into the [&hellip;]<\/p>\n","protected":false},"author":10,"featured_media":0,"parent":0,"menu_order":0,"comment_status":"open","ping_status":"closed","template":"","meta":{"_et_pb_use_builder":"on","_et_pb_old_content":"","_et_gb_content_width":"","footnotes":""},"class_list":["post-7137","page","type-page","status-publish","hentry"],"yoast_head":"<!-- This site is optimized with the Yoast SEO plugin v27.4 - https:\/\/yoast.com\/product\/yoast-seo-wordpress\/ -->\n<title>Gealan PCV windows - colouring - STolmar<\/title>\n<meta name=\"robots\" content=\"index, follow, max-snippet:-1, max-image-preview:large, max-video-preview:-1\" \/>\n<link rel=\"canonical\" href=\"https:\/\/stolmar24.com\/en\/range-of-colors-gealan\/\" \/>\n<meta property=\"og:locale\" content=\"en_US\" \/>\n<meta property=\"og:type\" content=\"article\" \/>\n<meta property=\"og:title\" content=\"Gealan PCV windows - colouring - STolmar\" \/>\n<meta property=\"og:description\" content=\"Colorful windows can create a great character of the house or apartment. They can also be external decoration as well as an important element of our aesthetics of our\u00a0interior. Depending on your tastes and the vision of designers colorful windows can provide a clear accents on walls or on the contrary harmoniously fit into the [&hellip;]\" \/>\n<meta property=\"og:url\" content=\"https:\/\/stolmar24.com\/en\/range-of-colors-gealan\/\" \/>\n<meta property=\"og:site_name\" content=\"Stolmar\" \/>\n<meta property=\"article:publisher\" content=\"https:\/\/www.facebook.com\/STOLMAR-1482853595329004\/\" \/>\n<meta property=\"article:modified_time\" content=\"2017-02-09T10:32:04+00:00\" \/>\n<meta name=\"twitter:card\" content=\"summary_large_image\" \/>\n<meta name=\"twitter:site\" content=\"@Stolmar24\" \/>\n<meta name=\"twitter:label1\" content=\"Est. reading time\" \/>\n\t<meta name=\"twitter:data1\" content=\"2 minutes\" \/>\n<script type=\"application\/ld+json\" class=\"yoast-schema-graph\">{\"@context\":\"https:\\\/\\\/schema.org\",\"@graph\":[{\"@type\":\"WebPage\",\"@id\":\"https:\\\/\\\/stolmar24.com\\\/en\\\/range-of-colors-gealan\\\/\",\"url\":\"https:\\\/\\\/stolmar24.com\\\/en\\\/range-of-colors-gealan\\\/\",\"name\":\"Gealan PCV windows - colouring - STolmar\",\"isPartOf\":{\"@id\":\"https:\\\/\\\/stolmar24.com\\\/#website\"},\"datePublished\":\"2017-02-09T10:32:03+00:00\",\"dateModified\":\"2017-02-09T10:32:04+00:00\",\"breadcrumb\":{\"@id\":\"https:\\\/\\\/stolmar24.com\\\/en\\\/range-of-colors-gealan\\\/#breadcrumb\"},\"inLanguage\":\"en-US\",\"potentialAction\":[{\"@type\":\"ReadAction\",\"target\":[\"https:\\\/\\\/stolmar24.com\\\/en\\\/range-of-colors-gealan\\\/\"]}]},{\"@type\":\"BreadcrumbList\",\"@id\":\"https:\\\/\\\/stolmar24.com\\\/en\\\/range-of-colors-gealan\\\/#breadcrumb\",\"itemListElement\":[{\"@type\":\"ListItem\",\"position\":1,\"name\":\"Strona g\u0142\u00f3wna\",\"item\":\"https:\\\/\\\/stolmar24.com\\\/en\\\/\"},{\"@type\":\"ListItem\",\"position\":2,\"name\":\"Range of colors Gealan\"}]},{\"@type\":\"WebSite\",\"@id\":\"https:\\\/\\\/stolmar24.com\\\/#website\",\"url\":\"https:\\\/\\\/stolmar24.com\\\/\",\"name\":\"Stolmar\",\"description\":\"Window joinery manufacturer\",\"potentialAction\":[{\"@type\":\"SearchAction\",\"target\":{\"@type\":\"EntryPoint\",\"urlTemplate\":\"https:\\\/\\\/stolmar24.com\\\/?s={search_term_string}\"},\"query-input\":{\"@type\":\"PropertyValueSpecification\",\"valueRequired\":true,\"valueName\":\"search_term_string\"}}],\"inLanguage\":\"en-US\"}]}<\/script>\n<!-- \/ Yoast SEO plugin. -->","yoast_head_json":{"title":"Gealan PCV windows - colouring - STolmar","robots":{"index":"index","follow":"follow","max-snippet":"max-snippet:-1","max-image-preview":"max-image-preview:large","max-video-preview":"max-video-preview:-1"},"canonical":"https:\/\/stolmar24.com\/en\/range-of-colors-gealan\/","og_locale":"en_US","og_type":"article","og_title":"Gealan PCV windows - colouring - STolmar","og_description":"Colorful windows can create a great character of the house or apartment. They can also be external decoration as well as an important element of our aesthetics of our\u00a0interior. Depending on your tastes and the vision of designers colorful windows can provide a clear accents on walls or on the contrary harmoniously fit into the [&hellip;]","og_url":"https:\/\/stolmar24.com\/en\/range-of-colors-gealan\/","og_site_name":"Stolmar","article_publisher":"https:\/\/www.facebook.com\/STOLMAR-1482853595329004\/","article_modified_time":"2017-02-09T10:32:04+00:00","twitter_card":"summary_large_image","twitter_site":"@Stolmar24","twitter_misc":{"Est. reading time":"2 minutes"},"schema":{"@context":"https:\/\/schema.org","@graph":[{"@type":"WebPage","@id":"https:\/\/stolmar24.com\/en\/range-of-colors-gealan\/","url":"https:\/\/stolmar24.com\/en\/range-of-colors-gealan\/","name":"Gealan PCV windows - colouring - STolmar","isPartOf":{"@id":"https:\/\/stolmar24.com\/#website"},"datePublished":"2017-02-09T10:32:03+00:00","dateModified":"2017-02-09T10:32:04+00:00","breadcrumb":{"@id":"https:\/\/stolmar24.com\/en\/range-of-colors-gealan\/#breadcrumb"},"inLanguage":"en-US","potentialAction":[{"@type":"ReadAction","target":["https:\/\/stolmar24.com\/en\/range-of-colors-gealan\/"]}]},{"@type":"BreadcrumbList","@id":"https:\/\/stolmar24.com\/en\/range-of-colors-gealan\/#breadcrumb","itemListElement":[{"@type":"ListItem","position":1,"name":"Strona g\u0142\u00f3wna","item":"https:\/\/stolmar24.com\/en\/"},{"@type":"ListItem","position":2,"name":"Range of colors Gealan"}]},{"@type":"WebSite","@id":"https:\/\/stolmar24.com\/#website","url":"https:\/\/stolmar24.com\/","name":"Stolmar","description":"Window joinery manufacturer","potentialAction":[{"@type":"SearchAction","target":{"@type":"EntryPoint","urlTemplate":"https:\/\/stolmar24.com\/?s={search_term_string}"},"query-input":{"@type":"PropertyValueSpecification","valueRequired":true,"valueName":"search_term_string"}}],"inLanguage":"en-US"}]}},"_links":{"self":[{"href":"https:\/\/stolmar24.com\/en\/wp-json\/wp\/v2\/pages\/7137","targetHints":{"allow":["GET"]}}],"collection":[{"href":"https:\/\/stolmar24.com\/en\/wp-json\/wp\/v2\/pages"}],"about":[{"href":"https:\/\/stolmar24.com\/en\/wp-json\/wp\/v2\/types\/page"}],"author":[{"embeddable":true,"href":"https:\/\/stolmar24.com\/en\/wp-json\/wp\/v2\/users\/10"}],"replies":[{"embeddable":true,"href":"https:\/\/stolmar24.com\/en\/wp-json\/wp\/v2\/comments?post=7137"}],"version-history":[{"count":0,"href":"https:\/\/stolmar24.com\/en\/wp-json\/wp\/v2\/pages\/7137\/revisions"}],"wp:attachment":[{"href":"https:\/\/stolmar24.com\/en\/wp-json\/wp\/v2\/media?parent=7137"}],"curies":[{"name":"wp","href":"https:\/\/api.w.org\/{rel}","templated":true}]}}