{"id":7063,"date":"2017-02-07T15:37:27","date_gmt":"2017-02-07T14:37:27","guid":{"rendered":"http:\/\/stolmar24.com\/sliding-systems\/"},"modified":"2017-02-07T15:37:53","modified_gmt":"2017-02-07T14:37:53","slug":"sliding-systems","status":"publish","type":"page","link":"https:\/\/stolmar24.com\/en\/sliding-systems\/","title":{"rendered":"Sliding systems"},"content":{"rendered":"<p>[et_pb_section admin_label=&#8221;section&#8221; fullwidth=&#8221;on&#8221; specialty=&#8221;off&#8221; transparent_background=&#8221;off&#8221; background_color=&#8221;#4ac1d3&#8243; allow_player_pause=&#8221;off&#8221; inner_shadow=&#8221;off&#8221; parallax=&#8221;off&#8221; parallax_method=&#8221;off&#8221;][et_pb_fullwidth_header admin_label=&#8221;Nag\u0142\u00f3wek pe\u0142nej szeroko\u015bci&#8221; title=&#8221;SLIDING DOORS&#8221; subhead=&#8221;Top-class sliding systems in Bydgoszcz&#8221; background_layout=&#8221;dark&#8221; text_orientation=&#8221;left&#8221; header_fullscreen=&#8221;off&#8221; header_scroll_down=&#8221;off&#8221; parallax=&#8221;off&#8221; parallax_method=&#8221;off&#8221; content_orientation=&#8221;center&#8221; image_orientation=&#8221;center&#8221; custom_button_one=&#8221;off&#8221; button_one_letter_spacing=&#8221;0&#8243; button_one_use_icon=&#8221;default&#8221; button_one_icon_placement=&#8221;right&#8221; button_one_on_hover=&#8221;on&#8221; button_one_letter_spacing_hover=&#8221;0&#8243; custom_button_two=&#8221;off&#8221; button_two_letter_spacing=&#8221;0&#8243; button_two_use_icon=&#8221;default&#8221; button_two_icon_placement=&#8221;right&#8221; button_two_on_hover=&#8221;on&#8221; button_two_letter_spacing_hover=&#8221;0&#8243;] [\/et_pb_fullwidth_header][\/et_pb_section][et_pb_section admin_label=&#8221;section&#8221;][et_pb_row admin_label=&#8221;row&#8221;][et_pb_column type=&#8221;4_4&#8243;][et_pb_text admin_label=&#8221;Tekst&#8221; background_layout=&#8221;light&#8221; text_orientation=&#8221;left&#8221; use_border_color=&#8221;off&#8221; border_color=&#8221;#ffffff&#8221; border_style=&#8221;solid&#8221;]<strong>Sliding systems<\/strong> (tilt and slide doors) are an excellent, technologically advanced alternative to traditional doors. Large glass areas make the rooms not only a significant amount of sunlight, but also create a feeling of open space, visually enlarging the interior. Although the various types of doors is quite a lot, there are many benefits from the use of sliding systems.<\/p>\n<p>The <strong>main advantage of sliding systems<\/strong> used in <strong>balcony doors<\/strong> is the fact that they not limit space inside during opening, <em>since the door leaf is aligned to the other one<\/em>. Same door leaf when moving is slightly raised, which reduces friction between the\u00a0doorstep and the gaskets. This provides a convenient and quiet usage. Some of the available systems have the ability to use additional low doorstep, which provides even greater comfort and almost flat transition to the outside.<\/p>\n<p>We invite you to familiarize yourself with the offer of Stolmar \u00a0which includes<strong> modern windows and sliding doors in Bydgoszcz<\/strong>, belonging to the <em>two sliding systems with excellent\u00a0reputation &#8211;\u00a0PSK and HST.<\/em>[\/et_pb_text][et_pb_cta admin_label=&#8221;Wezwanie do dzia\u0142ania&#8221; title=&#8221;The terrace tilt and slide system PSK&#8221; use_background_color=&#8221;on&#8221; background_color=&#8221;#7EBEC5&#8243; background_layout=&#8221;dark&#8221; text_orientation=&#8221;center&#8221;] [\/et_pb_cta][\/et_pb_column][\/et_pb_row][et_pb_row admin_label=&#8221;row&#8221;][et_pb_column type=&#8221;1_3&#8243;][et_pb_image admin_label=&#8221;Obraz&#8221; src=&#8221;http:\/\/stolmar24.com\/wp-content\/uploads\/okno-uchylno-przesuwne-PSK-stolmar-001.jpg&#8221; show_in_lightbox=&#8221;off&#8221; url_new_window=&#8221;off&#8221; animation=&#8221;off&#8221; sticky=&#8221;off&#8221; alt=&#8221;Sliding windows and doors in the PSK system &#8211; Stolmar Bydgoszcz&#8221; title_text=&#8221;Sliding windows and doors in the PSK system &#8211; Stolmar Bydgoszcz&#8221; use_overlay=&#8221;off&#8221; align=&#8221;left&#8221; force_fullwidth=&#8221;off&#8221; always_center_on_mobile=&#8221;on&#8221; use_border_color=&#8221;off&#8221; border_color=&#8221;#ffffff&#8221; border_style=&#8221;solid&#8221;] [\/et_pb_image][\/et_pb_column][et_pb_column type=&#8221;2_3&#8243;][et_pb_text admin_label=&#8221;Okna oraz drzwi balkonowe i tarasowe uchylno-przesuwne PSK&#8221; background_layout=&#8221;light&#8221; text_orientation=&#8221;left&#8221; use_border_color=&#8221;off&#8221; border_color=&#8221;#ffffff&#8221; border_style=&#8221;solid&#8221;]<\/p>\n<h2>Balcony doors with tilt and slide PSK system<\/h2>\n<p>[\/et_pb_text][et_pb_text admin_label=&#8221;Tekst&#8221; background_layout=&#8221;light&#8221; text_orientation=&#8221;left&#8221; use_border_color=&#8221;off&#8221; border_color=&#8221;#ffffff&#8221; border_style=&#8221;solid&#8221;]<strong>Windows and patio sliding tilt PSK<\/strong> are an interesting solution for traditional double-leaf balconies. A different and modern feature is provided in these doors mechanism that allows both the opening and tilting of the leaf. Their another big\u00a0advantage is the lack of limiting the living space by preventing the opening of windows inwards. At the <em>PSK doors rotation is parallel to the fixed leaf<\/em>, one wing of which is motionless<br \/>\nand the other one is movable. Such solutions are becoming more popular not only in Bydgoszcz or Poland, but also in many countries.[\/et_pb_text][\/et_pb_column][\/et_pb_row][et_pb_row admin_label=&#8221;row&#8221;][et_pb_column type=&#8221;4_4&#8243;][et_pb_cta admin_label=&#8221;Wezwanie do dzia\u0142ania&#8221; title=&#8221;Lift and slide HST door system&#8221; use_background_color=&#8221;on&#8221; background_layout=&#8221;dark&#8221; text_orientation=&#8221;center&#8221; background_color=&#8221;#7EBEC5&#8243;] [\/et_pb_cta][\/et_pb_column][\/et_pb_row][et_pb_row admin_label=&#8221;row&#8221;][et_pb_column type=&#8221;1_3&#8243;][et_pb_image admin_label=&#8221;Obraz&#8221; src=&#8221;http:\/\/stolmar24.com\/wp-content\/uploads\/okno-podnoszono-przesuwne-HST-stolmar-001.jpg&#8221; show_in_lightbox=&#8221;off&#8221; url_new_window=&#8221;off&#8221; animation=&#8221;off&#8221; sticky=&#8221;off&#8221; alt=&#8221;Lift and slide doors in HST system &#8211; Stolmar Bydgoszcz&#8221; title_text=&#8221;Lift and slide doors in HST system &#8211; Stolmar Bydgoszcz&#8221; use_overlay=&#8221;off&#8221; align=&#8221;left&#8221; force_fullwidth=&#8221;off&#8221; always_center_on_mobile=&#8221;on&#8221; use_border_color=&#8221;off&#8221; border_color=&#8221;#ffffff&#8221; border_style=&#8221;solid&#8221;] [\/et_pb_image][\/et_pb_column][et_pb_column type=&#8221;2_3&#8243;][et_pb_text admin_label=&#8221;Okna oraz drzwi balkonowe i tarasowe uchylno-przesuwne PSK&#8221; background_layout=&#8221;light&#8221; text_orientation=&#8221;left&#8221; use_border_color=&#8221;off&#8221; border_color=&#8221;#ffffff&#8221; border_style=&#8221;solid&#8221;]<\/p>\n<h2>Lift and slide\u00a0balcony doors in\u00a0PSK system<\/h2>\n<p>[\/et_pb_text][et_pb_text admin_label=&#8221;Tekst&#8221; background_layout=&#8221;light&#8221; text_orientation=&#8221;left&#8221; use_border_color=&#8221;off&#8221; border_color=&#8221;#ffffff&#8221; border_style=&#8221;solid&#8221;]<strong>Tilst and slide HST balcony doors<\/strong> are used wherever \u00a0the spacious building, devoid of any barriers, is important. A different and innovative feature is door mechanism which allows both sliding the leaf\u00a0and lifting it up. Another\u00a0great advantage is lack of limits of living space.<\/p>\n<p>At the HST \u00a0doors the movement occurs parallel to the fixed leaf &#8211;\u00a0one leaf\u00a0is fixed and the other one &#8211; movable. Large glass surfaces provide a constant flow of light into the room. The glass also seems to be directly connected with the floor because the doorstep\u00a0is almost invisible and it looks like\u00a0there is no border\u00a0between the inner and outer world.[\/et_pb_text][\/et_pb_column][\/et_pb_row][\/et_pb_section]<\/p>\n","protected":false},"excerpt":{"rendered":"<p>Sliding systems (tilt and slide doors) are an excellent, technologically advanced alternative to traditional doors. Large glass areas make the rooms not only a significant amount of sunlight, but also create a feeling of open space, visually enlarging the interior. Although the various types of doors is quite a lot, there are many benefits from [&hellip;]<\/p>\n","protected":false},"author":10,"featured_media":0,"parent":0,"menu_order":0,"comment_status":"open","ping_status":"closed","template":"","meta":{"_et_pb_use_builder":"on","_et_pb_old_content":"","_et_gb_content_width":"","footnotes":""},"class_list":["post-7063","page","type-page","status-publish","hentry"],"yoast_head":"<!-- This site is optimized with the Yoast SEO plugin v27.4 - https:\/\/yoast.com\/product\/yoast-seo-wordpress\/ -->\n<title>Sliding doors - systems for windows and doors - Stolmar Bydgoszcz<\/title>\n<meta name=\"description\" content=\"Modern windows and sliding door systems offered in Bydgoszcz by Stolmar represent great alternative to conventional doors.\" \/>\n<meta name=\"robots\" content=\"index, follow, max-snippet:-1, max-image-preview:large, max-video-preview:-1\" \/>\n<link rel=\"canonical\" href=\"https:\/\/stolmar24.com\/en\/sliding-systems\/\" \/>\n<meta property=\"og:locale\" content=\"en_US\" \/>\n<meta property=\"og:type\" content=\"article\" \/>\n<meta property=\"og:title\" content=\"Sliding doors - systems for windows and doors - Stolmar Bydgoszcz\" \/>\n<meta property=\"og:description\" content=\"Modern windows and sliding door systems offered in Bydgoszcz by Stolmar represent great alternative to conventional doors.\" \/>\n<meta property=\"og:url\" content=\"https:\/\/stolmar24.com\/en\/sliding-systems\/\" \/>\n<meta property=\"og:site_name\" content=\"Stolmar\" \/>\n<meta property=\"article:publisher\" content=\"https:\/\/www.facebook.com\/STOLMAR-1482853595329004\/\" \/>\n<meta property=\"article:modified_time\" content=\"2017-02-07T14:37:53+00:00\" \/>\n<meta name=\"twitter:card\" content=\"summary_large_image\" \/>\n<meta name=\"twitter:site\" content=\"@Stolmar24\" \/>\n<meta name=\"twitter:label1\" content=\"Est. reading time\" \/>\n\t<meta name=\"twitter:data1\" content=\"5 minutes\" \/>\n<script type=\"application\/ld+json\" class=\"yoast-schema-graph\">{\"@context\":\"https:\\\/\\\/schema.org\",\"@graph\":[{\"@type\":\"WebPage\",\"@id\":\"https:\\\/\\\/stolmar24.com\\\/en\\\/sliding-systems\\\/\",\"url\":\"https:\\\/\\\/stolmar24.com\\\/en\\\/sliding-systems\\\/\",\"name\":\"Sliding doors - systems for windows and doors - Stolmar Bydgoszcz\",\"isPartOf\":{\"@id\":\"https:\\\/\\\/stolmar24.com\\\/#website\"},\"datePublished\":\"2017-02-07T14:37:27+00:00\",\"dateModified\":\"2017-02-07T14:37:53+00:00\",\"description\":\"Modern windows and sliding door systems offered in Bydgoszcz by Stolmar represent great alternative to conventional doors.\",\"breadcrumb\":{\"@id\":\"https:\\\/\\\/stolmar24.com\\\/en\\\/sliding-systems\\\/#breadcrumb\"},\"inLanguage\":\"en-US\",\"potentialAction\":[{\"@type\":\"ReadAction\",\"target\":[\"https:\\\/\\\/stolmar24.com\\\/en\\\/sliding-systems\\\/\"]}]},{\"@type\":\"BreadcrumbList\",\"@id\":\"https:\\\/\\\/stolmar24.com\\\/en\\\/sliding-systems\\\/#breadcrumb\",\"itemListElement\":[{\"@type\":\"ListItem\",\"position\":1,\"name\":\"Strona g\u0142\u00f3wna\",\"item\":\"https:\\\/\\\/stolmar24.com\\\/en\\\/\"},{\"@type\":\"ListItem\",\"position\":2,\"name\":\"Sliding systems\"}]},{\"@type\":\"WebSite\",\"@id\":\"https:\\\/\\\/stolmar24.com\\\/#website\",\"url\":\"https:\\\/\\\/stolmar24.com\\\/\",\"name\":\"Stolmar\",\"description\":\"Window joinery manufacturer\",\"potentialAction\":[{\"@type\":\"SearchAction\",\"target\":{\"@type\":\"EntryPoint\",\"urlTemplate\":\"https:\\\/\\\/stolmar24.com\\\/?s={search_term_string}\"},\"query-input\":{\"@type\":\"PropertyValueSpecification\",\"valueRequired\":true,\"valueName\":\"search_term_string\"}}],\"inLanguage\":\"en-US\"}]}<\/script>\n<!-- \/ Yoast SEO plugin. -->","yoast_head_json":{"title":"Sliding doors - systems for windows and doors - Stolmar Bydgoszcz","description":"Modern windows and sliding door systems offered in Bydgoszcz by Stolmar represent great alternative to conventional doors.","robots":{"index":"index","follow":"follow","max-snippet":"max-snippet:-1","max-image-preview":"max-image-preview:large","max-video-preview":"max-video-preview:-1"},"canonical":"https:\/\/stolmar24.com\/en\/sliding-systems\/","og_locale":"en_US","og_type":"article","og_title":"Sliding doors - systems for windows and doors - Stolmar Bydgoszcz","og_description":"Modern windows and sliding door systems offered in Bydgoszcz by Stolmar represent great alternative to conventional doors.","og_url":"https:\/\/stolmar24.com\/en\/sliding-systems\/","og_site_name":"Stolmar","article_publisher":"https:\/\/www.facebook.com\/STOLMAR-1482853595329004\/","article_modified_time":"2017-02-07T14:37:53+00:00","twitter_card":"summary_large_image","twitter_site":"@Stolmar24","twitter_misc":{"Est. reading time":"5 minutes"},"schema":{"@context":"https:\/\/schema.org","@graph":[{"@type":"WebPage","@id":"https:\/\/stolmar24.com\/en\/sliding-systems\/","url":"https:\/\/stolmar24.com\/en\/sliding-systems\/","name":"Sliding doors - systems for windows and doors - Stolmar Bydgoszcz","isPartOf":{"@id":"https:\/\/stolmar24.com\/#website"},"datePublished":"2017-02-07T14:37:27+00:00","dateModified":"2017-02-07T14:37:53+00:00","description":"Modern windows and sliding door systems offered in Bydgoszcz by Stolmar represent great alternative to conventional doors.","breadcrumb":{"@id":"https:\/\/stolmar24.com\/en\/sliding-systems\/#breadcrumb"},"inLanguage":"en-US","potentialAction":[{"@type":"ReadAction","target":["https:\/\/stolmar24.com\/en\/sliding-systems\/"]}]},{"@type":"BreadcrumbList","@id":"https:\/\/stolmar24.com\/en\/sliding-systems\/#breadcrumb","itemListElement":[{"@type":"ListItem","position":1,"name":"Strona g\u0142\u00f3wna","item":"https:\/\/stolmar24.com\/en\/"},{"@type":"ListItem","position":2,"name":"Sliding systems"}]},{"@type":"WebSite","@id":"https:\/\/stolmar24.com\/#website","url":"https:\/\/stolmar24.com\/","name":"Stolmar","description":"Window joinery manufacturer","potentialAction":[{"@type":"SearchAction","target":{"@type":"EntryPoint","urlTemplate":"https:\/\/stolmar24.com\/?s={search_term_string}"},"query-input":{"@type":"PropertyValueSpecification","valueRequired":true,"valueName":"search_term_string"}}],"inLanguage":"en-US"}]}},"_links":{"self":[{"href":"https:\/\/stolmar24.com\/en\/wp-json\/wp\/v2\/pages\/7063","targetHints":{"allow":["GET"]}}],"collection":[{"href":"https:\/\/stolmar24.com\/en\/wp-json\/wp\/v2\/pages"}],"about":[{"href":"https:\/\/stolmar24.com\/en\/wp-json\/wp\/v2\/types\/page"}],"author":[{"embeddable":true,"href":"https:\/\/stolmar24.com\/en\/wp-json\/wp\/v2\/users\/10"}],"replies":[{"embeddable":true,"href":"https:\/\/stolmar24.com\/en\/wp-json\/wp\/v2\/comments?post=7063"}],"version-history":[{"count":0,"href":"https:\/\/stolmar24.com\/en\/wp-json\/wp\/v2\/pages\/7063\/revisions"}],"wp:attachment":[{"href":"https:\/\/stolmar24.com\/en\/wp-json\/wp\/v2\/media?parent=7063"}],"curies":[{"name":"wp","href":"https:\/\/api.w.org\/{rel}","templated":true}]}}