{"id":7032,"date":"2017-02-03T00:53:34","date_gmt":"2017-02-02T23:53:34","guid":{"rendered":"http:\/\/stolmar24.com\/aluminium-systems\/"},"modified":"2017-02-03T00:53:39","modified_gmt":"2017-02-02T23:53:39","slug":"aluminium-systems","status":"publish","type":"page","link":"https:\/\/stolmar24.com\/en\/aluminium-systems\/","title":{"rendered":"Aluminium systems"},"content":{"rendered":"<p>[et_pb_section admin_label=&#8221;section&#8221; fullwidth=&#8221;on&#8221; specialty=&#8221;off&#8221; transparent_background=&#8221;off&#8221; background_color=&#8221;#4ac1d3&#8243; allow_player_pause=&#8221;off&#8221; inner_shadow=&#8221;off&#8221; parallax=&#8221;off&#8221; parallax_method=&#8221;off&#8221;][et_pb_fullwidth_header admin_label=&#8221;Nag\u0142\u00f3wek pe\u0142nej szeroko\u015bci&#8221; title=&#8221;ALUMINIUM SYSTEM&#8221; subhead=&#8221;Aluminum windows and doors in Bydgoszcz&#8221; background_layout=&#8221;dark&#8221; text_orientation=&#8221;left&#8221; header_fullscreen=&#8221;off&#8221; header_scroll_down=&#8221;off&#8221; parallax=&#8221;off&#8221; parallax_method=&#8221;off&#8221; content_orientation=&#8221;center&#8221; image_orientation=&#8221;center&#8221; custom_button_one=&#8221;off&#8221; button_one_letter_spacing=&#8221;0&#8243; button_one_use_icon=&#8221;default&#8221; button_one_icon_placement=&#8221;right&#8221; button_one_on_hover=&#8221;on&#8221; button_one_letter_spacing_hover=&#8221;0&#8243; custom_button_two=&#8221;off&#8221; button_two_letter_spacing=&#8221;0&#8243; button_two_use_icon=&#8221;default&#8221; button_two_icon_placement=&#8221;right&#8221; button_two_on_hover=&#8221;on&#8221; button_two_letter_spacing_hover=&#8221;0&#8243;] [\/et_pb_fullwidth_header][\/et_pb_section][et_pb_section admin_label=&#8221;section&#8221;][et_pb_row admin_label=&#8221;row&#8221;][et_pb_column type=&#8221;4_4&#8243;][et_pb_text admin_label=&#8221;Tekst&#8221; background_layout=&#8221;light&#8221; text_orientation=&#8221;left&#8221; use_border_color=&#8221;off&#8221; border_color=&#8221;#ffffff&#8221; border_style=&#8221;solid&#8221;]<strong>Aluminum windows and doors<\/strong>, which is a <strong>modern aluminum joinery<\/strong> is designed to be an answer to the contemporary architectural challenges, thanks to using the diversity of forms and shapes. <em>Aluminium<\/em> is the perfect material needed to meet the incerasing requirements of the market and even the most demanding customers expectations. Our company is engaged in <strong>manufacturing windows and doors with aluminum in Bydgoszcz.<\/strong><\/p>\n<p>The type and nature of the profiles allow achieving slim and <strong>resistant window and door constructions<\/strong> corresponding to individual customer preferences. Aluminum window and door systems are characterized by exceptional durability, lightweight design and maximum areas of the glazing.[\/et_pb_text][et_pb_cta admin_label=&#8221;Wezwanie do dzia\u0142ania&#8221; title=&#8221;External aluminium&#8221; use_background_color=&#8221;on&#8221; background_color=&#8221;#7EBEC5&#8243; background_layout=&#8221;dark&#8221; text_orientation=&#8221;center&#8221; url_new_window=&#8221;off&#8221; use_border_color=&#8221;off&#8221; border_color=&#8221;#ffffff&#8221; border_style=&#8221;solid&#8221; custom_button=&#8221;off&#8221; button_letter_spacing=&#8221;0&#8243; button_use_icon=&#8221;default&#8221; button_icon_placement=&#8221;right&#8221; button_on_hover=&#8221;on&#8221; button_letter_spacing_hover=&#8221;0&#8243;]Hot aluminium[\/et_pb_cta][\/et_pb_column][\/et_pb_row][et_pb_row admin_label=&#8221;row&#8221;][et_pb_column type=&#8221;1_3&#8243;][et_pb_image admin_label=&#8221;Obraz&#8221; src=&#8221;http:\/\/stolmar24.com\/wp-content\/uploads\/MB86-aero-drzwi1.jpg&#8221; show_in_lightbox=&#8221;off&#8221; url_new_window=&#8221;off&#8221; animation=&#8221;off&#8221; sticky=&#8221;off&#8221; alt=&#8221;Aluminum windows and doors in the MB86 system &#8211; Stolmar Bydgoszcz&#8221; title_text=&#8221;Aluminum windows and doors in the MB86 system &#8211; Stolmar Bydgoszcz&#8221; use_overlay=&#8221;off&#8221; align=&#8221;left&#8221; force_fullwidth=&#8221;off&#8221; always_center_on_mobile=&#8221;on&#8221; use_border_color=&#8221;off&#8221; border_color=&#8221;#ffffff&#8221; border_style=&#8221;solid&#8221;] [\/et_pb_image][et_pb_text admin_label=&#8221;System okienno-drzwiowy MB86&#8243; background_layout=&#8221;light&#8221; text_orientation=&#8221;center&#8221; use_border_color=&#8221;off&#8221; border_color=&#8221;#ffffff&#8221; border_style=&#8221;solid&#8221;]<\/p>\n<h2>Window and door system MB86<\/h2>\n<p>[\/et_pb_text][et_pb_text admin_label=&#8221;Tekst&#8221; background_layout=&#8221;light&#8221; text_orientation=&#8221;center&#8221; use_border_color=&#8221;off&#8221; border_color=&#8221;#ffffff&#8221; border_style=&#8221;solid&#8221;]<\/p>\n<p style=\"text-align: justify;\">Window and door system with high performance that gives the opportunity to satisfy\u00a0the diversity of user needs. This <strong>world&#8217;s first system of aluminum windows and doors in which the airgel was used<\/strong> \u00a0&#8211; a material with excellent thermal insulation. The advantages of the system include also the high strength profiles enabling creating\u00a0large size and weight constructions. There is also a version of windows with hidden leaf.<\/p>\n<p>[\/et_pb_text][\/et_pb_column][et_pb_column type=&#8221;1_3&#8243;][et_pb_image admin_label=&#8221;Obraz&#8221; src=&#8221;http:\/\/stolmar24.com\/wp-content\/uploads\/mb70-hi-drzwi.jpg&#8221; show_in_lightbox=&#8221;off&#8221; url_new_window=&#8221;off&#8221; animation=&#8221;off&#8221; sticky=&#8221;off&#8221; alt=&#8221;Aluminum windows and doors in the MB70 system &#8211; Stolmar Bydgoszcz&#8221; title_text=&#8221;Aluminum windows and doors in the MB70 system &#8211; Stolmar Bydgoszcz&#8221; use_overlay=&#8221;off&#8221; align=&#8221;left&#8221; force_fullwidth=&#8221;off&#8221; always_center_on_mobile=&#8221;on&#8221; use_border_color=&#8221;off&#8221; border_color=&#8221;#ffffff&#8221; border_style=&#8221;solid&#8221;] [\/et_pb_image][et_pb_text admin_label=&#8221;System okienno-drzwiowy MB70&#8243; background_layout=&#8221;light&#8221; text_orientation=&#8221;center&#8221; use_border_color=&#8221;off&#8221; border_color=&#8221;#ffffff&#8221; border_style=&#8221;solid&#8221;]<\/p>\n<h2>Window and door system MB70<\/h2>\n<p>[\/et_pb_text][et_pb_text admin_label=&#8221;Tekst&#8221; background_layout=&#8221;light&#8221; text_orientation=&#8221;center&#8221; use_border_color=&#8221;off&#8221; border_color=&#8221;#ffffff&#8221; border_style=&#8221;solid&#8221;]This aluminum system is used to creating\u00a0very good thermal and acoustic insulation in\u00a0outside\u00a0architectural building elements, such as various types of windows, doors, vestibules, spatial structures. It has a version with enhanced thermal insulation, obtained through the use of special refills\u00a0inside the insulating sections and the are under the glass. In the MB-70 system it is possible to make <strong>anti-burglar aluminum windows and doors<\/strong> and <strong>smoke-resisting windows.<\/strong>[\/et_pb_text][\/et_pb_column][et_pb_column type=&#8221;1_3&#8243;][et_pb_image admin_label=&#8221;Obraz&#8221; src=&#8221;http:\/\/stolmar24.com\/wp-content\/uploads\/mb60-drzwi.jpg&#8221; show_in_lightbox=&#8221;off&#8221; url_new_window=&#8221;off&#8221; animation=&#8221;off&#8221; sticky=&#8221;off&#8221; alt=&#8221;Aluminum windows and doors in the MB60 system &#8211; Stolmar Bydgoszcz&#8221; title_text=&#8221;Aluminum windows and doors in the MB86 system &#8211; Stolmar Bydgoszcz&#8221; use_overlay=&#8221;off&#8221; align=&#8221;left&#8221; force_fullwidth=&#8221;off&#8221; always_center_on_mobile=&#8221;on&#8221; use_border_color=&#8221;off&#8221; border_color=&#8221;#ffffff&#8221; border_style=&#8221;solid&#8221;] [\/et_pb_image][et_pb_text admin_label=&#8221;System okienno-drzwiowy MB60&#8243; background_layout=&#8221;light&#8221; text_orientation=&#8221;center&#8221; use_border_color=&#8221;off&#8221; border_color=&#8221;#ffffff&#8221; border_style=&#8221;solid&#8221;]<\/p>\n<h2>Window and door system MB60<\/h2>\n<p>[\/et_pb_text][et_pb_text admin_label=&#8221;Tekst&#8221; background_layout=&#8221;light&#8221; text_orientation=&#8221;center&#8221; use_border_color=&#8221;off&#8221; border_color=&#8221;#ffffff&#8221; border_style=&#8221;solid&#8221;]This modern aluminum system is installed mainly in situations requiring thermal and acoustic insulation in exterior architectural elements. An example of this type of application can be eg. <strong>windows<\/strong> and <strong>entrance doors,\u00a0<\/strong><em>vestibules<\/em>, <em>site windows<\/em>, as well as various\u00a0kind of spatial structures.[\/et_pb_text][\/et_pb_column][\/et_pb_row][et_pb_row admin_label=&#8221;row&#8221;][et_pb_column type=&#8221;1_2&#8243;][et_pb_cta admin_label=&#8221;Wezwanie do dzia\u0142ania&#8221; title=&#8221;Internal aluminium&#8221; use_background_color=&#8221;on&#8221; background_color=&#8221;#7EBEC5&#8243; background_layout=&#8221;dark&#8221; text_orientation=&#8221;center&#8221;]Hot aluminium[\/et_pb_cta][et_pb_image admin_label=&#8221;Obraz&#8221; src=&#8221;http:\/\/stolmar24.com\/wp-content\/uploads\/mb45-drzwi-podstawowe.jpg&#8221; show_in_lightbox=&#8221;off&#8221; url_new_window=&#8221;off&#8221; animation=&#8221;off&#8221; sticky=&#8221;off&#8221;] [\/et_pb_image][et_pb_text admin_label=&#8221;Tekst&#8221; background_layout=&#8221;light&#8221; text_orientation=&#8221;center&#8221;]<\/p>\n<h2>Window and door system MB45<\/h2>\n<p>[\/et_pb_text][et_pb_text admin_label=&#8221;Tekst&#8221; background_layout=&#8221;light&#8221; text_orientation=&#8221;center&#8221; use_border_color=&#8221;off&#8221; border_color=&#8221;#ffffff&#8221; border_style=&#8221;solid&#8221;]This system is mainly used <strong>inside the building<\/strong>. An example\u00a0would be a partition walls, windows and <strong>sliding,<\/strong> swinging and automatic doors. Other popular uses for of this system are: <strong>vestibules, site windows, boxes, partitions or smoke-resistant doors<\/strong>. Using the window and door system MB45 is possible in all situations which do not require thermal insulation profile.[\/et_pb_text][\/et_pb_column][et_pb_column type=&#8221;1_2&#8243;][et_pb_cta admin_label=&#8221;Wezwanie do dzia\u0142ania&#8221; title=&#8221;Aluminum facades&#8221; use_background_color=&#8221;on&#8221; background_color=&#8221;#7EBEC5&#8243; background_layout=&#8221;dark&#8221; text_orientation=&#8221;center&#8221;]Facade system[\/et_pb_cta][et_pb_image admin_label=&#8221;Obraz&#8221; src=&#8221;http:\/\/stolmar24.com\/wp-content\/uploads\/mbsr50n.jpg&#8221; show_in_lightbox=&#8221;off&#8221; url_new_window=&#8221;off&#8221; animation=&#8221;off&#8221; sticky=&#8221;off&#8221;] [\/et_pb_image][et_pb_text admin_label=&#8221;Tekst&#8221; background_layout=&#8221;light&#8221; text_orientation=&#8221;center&#8221;]<\/p>\n<h2>Facade system MB-SR50 N<\/h2>\n<p>[\/et_pb_text][et_pb_text admin_label=&#8221;Tekst&#8221; background_layout=&#8221;light&#8221; text_orientation=&#8221;center&#8221; use_border_color=&#8221;off&#8221; border_color=&#8221;#ffffff&#8221; border_style=&#8221;solid&#8221;]<\/p>\n<p style=\"text-align: justify;\">The system has been designed for constructing and creating the light curtain walls of hanging and filling type as well as <strong>roofs, skylights and other spatial structures.<\/strong> Windows supported by this system are also the basis for the version with enhanced thermal insulation and fire protection solutions. It is also associated with structures of various types of windows: top-hung casement opening outwards, roof windows\u00a0and windows integrated with the facade. Thanks to the wide range of solutions based on the facade MB-SR50N architects and designers can accomplish\u00a0even the most original ideas in the field of aluminum-glass structures.<\/p>\n<p>[\/et_pb_text][\/et_pb_column][\/et_pb_row][\/et_pb_section][et_pb_section admin_label=&#8221;section&#8221; fullwidth=&#8221;off&#8221; specialty=&#8221;off&#8221;][et_pb_row admin_label=&#8221;row&#8221;][et_pb_column type=&#8221;4_4&#8243;][et_pb_cta admin_label=&#8221;Wezwanie do dzia\u0142ania&#8221; title=&#8221;Aluminium systems in Stolmar projects&#8221; use_background_color=&#8221;on&#8221; background_color=&#8221;#757575&#8243; background_layout=&#8221;dark&#8221; text_orientation=&#8221;center&#8221;] [\/et_pb_cta][\/et_pb_column][\/et_pb_row][et_pb_row admin_label=&#8221;row&#8221;][et_pb_column type=&#8221;1_3&#8243;][et_pb_image admin_label=&#8221;Obraz&#8221; src=&#8221;http:\/\/stolmar24.com\/wp-content\/uploads\/stolmar-okna-realizacja-centrum-medyczne-bb-003.jpg&#8221; show_in_lightbox=&#8221;off&#8221; url=&#8221;http:\/\/stolmar24.com\/?project=centrum-medyczne-bb&#8221; url_new_window=&#8221;off&#8221; animation=&#8221;left&#8221; sticky=&#8221;off&#8221;] [\/et_pb_image][et_pb_text admin_label=&#8221;Tekst&#8221; background_layout=&#8221;light&#8221; text_orientation=&#8221;center&#8221;]Medical Centre at Bia\u0142e B\u0142ota[\/et_pb_text][\/et_pb_column][et_pb_column type=&#8221;1_3&#8243;][et_pb_image admin_label=&#8221;Obraz&#8221; src=&#8221;http:\/\/stolmar24.com\/wp-content\/uploads\/stolmar-okna-realizacja-biblioteka-ukw-016.jpg&#8221; show_in_lightbox=&#8221;off&#8221; url=&#8221;http:\/\/stolmar24.com\/?project=1098&#8243; url_new_window=&#8221;off&#8221; animation=&#8221;left&#8221; sticky=&#8221;off&#8221;] [\/et_pb_image][et_pb_text admin_label=&#8221;Tekst&#8221; background_layout=&#8221;light&#8221; text_orientation=&#8221;center&#8221;]Biblioteka Uniwersytetu Kazimierza Wielkiego[\/et_pb_text][\/et_pb_column][et_pb_column type=&#8221;1_3&#8243;][et_pb_image admin_label=&#8221;Obraz&#8221; src=&#8221;http:\/\/stolmar24.com\/wp-content\/uploads\/stolmar-okna-realizacja-tranzax-003.jpg&#8221; show_in_lightbox=&#8221;off&#8221; url=&#8221;http:\/\/stolmar24.com\/?project=tranzax&#8221; url_new_window=&#8221;off&#8221; animation=&#8221;left&#8221; sticky=&#8221;off&#8221;] [\/et_pb_image][et_pb_text admin_label=&#8221;Tekst&#8221; background_layout=&#8221;light&#8221; text_orientation=&#8221;center&#8221;]Tranzax building[\/et_pb_text][\/et_pb_column][\/et_pb_row][et_pb_row admin_label=&#8221;Wiersz&#8221;][et_pb_column type=&#8221;4_4&#8243;][et_pb_divider admin_label=&#8221;Separator&#8221; color=&#8221;#ffffff&#8221; show_divider=&#8221;off&#8221; height=&#8221;10&#8243; divider_style=&#8221;solid&#8221; divider_position=&#8221;top&#8221; hide_on_mobile=&#8221;on&#8221;] [\/et_pb_divider][et_pb_text admin_label=&#8221;Tekst&#8221; background_layout=&#8221;light&#8221; text_orientation=&#8221;left&#8221; use_border_color=&#8221;off&#8221; border_color=&#8221;#ffffff&#8221; border_style=&#8221;solid&#8221;]<\/p>\n<h2>Golden era of aluminum windows and doors<\/h2>\n<p>When we consider what door to choose, we often ask ourselves the question: Whether is it worth to choose <strong>windows made of aluminum<\/strong>? We do this not by accident, because aluminum is very durable material that is lightweight and will not rust easily. In addition, windows with large glass surfaces with aluminum border are very popular too. What are benefits od using aluminum in both cases?<\/p>\n<p>China, Russia, Canada and the United States are the largest manufacturers of <strong>aluminum windows<\/strong>. The undisputed leader here is China, which annually provide approximately 30% of the raw material for the market. <strong>Aluminium<\/strong>\u00a0entered also for good into our homes as a material increasingly willing to use in<strong> the production of windows and doors.<\/strong> Aluminium ends\u00a0being associated with a symbol of a minion\u00a0era, when the Poles had access to it only through foreign cans or dishes in the milk bars. Today no one thinks in this wayabout<strong> the windows and doors made of aluminum<\/strong>, and it is used for much larger projects than the production ofdishes or cans.<\/p>\n<h2>Golden Era of aluminum<\/h2>\n<p>In 1825 Dane Oersted discovers the aluminum element. However, only in the next century aluminum become fashionable thanks to produced dishes and cans from it. In contrast, as the material for the <strong>production of windows and doors, aluminum<\/strong> will be used on a wider scale at the turn of the XX and XXI century. Then the manufacturers of windows and doors will see the potential in aluminum and will start to invest in this way to <strong>produce windows and doors<\/strong>. Demand for <strong>aluminum joinery<\/strong> will rise.<\/p>\n<h2>Ecological solution<\/h2>\n<p>Nowadays, when we all try to live ecologically due to ongoing global warming, <strong>aluminum joinery<\/strong> triumphs. No wonder, since the aluminum joinery is an exceptionally environmentally friendly way to create a different part of the home furnishing &#8211; from windows, through the door, and finally aluminum illuminated cabinets. All products made of aluminum in 100% are suitable to processing and can be safely recycled. That is why they are so highly recommended not only to people who want to care for our planet, but for all for whom the future of Earth\u00a0is not totally neutral.<\/p>\n<h2>Energy efficiency<\/h2>\n<p>This is another advantage of aluminum joinery. Thanks to the use of aluminum and thermal separators\u00a0we can obtain high performance thermal insulation, which in practice means that with<strong> aluminum doors or windows <\/strong>weather condition outside will not have an impact on us. We do not need to worry about wind blowing or snowing because the windows and doors made of aluminum separates us from these dangerous weather phenomena. What&#8217;s more, they keep us warm in the middle of our house or apartment. With this function we can also save a lot on heating, which we will not have to tweak, because the apartment will prevail optimum temperature. Throwing into oven will also not be necessary,because the heat does not escape through the windows or doors.<\/p>\n<h2>Aluminum doors &#8211; a specialty of the company Stolmar<\/h2>\n<p>Poles are more and more willing to choose this type of door. Not surprisingly, the material used in their production is sure that the door will not be so easily broken. Why? Firstly,<strong> aluminum in the contrast to other metals do not corrode<\/strong> and therefore does not rust. Moreover, constructions are very durable because they do not become damaged by moisture or UV radiation. In addition, the doors which are made of aluminum does not deform making this\u00a0additional advantage. This knowledge also have specialists from the Stolmar company who gladly meet your expectations. <strong>Aluminium doors from Bydgoszcz<\/strong>\u00a0as a key phrase, which will lead us straight to a page where we can see the door prepared by professionals from STOLMAR. In the offer we will also find different types of doors. By clicking on the link: <a href=\"http:\/\/stolmar24.com\/systemy-przesuwne\/\"><strong>sliding doors bydgoszcz<\/strong><\/a>\u00a0, you will see a page dedicated to the sliding window systems where ypu can\u00a0view the various projects of this type of doors as the Stolmar implementation.<\/p>\n<h2>Aluminium windows direct from Stolmar<\/h2>\n<p>Large glazing areas we inevitably associate with easy heat loss and feeling the negative effects of the weather: wind, rain or snow. On the other hand, a large window, with, for example, view of\u00a0the forest or a beautiful garden with roses is the dream of many people who sadly gives up its for, as they think, practical reasons . &#8221; Because what is benefit from\u00a0a wonderful view when the windows let in water and the wind &#8221;. We now want to disprove this stereotype.<\/p>\n<p>Large areas of glazing may be much more comfortable than these small windows. Everything depends on how we use the material when it is created. <strong>Professionals\u00a0in Stolmar<\/strong>\u00a0rely on windows that due to using aluminum and guarantee the windows provide insulation on the outside and the water resistance as well as protection against the wind. This type of windows, as indeed \u00a0as any other, we can cover. For this purpose will prove themselves the <a href=\"http:\/\/stolmar24.com\/en\/roller-shutters\/\"><strong>roller shutters in Bydgoszcz.<\/strong><\/a>[\/et_pb_text][\/et_pb_column][\/et_pb_row][\/et_pb_section]<\/p>\n","protected":false},"excerpt":{"rendered":"<p>Aluminum windows and doors, which is a modern aluminum joinery is designed to be an answer to the contemporary architectural challenges, thanks to using the diversity of forms and shapes. Aluminium is the perfect material needed to meet the incerasing requirements of the market and even the most demanding customers expectations. Our company is engaged [&hellip;]<\/p>\n","protected":false},"author":10,"featured_media":0,"parent":0,"menu_order":0,"comment_status":"open","ping_status":"closed","template":"","meta":{"_et_pb_use_builder":"on","_et_pb_old_content":"","_et_gb_content_width":"","footnotes":""},"class_list":["post-7032","page","type-page","status-publish","hentry"],"yoast_head":"<!-- This site is optimized with the Yoast SEO plugin v27.5 - https:\/\/yoast.com\/product\/yoast-seo-wordpress\/ -->\n<title>Aluminum windows and doors, aluminum systems from Stolmar Bydgoszcz<\/title>\n<meta name=\"description\" content=\"Modern aluminum windows and doors in Bydgoszcz - aluminum systems offered by the Stolmar.\" \/>\n<meta name=\"robots\" content=\"index, follow, max-snippet:-1, max-image-preview:large, max-video-preview:-1\" \/>\n<link rel=\"canonical\" href=\"https:\/\/stolmar24.com\/en\/aluminium-systems\/\" \/>\n<meta property=\"og:locale\" content=\"en_US\" \/>\n<meta property=\"og:type\" content=\"article\" \/>\n<meta property=\"og:title\" content=\"Aluminum windows and doors, aluminum systems from Stolmar Bydgoszcz\" \/>\n<meta property=\"og:description\" content=\"Modern aluminum windows and doors in Bydgoszcz - aluminum systems offered by the Stolmar.\" \/>\n<meta property=\"og:url\" content=\"https:\/\/stolmar24.com\/en\/aluminium-systems\/\" \/>\n<meta property=\"og:site_name\" content=\"Stolmar\" \/>\n<meta property=\"article:publisher\" content=\"https:\/\/www.facebook.com\/STOLMAR-1482853595329004\/\" \/>\n<meta property=\"article:modified_time\" content=\"2017-02-02T23:53:39+00:00\" \/>\n<meta name=\"twitter:card\" content=\"summary_large_image\" \/>\n<meta name=\"twitter:site\" content=\"@Stolmar24\" \/>\n<meta name=\"twitter:label1\" content=\"Est. reading time\" \/>\n\t<meta name=\"twitter:data1\" content=\"13 minutes\" \/>\n<script type=\"application\/ld+json\" class=\"yoast-schema-graph\">{\"@context\":\"https:\\\/\\\/schema.org\",\"@graph\":[{\"@type\":\"WebPage\",\"@id\":\"https:\\\/\\\/stolmar24.com\\\/en\\\/aluminium-systems\\\/\",\"url\":\"https:\\\/\\\/stolmar24.com\\\/en\\\/aluminium-systems\\\/\",\"name\":\"Aluminum windows and doors, aluminum systems from Stolmar Bydgoszcz\",\"isPartOf\":{\"@id\":\"https:\\\/\\\/stolmar24.com\\\/#website\"},\"datePublished\":\"2017-02-02T23:53:34+00:00\",\"dateModified\":\"2017-02-02T23:53:39+00:00\",\"description\":\"Modern aluminum windows and doors in Bydgoszcz - aluminum systems offered by the Stolmar.\",\"breadcrumb\":{\"@id\":\"https:\\\/\\\/stolmar24.com\\\/en\\\/aluminium-systems\\\/#breadcrumb\"},\"inLanguage\":\"en-US\",\"potentialAction\":[{\"@type\":\"ReadAction\",\"target\":[\"https:\\\/\\\/stolmar24.com\\\/en\\\/aluminium-systems\\\/\"]}]},{\"@type\":\"BreadcrumbList\",\"@id\":\"https:\\\/\\\/stolmar24.com\\\/en\\\/aluminium-systems\\\/#breadcrumb\",\"itemListElement\":[{\"@type\":\"ListItem\",\"position\":1,\"name\":\"Strona g\u0142\u00f3wna\",\"item\":\"https:\\\/\\\/stolmar24.com\\\/en\\\/\"},{\"@type\":\"ListItem\",\"position\":2,\"name\":\"Aluminium systems\"}]},{\"@type\":\"WebSite\",\"@id\":\"https:\\\/\\\/stolmar24.com\\\/#website\",\"url\":\"https:\\\/\\\/stolmar24.com\\\/\",\"name\":\"Stolmar\",\"description\":\"Window joinery manufacturer\",\"potentialAction\":[{\"@type\":\"SearchAction\",\"target\":{\"@type\":\"EntryPoint\",\"urlTemplate\":\"https:\\\/\\\/stolmar24.com\\\/?s={search_term_string}\"},\"query-input\":{\"@type\":\"PropertyValueSpecification\",\"valueRequired\":true,\"valueName\":\"search_term_string\"}}],\"inLanguage\":\"en-US\"}]}<\/script>\n<!-- \/ Yoast SEO plugin. -->","yoast_head_json":{"title":"Aluminum windows and doors, aluminum systems from Stolmar Bydgoszcz","description":"Modern aluminum windows and doors in Bydgoszcz - aluminum systems offered by the Stolmar.","robots":{"index":"index","follow":"follow","max-snippet":"max-snippet:-1","max-image-preview":"max-image-preview:large","max-video-preview":"max-video-preview:-1"},"canonical":"https:\/\/stolmar24.com\/en\/aluminium-systems\/","og_locale":"en_US","og_type":"article","og_title":"Aluminum windows and doors, aluminum systems from Stolmar Bydgoszcz","og_description":"Modern aluminum windows and doors in Bydgoszcz - aluminum systems offered by the Stolmar.","og_url":"https:\/\/stolmar24.com\/en\/aluminium-systems\/","og_site_name":"Stolmar","article_publisher":"https:\/\/www.facebook.com\/STOLMAR-1482853595329004\/","article_modified_time":"2017-02-02T23:53:39+00:00","twitter_card":"summary_large_image","twitter_site":"@Stolmar24","twitter_misc":{"Est. reading time":"13 minutes"},"schema":{"@context":"https:\/\/schema.org","@graph":[{"@type":"WebPage","@id":"https:\/\/stolmar24.com\/en\/aluminium-systems\/","url":"https:\/\/stolmar24.com\/en\/aluminium-systems\/","name":"Aluminum windows and doors, aluminum systems from Stolmar Bydgoszcz","isPartOf":{"@id":"https:\/\/stolmar24.com\/#website"},"datePublished":"2017-02-02T23:53:34+00:00","dateModified":"2017-02-02T23:53:39+00:00","description":"Modern aluminum windows and doors in Bydgoszcz - aluminum systems offered by the Stolmar.","breadcrumb":{"@id":"https:\/\/stolmar24.com\/en\/aluminium-systems\/#breadcrumb"},"inLanguage":"en-US","potentialAction":[{"@type":"ReadAction","target":["https:\/\/stolmar24.com\/en\/aluminium-systems\/"]}]},{"@type":"BreadcrumbList","@id":"https:\/\/stolmar24.com\/en\/aluminium-systems\/#breadcrumb","itemListElement":[{"@type":"ListItem","position":1,"name":"Strona g\u0142\u00f3wna","item":"https:\/\/stolmar24.com\/en\/"},{"@type":"ListItem","position":2,"name":"Aluminium systems"}]},{"@type":"WebSite","@id":"https:\/\/stolmar24.com\/#website","url":"https:\/\/stolmar24.com\/","name":"Stolmar","description":"Window joinery manufacturer","potentialAction":[{"@type":"SearchAction","target":{"@type":"EntryPoint","urlTemplate":"https:\/\/stolmar24.com\/?s={search_term_string}"},"query-input":{"@type":"PropertyValueSpecification","valueRequired":true,"valueName":"search_term_string"}}],"inLanguage":"en-US"}]}},"_links":{"self":[{"href":"https:\/\/stolmar24.com\/en\/wp-json\/wp\/v2\/pages\/7032","targetHints":{"allow":["GET"]}}],"collection":[{"href":"https:\/\/stolmar24.com\/en\/wp-json\/wp\/v2\/pages"}],"about":[{"href":"https:\/\/stolmar24.com\/en\/wp-json\/wp\/v2\/types\/page"}],"author":[{"embeddable":true,"href":"https:\/\/stolmar24.com\/en\/wp-json\/wp\/v2\/users\/10"}],"replies":[{"embeddable":true,"href":"https:\/\/stolmar24.com\/en\/wp-json\/wp\/v2\/comments?post=7032"}],"version-history":[{"count":0,"href":"https:\/\/stolmar24.com\/en\/wp-json\/wp\/v2\/pages\/7032\/revisions"}],"wp:attachment":[{"href":"https:\/\/stolmar24.com\/en\/wp-json\/wp\/v2\/media?parent=7032"}],"curies":[{"name":"wp","href":"https:\/\/api.w.org\/{rel}","templated":true}]}}