{"id":6974,"date":"2017-01-31T03:40:06","date_gmt":"2017-01-31T02:40:06","guid":{"rendered":"http:\/\/stolmar24.com\/entrance-doors\/"},"modified":"2017-01-31T03:40:09","modified_gmt":"2017-01-31T02:40:09","slug":"entrance-doors","status":"publish","type":"page","link":"https:\/\/stolmar24.com\/en\/entrance-doors\/","title":{"rendered":"Entrance doors"},"content":{"rendered":"<p>[et_pb_section transparent_background=&#8221;off&#8221; background_color=&#8221;#4ac1d3&#8243; allow_player_pause=&#8221;off&#8221; inner_shadow=&#8221;off&#8221; parallax=&#8221;off&#8221; parallax_method=&#8221;off&#8221; make_fullwidth=&#8221;off&#8221; use_custom_width=&#8221;off&#8221; width_unit=&#8221;off&#8221; custom_width_px=&#8221;1080px&#8221; custom_width_percent=&#8221;80%&#8221; make_equal=&#8221;off&#8221; use_custom_gutter=&#8221;off&#8221; fullwidth=&#8221;on&#8221; specialty=&#8221;off&#8221; admin_label=&#8221;section&#8221; disabled=&#8221;off&#8221;][et_pb_fullwidth_header title=&#8221;ENTRANCE DOORS&#8221; subhead=&#8221;The offer on the door with fillings of Rodenberg and Veyna&#8221; background_layout=&#8221;dark&#8221; text_orientation=&#8221;left&#8221; header_fullscreen=&#8221;off&#8221; header_scroll_down=&#8221;off&#8221; scroll_down_icon=&#8221;;&#8221; parallax=&#8221;off&#8221; parallax_method=&#8221;off&#8221; content_orientation=&#8221;center&#8221; image_orientation=&#8221;center&#8221; admin_label=&#8221;Nag\u0142\u00f3wek pe\u0142nej szeroko\u015bci&#8221; title_font_size=&#8221;30px&#8221; content_font_size=&#8221;14px&#8221; custom_button_one=&#8221;off&#8221; button_one_text_size=&#8221;20&#8243; button_one_use_icon=&#8221;on&#8221; button_one_icon_placement=&#8221;right&#8221; button_one_on_hover=&#8221;on&#8221; button_one_letter_spacing_hover=&#8221;0&#8243; custom_button_two=&#8221;off&#8221; button_two_text_size=&#8221;20&#8243; button_two_use_icon=&#8221;on&#8221; button_two_icon_placement=&#8221;right&#8221; button_two_on_hover=&#8221;on&#8221; button_two_letter_spacing_hover=&#8221;0&#8243; disabled=&#8221;off&#8221;] [\/et_pb_fullwidth_header][\/et_pb_section][et_pb_section transparent_background=&#8221;off&#8221; allow_player_pause=&#8221;off&#8221; inner_shadow=&#8221;off&#8221; parallax=&#8221;off&#8221; parallax_method=&#8221;on&#8221; make_fullwidth=&#8221;off&#8221; use_custom_width=&#8221;off&#8221; width_unit=&#8221;off&#8221; custom_width_px=&#8221;1080px&#8221; custom_width_percent=&#8221;80%&#8221; make_equal=&#8221;off&#8221; use_custom_gutter=&#8221;off&#8221; fullwidth=&#8221;off&#8221; specialty=&#8221;off&#8221; admin_label=&#8221;section&#8221; disabled=&#8221;off&#8221;][et_pb_row make_fullwidth=&#8221;off&#8221; use_custom_width=&#8221;off&#8221; width_unit=&#8221;off&#8221; custom_width_px=&#8221;1080px&#8221; custom_width_percent=&#8221;80%&#8221; use_custom_gutter=&#8221;off&#8221; gutter_width=&#8221;3&#8243; allow_player_pause=&#8221;off&#8221; parallax=&#8221;off&#8221; parallax_method=&#8221;on&#8221; make_equal=&#8221;off&#8221; parallax_1=&#8221;off&#8221; parallax_method_1=&#8221;on&#8221; parallax_2=&#8221;off&#8221; parallax_method_2=&#8221;on&#8221; parallax_3=&#8221;off&#8221; parallax_method_3=&#8221;on&#8221; parallax_4=&#8221;off&#8221; parallax_method_4=&#8221;on&#8221; admin_label=&#8221;row&#8221; disabled=&#8221;off&#8221;][et_pb_column type=&#8221;4_4&#8243; disabled=&#8221;off&#8221; parallax=&#8221;off&#8221; parallax_method=&#8221;on&#8221;][et_pb_text background_layout=&#8221;light&#8221; text_orientation=&#8221;left&#8221; admin_label=&#8221;Tekst&#8221; use_border_color=&#8221;off&#8221; border_style=&#8221;solid&#8221; disabled=&#8221;off&#8221;]<span id=\"result_box\" class=\"\" lang=\"en\" tabindex=\"-1\">Stolmar company <span class=\"\">offer <\/span>also external doors with fillings of <strong>RODENBERG<\/strong> and <strong><span class=\"\">VEYNA<\/span><\/strong>.<\/p>\n<p>Their <span class=\"\">uniqueness<\/span> makes the front of the house a real showcase. <span class=\"\">The use of<\/span> high-grade materials for the doors which are resistant to sunlight makes that filling, <span class=\"\">even after many years,<\/span> <span class=\"\">maintain<\/span> a beautiful appearance. Our door fillings are modern designed,with <span class=\"\">high aesthetics<\/span>, the possibility of create any shape, the highest security and long lifespan.<\/span>[\/et_pb_text][\/et_pb_column][\/et_pb_row][et_pb_row make_fullwidth=&#8221;off&#8221; use_custom_width=&#8221;off&#8221; width_unit=&#8221;off&#8221; custom_width_px=&#8221;1080px&#8221; custom_width_percent=&#8221;80%&#8221; use_custom_gutter=&#8221;off&#8221; gutter_width=&#8221;3&#8243; allow_player_pause=&#8221;off&#8221; parallax=&#8221;off&#8221; parallax_method=&#8221;on&#8221; make_equal=&#8221;off&#8221; parallax_1=&#8221;off&#8221; parallax_method_1=&#8221;on&#8221; parallax_2=&#8221;off&#8221; parallax_method_2=&#8221;on&#8221; parallax_3=&#8221;off&#8221; parallax_method_3=&#8221;on&#8221; parallax_4=&#8221;off&#8221; parallax_method_4=&#8221;on&#8221; admin_label=&#8221;row&#8221; disabled=&#8221;off&#8221;][et_pb_column type=&#8221;1_2&#8243; disabled=&#8221;off&#8221; parallax=&#8221;off&#8221; parallax_method=&#8221;on&#8221;][et_pb_image src=&#8221;http:\/\/stolmar24.com\/wp-content\/uploads\/drzwi-wejsciowe-rodenberg-logo.jpg&#8221; alt=&#8221;Rodenberg entrance doors&#8221; show_in_lightbox=&#8221;off&#8221; url_new_window=&#8221;off&#8221; use_overlay=&#8221;off&#8221; sticky=&#8221;off&#8221; align=&#8221;left&#8221; force_fullwidth=&#8221;off&#8221; always_center_on_mobile=&#8221;on&#8221; admin_label=&#8221;Obraz&#8221; use_border_color=&#8221;off&#8221; border_color=&#8221;#ffffff&#8221; border_width=&#8221;1px&#8221; border_style=&#8221;solid&#8221; disabled=&#8221;off&#8221;] [\/et_pb_image][\/et_pb_column][et_pb_column type=&#8221;1_2&#8243; disabled=&#8221;off&#8221; parallax=&#8221;off&#8221; parallax_method=&#8221;on&#8221;][et_pb_cta url_new_window=&#8221;off&#8221; use_background_color=&#8221;on&#8221; background_color=&#8221;#7EBEC5&#8243; background_layout=&#8221;dark&#8221; text_orientation=&#8221;center&#8221; admin_label=&#8221;Wezwanie do dzia\u0142ania&#8221; use_border_color=&#8221;off&#8221; border_color=&#8221;#ffffff&#8221; border_width=&#8221;1px&#8221; border_style=&#8221;solid&#8221; custom_button=&#8221;off&#8221; button_text_size=&#8221;20&#8243; button_use_icon=&#8221;on&#8221; button_icon_placement=&#8221;right&#8221; button_on_hover=&#8221;on&#8221; button_letter_spacing_hover=&#8221;0&#8243; disabled=&#8221;off&#8221;]<\/p>\n<h2 style=\"text-align: center;\">Rodenberg doors<\/h2>\n<p style=\"text-align: center;\">Entrance doors<\/p>\n<p>[\/et_pb_cta][\/et_pb_column][\/et_pb_row][et_pb_row make_fullwidth=&#8221;off&#8221; use_custom_width=&#8221;off&#8221; width_unit=&#8221;off&#8221; custom_width_px=&#8221;1080px&#8221; custom_width_percent=&#8221;80%&#8221; use_custom_gutter=&#8221;off&#8221; gutter_width=&#8221;3&#8243; allow_player_pause=&#8221;off&#8221; parallax=&#8221;off&#8221; parallax_method=&#8221;on&#8221; make_equal=&#8221;off&#8221; parallax_1=&#8221;off&#8221; parallax_method_1=&#8221;on&#8221; parallax_2=&#8221;off&#8221; parallax_method_2=&#8221;on&#8221; parallax_3=&#8221;off&#8221; parallax_method_3=&#8221;on&#8221; parallax_4=&#8221;off&#8221; parallax_method_4=&#8221;on&#8221; admin_label=&#8221;row&#8221; disabled=&#8221;off&#8221;][et_pb_column type=&#8221;1_2&#8243; disabled=&#8221;off&#8221; parallax=&#8221;off&#8221; parallax_method=&#8221;on&#8221;][et_pb_image src=&#8221;http:\/\/stolmar24.com\/wp-content\/uploads\/drzwi-rodenberg-okna-stolmar-bydgoszcz-002.jpg&#8221; alt=&#8221;Entrance doors with Rodenberg filling&#8221; show_in_lightbox=&#8221;off&#8221; url_new_window=&#8221;off&#8221; use_overlay=&#8221;off&#8221; animation=&#8221;off&#8221; sticky=&#8221;off&#8221; align=&#8221;left&#8221; force_fullwidth=&#8221;off&#8221; always_center_on_mobile=&#8221;on&#8221; admin_label=&#8221;Obraz&#8221; use_border_color=&#8221;off&#8221; border_color=&#8221;#ffffff&#8221; border_width=&#8221;1px&#8221; border_style=&#8221;solid&#8221; disabled=&#8221;off&#8221;] [\/et_pb_image][\/et_pb_column][et_pb_column type=&#8221;1_2&#8243; disabled=&#8221;off&#8221; parallax=&#8221;off&#8221; parallax_method=&#8221;on&#8221;][et_pb_text background_layout=&#8221;light&#8221; text_orientation=&#8221;left&#8221; admin_label=&#8221;Tekst&#8221; use_border_color=&#8221;off&#8221; border_style=&#8221;solid&#8221; disabled=&#8221;off&#8221;]<\/p>\n<p style=\"text-align: justify;\"><span id=\"result_box\" class=\"\" lang=\"en\" tabindex=\"-1\">We offer three possible variants of doors with RODENBERG fillings for convenient of the userrequirements. We distinguish between followimg fillings: put unilateral or bilateral filling transparently. Typically, door panels are inserted in their wing.<\/span><\/p>\n<p style=\"text-align: justify;\"><span id=\"result_box\" class=\"\" lang=\"en\" tabindex=\"-1\">We offer Rodenberg door fillings in four series of manufacturer design:<\/span><\/p>\n<ul style=\"text-align: justify;\">\n<li><span id=\"result_box\" class=\"short_text\" lang=\"en\" tabindex=\"-1\"><span class=\"\">Modern<\/span> <span class=\"\">Series<\/span><\/span><\/li>\n<li>Klassisch Series<\/li>\n<li>Exklusiv <span id=\"result_box\" class=\"short_text\" lang=\"en\" tabindex=\"-1\"><span class=\"\">Series<\/span><\/span><\/li>\n<li>Glas &amp; Eleganz <span id=\"result_box\" class=\"short_text\" lang=\"en\" tabindex=\"-1\"><span class=\"\">Series<\/span><\/span><\/li>\n<\/ul>\n<p style=\"text-align: justify;\"><span id=\"result_box\" class=\"short_text\" lang=\"en\" tabindex=\"-1\">Presentation of the fillings and the door models<\/span> you can find <a href=\"http:\/\/stolmar24.com\/wp-content\/uploads\/drzwi\/wypelnienia-drzwiowe-rodenberg-stolmar-okna-bydgoszcz.pdf\">here<\/a>.<\/p>\n<p>[\/et_pb_text][\/et_pb_column][\/et_pb_row][et_pb_row make_fullwidth=&#8221;off&#8221; use_custom_width=&#8221;off&#8221; width_unit=&#8221;off&#8221; custom_width_px=&#8221;1080px&#8221; custom_width_percent=&#8221;80%&#8221; use_custom_gutter=&#8221;off&#8221; gutter_width=&#8221;3&#8243; allow_player_pause=&#8221;off&#8221; parallax=&#8221;off&#8221; parallax_method=&#8221;on&#8221; make_equal=&#8221;off&#8221; parallax_1=&#8221;off&#8221; parallax_method_1=&#8221;on&#8221; parallax_2=&#8221;off&#8221; parallax_method_2=&#8221;on&#8221; parallax_3=&#8221;off&#8221; parallax_method_3=&#8221;on&#8221; parallax_4=&#8221;off&#8221; parallax_method_4=&#8221;on&#8221; admin_label=&#8221;row&#8221; disabled=&#8221;off&#8221;][et_pb_column type=&#8221;1_2&#8243; disabled=&#8221;off&#8221; parallax=&#8221;off&#8221; parallax_method=&#8221;on&#8221;][et_pb_image src=&#8221;http:\/\/stolmar24.com\/wp-content\/uploads\/drzwi-wejsciowe-veyna-logo.jpg&#8221; alt=&#8221;Veyna aluminium doors&#8221; show_in_lightbox=&#8221;off&#8221; url_new_window=&#8221;off&#8221; use_overlay=&#8221;off&#8221; sticky=&#8221;off&#8221; align=&#8221;left&#8221; force_fullwidth=&#8221;off&#8221; always_center_on_mobile=&#8221;on&#8221; admin_label=&#8221;Obraz&#8221; use_border_color=&#8221;off&#8221; border_color=&#8221;#ffffff&#8221; border_width=&#8221;1px&#8221; border_style=&#8221;solid&#8221; disabled=&#8221;off&#8221;] [\/et_pb_image][\/et_pb_column][et_pb_column type=&#8221;1_2&#8243; disabled=&#8221;off&#8221; parallax=&#8221;off&#8221; parallax_method=&#8221;on&#8221;][et_pb_cta url_new_window=&#8221;off&#8221; use_background_color=&#8221;on&#8221; background_color=&#8221;#7EBEC5&#8243; background_layout=&#8221;dark&#8221; text_orientation=&#8221;center&#8221; admin_label=&#8221;Wezwanie do dzia\u0142ania&#8221; use_border_color=&#8221;off&#8221; border_color=&#8221;#ffffff&#8221; border_width=&#8221;1px&#8221; border_style=&#8221;solid&#8221; custom_button=&#8221;off&#8221; button_text_size=&#8221;20&#8243; button_use_icon=&#8221;on&#8221; button_icon_placement=&#8221;right&#8221; button_on_hover=&#8221;on&#8221; button_letter_spacing_hover=&#8221;0&#8243; disabled=&#8221;off&#8221;]<\/p>\n<h2 style=\"text-align: center;\">Veyna Doors<\/h2>\n<p style=\"text-align: center;\">Entrance doors<\/p>\n<p>[\/et_pb_cta][\/et_pb_column][\/et_pb_row][et_pb_row make_fullwidth=&#8221;off&#8221; use_custom_width=&#8221;off&#8221; width_unit=&#8221;off&#8221; custom_width_px=&#8221;1080px&#8221; custom_width_percent=&#8221;80%&#8221; use_custom_gutter=&#8221;off&#8221; gutter_width=&#8221;3&#8243; allow_player_pause=&#8221;off&#8221; parallax=&#8221;off&#8221; parallax_method=&#8221;on&#8221; make_equal=&#8221;off&#8221; parallax_1=&#8221;off&#8221; parallax_method_1=&#8221;on&#8221; parallax_2=&#8221;off&#8221; parallax_method_2=&#8221;on&#8221; parallax_3=&#8221;off&#8221; parallax_method_3=&#8221;on&#8221; parallax_4=&#8221;off&#8221; parallax_method_4=&#8221;on&#8221; admin_label=&#8221;row&#8221; disabled=&#8221;off&#8221;][et_pb_column type=&#8221;1_2&#8243; disabled=&#8221;off&#8221; parallax=&#8221;off&#8221; parallax_method=&#8221;on&#8221;][et_pb_image src=&#8221;http:\/\/stolmar24.com\/wp-content\/uploads\/drzwi-veyna-okna-stolmar-bydgoszcz-002.jpg&#8221; alt=&#8221;Entrance doors with Veyna filling&#8221; show_in_lightbox=&#8221;off&#8221; url_new_window=&#8221;off&#8221; use_overlay=&#8221;off&#8221; animation=&#8221;off&#8221; sticky=&#8221;off&#8221; align=&#8221;left&#8221; force_fullwidth=&#8221;off&#8221; always_center_on_mobile=&#8221;on&#8221; admin_label=&#8221;Obraz&#8221; use_border_color=&#8221;off&#8221; border_color=&#8221;#ffffff&#8221; border_width=&#8221;1px&#8221; border_style=&#8221;solid&#8221; disabled=&#8221;off&#8221;] [\/et_pb_image][\/et_pb_column][et_pb_column type=&#8221;1_2&#8243; disabled=&#8221;off&#8221; parallax=&#8221;off&#8221; parallax_method=&#8221;on&#8221;][et_pb_text background_layout=&#8221;light&#8221; text_orientation=&#8221;left&#8221; admin_label=&#8221;Tekst&#8221; use_border_color=&#8221;off&#8221; border_style=&#8221;solid&#8221; disabled=&#8221;off&#8221;]<\/p>\n<p style=\"text-align: justify;\"><span id=\"result_box\" class=\"\" lang=\"en\" tabindex=\"-1\">We offer five possible variants of entrance doors with <strong>aluminum fillings<\/strong> form <strong>VEYNA<\/strong> adjusted to the requirements of the most demanding users. We distinguish between lines: <strong>Classic, Economic, New, Extra<\/strong> and <strong>Fashion<\/strong>. Door fillings are both with <strong>glass elements<\/strong> and <strong>full<\/strong>.<\/span><\/p>\n<p style=\"text-align: justify;\"><span id=\"result_box\" class=\"\" lang=\"en\" tabindex=\"-1\">We offer Veyna fillings in two series of manufacturer design:<br \/>\n<\/span><\/p>\n<ul style=\"text-align: justify;\">\n<li>Veyna Basic Line Series (<a href=\"..\/wp-content\/uploads\/drzwi\/wypelnienia-drzwiowe-weyna-basic-line-stolmar-okna-bydgoszcz.pdf\"><span id=\"result_box\" class=\"short_text\" lang=\"en\" tabindex=\"-1\"><span class=\"\">Catalogue<\/span> of fillings<\/span><\/a>)<\/li>\n<li>Economic Series <a href=\"..\/wp-content\/uploads\/economic_line.pdf\">(<span id=\"result_box\" class=\"short_text\" lang=\"en\" tabindex=\"-1\"><span class=\"\">Catalogue of<\/span> fillings<\/span>)<\/a><\/li>\n<\/ul>\n<p>[\/et_pb_text][\/et_pb_column][\/et_pb_row][\/et_pb_section]<\/p>\n","protected":false},"excerpt":{"rendered":"<p>Stolmar company offer also external doors with fillings of RODENBERG and VEYNA. Their uniqueness makes the front of the house a real showcase. The use of high-grade materials for the doors which are resistant to sunlight makes that filling, even after many years, maintain a beautiful appearance. Our door fillings are modern designed,with high aesthetics, [&hellip;]<\/p>\n","protected":false},"author":10,"featured_media":0,"parent":0,"menu_order":0,"comment_status":"open","ping_status":"closed","template":"","meta":{"_et_pb_use_builder":"on","_et_pb_old_content":"","_et_gb_content_width":"","footnotes":""},"class_list":["post-6974","page","type-page","status-publish","hentry"],"yoast_head":"<!-- This site is optimized with the Yoast SEO plugin v27.5 - https:\/\/yoast.com\/product\/yoast-seo-wordpress\/ -->\n<title>Entrance external doors Rodenberg and Veyna - Stolmar Bydgoszcz<\/title>\n<meta name=\"robots\" content=\"index, follow, max-snippet:-1, max-image-preview:large, max-video-preview:-1\" \/>\n<link rel=\"canonical\" href=\"https:\/\/stolmar24.com\/en\/entrance-doors\/\" \/>\n<meta property=\"og:locale\" content=\"en_US\" \/>\n<meta property=\"og:type\" content=\"article\" \/>\n<meta property=\"og:title\" content=\"Entrance external doors Rodenberg and Veyna - Stolmar Bydgoszcz\" \/>\n<meta property=\"og:description\" content=\"Stolmar company offer also external doors with fillings of RODENBERG and VEYNA. Their uniqueness makes the front of the house a real showcase. The use of high-grade materials for the doors which are resistant to sunlight makes that filling, even after many years, maintain a beautiful appearance. Our door fillings are modern designed,with high aesthetics, [&hellip;]\" \/>\n<meta property=\"og:url\" content=\"https:\/\/stolmar24.com\/en\/entrance-doors\/\" \/>\n<meta property=\"og:site_name\" content=\"Stolmar\" \/>\n<meta property=\"article:publisher\" content=\"https:\/\/www.facebook.com\/STOLMAR-1482853595329004\/\" \/>\n<meta property=\"article:modified_time\" content=\"2017-01-31T02:40:09+00:00\" \/>\n<meta name=\"twitter:card\" content=\"summary_large_image\" \/>\n<meta name=\"twitter:site\" content=\"@Stolmar24\" \/>\n<meta name=\"twitter:label1\" content=\"Est. reading time\" \/>\n\t<meta name=\"twitter:data1\" content=\"7 minutes\" \/>\n<script type=\"application\/ld+json\" class=\"yoast-schema-graph\">{\"@context\":\"https:\\\/\\\/schema.org\",\"@graph\":[{\"@type\":\"WebPage\",\"@id\":\"https:\\\/\\\/stolmar24.com\\\/en\\\/entrance-doors\\\/\",\"url\":\"https:\\\/\\\/stolmar24.com\\\/en\\\/entrance-doors\\\/\",\"name\":\"Entrance external doors Rodenberg and Veyna - Stolmar Bydgoszcz\",\"isPartOf\":{\"@id\":\"https:\\\/\\\/stolmar24.com\\\/#website\"},\"datePublished\":\"2017-01-31T02:40:06+00:00\",\"dateModified\":\"2017-01-31T02:40:09+00:00\",\"breadcrumb\":{\"@id\":\"https:\\\/\\\/stolmar24.com\\\/en\\\/entrance-doors\\\/#breadcrumb\"},\"inLanguage\":\"en-US\",\"potentialAction\":[{\"@type\":\"ReadAction\",\"target\":[\"https:\\\/\\\/stolmar24.com\\\/en\\\/entrance-doors\\\/\"]}]},{\"@type\":\"BreadcrumbList\",\"@id\":\"https:\\\/\\\/stolmar24.com\\\/en\\\/entrance-doors\\\/#breadcrumb\",\"itemListElement\":[{\"@type\":\"ListItem\",\"position\":1,\"name\":\"Strona g\u0142\u00f3wna\",\"item\":\"https:\\\/\\\/stolmar24.com\\\/en\\\/\"},{\"@type\":\"ListItem\",\"position\":2,\"name\":\"Entrance doors\"}]},{\"@type\":\"WebSite\",\"@id\":\"https:\\\/\\\/stolmar24.com\\\/#website\",\"url\":\"https:\\\/\\\/stolmar24.com\\\/\",\"name\":\"Stolmar\",\"description\":\"Window joinery manufacturer\",\"potentialAction\":[{\"@type\":\"SearchAction\",\"target\":{\"@type\":\"EntryPoint\",\"urlTemplate\":\"https:\\\/\\\/stolmar24.com\\\/?s={search_term_string}\"},\"query-input\":{\"@type\":\"PropertyValueSpecification\",\"valueRequired\":true,\"valueName\":\"search_term_string\"}}],\"inLanguage\":\"en-US\"}]}<\/script>\n<!-- \/ Yoast SEO plugin. -->","yoast_head_json":{"title":"Entrance external doors Rodenberg and Veyna - Stolmar Bydgoszcz","robots":{"index":"index","follow":"follow","max-snippet":"max-snippet:-1","max-image-preview":"max-image-preview:large","max-video-preview":"max-video-preview:-1"},"canonical":"https:\/\/stolmar24.com\/en\/entrance-doors\/","og_locale":"en_US","og_type":"article","og_title":"Entrance external doors Rodenberg and Veyna - Stolmar Bydgoszcz","og_description":"Stolmar company offer also external doors with fillings of RODENBERG and VEYNA. Their uniqueness makes the front of the house a real showcase. The use of high-grade materials for the doors which are resistant to sunlight makes that filling, even after many years, maintain a beautiful appearance. Our door fillings are modern designed,with high aesthetics, [&hellip;]","og_url":"https:\/\/stolmar24.com\/en\/entrance-doors\/","og_site_name":"Stolmar","article_publisher":"https:\/\/www.facebook.com\/STOLMAR-1482853595329004\/","article_modified_time":"2017-01-31T02:40:09+00:00","twitter_card":"summary_large_image","twitter_site":"@Stolmar24","twitter_misc":{"Est. reading time":"7 minutes"},"schema":{"@context":"https:\/\/schema.org","@graph":[{"@type":"WebPage","@id":"https:\/\/stolmar24.com\/en\/entrance-doors\/","url":"https:\/\/stolmar24.com\/en\/entrance-doors\/","name":"Entrance external doors Rodenberg and Veyna - Stolmar Bydgoszcz","isPartOf":{"@id":"https:\/\/stolmar24.com\/#website"},"datePublished":"2017-01-31T02:40:06+00:00","dateModified":"2017-01-31T02:40:09+00:00","breadcrumb":{"@id":"https:\/\/stolmar24.com\/en\/entrance-doors\/#breadcrumb"},"inLanguage":"en-US","potentialAction":[{"@type":"ReadAction","target":["https:\/\/stolmar24.com\/en\/entrance-doors\/"]}]},{"@type":"BreadcrumbList","@id":"https:\/\/stolmar24.com\/en\/entrance-doors\/#breadcrumb","itemListElement":[{"@type":"ListItem","position":1,"name":"Strona g\u0142\u00f3wna","item":"https:\/\/stolmar24.com\/en\/"},{"@type":"ListItem","position":2,"name":"Entrance doors"}]},{"@type":"WebSite","@id":"https:\/\/stolmar24.com\/#website","url":"https:\/\/stolmar24.com\/","name":"Stolmar","description":"Window joinery manufacturer","potentialAction":[{"@type":"SearchAction","target":{"@type":"EntryPoint","urlTemplate":"https:\/\/stolmar24.com\/?s={search_term_string}"},"query-input":{"@type":"PropertyValueSpecification","valueRequired":true,"valueName":"search_term_string"}}],"inLanguage":"en-US"}]}},"_links":{"self":[{"href":"https:\/\/stolmar24.com\/en\/wp-json\/wp\/v2\/pages\/6974","targetHints":{"allow":["GET"]}}],"collection":[{"href":"https:\/\/stolmar24.com\/en\/wp-json\/wp\/v2\/pages"}],"about":[{"href":"https:\/\/stolmar24.com\/en\/wp-json\/wp\/v2\/types\/page"}],"author":[{"embeddable":true,"href":"https:\/\/stolmar24.com\/en\/wp-json\/wp\/v2\/users\/10"}],"replies":[{"embeddable":true,"href":"https:\/\/stolmar24.com\/en\/wp-json\/wp\/v2\/comments?post=6974"}],"version-history":[{"count":0,"href":"https:\/\/stolmar24.com\/en\/wp-json\/wp\/v2\/pages\/6974\/revisions"}],"wp:attachment":[{"href":"https:\/\/stolmar24.com\/en\/wp-json\/wp\/v2\/media?parent=6974"}],"curies":[{"name":"wp","href":"https:\/\/api.w.org\/{rel}","templated":true}]}}