{"id":5799,"date":"2017-01-28T15:27:01","date_gmt":"2017-01-28T14:27:01","guid":{"rendered":"http:\/\/stolmar24.com\/color-range-of-shutters\/"},"modified":"2017-01-28T16:14:02","modified_gmt":"2017-01-28T15:14:02","slug":"color-range-of-shutters","status":"publish","type":"page","link":"https:\/\/stolmar24.com\/en\/color-range-of-shutters\/","title":{"rendered":"Color range of shutters"},"content":{"rendered":"<p>[et_pb_section fullwidth=&#8221;on&#8221; specialty=&#8221;off&#8221; transparent_background=&#8221;off&#8221; background_color=&#8221;#4ac1d3&#8243; allow_player_pause=&#8221;off&#8221; inner_shadow=&#8221;off&#8221; parallax=&#8221;off&#8221; parallax_method=&#8221;off&#8221;][et_pb_fullwidth_header admin_label=&#8221;Nag\u0142\u00f3wek pe\u0142nej szeroko\u015bci&#8221; title=&#8221;Color range of shutters&#8221; subhead=&#8221;Our products for windows&#8221; background_layout=&#8221;dark&#8221; text_orientation=&#8221;left&#8221; \/][\/et_pb_section][et_pb_section][et_pb_row][et_pb_column type=&#8221;4_4&#8243;][et_pb_text admin_label=&#8221;Tekst&#8221; background_layout=&#8221;light&#8221; text_orientation=&#8221;left&#8221;]<\/p>\n<p>The color range includes color coating both woodlike and classic.<\/p>\n<p>&#8211; coating colors of extruded elements are made with\u00a0powder coating method,<br \/>\n&#8211; lacquer layer provides reliable quality and durability of the product.<\/p>\n<p>[\/et_pb_text][et_pb_cta admin_label=&#8221;Wezwanie do dzia\u0142ania&#8221; title=&#8221;Color range of external shutters&#8221; use_background_color=&#8221;on&#8221; background_color=&#8221;#7EBEC5&#8243; background_layout=&#8221;dark&#8221; text_orientation=&#8221;center&#8221; \/][\/et_pb_column][\/et_pb_row][et_pb_row][et_pb_column type=&#8221;4_4&#8243;][et_pb_gallery admin_label=&#8221;Galeria&#8221; gallery_ids=&#8221;1690,1694,1696,1701,1705,1709,1691,1713,1697,1702,1706,1707,1692,1714,1698,1703,1718,1708,1693,1695,1699,1704,1721,1716,1723,1725&#8243; fullwidth=&#8221;off&#8221; posts_number=&#8221;100&#8243; show_title_and_caption=&#8221;on&#8221; show_pagination=&#8221;off&#8221; background_layout=&#8221;light&#8221; \/][\/et_pb_column][\/et_pb_row][\/et_pb_section]<\/p>\n","protected":false},"excerpt":{"rendered":"<p><div class=\"et_pb_section et_pb_section_0 et_section_regular\" >\n\t\t\t\t\n\t\t\t\t\n\t\t\t\t\n\t\t\t\t\n\t\t\t\t\n\t\t\t\t\n\t\t\t\t\n\t\t\t\t\n\t\t\t\t\n\t\t\t<\/div><div class=\"et_pb_row et_pb_row_0 et_pb_row_empty\">\n\t\t\t\t\n\t\t\t\t\n\t\t\t\t\n\t\t\t\t\n\t\t\t\t\n\t\t\t<\/div>The color range includes color coating both woodlike and classic. &#8211; coating colors of extruded elements are made with\u00a0powder coating method, &#8211; lacquer layer provides reliable quality and durability of the product. <div class=\"et_pb_row et_pb_row_1 et_pb_row_empty\">\n\t\t\t\t\n\t\t\t\t\n\t\t\t\t\n\t\t\t\t\n\t\t\t\t\n\t\t\t<\/div><\/p>\n","protected":false},"author":10,"featured_media":0,"parent":0,"menu_order":0,"comment_status":"open","ping_status":"closed","template":"","meta":{"_et_pb_use_builder":"on","_et_pb_old_content":"","_et_gb_content_width":"","footnotes":""},"class_list":["post-5799","page","type-page","status-publish","hentry"],"yoast_head":"<!-- This site is optimized with the Yoast SEO plugin v27.4 - https:\/\/yoast.com\/product\/yoast-seo-wordpress\/ -->\n<title>Colors for shutters - Stolmar<\/title>\n<meta name=\"robots\" content=\"index, follow, max-snippet:-1, max-image-preview:large, max-video-preview:-1\" \/>\n<link rel=\"canonical\" href=\"https:\/\/stolmar24.com\/en\/color-range-of-shutters\/\" \/>\n<meta property=\"og:locale\" content=\"en_US\" \/>\n<meta property=\"og:type\" content=\"article\" \/>\n<meta property=\"og:title\" content=\"Colors for shutters - Stolmar\" \/>\n<meta property=\"og:description\" content=\"The color range includes color coating both woodlike and classic. - coating colors of extruded elements are made with\u00a0powder coating method, - lacquer layer provides reliable quality and durability of the product.\" \/>\n<meta property=\"og:url\" content=\"https:\/\/stolmar24.com\/en\/color-range-of-shutters\/\" \/>\n<meta property=\"og:site_name\" content=\"Stolmar\" \/>\n<meta property=\"article:publisher\" content=\"https:\/\/www.facebook.com\/STOLMAR-1482853595329004\/\" \/>\n<meta property=\"article:modified_time\" content=\"2017-01-28T15:14:02+00:00\" \/>\n<meta name=\"twitter:card\" content=\"summary_large_image\" \/>\n<meta name=\"twitter:site\" content=\"@Stolmar24\" \/>\n<meta name=\"twitter:label1\" content=\"Est. reading time\" \/>\n\t<meta name=\"twitter:data1\" content=\"1 minute\" \/>\n<script type=\"application\/ld+json\" class=\"yoast-schema-graph\">{\"@context\":\"https:\\\/\\\/schema.org\",\"@graph\":[{\"@type\":\"WebPage\",\"@id\":\"https:\\\/\\\/stolmar24.com\\\/en\\\/color-range-of-shutters\\\/\",\"url\":\"https:\\\/\\\/stolmar24.com\\\/en\\\/color-range-of-shutters\\\/\",\"name\":\"Colors for shutters - Stolmar\",\"isPartOf\":{\"@id\":\"https:\\\/\\\/stolmar24.com\\\/#website\"},\"datePublished\":\"2017-01-28T14:27:01+00:00\",\"dateModified\":\"2017-01-28T15:14:02+00:00\",\"breadcrumb\":{\"@id\":\"https:\\\/\\\/stolmar24.com\\\/en\\\/color-range-of-shutters\\\/#breadcrumb\"},\"inLanguage\":\"en-US\",\"potentialAction\":[{\"@type\":\"ReadAction\",\"target\":[\"https:\\\/\\\/stolmar24.com\\\/en\\\/color-range-of-shutters\\\/\"]}]},{\"@type\":\"BreadcrumbList\",\"@id\":\"https:\\\/\\\/stolmar24.com\\\/en\\\/color-range-of-shutters\\\/#breadcrumb\",\"itemListElement\":[{\"@type\":\"ListItem\",\"position\":1,\"name\":\"Strona g\u0142\u00f3wna\",\"item\":\"https:\\\/\\\/stolmar24.com\\\/en\\\/\"},{\"@type\":\"ListItem\",\"position\":2,\"name\":\"Color range of shutters\"}]},{\"@type\":\"WebSite\",\"@id\":\"https:\\\/\\\/stolmar24.com\\\/#website\",\"url\":\"https:\\\/\\\/stolmar24.com\\\/\",\"name\":\"Stolmar\",\"description\":\"Window joinery manufacturer\",\"potentialAction\":[{\"@type\":\"SearchAction\",\"target\":{\"@type\":\"EntryPoint\",\"urlTemplate\":\"https:\\\/\\\/stolmar24.com\\\/?s={search_term_string}\"},\"query-input\":{\"@type\":\"PropertyValueSpecification\",\"valueRequired\":true,\"valueName\":\"search_term_string\"}}],\"inLanguage\":\"en-US\"}]}<\/script>\n<!-- \/ Yoast SEO plugin. -->","yoast_head_json":{"title":"Colors for shutters - Stolmar","robots":{"index":"index","follow":"follow","max-snippet":"max-snippet:-1","max-image-preview":"max-image-preview:large","max-video-preview":"max-video-preview:-1"},"canonical":"https:\/\/stolmar24.com\/en\/color-range-of-shutters\/","og_locale":"en_US","og_type":"article","og_title":"Colors for shutters - Stolmar","og_description":"The color range includes color coating both woodlike and classic. - coating colors of extruded elements are made with\u00a0powder coating method, - lacquer layer provides reliable quality and durability of the product.","og_url":"https:\/\/stolmar24.com\/en\/color-range-of-shutters\/","og_site_name":"Stolmar","article_publisher":"https:\/\/www.facebook.com\/STOLMAR-1482853595329004\/","article_modified_time":"2017-01-28T15:14:02+00:00","twitter_card":"summary_large_image","twitter_site":"@Stolmar24","twitter_misc":{"Est. reading time":"1 minute"},"schema":{"@context":"https:\/\/schema.org","@graph":[{"@type":"WebPage","@id":"https:\/\/stolmar24.com\/en\/color-range-of-shutters\/","url":"https:\/\/stolmar24.com\/en\/color-range-of-shutters\/","name":"Colors for shutters - Stolmar","isPartOf":{"@id":"https:\/\/stolmar24.com\/#website"},"datePublished":"2017-01-28T14:27:01+00:00","dateModified":"2017-01-28T15:14:02+00:00","breadcrumb":{"@id":"https:\/\/stolmar24.com\/en\/color-range-of-shutters\/#breadcrumb"},"inLanguage":"en-US","potentialAction":[{"@type":"ReadAction","target":["https:\/\/stolmar24.com\/en\/color-range-of-shutters\/"]}]},{"@type":"BreadcrumbList","@id":"https:\/\/stolmar24.com\/en\/color-range-of-shutters\/#breadcrumb","itemListElement":[{"@type":"ListItem","position":1,"name":"Strona g\u0142\u00f3wna","item":"https:\/\/stolmar24.com\/en\/"},{"@type":"ListItem","position":2,"name":"Color range of shutters"}]},{"@type":"WebSite","@id":"https:\/\/stolmar24.com\/#website","url":"https:\/\/stolmar24.com\/","name":"Stolmar","description":"Window joinery manufacturer","potentialAction":[{"@type":"SearchAction","target":{"@type":"EntryPoint","urlTemplate":"https:\/\/stolmar24.com\/?s={search_term_string}"},"query-input":{"@type":"PropertyValueSpecification","valueRequired":true,"valueName":"search_term_string"}}],"inLanguage":"en-US"}]}},"_links":{"self":[{"href":"https:\/\/stolmar24.com\/en\/wp-json\/wp\/v2\/pages\/5799","targetHints":{"allow":["GET"]}}],"collection":[{"href":"https:\/\/stolmar24.com\/en\/wp-json\/wp\/v2\/pages"}],"about":[{"href":"https:\/\/stolmar24.com\/en\/wp-json\/wp\/v2\/types\/page"}],"author":[{"embeddable":true,"href":"https:\/\/stolmar24.com\/en\/wp-json\/wp\/v2\/users\/10"}],"replies":[{"embeddable":true,"href":"https:\/\/stolmar24.com\/en\/wp-json\/wp\/v2\/comments?post=5799"}],"version-history":[{"count":0,"href":"https:\/\/stolmar24.com\/en\/wp-json\/wp\/v2\/pages\/5799\/revisions"}],"wp:attachment":[{"href":"https:\/\/stolmar24.com\/en\/wp-json\/wp\/v2\/media?parent=5799"}],"curies":[{"name":"wp","href":"https:\/\/api.w.org\/{rel}","templated":true}]}}