{"id":25633,"date":"2019-01-18T09:13:31","date_gmt":"2019-01-18T08:13:31","guid":{"rendered":"https:\/\/stolmar24.com\/das-next-fenster-system\/"},"modified":"2019-01-18T09:18:03","modified_gmt":"2019-01-18T08:18:03","slug":"das-next-fenster-system","status":"publish","type":"page","link":"https:\/\/stolmar24.com\/de\/das-next-fenster-system\/","title":{"rendered":"Das NEXT Fenster-System"},"content":{"rendered":"<p>[et_pb_section admin_label=&#8220;section&#8220; fullwidth=&#8220;on&#8220; background_color=&#8220;#1f9dc4&#8243; inner_shadow=&#8220;off&#8220; parallax=&#8220;off&#8220; transparent_background=&#8220;off&#8220; allow_player_pause=&#8220;off&#8220; parallax_method=&#8220;off&#8220;][et_pb_fullwidth_header admin_label=&#8220;Fullwidth Header&#8220; title=&#8220;Fenster-Systeme NEXT&#8220; subhead=&#8220;Modernes Fensterprofil&#8220; background_layout=&#8220;dark&#8220; text_orientation=&#8220;left&#8220;] [\/et_pb_fullwidth_header][\/et_pb_section][et_pb_section admin_label=&#8220;section&#8220; fullwidth=&#8220;off&#8220;][et_pb_row admin_label=&#8220;row&#8220;][et_pb_column type=&#8220;4_4&#8243;][et_pb_image admin_label=&#8220;Obraz&#8220; src=&#8220;https:\/\/stolmar24.com\/wp-content\/uploads\/next-004.jpg&#8220; show_in_lightbox=&#8220;off&#8220; url_new_window=&#8220;off&#8220; animation=&#8220;left&#8220; sticky=&#8220;off&#8220;] [\/et_pb_image][\/et_pb_column][\/et_pb_row][et_pb_row admin_label=&#8220;row&#8220;][et_pb_column type=&#8220;4_4&#8243;][et_pb_gallery admin_label=&#8220;Galeria&#8220; gallery_ids=&#8220;4544,4546,4556,4554,4540,4542,4552,4548&#8243; fullwidth=&#8220;off&#8220; posts_number=&#8220;100&#8243; show_title_and_caption=&#8220;off&#8220; show_pagination=&#8220;off&#8220; background_layout=&#8220;light&#8220;] [\/et_pb_gallery][\/et_pb_column][\/et_pb_row][et_pb_row admin_label=&#8220;row&#8220;][et_pb_column type=&#8220;4_4&#8243;][et_pb_text admin_label=&#8220;Tekst&#8220; background_layout=&#8220;light&#8220; text_orientation=&#8220;left&#8220;]<br \/>\n<span id=\"result_box\" class=\"\" lang=\"de\"><span class=\"\">GEALAN stellt eine Kombination von Farbprofilen (S 9000 System) f\u00fcr Passivh\u00e4user, getestet vom Institut f\u00fcr Fenstertechnik in Rosenheim, vor.<\/span> <span class=\"\">Damit k\u00f6nnen GEALAN-Partner farbige Passivfenster aus Standardprofilen und mit Standard-2-mm-Stahlbverst\u00e4rkungen nach den Richtlinien des Fenster-Technik-Instituts in Rosenheim WA-15\/2 herstellen.<\/span><\/span><br \/>\n[\/et_pb_text][et_pb_text admin_label=&#8220;Tekst&#8220; background_layout=&#8220;light&#8220; text_orientation=&#8220;left&#8220;]<br \/>\n<span id=\"result_box\" class=\"\" lang=\"de\"><span class=\"\">GEALAN-FUTURA erm\u00f6glicht die Produktion von farbigen Fensterfl\u00fcgeln\u00a0 mit einer maximalen H\u00f6he von 2,20 m und mit Hilfe der STV?-Klebetechnik &#8211; bis zu 2,40 m. Auf diese Weise wird den GEALAN-Partnern zum ersten Mal eine vollst\u00e4ndige Palette von Standardprodukten f\u00fcr wei\u00dfe und farbige\u00a0Fenster mit ausgezeichneten W\u00e4rmed\u00e4mmeigenschaften angeboten<\/span><span class=\"\">.<\/span><\/span><br \/>\n[\/et_pb_text][et_pb_text admin_label=&#8220;Text&#8220; background_layout=&#8220;light&#8220; text_orientation=&#8220;left&#8220;]<br \/>\n<span id=\"result_box\" class=\"\" lang=\"de\"><span class=\"\">Unser innovatives Produkt hat W\u00e4rmed\u00e4mmwerte bei Uf = 0,95 W \/ m?K, was durch Versuche des Instituts f\u00fcr Fenstertechnik in Rosenheim best\u00e4tigt wurde.<\/span> <span class=\"\">Diese hervorragenden Ergebnisse wurden dank des innovativen Profildesigns und des durchdachten, ausgewogenen Einsatzes von IKD? im T\u00fcrrahmen erzielt.<\/span> <span class=\"\">Dar\u00fcber hinaus erf\u00fcllt GEALAN-FUTURA dank Verst\u00e4rkungen mit 2 mm dicken W\u00e4nden sowohl im Hochrahmen mit der Ansichtsbreite von 84 mm als auch im Standardfl\u00fcgel die statischen\u00a0 Anforderungen f\u00fcr farbige Fenster.<\/span> <span class=\"\">Gleichzeitig wurde im Rahmen eine sichere Verbindung des Drehbeschlags mit Stahl gew\u00e4hrleistet.<\/span><\/span><br \/>\n[\/et_pb_text][\/et_pb_column][\/et_pb_row][\/et_pb_section][et_pb_section admin_label=&#8220;section&#8220; fullwidth=&#8220;off&#8220; specialty=&#8220;off&#8220; transparent_background=&#8220;off&#8220; background_color=&#8220;#1f9dc4&#8243; allow_player_pause=&#8220;off&#8220; inner_shadow=&#8220;off&#8220; parallax=&#8220;off&#8220; parallax_method=&#8220;off&#8220;][et_pb_row admin_label=&#8220;row&#8220;][et_pb_column type=&#8220;4_4&#8243;][et_pb_text admin_label=&#8220;Tekst&#8220; background_layout=&#8220;light&#8220; text_orientation=&#8220;left&#8220;]<br \/>\n.<br \/>\n[\/et_pb_text][\/et_pb_column][\/et_pb_row][\/et_pb_section][et_pb_section admin_label=&#8220;section&#8220; fullwidth=&#8220;off&#8220; specialty=&#8220;off&#8220;][et_pb_row admin_label=&#8220;row&#8220;][et_pb_column type=&#8220;1_3&#8243;][et_pb_image admin_label=&#8220;Obraz&#8220; src=&#8220;https:\/\/stolmar24.com\/wp-content\/uploads\/okna-stolmar-bydgoszcz-002.jpg&#8220; show_in_lightbox=&#8220;off&#8220; url_new_window=&#8220;off&#8220; animation=&#8220;off&#8220; sticky=&#8220;off&#8220;] [\/et_pb_image][\/et_pb_column][et_pb_column type=&#8220;1_3&#8243;][et_pb_image admin_label=&#8220;Obraz&#8220; src=&#8220;https:\/\/stolmar24.com\/wp-content\/uploads\/2014\/02\/GEA8008-8066_B0018_bea.jpg&#8220; show_in_lightbox=&#8220;off&#8220; url_new_window=&#8220;off&#8220; animation=&#8220;off&#8220; sticky=&#8220;off&#8220;] [\/et_pb_image][\/et_pb_column][et_pb_column type=&#8220;1_3&#8243;][et_pb_image admin_label=&#8220;Obraz&#8220; src=&#8220;https:\/\/stolmar24.com\/wp-content\/uploads\/okna-stolmar-bydgoszcz-001.jpg&#8220; show_in_lightbox=&#8220;off&#8220; url_new_window=&#8220;off&#8220; animation=&#8220;off&#8220; sticky=&#8220;off&#8220;] [\/et_pb_image][\/et_pb_column][\/et_pb_row][\/et_pb_section][et_pb_section admin_label=&#8220;section&#8220; fullwidth=&#8220;off&#8220; specialty=&#8220;off&#8220; transparent_background=&#8220;off&#8220; background_color=&#8220;#757575&#8243; allow_player_pause=&#8220;off&#8220; inner_shadow=&#8220;off&#8220; parallax=&#8220;off&#8220; parallax_method=&#8220;off&#8220;][et_pb_row admin_label=&#8220;row&#8220;][et_pb_column type=&#8220;4_4&#8243;][et_pb_text admin_label=&#8220;Tekst&#8220; background_layout=&#8220;dark&#8220; text_orientation=&#8220;left&#8220; text_font_size=&#8220;14&#8243; use_border_color=&#8220;off&#8220; border_color=&#8220;#ffffff&#8220; border_style=&#8220;solid&#8220;]<\/p>\n<p><span id=\"result_box\" class=\"\" lang=\"de\"><span class=\"\">&#8222;Als einer der ersten Anbieter von Kunststoff-Fenstersystemen beweist GEALAN, dass seine Produkte die Anforderungen der neuesten RAL-GZ 716-Richtlinie erf\u00fcllen. Das neue S 9000 Kombisystem hat zudem an 16 Mustern umfassende Pr\u00fcfverfahren bestanden, die Montageunternehmen die richtige Qualit\u00e4t und Langlebigkeit garantieren<\/span> <span class=\"\">und\u00a0 zudem Zuverl\u00e4ssigkeit in der Nutzung im Alltag gew\u00e4hrleisten. &#8222;- Erkl\u00e4ren Sie die Vertreter von Gealan.<\/span><\/span><\/p>\n<p>[\/et_pb_text][\/et_pb_column][\/et_pb_row][\/et_pb_section][et_pb_section admin_label=&#8220;section&#8220; fullwidth=&#8220;off&#8220; specialty=&#8220;off&#8220; transparent_background=&#8220;off&#8220; background_color=&#8220;#ffffff&#8220; allow_player_pause=&#8220;off&#8220; inner_shadow=&#8220;off&#8220; parallax=&#8220;off&#8220; parallax_method=&#8220;off&#8220;][et_pb_row admin_label=&#8220;row&#8220;][et_pb_column type=&#8220;4_4&#8243;][et_pb_text admin_label=&#8220;Tekst&#8220; background_layout=&#8220;light&#8220; text_orientation=&#8220;left&#8220;]<br \/>\n<span id=\"result_box\" class=\"\" lang=\"de\"><strong>HST 9000 Design<\/strong><\/span><\/p>\n<p><span class=\"\">Das Designsystem HST 9000 von GEALAN passt perfekt in die aktuellen Architekturtrends.<\/span><\/p>\n<p>[\/et_pb_text][et_pb_text admin_label=&#8220;Tekst&#8220; background_layout=&#8220;light&#8220; text_orientation=&#8220;left&#8220;]<br \/>\n<span id=\"result_box\" class=\"\" lang=\"de\"><span class=\"\">Effektive Ausleuchtung von R\u00e4umen und zus\u00e4tzliche Energiegewinne aus Solarenergie sind im modernen Bauwesen mittlerweile obligatorisch.<\/span> <span class=\"\">Dank des innovativen Designs des Fl\u00fcgels im festen Segment in der HST 9000 DESIGN-T\u00fcr gelangt mehr Licht in den Raum und die HST-T\u00fcr erh\u00e4lt ein leichtes und elegantes Aussehen.<\/span><\/span><br \/>\n[\/et_pb_text][et_pb_text admin_label=&#8220;Tekst&#8220; background_layout=&#8220;light&#8220; text_orientation=&#8220;left&#8220;]<br \/>\n<span id=\"result_box\" class=\"\" lang=\"de\"><span class=\"\">Bei dieser Variante wird der Standardfl\u00fcgel im festen Segment der Hebeschiebet\u00fcren HST durch ein verglastes Profil ersetzt, dessen Breite gegen\u00fcber dem normalen Fl\u00fcgel um mehr als 50% reduziert ist.<\/span> <span class=\"\">Gro\u00dfe Verglasungen und vergr\u00f6\u00dferte Abmessungen im HST 9000 DESIGN (H\u00f6he bis zu 2,5 m in Farbe und bis zu 2,6 m in der wei\u00dfen Version) bieten enorme Gestaltungsm\u00f6glichkeiten.<\/span><\/span><br \/>\n[\/et_pb_text][\/et_pb_column][\/et_pb_row][\/et_pb_section]<\/p>\n","protected":false},"excerpt":{"rendered":"<p>GEALAN stellt eine Kombination von Farbprofilen (S 9000 System) f\u00fcr Passivh\u00e4user, getestet vom Institut f\u00fcr Fenstertechnik in Rosenheim, vor. Damit k\u00f6nnen GEALAN-Partner farbige Passivfenster aus Standardprofilen und mit Standard-2-mm-Stahlbverst\u00e4rkungen nach den Richtlinien des Fenster-Technik-Instituts in Rosenheim WA-15\/2 herstellen. GEALAN-FUTURA erm\u00f6glicht die Produktion von farbigen Fensterfl\u00fcgeln\u00a0 mit einer maximalen H\u00f6he von 2,20 m und mit Hilfe [&hellip;]<\/p>\n","protected":false},"author":10,"featured_media":0,"parent":0,"menu_order":0,"comment_status":"open","ping_status":"open","template":"","meta":{"_et_pb_use_builder":"on","_et_pb_old_content":"","_et_gb_content_width":"","footnotes":""},"class_list":["post-25633","page","type-page","status-publish","hentry"],"yoast_head":"<!-- This site is optimized with the Yoast SEO plugin v27.4 - https:\/\/yoast.com\/product\/yoast-seo-wordpress\/ -->\n<title>PVC Fenster NEXT - Fensterproduzent Stolmar Bydgoszcz<\/title>\n<meta name=\"robots\" content=\"index, follow, max-snippet:-1, max-image-preview:large, max-video-preview:-1\" \/>\n<link rel=\"canonical\" href=\"https:\/\/stolmar24.com\/de\/das-next-fenster-system\/\" \/>\n<meta property=\"og:locale\" content=\"de_DE\" \/>\n<meta property=\"og:type\" content=\"article\" \/>\n<meta property=\"og:title\" content=\"PVC Fenster NEXT - Fensterproduzent Stolmar Bydgoszcz\" \/>\n<meta property=\"og:description\" content=\"GEALAN stellt eine Kombination von Farbprofilen (S 9000 System) f\u00fcr Passivh\u00e4user, getestet vom Institut f\u00fcr Fenstertechnik in Rosenheim, vor. Damit k\u00f6nnen GEALAN-Partner farbige Passivfenster aus Standardprofilen und mit Standard-2-mm-Stahlbverst\u00e4rkungen nach den Richtlinien des Fenster-Technik-Instituts in Rosenheim WA-15\/2 herstellen. GEALAN-FUTURA erm\u00f6glicht die Produktion von farbigen Fensterfl\u00fcgeln\u00a0 mit einer maximalen H\u00f6he von 2,20 m und mit Hilfe [&hellip;]\" \/>\n<meta property=\"og:url\" content=\"https:\/\/stolmar24.com\/de\/das-next-fenster-system\/\" \/>\n<meta property=\"og:site_name\" content=\"Stolmar\" \/>\n<meta property=\"article:publisher\" content=\"https:\/\/www.facebook.com\/STOLMAR-1482853595329004\/\" \/>\n<meta property=\"article:modified_time\" content=\"2019-01-18T08:18:03+00:00\" \/>\n<meta name=\"twitter:card\" content=\"summary_large_image\" \/>\n<meta name=\"twitter:site\" content=\"@Stolmar24\" \/>\n<meta name=\"twitter:label1\" content=\"Gesch\u00e4tzte Lesezeit\" \/>\n\t<meta name=\"twitter:data1\" content=\"5\u00a0Minuten\" \/>\n<script type=\"application\/ld+json\" class=\"yoast-schema-graph\">{\"@context\":\"https:\\\/\\\/schema.org\",\"@graph\":[{\"@type\":\"WebPage\",\"@id\":\"https:\\\/\\\/stolmar24.com\\\/de\\\/das-next-fenster-system\\\/\",\"url\":\"https:\\\/\\\/stolmar24.com\\\/de\\\/das-next-fenster-system\\\/\",\"name\":\"PVC Fenster NEXT - Fensterproduzent Stolmar Bydgoszcz\",\"isPartOf\":{\"@id\":\"https:\\\/\\\/stolmar24.com\\\/#website\"},\"datePublished\":\"2019-01-18T08:13:31+00:00\",\"dateModified\":\"2019-01-18T08:18:03+00:00\",\"breadcrumb\":{\"@id\":\"https:\\\/\\\/stolmar24.com\\\/de\\\/das-next-fenster-system\\\/#breadcrumb\"},\"inLanguage\":\"de\",\"potentialAction\":[{\"@type\":\"ReadAction\",\"target\":[\"https:\\\/\\\/stolmar24.com\\\/de\\\/das-next-fenster-system\\\/\"]}]},{\"@type\":\"BreadcrumbList\",\"@id\":\"https:\\\/\\\/stolmar24.com\\\/de\\\/das-next-fenster-system\\\/#breadcrumb\",\"itemListElement\":[{\"@type\":\"ListItem\",\"position\":1,\"name\":\"Strona g\u0142\u00f3wna\",\"item\":\"https:\\\/\\\/stolmar24.com\\\/de\\\/\"},{\"@type\":\"ListItem\",\"position\":2,\"name\":\"Das NEXT Fenster-System\"}]},{\"@type\":\"WebSite\",\"@id\":\"https:\\\/\\\/stolmar24.com\\\/#website\",\"url\":\"https:\\\/\\\/stolmar24.com\\\/\",\"name\":\"Stolmar\",\"description\":\"Producent stolarki okiennej\",\"potentialAction\":[{\"@type\":\"SearchAction\",\"target\":{\"@type\":\"EntryPoint\",\"urlTemplate\":\"https:\\\/\\\/stolmar24.com\\\/?s={search_term_string}\"},\"query-input\":{\"@type\":\"PropertyValueSpecification\",\"valueRequired\":true,\"valueName\":\"search_term_string\"}}],\"inLanguage\":\"de\"}]}<\/script>\n<!-- \/ Yoast SEO plugin. -->","yoast_head_json":{"title":"PVC Fenster NEXT - Fensterproduzent Stolmar Bydgoszcz","robots":{"index":"index","follow":"follow","max-snippet":"max-snippet:-1","max-image-preview":"max-image-preview:large","max-video-preview":"max-video-preview:-1"},"canonical":"https:\/\/stolmar24.com\/de\/das-next-fenster-system\/","og_locale":"de_DE","og_type":"article","og_title":"PVC Fenster NEXT - Fensterproduzent Stolmar Bydgoszcz","og_description":"GEALAN stellt eine Kombination von Farbprofilen (S 9000 System) f\u00fcr Passivh\u00e4user, getestet vom Institut f\u00fcr Fenstertechnik in Rosenheim, vor. Damit k\u00f6nnen GEALAN-Partner farbige Passivfenster aus Standardprofilen und mit Standard-2-mm-Stahlbverst\u00e4rkungen nach den Richtlinien des Fenster-Technik-Instituts in Rosenheim WA-15\/2 herstellen. GEALAN-FUTURA erm\u00f6glicht die Produktion von farbigen Fensterfl\u00fcgeln\u00a0 mit einer maximalen H\u00f6he von 2,20 m und mit Hilfe [&hellip;]","og_url":"https:\/\/stolmar24.com\/de\/das-next-fenster-system\/","og_site_name":"Stolmar","article_publisher":"https:\/\/www.facebook.com\/STOLMAR-1482853595329004\/","article_modified_time":"2019-01-18T08:18:03+00:00","twitter_card":"summary_large_image","twitter_site":"@Stolmar24","twitter_misc":{"Gesch\u00e4tzte Lesezeit":"5\u00a0Minuten"},"schema":{"@context":"https:\/\/schema.org","@graph":[{"@type":"WebPage","@id":"https:\/\/stolmar24.com\/de\/das-next-fenster-system\/","url":"https:\/\/stolmar24.com\/de\/das-next-fenster-system\/","name":"PVC Fenster NEXT - Fensterproduzent Stolmar Bydgoszcz","isPartOf":{"@id":"https:\/\/stolmar24.com\/#website"},"datePublished":"2019-01-18T08:13:31+00:00","dateModified":"2019-01-18T08:18:03+00:00","breadcrumb":{"@id":"https:\/\/stolmar24.com\/de\/das-next-fenster-system\/#breadcrumb"},"inLanguage":"de","potentialAction":[{"@type":"ReadAction","target":["https:\/\/stolmar24.com\/de\/das-next-fenster-system\/"]}]},{"@type":"BreadcrumbList","@id":"https:\/\/stolmar24.com\/de\/das-next-fenster-system\/#breadcrumb","itemListElement":[{"@type":"ListItem","position":1,"name":"Strona g\u0142\u00f3wna","item":"https:\/\/stolmar24.com\/de\/"},{"@type":"ListItem","position":2,"name":"Das NEXT Fenster-System"}]},{"@type":"WebSite","@id":"https:\/\/stolmar24.com\/#website","url":"https:\/\/stolmar24.com\/","name":"Stolmar","description":"Producent stolarki okiennej","potentialAction":[{"@type":"SearchAction","target":{"@type":"EntryPoint","urlTemplate":"https:\/\/stolmar24.com\/?s={search_term_string}"},"query-input":{"@type":"PropertyValueSpecification","valueRequired":true,"valueName":"search_term_string"}}],"inLanguage":"de"}]}},"_links":{"self":[{"href":"https:\/\/stolmar24.com\/de\/wp-json\/wp\/v2\/pages\/25633","targetHints":{"allow":["GET"]}}],"collection":[{"href":"https:\/\/stolmar24.com\/de\/wp-json\/wp\/v2\/pages"}],"about":[{"href":"https:\/\/stolmar24.com\/de\/wp-json\/wp\/v2\/types\/page"}],"author":[{"embeddable":true,"href":"https:\/\/stolmar24.com\/de\/wp-json\/wp\/v2\/users\/10"}],"replies":[{"embeddable":true,"href":"https:\/\/stolmar24.com\/de\/wp-json\/wp\/v2\/comments?post=25633"}],"version-history":[{"count":0,"href":"https:\/\/stolmar24.com\/de\/wp-json\/wp\/v2\/pages\/25633\/revisions"}],"wp:attachment":[{"href":"https:\/\/stolmar24.com\/de\/wp-json\/wp\/v2\/media?parent=25633"}],"curies":[{"name":"wp","href":"https:\/\/api.w.org\/{rel}","templated":true}]}}