{"id":25547,"date":"2018-10-05T13:06:53","date_gmt":"2018-10-05T11:06:53","guid":{"rendered":"https:\/\/stolmar24.com\/schiebe-systeme\/"},"modified":"2018-10-05T13:06:54","modified_gmt":"2018-10-05T11:06:54","slug":"schiebe-systeme","status":"publish","type":"page","link":"https:\/\/stolmar24.com\/de\/schiebe-systeme\/","title":{"rendered":"Schiebe-Systeme"},"content":{"rendered":"<p>[et_pb_section fb_built=&#8220;1&#8243; fullwidth=&#8220;on&#8220; admin_label=&#8220;section&#8220; _builder_version=&#8220;3.0.47&#8243; background_color=&#8220;#4ac1d3&#8243; custom_padding=&#8220;0px|0px|0|0px|false|false&#8220; transparent_background=&#8220;off&#8220;][et_pb_fullwidth_header title=&#8220;Schiebet\u00fcren-und Fenster&#8220; subhead=&#8220;Die besten Schiebe-Systeme in Bydgoszcz&#8220; admin_label=&#8220;Nag\u0142\u00f3wek pe\u0142nej szeroko\u015bci&#8220; _builder_version=&#8220;3.2&#8243; background_color=&#8220;rgba(255, 255, 255, 0)&#8220;] [\/et_pb_fullwidth_header][\/et_pb_section][et_pb_section fb_built=&#8220;1&#8243; fullwidth=&#8220;on&#8220; _builder_version=&#8220;3.2&#8243;][et_pb_fullwidth_image src=&#8220;http:\/\/stolmar24.com\/wp-content\/uploads\/stolmar-okna-bydgoszcz-001.jpg&#8220; _builder_version=&#8220;3.2&#8243;][\/et_pb_fullwidth_image][\/et_pb_section][et_pb_section fb_built=&#8220;1&#8243; admin_label=&#8220;section&#8220; _builder_version=&#8220;3.0.47&#8243;][et_pb_row make_fullwidth=&#8220;on&#8220; use_custom_gutter=&#8220;on&#8220; custom_padding=&#8220;27px|0px|31px|0px|false|false&#8220; admin_label=&#8220;row&#8220; _builder_version=&#8220;3.2&#8243; background_size=&#8220;initial&#8220; background_position=&#8220;top_left&#8220; background_repeat=&#8220;repeat&#8220;][et_pb_column type=&#8220;4_4&#8243; _builder_version=&#8220;3.0.47&#8243; parallax=&#8220;off&#8220; parallax_method=&#8220;on&#8220;][et_pb_text admin_label=&#8220;Tekst&#8220; _builder_version=&#8220;3.0.47&#8243; background_size=&#8220;initial&#8220; background_position=&#8220;top_left&#8220; background_repeat=&#8220;repeat&#8220; use_border_color=&#8220;off&#8220; border_color=&#8220;#ffffff&#8220; border_style=&#8220;solid&#8220;]<span id=\"result_box\" class=\"\" lang=\"de\"><span title=\"Systemy przesuwne (okna i drzwi przesuwne) s\u0105 doskona\u0142\u0105, zaawansowan\u0105 technologicznie alternatyw\u0105 dla tradycyjnych drzwi balkonowych.\">Schiebesysteme (Schiebefenster und -t\u00fcren) sind eine ausgezeichnete, technologisch fortschrittliche Alternative zu herk\u00f6mmlichen Balkont\u00fcren. <\/span><span title=\"Du\u017ce przeszklone powierzchnie wnosz\u0105 do pomieszcze\u0144 nie tylko znaczn\u0105 ilo\u015b\u0107 \u015bwiat\u0142a s\u0142onecznego, ale tak\u017ce tworz\u0105 wra\u017cenie otwartej przestrzeni, wizualnie powi\u0119kszaj\u0105c wn\u0119trze.\">Gro\u00dfe verglaste Fl\u00e4chen bringen nicht nur viel Sonnenlicht in die R\u00e4ume, sondern schaffen auch den Eindruck von Freir\u00e4umen, die das Internieur optisch erweitern. <\/span><span title=\"Cho\u0107 typ\u00f3w i rodzaj drzwi jest stosunkowo sporo, to korzy\u015bci ze stosowania system\u00f3w przesuwnych s\u0105 bardzo liczne.\n\n\">Obwohl es relativ viele Sorten von T\u00fcren gibt, sind die Vorteile der Verwendung von Schiebesystemen zahlreich und gewichtig.<\/p>\n<p><\/span><span title=\"G\u0142\u00f3wn\u0105 zalet\u0105 system\u00f3w przesuwnych stosowanych w drzwiach balkonowych jest fakt, \u017ce podczas ich otwierania ? nie ograniczaj\u0105 przestrzeni wn\u0119trza, gdy\u017c skrzyd\u0142o drzwi przesuwa si\u0119 r\u00f3wnolegle wzgl\u0119dem drugiego.\">Der Hauptvorteil von Schiebesystemen, die in Balkont\u00fcren verwendet werden, ist die Tatsache, dass sie beim \u00d6ffnen den Innenraum nicht einschr\u00e4nken, weil sich das T\u00fcrblatt parallel zum anderen bewegt. <\/span><span title=\"Samo skrzyd\u0142o drzwiowe, podczas przesuwania jest lekko uniesione, co ogranicza tarcie pomi\u0119dzy progiem, a uszczelkami.\">Das T\u00fcrblatt selbst, ist w\u00e4hrend des Schiebevorgangs leicht angehoben, was die Reibung zwischen der Schwelle und den Dichtungen minimiert. <\/span><span title=\"Zapewnia to wygodne i ciche u\u017cytkowanie.\">Dies gew\u00e4hrleistet einen komfortablen und sicheren Gebrauch. <\/span><span title=\"Niekt\u00f3re z dost\u0119pnych system\u00f3w maj\u0105 mo\u017cliwo\u015b\u0107 dodatkowego zastosowania niskiego progu, kt\u00f3ry zapewnia jeszcze wi\u0119kszy komfort u\u017cytkowania i prawie p\u0142askie przej\u015bcie na zewn\u0105trz.\n\n\">Einige der verf\u00fcgbaren Systeme haben die M\u00f6glichkeit, eine niedrige Schwelle zu verwenden, die f\u00fcr noch mehr Komfort und einen fast flachen \u00dcbergang nach au\u00dfen sorgt.<\/p>\n<p><\/span><span title=\"Zapraszamy do zapoznania si\u0119 z ofert\u0105 firmy Stolmar, kt\u00f3ra obejmuje nowoczesne okna i drzwi przesuwne w Bydgoszczy, wchodz\u0105ce w sk\u0142ad dw\u00f3ch \u015bwietnie si\u0119 sprawdzaj\u0105cych i ciesz\u0105cych si\u0119 renom\u0105 nie tylko w Bydgoszczy system\u00f3w przesuwnych PSK i HST.\">Wir laden Sie ein, sich mit dem Angebot von STOLMAR vertraut zu machen. Unsere\u00a0 modernen Fenster und Schiebet\u00fcren verbunden mit den PSK und HST Systemen genie\u00dfen nicht nur regional einen hervorragenden Ruf und erfreuen sich gro\u00dfer beliebtheit und Nachfrage.<\/span><\/span><br \/>\n[\/et_pb_text][et_pb_cta title=&#8220;Das PSK Kipp- und Schiebe-Terrassensystem&#8220; admin_label=&#8220;Wezwanie do dzia\u0142ania&#8220; _builder_version=&#8220;3.0.47&#8243; background_size=&#8220;initial&#8220; background_position=&#8220;top_left&#8220; background_repeat=&#8220;repeat&#8220;][\/et_pb_cta][\/et_pb_column][\/et_pb_row][et_pb_row make_fullwidth=&#8220;on&#8220; custom_padding=&#8220;0|0px|0|0px|false|false&#8220; admin_label=&#8220;row&#8220; _builder_version=&#8220;3.2&#8243; background_size=&#8220;initial&#8220; background_position=&#8220;top_left&#8220; background_repeat=&#8220;repeat&#8220;][et_pb_column type=&#8220;1_3&#8243; _builder_version=&#8220;3.0.47&#8243; parallax=&#8220;off&#8220; parallax_method=&#8220;on&#8220;][et_pb_image src=&#8220;http:\/\/stolmar24.com\/wp-content\/uploads\/okno-uchylno-przesuwne-PSK-stolmar-001.jpg&#8220; alt=&#8220;Fenster und Schiebet\u00fcren im PSK-System &#8211; Stolmar Bydgoszcz&#8220; title_text=&#8220;Fenster und Schiebet\u00fcren im PSK-System &#8211; Stolmar Bydgoszcz&#8220; admin_label=&#8220;Obraz&#8220; _builder_version=&#8220;3.0.47&#8243; use_border_color=&#8220;off&#8220; border_color=&#8220;#ffffff&#8220; border_style=&#8220;solid&#8220; animation=&#8220;off&#8220; sticky=&#8220;off&#8220;] [\/et_pb_image][\/et_pb_column][et_pb_column type=&#8220;2_3&#8243; _builder_version=&#8220;3.0.47&#8243; parallax=&#8220;off&#8220; parallax_method=&#8220;on&#8220;][et_pb_text admin_label=&#8220;Okna oraz drzwi balkonowe i tarasowe uchylno-przesuwne PSK&#8220; _builder_version=&#8220;3.2&#8243; header_font=&#8220;||||||||&#8220; header_2_font=&#8220;||||||||&#8220; header_2_font_size=&#8220;52px&#8220; background_size=&#8220;initial&#8220; background_position=&#8220;top_left&#8220; background_repeat=&#8220;repeat&#8220; use_border_color=&#8220;off&#8220; border_color=&#8220;#ffffff&#8220; border_style=&#8220;solid&#8220;]<span id=\"result_box\" class=\"\" lang=\"de\"><span class=\"\">Balkonfenster- und T\u00fcren, sowie kippbare Terrassen &#8211; Schiebet\u00fcren PSK<\/span><\/span><br \/>\n[\/et_pb_text][et_pb_text admin_label=&#8220;Tekst&#8220; _builder_version=&#8220;3.2&#8243; background_size=&#8220;initial&#8220; background_position=&#8220;top_left&#8220; background_repeat=&#8220;repeat&#8220; use_border_color=&#8220;off&#8220; border_color=&#8220;#ffffff&#8220; border_style=&#8220;solid&#8220;]<span id=\"result_box\" class=\"\" lang=\"de\"><span class=\"\">Die PSK Balkon- und Terrassenfenster sind eine interessante L\u00f6sung f\u00fcr traditionelle Doppelfl\u00fcgel-Balkone.<\/span> <span class=\"\">Eines der innovativen Merkmale ist der in diesen Fenstern und T\u00fcren verwendete Mechanismus, der sowohl das \u00d6ffnen als auch das Kippen des Fl\u00fcgels erm\u00f6glicht.<\/span> <span class=\"\">Ihr gro\u00dfer Vorteil ist auch die fehlende Begrenzung des Wohnraumes durch das Bedienen der T\u00fcren.<\/span> <span class=\"\">In der PSK-T\u00fcr findet die Bewegung parallel zu dem festen Fl\u00fcgel statt.<\/span> <span class=\"\">Solche modernen Varianten werden nicht nur in Bydgoszcz, sondern auch in Polen und im Ausland immer beliebter.<\/span><\/span><br \/>\n[\/et_pb_text][\/et_pb_column][\/et_pb_row][et_pb_row make_fullwidth=&#8220;on&#8220; use_custom_gutter=&#8220;on&#8220; custom_padding=&#8220;0|0px|0|0px|false|false&#8220; admin_label=&#8220;row&#8220; _builder_version=&#8220;3.2&#8243; background_size=&#8220;initial&#8220; background_position=&#8220;top_left&#8220; background_repeat=&#8220;repeat&#8220;][et_pb_column type=&#8220;4_4&#8243; _builder_version=&#8220;3.0.47&#8243; parallax=&#8220;off&#8220; parallax_method=&#8220;on&#8220;][et_pb_cta title=&#8220;HST heb-und schiebbares Terrassensystem&#8220; admin_label=&#8220;Wezwanie do dzia\u0142ania&#8220; _builder_version=&#8220;3.0.47&#8243; background_size=&#8220;initial&#8220; background_position=&#8220;top_left&#8220; background_repeat=&#8220;repeat&#8220;][\/et_pb_cta][\/et_pb_column][\/et_pb_row][et_pb_row make_fullwidth=&#8220;on&#8220; custom_padding=&#8220;30px|0px|0|0px|false|false&#8220; admin_label=&#8220;row&#8220; _builder_version=&#8220;3.2&#8243; background_size=&#8220;initial&#8220; background_position=&#8220;top_left&#8220; background_repeat=&#8220;repeat&#8220;][et_pb_column type=&#8220;1_3&#8243; _builder_version=&#8220;3.0.47&#8243; parallax=&#8220;off&#8220; parallax_method=&#8220;on&#8220;][et_pb_image src=&#8220;http:\/\/stolmar24.com\/wp-content\/uploads\/okno-podnoszono-przesuwne-HST-stolmar-001.jpg&#8220; alt=&#8220;Schiebet\u00fcren-und Fenster im HST-System &#8211; Stolmar Bydgoszcz&#8220; title_text=&#8220;Schiebet\u00fcren-und Fenster im HST-System &#8211; Stolmar Bydgoszcz&#8220; admin_label=&#8220;Obraz&#8220; _builder_version=&#8220;3.0.47&#8243; use_border_color=&#8220;off&#8220; border_color=&#8220;#ffffff&#8220; border_style=&#8220;solid&#8220; animation=&#8220;off&#8220; sticky=&#8220;off&#8220;] [\/et_pb_image][\/et_pb_column][et_pb_column type=&#8220;2_3&#8243; _builder_version=&#8220;3.0.47&#8243; parallax=&#8220;off&#8220; parallax_method=&#8220;on&#8220;][et_pb_text admin_label=&#8220;Okna oraz drzwi balkonowe i tarasowe uchylno-przesuwne PSK&#8220; _builder_version=&#8220;3.2&#8243; header_font=&#8220;||||||||&#8220; header_2_font=&#8220;||||||||&#8220; header_2_font_size=&#8220;52px&#8220; background_size=&#8220;initial&#8220; background_position=&#8220;top_left&#8220; background_repeat=&#8220;repeat&#8220; use_border_color=&#8220;off&#8220; border_color=&#8220;#ffffff&#8220; border_style=&#8220;solid&#8220;]Balkonfenster-und T\u00fcren, sowie heb-und schiebbare HST T\u00fcren<br \/>\n[\/et_pb_text][et_pb_text admin_label=&#8220;Tekst&#8220; _builder_version=&#8220;3.0.47&#8243; background_size=&#8220;initial&#8220; background_position=&#8220;top_left&#8220; background_repeat=&#8220;repeat&#8220; use_border_color=&#8220;off&#8220; border_color=&#8220;#ffffff&#8220; border_style=&#8220;solid&#8220;]<span id=\"result_box\" class=\"\" lang=\"de\"><span class=\"\">Die Hebe-Schiebe-HST Balkon- und Terrassenfenster\u00a0 werden \u00fcberall dort eingesetzt, wo auf gro\u00dfz\u00fcgige, barrierefreie R\u00e4umlichkeiten geachtet wird.<\/span> Ein anderes und innovatives Merkmal ist der in der T\u00fcr verwendete Mechanismus, der es erm\u00f6glicht, den Fl\u00fcgel zu schieben und ihn anzuheben. Ihr gro\u00dfer Vorteil ist auch die fehlende Begrenzung der Wohnfl\u00e4che durch das \u00d6ffnen und Bedienen der Fensterfl\u00fcgel.<\/p>\n<p>In der HST-T\u00fcr ist die Bewegung parallel zu dem festen Fl\u00fcgel, d. H. Einem festen Fl\u00fcgel und dem anderen beweglichen Fl\u00fcgel. <span class=\"\">Gro\u00dfe Glasfl\u00e4chen sorgen f\u00fcr eine konstante Lichtversorgung des Rauminneren, zudem scheint das Glas direkt mit dem Boden verbunden zu sein, denn die Schwelle bleibt fast unsichtbar und es scheint, als g\u00e4be es \u00fcberhaupt nichts zwischen Innen- und Au\u00dfenwelt.<\/span><\/span><br \/>\n[\/et_pb_text][\/et_pb_column][\/et_pb_row][\/et_pb_section]<\/p>\n","protected":false},"excerpt":{"rendered":"<p>Schiebesysteme (Schiebefenster und -t\u00fcren) sind eine ausgezeichnete, technologisch fortschrittliche Alternative zu herk\u00f6mmlichen Balkont\u00fcren. Gro\u00dfe verglaste Fl\u00e4chen bringen nicht nur viel Sonnenlicht in die R\u00e4ume, sondern schaffen auch den Eindruck von Freir\u00e4umen, die das Internieur optisch erweitern. Obwohl es relativ viele Sorten von T\u00fcren gibt, sind die Vorteile der Verwendung von Schiebesystemen zahlreich und gewichtig. Der [&hellip;]<\/p>\n","protected":false},"author":10,"featured_media":0,"parent":0,"menu_order":0,"comment_status":"open","ping_status":"closed","template":"","meta":{"_et_pb_use_builder":"on","_et_pb_old_content":"","_et_gb_content_width":"","footnotes":""},"class_list":["post-25547","page","type-page","status-publish","hentry"],"yoast_head":"<!-- This site is optimized with the Yoast SEO plugin v27.3 - https:\/\/yoast.com\/product\/yoast-seo-wordpress\/ -->\n<title>Warum sind Aluminiumfenster und -t\u00fcren so beliebt?<\/title>\n<meta name=\"description\" content=\"Moderne Schiebefenster und T\u00fcren, die in Bydgoszcz von Stolmar angeboten werden, sind eine hervorragende und elegante Alternative zu klassischen Balkont\u00fcren.\" \/>\n<meta name=\"robots\" content=\"index, follow, max-snippet:-1, max-image-preview:large, max-video-preview:-1\" \/>\n<link rel=\"canonical\" href=\"https:\/\/stolmar24.com\/de\/schiebe-systeme\/\" \/>\n<meta property=\"og:locale\" content=\"de_DE\" \/>\n<meta property=\"og:type\" content=\"article\" \/>\n<meta property=\"og:title\" content=\"Warum sind Aluminiumfenster und -t\u00fcren so beliebt?\" \/>\n<meta property=\"og:description\" content=\"Moderne Schiebefenster und T\u00fcren, die in Bydgoszcz von Stolmar angeboten werden, sind eine hervorragende und elegante Alternative zu klassischen Balkont\u00fcren.\" \/>\n<meta property=\"og:url\" content=\"https:\/\/stolmar24.com\/de\/schiebe-systeme\/\" \/>\n<meta property=\"og:site_name\" content=\"Stolmar\" \/>\n<meta property=\"article:publisher\" content=\"https:\/\/www.facebook.com\/STOLMAR-1482853595329004\/\" \/>\n<meta property=\"article:modified_time\" content=\"2018-10-05T11:06:54+00:00\" \/>\n<meta name=\"twitter:card\" content=\"summary_large_image\" \/>\n<meta name=\"twitter:site\" content=\"@Stolmar24\" \/>\n<meta name=\"twitter:label1\" content=\"Gesch\u00e4tzte Lesezeit\" \/>\n\t<meta name=\"twitter:data1\" content=\"6\u00a0Minuten\" \/>\n<script type=\"application\/ld+json\" class=\"yoast-schema-graph\">{\"@context\":\"https:\\\/\\\/schema.org\",\"@graph\":[{\"@type\":\"WebPage\",\"@id\":\"https:\\\/\\\/stolmar24.com\\\/de\\\/schiebe-systeme\\\/\",\"url\":\"https:\\\/\\\/stolmar24.com\\\/de\\\/schiebe-systeme\\\/\",\"name\":\"Warum sind Aluminiumfenster und -t\u00fcren so beliebt?\",\"isPartOf\":{\"@id\":\"https:\\\/\\\/stolmar24.com\\\/#website\"},\"datePublished\":\"2018-10-05T11:06:53+00:00\",\"dateModified\":\"2018-10-05T11:06:54+00:00\",\"description\":\"Moderne Schiebefenster und T\u00fcren, die in Bydgoszcz von Stolmar angeboten werden, sind eine hervorragende und elegante Alternative zu klassischen Balkont\u00fcren.\",\"breadcrumb\":{\"@id\":\"https:\\\/\\\/stolmar24.com\\\/de\\\/schiebe-systeme\\\/#breadcrumb\"},\"inLanguage\":\"de\",\"potentialAction\":[{\"@type\":\"ReadAction\",\"target\":[\"https:\\\/\\\/stolmar24.com\\\/de\\\/schiebe-systeme\\\/\"]}]},{\"@type\":\"BreadcrumbList\",\"@id\":\"https:\\\/\\\/stolmar24.com\\\/de\\\/schiebe-systeme\\\/#breadcrumb\",\"itemListElement\":[{\"@type\":\"ListItem\",\"position\":1,\"name\":\"Strona g\u0142\u00f3wna\",\"item\":\"https:\\\/\\\/stolmar24.com\\\/de\\\/\"},{\"@type\":\"ListItem\",\"position\":2,\"name\":\"Schiebe-Systeme\"}]},{\"@type\":\"WebSite\",\"@id\":\"https:\\\/\\\/stolmar24.com\\\/#website\",\"url\":\"https:\\\/\\\/stolmar24.com\\\/\",\"name\":\"Stolmar\",\"description\":\"Producent stolarki okiennej\",\"potentialAction\":[{\"@type\":\"SearchAction\",\"target\":{\"@type\":\"EntryPoint\",\"urlTemplate\":\"https:\\\/\\\/stolmar24.com\\\/?s={search_term_string}\"},\"query-input\":{\"@type\":\"PropertyValueSpecification\",\"valueRequired\":true,\"valueName\":\"search_term_string\"}}],\"inLanguage\":\"de\"}]}<\/script>\n<!-- \/ Yoast SEO plugin. -->","yoast_head_json":{"title":"Warum sind Aluminiumfenster und -t\u00fcren so beliebt?","description":"Moderne Schiebefenster und T\u00fcren, die in Bydgoszcz von Stolmar angeboten werden, sind eine hervorragende und elegante Alternative zu klassischen Balkont\u00fcren.","robots":{"index":"index","follow":"follow","max-snippet":"max-snippet:-1","max-image-preview":"max-image-preview:large","max-video-preview":"max-video-preview:-1"},"canonical":"https:\/\/stolmar24.com\/de\/schiebe-systeme\/","og_locale":"de_DE","og_type":"article","og_title":"Warum sind Aluminiumfenster und -t\u00fcren so beliebt?","og_description":"Moderne Schiebefenster und T\u00fcren, die in Bydgoszcz von Stolmar angeboten werden, sind eine hervorragende und elegante Alternative zu klassischen Balkont\u00fcren.","og_url":"https:\/\/stolmar24.com\/de\/schiebe-systeme\/","og_site_name":"Stolmar","article_publisher":"https:\/\/www.facebook.com\/STOLMAR-1482853595329004\/","article_modified_time":"2018-10-05T11:06:54+00:00","twitter_card":"summary_large_image","twitter_site":"@Stolmar24","twitter_misc":{"Gesch\u00e4tzte Lesezeit":"6\u00a0Minuten"},"schema":{"@context":"https:\/\/schema.org","@graph":[{"@type":"WebPage","@id":"https:\/\/stolmar24.com\/de\/schiebe-systeme\/","url":"https:\/\/stolmar24.com\/de\/schiebe-systeme\/","name":"Warum sind Aluminiumfenster und -t\u00fcren so beliebt?","isPartOf":{"@id":"https:\/\/stolmar24.com\/#website"},"datePublished":"2018-10-05T11:06:53+00:00","dateModified":"2018-10-05T11:06:54+00:00","description":"Moderne Schiebefenster und T\u00fcren, die in Bydgoszcz von Stolmar angeboten werden, sind eine hervorragende und elegante Alternative zu klassischen Balkont\u00fcren.","breadcrumb":{"@id":"https:\/\/stolmar24.com\/de\/schiebe-systeme\/#breadcrumb"},"inLanguage":"de","potentialAction":[{"@type":"ReadAction","target":["https:\/\/stolmar24.com\/de\/schiebe-systeme\/"]}]},{"@type":"BreadcrumbList","@id":"https:\/\/stolmar24.com\/de\/schiebe-systeme\/#breadcrumb","itemListElement":[{"@type":"ListItem","position":1,"name":"Strona g\u0142\u00f3wna","item":"https:\/\/stolmar24.com\/de\/"},{"@type":"ListItem","position":2,"name":"Schiebe-Systeme"}]},{"@type":"WebSite","@id":"https:\/\/stolmar24.com\/#website","url":"https:\/\/stolmar24.com\/","name":"Stolmar","description":"Producent stolarki okiennej","potentialAction":[{"@type":"SearchAction","target":{"@type":"EntryPoint","urlTemplate":"https:\/\/stolmar24.com\/?s={search_term_string}"},"query-input":{"@type":"PropertyValueSpecification","valueRequired":true,"valueName":"search_term_string"}}],"inLanguage":"de"}]}},"_links":{"self":[{"href":"https:\/\/stolmar24.com\/de\/wp-json\/wp\/v2\/pages\/25547","targetHints":{"allow":["GET"]}}],"collection":[{"href":"https:\/\/stolmar24.com\/de\/wp-json\/wp\/v2\/pages"}],"about":[{"href":"https:\/\/stolmar24.com\/de\/wp-json\/wp\/v2\/types\/page"}],"author":[{"embeddable":true,"href":"https:\/\/stolmar24.com\/de\/wp-json\/wp\/v2\/users\/10"}],"replies":[{"embeddable":true,"href":"https:\/\/stolmar24.com\/de\/wp-json\/wp\/v2\/comments?post=25547"}],"version-history":[{"count":0,"href":"https:\/\/stolmar24.com\/de\/wp-json\/wp\/v2\/pages\/25547\/revisions"}],"wp:attachment":[{"href":"https:\/\/stolmar24.com\/de\/wp-json\/wp\/v2\/media?parent=25547"}],"curies":[{"name":"wp","href":"https:\/\/api.w.org\/{rel}","templated":true}]}}