{"id":25545,"date":"2018-10-05T12:30:00","date_gmt":"2018-10-05T10:30:00","guid":{"rendered":"https:\/\/stolmar24.com\/aluminium-systeme\/"},"modified":"2018-10-05T12:30:02","modified_gmt":"2018-10-05T10:30:02","slug":"aluminium-systeme","status":"publish","type":"page","link":"https:\/\/stolmar24.com\/de\/aluminium-systeme\/","title":{"rendered":"Aluminium-Systeme"},"content":{"rendered":"<p>[et_pb_section fb_built=&#8220;1&#8243; background_color=&#8220;#4ac1d3&#8243; fullwidth=&#8220;on&#8220; admin_label=&#8220;section&#8220; _builder_version=&#8220;3.0.47&#8243;][et_pb_fullwidth_header title=&#8220;ALUMINIUM-SYSTEME&#8220; subhead=&#8220;Aluminiumfenster und T\u00fcren in Bydgoszcz&#8220; background_layout=&#8220;dark&#8220; admin_label=&#8220;Nag\u0142\u00f3wek pe\u0142nej szeroko\u015bci&#8220; _builder_version=&#8220;3.0.47&#8243;] [\/et_pb_fullwidth_header][\/et_pb_section][et_pb_section fb_built=&#8220;1&#8243; admin_label=&#8220;section&#8220; _builder_version=&#8220;3.0.47&#8243;][et_pb_row admin_label=&#8220;row&#8220; _builder_version=&#8220;3.0.47&#8243; background_size=&#8220;initial&#8220; background_position=&#8220;top_left&#8220; background_repeat=&#8220;repeat&#8220;][et_pb_column type=&#8220;4_4&#8243; _builder_version=&#8220;3.0.47&#8243; parallax=&#8220;off&#8220; parallax_method=&#8220;on&#8220;][et_pb_text admin_label=&#8220;Tekst&#8220; _builder_version=&#8220;3.0.47&#8243; background_size=&#8220;initial&#8220; background_position=&#8220;top_left&#8220; background_repeat=&#8220;repeat&#8220;]<span id=\"result_box\" class=\"\" lang=\"de\">Aluminiumfenster und -t\u00fcren sind dank der Vielfalt an Formen ubestens auf die architektonischen Herausforderungen der Gegenwart ausgerichtet. Aluminium ist ein ideales Material, um den wachsenden Marktanforderungen und sogar den anspruchsvollsten Vorstellungen der Kunden gerecht zu werden. Unsere Firma stellt in Bydgoszcz neben Fenstern aus Kunststoff auch Fenster und T\u00fcren aus Aluminium her.<\/p>\n<p>Die Art und der Charakter der Profile erlaubt, schlanke und haltbare Fenster- und T\u00fcrkonstruktionen zu produzieren, die den individuellen Pr\u00e4ferenzen des Kunden entsprechen. <span class=\"\">Aluminium-Fenster- und T\u00fcrsysteme zeichnen sich durch au\u00dfergew\u00f6hnliche Langlebigkeit, Leichtigkeit der Konstruktion und Maxcimalisierung der Verglasungsfl\u00e4chen aus.<\/span><\/span>[\/et_pb_text][et_pb_cta title=&#8220;Externes Aluminium&#8220; admin_label=&#8220;Wezwanie do dzia\u0142ania&#8220; _builder_version=&#8220;3.0.47&#8243; background_size=&#8220;initial&#8220; background_position=&#8220;top_left&#8220; background_repeat=&#8220;repeat&#8220;] Warmes Aluminium [\/et_pb_cta][\/et_pb_column][\/et_pb_row][et_pb_row admin_label=&#8220;row&#8220; _builder_version=&#8220;3.0.47&#8243; background_size=&#8220;initial&#8220; background_position=&#8220;top_left&#8220; background_repeat=&#8220;repeat&#8220;][et_pb_column type=&#8220;1_3&#8243; _builder_version=&#8220;3.0.47&#8243; parallax=&#8220;off&#8220; parallax_method=&#8220;on&#8220;][et_pb_image src=&#8220;http:\/\/stolmar24.com\/wp-content\/uploads\/MB86-aero-drzwi1.jpg&#8220; alt=&#8220;Fenster und Aluminiumt\u00fcren im  MB86 System &#8211; Stolmar Bydgoszcz&#8220; title_text=&#8220;Fenster und Aluminiumt\u00fcren im  MB86 System &#8211; Stolmar Bydgoszcz&#8220; animation=&#8220;off&#8220; admin_label=&#8220;Obraz&#8220; _builder_version=&#8220;3.0.47&#8243;] [\/et_pb_image][et_pb_text text_orientation=&#8220;center&#8220; admin_label=&#8220;System okienno-drzwiowy MB86&#8243; _builder_version=&#8220;3.0.47&#8243; background_size=&#8220;initial&#8220; background_position=&#8220;top_left&#8220; background_repeat=&#8220;repeat&#8220;]<br \/>\n<strong><span id=\"result_box\" class=\"short_text\" lang=\"de\"><span class=\"\">Fenster- und T\u00fcrsystem MB86<\/span><\/span><\/strong><br \/>\n[\/et_pb_text][et_pb_text text_orientation=&#8220;center&#8220; admin_label=&#8220;Tekst&#8220; _builder_version=&#8220;3.0.47&#8243; background_size=&#8220;initial&#8220; background_position=&#8220;top_left&#8220; background_repeat=&#8220;repeat&#8220;]<span id=\"result_box\" class=\"\" lang=\"de\"><span class=\"\">Unser Fenster- und T\u00fcrsystem aus Aluminium mit sehr guten Parametern befriedigt selbst die anspruchsvollsten Kundenw\u00fcnsche.<\/span> <span class=\"\">Das weltweit erste System von Aluminiumfenstern und -t\u00fcren, in dem das Aerogel verwendet wurde &#8211; ein Material mit hervorragender W\u00e4rmeisolierung.<\/span> <span class=\"\">Zu den St\u00e4rken des Systems geh\u00f6rt auch die hohe Festigkeit der Profile, die den Bau von Strukturen mit gro\u00dfen Abmessungen und Gewicht erm\u00f6glicht.<\/span> <span class=\"\">Es gibt auch eine Fensterversion mit einem versteckten Fl\u00fcgel.<\/span><\/span>[\/et_pb_text][\/et_pb_column][et_pb_column type=&#8220;1_3&#8243; _builder_version=&#8220;3.0.47&#8243; parallax=&#8220;off&#8220; parallax_method=&#8220;on&#8220;][et_pb_image src=&#8220;http:\/\/stolmar24.com\/wp-content\/uploads\/mb70-hi-drzwi.jpg&#8220; alt=&#8220;Fenster und Aluminiumt\u00fcren im MB70-System &#8211; Stolmar Bydgoszcz&#8220; title_text=&#8220;Fenster und Aluminiumt\u00fcren im MB70-System &#8211; Stolmar Bydgoszcz&#8220; animation=&#8220;off&#8220; admin_label=&#8220;Obraz&#8220; _builder_version=&#8220;3.0.47&#8243;] [\/et_pb_image][et_pb_text text_orientation=&#8220;center&#8220; admin_label=&#8220;System okienno-drzwiowy MB70&#8243; _builder_version=&#8220;3.0.47&#8243; background_size=&#8220;initial&#8220; background_position=&#8220;top_left&#8220; background_repeat=&#8220;repeat&#8220;]<br \/>\n<span id=\"result_box\" class=\"short_text\" lang=\"de\"><span class=\"\">Fenster- und T\u00fcrsystem MB70<\/span><\/span><br \/>\n[\/et_pb_text][et_pb_text text_orientation=&#8220;center&#8220; admin_label=&#8220;Tekst&#8220; _builder_version=&#8220;3.0.47&#8243; background_size=&#8220;initial&#8220; background_position=&#8220;top_left&#8220; background_repeat=&#8220;repeat&#8220;]<span id=\"result_box\" class=\"\" lang=\"de\">Dieses Aluminiumsystem wird verwendet, um Elemente mit sehr guter W\u00e4rme- und Schalld\u00e4mmung\u00a0 zu realisieren, zB: verschiedene Arten von Fenstern, T\u00fcren, Vorhallen, Baustellen, Raumstrukturen. <span class=\"\">Es hat eine Version mit erh\u00f6hter W\u00e4rmeisolierung, die dank der Verwendung von speziellen Isoliereins\u00e4tzen in den Abschnitten und im Unterglasraum gewonnen wird.<\/span> <span class=\"\">Das MB-70-System kann f\u00fcr einbruchhemmende Aluminiumfenster und -t\u00fcren sowie f\u00fcr Rauchabzugsfenster eingesetzt werden.<\/span><\/span>[\/et_pb_text][\/et_pb_column][et_pb_column type=&#8220;1_3&#8243; _builder_version=&#8220;3.0.47&#8243; parallax=&#8220;off&#8220; parallax_method=&#8220;on&#8220;][et_pb_image src=&#8220;http:\/\/stolmar24.com\/wp-content\/uploads\/mb60-drzwi.jpg&#8220; alt=&#8220;Fenster und Aluminiumt\u00fcren im MB60-System &#8211; Stolmar Bydgoszcz&#8220; title_text=&#8220;Fenster und Aluminiumt\u00fcren im  MB86 System &#8211; Stolmar Bydgoszcz&#8220; animation=&#8220;off&#8220; admin_label=&#8220;Obraz&#8220; _builder_version=&#8220;3.0.47&#8243;] [\/et_pb_image][et_pb_text text_orientation=&#8220;center&#8220; admin_label=&#8220;System okienno-drzwiowy MB60&#8243; _builder_version=&#8220;3.0.47&#8243; background_size=&#8220;initial&#8220; background_position=&#8220;top_left&#8220; background_repeat=&#8220;repeat&#8220;]<br \/>\n<span id=\"result_box\" class=\"short_text\" lang=\"de\"><span class=\"\">Fenster- und T\u00fcrsystem MB60<\/span><\/span><br \/>\n[\/et_pb_text][et_pb_text text_orientation=&#8220;center&#8220; admin_label=&#8220;Tekst&#8220; _builder_version=&#8220;3.0.47&#8243; background_size=&#8220;initial&#8220; background_position=&#8220;top_left&#8220; background_repeat=&#8220;repeat&#8220;]<span id=\"result_box\" class=\"\" lang=\"de\"><span class=\"\">Dieses moderne Aluminiumsystem wird haupts\u00e4chlich in Segmenten montiert, die eine gute W\u00e4rme- und Schalld\u00e4mmung in den architektonischen Elementen der Au\u00dfenkonstruktionen erfordern.<\/span> <span class=\"\">Ein Beispiel f\u00fcr diese Art von Anwendungen k\u00f6nnen beispielsweise sein: Fenster und Au\u00dfent\u00fcren verschiedener Art, sogenannte<\/span> <span class=\"\">Windf\u00e4nge, sowie alle Arten von r\u00e4umlichen Konstruktionen.<\/span><\/span>[\/et_pb_text][\/et_pb_column][\/et_pb_row][et_pb_row admin_label=&#8220;row&#8220; _builder_version=&#8220;3.0.47&#8243; background_size=&#8220;initial&#8220; background_position=&#8220;top_left&#8220; background_repeat=&#8220;repeat&#8220;][et_pb_column type=&#8220;1_2&#8243; _builder_version=&#8220;3.0.47&#8243; parallax=&#8220;off&#8220; parallax_method=&#8220;on&#8220;][et_pb_cta title=&#8220;Internes Aluminium&#8220; admin_label=&#8220;Wezwanie do dzia\u0142ania&#8220; _builder_version=&#8220;3.0.47&#8243; background_size=&#8220;initial&#8220; background_position=&#8220;top_left&#8220; background_repeat=&#8220;repeat&#8220;] Warmes Aluminium [\/et_pb_cta][et_pb_image src=&#8220;http:\/\/stolmar24.com\/wp-content\/uploads\/mb45-drzwi-podstawowe.jpg&#8220; animation=&#8220;off&#8220; admin_label=&#8220;Obraz&#8220; _builder_version=&#8220;3.0.47&#8243;] [\/et_pb_image][et_pb_text text_orientation=&#8220;center&#8220; admin_label=&#8220;Tekst&#8220; _builder_version=&#8220;3.0.47&#8243; background_size=&#8220;initial&#8220; background_position=&#8220;top_left&#8220; background_repeat=&#8220;repeat&#8220;]<br \/>\n<span id=\"result_box\" class=\"short_text\" lang=\"de\"><span class=\"\">Fenster- und T\u00fcrsystem MB45<\/span><\/span><br \/>\n[\/et_pb_text][et_pb_text text_orientation=&#8220;center&#8220; admin_label=&#8220;Tekst&#8220; _builder_version=&#8220;3.0.47&#8243; background_size=&#8220;initial&#8220; background_position=&#8220;top_left&#8220; background_repeat=&#8220;repeat&#8220;]<br \/>\n<span id=\"result_box\" class=\"\" lang=\"de\">Dieses System wird haupts\u00e4chlich im Innenausbau verwendet. <span class=\"\">Beispiele sind Trennw\u00e4nde, Fenster und Schiebe-, Schwenk- oder automatische T\u00fcren.<\/span> <span class=\"\">Andere popul\u00e4re Anwendungen f\u00fcr dieses System sind: Vorr\u00e4ume, Fenster, K\u00e4sten, Trennw\u00e4nde oder rauchdichte T\u00fcren.<\/span> <span class=\"\">Die Verwendung des Fenster- und T\u00fcrsystems MB 45 ist in allen Situationen m\u00f6glich, die keine W\u00e4rmed\u00e4mmung des Profils erfordern.<\/span><\/span><br \/>\n[\/et_pb_text][\/et_pb_column][et_pb_column type=&#8220;1_2&#8243; _builder_version=&#8220;3.0.47&#8243; parallax=&#8220;off&#8220; parallax_method=&#8220;on&#8220;][et_pb_cta title=&#8220;Aluminiumfassaden&#8220; admin_label=&#8220;Wezwanie do dzia\u0142ania&#8220; _builder_version=&#8220;3.0.47&#8243; background_size=&#8220;initial&#8220; background_position=&#8220;top_left&#8220; background_repeat=&#8220;repeat&#8220;] <span id=\"result_box\" class=\"short_text\" lang=\"de\"><span class=\"\">Fassadensystem<\/span><\/span> [\/et_pb_cta][et_pb_image src=&#8220;http:\/\/stolmar24.com\/wp-content\/uploads\/mbsr50n.jpg&#8220; animation=&#8220;off&#8220; admin_label=&#8220;Obraz&#8220; _builder_version=&#8220;3.0.47&#8243;] [\/et_pb_image][et_pb_text text_orientation=&#8220;center&#8220; admin_label=&#8220;Tekst&#8220; _builder_version=&#8220;3.0.47&#8243; background_size=&#8220;initial&#8220; background_position=&#8220;top_left&#8220; background_repeat=&#8220;repeat&#8220;]<br \/>\n<span id=\"result_box\" class=\"short_text\" lang=\"de\"><span class=\"\">Fassadensystem MB-SR50 N<\/span><\/span><br \/>\n[\/et_pb_text][et_pb_text text_orientation=&#8220;center&#8220; admin_label=&#8220;Tekst&#8220; _builder_version=&#8220;3.0.47&#8243; background_size=&#8220;initial&#8220; background_position=&#8220;top_left&#8220; background_repeat=&#8220;repeat&#8220;]<span id=\"result_box\" class=\"\" lang=\"de\">Das System wurde speziell f\u00fcr die Herstellung und Verwendung von Leichtbauw\u00e4nden mit verschiedenen Konstruktionsm\u00f6glichkeiten entworfen. Auf diesem System basierende Fenster weisen erh\u00f6hte W\u00e4rmed\u00e4mm- und Brandschutzeigenschaften. Das Fassadensystem MB-SR50 N ist auch mit der Konstruktion verschiedener Arten von Fenstern m\u00f6glich: Klappd\u00e4cher, Dachfenster und in die Fassade integriert. <span class=\"\">Dank des breiten Angebots an L\u00f6sungen auf Basis der Fassade MB-SR50N k\u00f6nnen Architekten und Designer auch die originellsten Ideen im Bereich der Aluminium-Glas-Konstruktionen umsetzen.<\/span><\/span>[\/et_pb_text][\/et_pb_column][\/et_pb_row][\/et_pb_section][et_pb_section fb_built=&#8220;1&#8243; admin_label=&#8220;section&#8220; _builder_version=&#8220;3.0.47&#8243;][et_pb_row admin_label=&#8220;row&#8220; _builder_version=&#8220;3.0.47&#8243; background_size=&#8220;initial&#8220; background_position=&#8220;top_left&#8220; background_repeat=&#8220;repeat&#8220;][et_pb_column type=&#8220;4_4&#8243; _builder_version=&#8220;3.0.47&#8243; parallax=&#8220;off&#8220; parallax_method=&#8220;on&#8220;][et_pb_cta title=&#8220;Aluminiumsysteme in Stolmar-Realisierungen&#8220; background_color=&#8220;#757575&#8243; admin_label=&#8220;Wezwanie do dzia\u0142ania&#8220; _builder_version=&#8220;3.0.47&#8243; background_size=&#8220;initial&#8220; background_position=&#8220;top_left&#8220; background_repeat=&#8220;repeat&#8220;] [\/et_pb_cta][\/et_pb_column][\/et_pb_row][et_pb_row admin_label=&#8220;row&#8220; _builder_version=&#8220;3.0.47&#8243; background_size=&#8220;initial&#8220; background_position=&#8220;top_left&#8220; background_repeat=&#8220;repeat&#8220;][et_pb_column type=&#8220;1_3&#8243; _builder_version=&#8220;3.0.47&#8243; parallax=&#8220;off&#8220; parallax_method=&#8220;on&#8220;][et_pb_image src=&#8220;http:\/\/stolmar24.com\/wp-content\/uploads\/stolmar-okna-realizacja-centrum-medyczne-bb-003.jpg&#8220; url=&#8220;http:\/\/stolmar24.com\/?project=centrum-medyczne-bb&#8220; admin_label=&#8220;Obraz&#8220; _builder_version=&#8220;3.0.47&#8243;] [\/et_pb_image][et_pb_text text_orientation=&#8220;center&#8220; admin_label=&#8220;Tekst&#8220; _builder_version=&#8220;3.0.47&#8243; background_size=&#8220;initial&#8220; background_position=&#8220;top_left&#8220; background_repeat=&#8220;repeat&#8220;] <span id=\"result_box\" class=\"short_text\" lang=\"de\"><span class=\"\">Medizinisches Zentrum Bia\u0142e B\u0142ota<\/span><\/span> [\/et_pb_text][\/et_pb_column][et_pb_column type=&#8220;1_3&#8243; _builder_version=&#8220;3.0.47&#8243; parallax=&#8220;off&#8220; parallax_method=&#8220;on&#8220;][et_pb_image src=&#8220;http:\/\/stolmar24.com\/wp-content\/uploads\/stolmar-okna-realizacja-biblioteka-ukw-016.jpg&#8220; url=&#8220;http:\/\/stolmar24.com\/?project=1098&#8243; admin_label=&#8220;Obraz&#8220; _builder_version=&#8220;3.0.47&#8243;] [\/et_pb_image][et_pb_text text_orientation=&#8220;center&#8220; admin_label=&#8220;Tekst&#8220; _builder_version=&#8220;3.0.47&#8243; background_size=&#8220;initial&#8220; background_position=&#8220;top_left&#8220; background_repeat=&#8220;repeat&#8220;] <span id=\"result_box\" class=\"short_text\" lang=\"de\"><span class=\"\">Bibliothek der Universit\u00e4t Kasimir des Gro\u00dfen<\/span><\/span> [\/et_pb_text][\/et_pb_column][et_pb_column type=&#8220;1_3&#8243; _builder_version=&#8220;3.0.47&#8243; parallax=&#8220;off&#8220; parallax_method=&#8220;on&#8220;][et_pb_image src=&#8220;http:\/\/stolmar24.com\/wp-content\/uploads\/stolmar-okna-realizacja-tranzax-003.jpg&#8220; url=&#8220;http:\/\/stolmar24.com\/?project=tranzax&#8220; admin_label=&#8220;Obraz&#8220; _builder_version=&#8220;3.0.47&#8243;] [\/et_pb_image][et_pb_text text_orientation=&#8220;center&#8220; admin_label=&#8220;Tekst&#8220; _builder_version=&#8220;3.0.47&#8243; background_size=&#8220;initial&#8220; background_position=&#8220;top_left&#8220; background_repeat=&#8220;repeat&#8220;] <span id=\"result_box\" class=\"short_text\" lang=\"de\"><span class=\"\">Tranzax Firmengeb\u00e4ude<\/span><\/span> [\/et_pb_text][\/et_pb_column][\/et_pb_row][et_pb_row admin_label=&#8220;Wiersz&#8220; _builder_version=&#8220;3.0.47&#8243; background_size=&#8220;initial&#8220; background_position=&#8220;top_left&#8220; background_repeat=&#8220;repeat&#8220;][et_pb_column type=&#8220;4_4&#8243; _builder_version=&#8220;3.0.47&#8243; parallax=&#8220;off&#8220; parallax_method=&#8220;on&#8220;][et_pb_divider height=&#8220;10&#8243; admin_label=&#8220;Separator&#8220; _builder_version=&#8220;3.0.47&#8243;] [\/et_pb_divider][et_pb_text admin_label=&#8220;Tekst&#8220; _builder_version=&#8220;3.0.47&#8243; background_size=&#8220;initial&#8220; background_position=&#8220;top_left&#8220; background_repeat=&#8220;repeat&#8220;]<span id=\"result_box\" class=\"\" lang=\"de\"><span class=\"\">Warum Aluminiumfenster und -t\u00fcren so beliebt sind?<\/span><\/span>[\/et_pb_text][\/et_pb_column][\/et_pb_row][\/et_pb_section]<\/p>\n","protected":false},"excerpt":{"rendered":"<p>Aluminiumfenster und -t\u00fcren sind dank der Vielfalt an Formen ubestens auf die architektonischen Herausforderungen der Gegenwart ausgerichtet. Aluminium ist ein ideales Material, um den wachsenden Marktanforderungen und sogar den anspruchsvollsten Vorstellungen der Kunden gerecht zu werden. Unsere Firma stellt in Bydgoszcz neben Fenstern aus Kunststoff auch Fenster und T\u00fcren aus Aluminium her. Die Art und [&hellip;]<\/p>\n","protected":false},"author":10,"featured_media":0,"parent":0,"menu_order":0,"comment_status":"open","ping_status":"closed","template":"","meta":{"_et_pb_use_builder":"on","_et_pb_old_content":"","_et_gb_content_width":"","footnotes":""},"class_list":["post-25545","page","type-page","status-publish","hentry"],"yoast_head":"<!-- This site is optimized with the Yoast SEO plugin v27.3 - https:\/\/yoast.com\/product\/yoast-seo-wordpress\/ -->\n<title>Aluminiumfenster und -t\u00fcren, Aluminiumsysteme von Stolmar Bydgoszcz<\/title>\n<meta name=\"description\" content=\"Moderne Aluminiumfenster und -t\u00fcren in Bydgoszcz: Aluminium-Systeme, die von &quot;Stolmar Fenstern und T\u00fcren&quot; angeboten werden.\" \/>\n<meta name=\"robots\" content=\"index, follow, max-snippet:-1, max-image-preview:large, max-video-preview:-1\" \/>\n<link rel=\"canonical\" href=\"https:\/\/stolmar24.com\/de\/aluminium-systeme\/\" \/>\n<meta property=\"og:locale\" content=\"de_DE\" \/>\n<meta property=\"og:type\" content=\"article\" \/>\n<meta property=\"og:title\" content=\"Aluminiumfenster und -t\u00fcren, Aluminiumsysteme von Stolmar Bydgoszcz\" \/>\n<meta property=\"og:description\" content=\"Moderne Aluminiumfenster und -t\u00fcren in Bydgoszcz: Aluminium-Systeme, die von &quot;Stolmar Fenstern und T\u00fcren&quot; angeboten werden.\" \/>\n<meta property=\"og:url\" content=\"https:\/\/stolmar24.com\/de\/aluminium-systeme\/\" \/>\n<meta property=\"og:site_name\" content=\"Stolmar\" \/>\n<meta property=\"article:publisher\" content=\"https:\/\/www.facebook.com\/STOLMAR-1482853595329004\/\" \/>\n<meta property=\"article:modified_time\" content=\"2018-10-05T10:30:02+00:00\" \/>\n<meta name=\"twitter:card\" content=\"summary_large_image\" \/>\n<meta name=\"twitter:site\" content=\"@Stolmar24\" \/>\n<meta name=\"twitter:label1\" content=\"Gesch\u00e4tzte Lesezeit\" \/>\n\t<meta name=\"twitter:data1\" content=\"8\u00a0Minuten\" \/>\n<script type=\"application\/ld+json\" class=\"yoast-schema-graph\">{\"@context\":\"https:\\\/\\\/schema.org\",\"@graph\":[{\"@type\":\"WebPage\",\"@id\":\"https:\\\/\\\/stolmar24.com\\\/de\\\/aluminium-systeme\\\/\",\"url\":\"https:\\\/\\\/stolmar24.com\\\/de\\\/aluminium-systeme\\\/\",\"name\":\"Aluminiumfenster und -t\u00fcren, Aluminiumsysteme von Stolmar Bydgoszcz\",\"isPartOf\":{\"@id\":\"https:\\\/\\\/stolmar24.com\\\/#website\"},\"datePublished\":\"2018-10-05T10:30:00+00:00\",\"dateModified\":\"2018-10-05T10:30:02+00:00\",\"description\":\"Moderne Aluminiumfenster und -t\u00fcren in Bydgoszcz: Aluminium-Systeme, die von \\\"Stolmar Fenstern und T\u00fcren\\\" angeboten werden.\",\"breadcrumb\":{\"@id\":\"https:\\\/\\\/stolmar24.com\\\/de\\\/aluminium-systeme\\\/#breadcrumb\"},\"inLanguage\":\"de\",\"potentialAction\":[{\"@type\":\"ReadAction\",\"target\":[\"https:\\\/\\\/stolmar24.com\\\/de\\\/aluminium-systeme\\\/\"]}]},{\"@type\":\"BreadcrumbList\",\"@id\":\"https:\\\/\\\/stolmar24.com\\\/de\\\/aluminium-systeme\\\/#breadcrumb\",\"itemListElement\":[{\"@type\":\"ListItem\",\"position\":1,\"name\":\"Strona g\u0142\u00f3wna\",\"item\":\"https:\\\/\\\/stolmar24.com\\\/de\\\/\"},{\"@type\":\"ListItem\",\"position\":2,\"name\":\"Aluminium-Systeme\"}]},{\"@type\":\"WebSite\",\"@id\":\"https:\\\/\\\/stolmar24.com\\\/#website\",\"url\":\"https:\\\/\\\/stolmar24.com\\\/\",\"name\":\"Stolmar\",\"description\":\"Producent stolarki okiennej\",\"potentialAction\":[{\"@type\":\"SearchAction\",\"target\":{\"@type\":\"EntryPoint\",\"urlTemplate\":\"https:\\\/\\\/stolmar24.com\\\/?s={search_term_string}\"},\"query-input\":{\"@type\":\"PropertyValueSpecification\",\"valueRequired\":true,\"valueName\":\"search_term_string\"}}],\"inLanguage\":\"de\"}]}<\/script>\n<!-- \/ Yoast SEO plugin. -->","yoast_head_json":{"title":"Aluminiumfenster und -t\u00fcren, Aluminiumsysteme von Stolmar Bydgoszcz","description":"Moderne Aluminiumfenster und -t\u00fcren in Bydgoszcz: Aluminium-Systeme, die von \"Stolmar Fenstern und T\u00fcren\" angeboten werden.","robots":{"index":"index","follow":"follow","max-snippet":"max-snippet:-1","max-image-preview":"max-image-preview:large","max-video-preview":"max-video-preview:-1"},"canonical":"https:\/\/stolmar24.com\/de\/aluminium-systeme\/","og_locale":"de_DE","og_type":"article","og_title":"Aluminiumfenster und -t\u00fcren, Aluminiumsysteme von Stolmar Bydgoszcz","og_description":"Moderne Aluminiumfenster und -t\u00fcren in Bydgoszcz: Aluminium-Systeme, die von \"Stolmar Fenstern und T\u00fcren\" angeboten werden.","og_url":"https:\/\/stolmar24.com\/de\/aluminium-systeme\/","og_site_name":"Stolmar","article_publisher":"https:\/\/www.facebook.com\/STOLMAR-1482853595329004\/","article_modified_time":"2018-10-05T10:30:02+00:00","twitter_card":"summary_large_image","twitter_site":"@Stolmar24","twitter_misc":{"Gesch\u00e4tzte Lesezeit":"8\u00a0Minuten"},"schema":{"@context":"https:\/\/schema.org","@graph":[{"@type":"WebPage","@id":"https:\/\/stolmar24.com\/de\/aluminium-systeme\/","url":"https:\/\/stolmar24.com\/de\/aluminium-systeme\/","name":"Aluminiumfenster und -t\u00fcren, Aluminiumsysteme von Stolmar Bydgoszcz","isPartOf":{"@id":"https:\/\/stolmar24.com\/#website"},"datePublished":"2018-10-05T10:30:00+00:00","dateModified":"2018-10-05T10:30:02+00:00","description":"Moderne Aluminiumfenster und -t\u00fcren in Bydgoszcz: Aluminium-Systeme, die von \"Stolmar Fenstern und T\u00fcren\" angeboten werden.","breadcrumb":{"@id":"https:\/\/stolmar24.com\/de\/aluminium-systeme\/#breadcrumb"},"inLanguage":"de","potentialAction":[{"@type":"ReadAction","target":["https:\/\/stolmar24.com\/de\/aluminium-systeme\/"]}]},{"@type":"BreadcrumbList","@id":"https:\/\/stolmar24.com\/de\/aluminium-systeme\/#breadcrumb","itemListElement":[{"@type":"ListItem","position":1,"name":"Strona g\u0142\u00f3wna","item":"https:\/\/stolmar24.com\/de\/"},{"@type":"ListItem","position":2,"name":"Aluminium-Systeme"}]},{"@type":"WebSite","@id":"https:\/\/stolmar24.com\/#website","url":"https:\/\/stolmar24.com\/","name":"Stolmar","description":"Producent stolarki okiennej","potentialAction":[{"@type":"SearchAction","target":{"@type":"EntryPoint","urlTemplate":"https:\/\/stolmar24.com\/?s={search_term_string}"},"query-input":{"@type":"PropertyValueSpecification","valueRequired":true,"valueName":"search_term_string"}}],"inLanguage":"de"}]}},"_links":{"self":[{"href":"https:\/\/stolmar24.com\/de\/wp-json\/wp\/v2\/pages\/25545","targetHints":{"allow":["GET"]}}],"collection":[{"href":"https:\/\/stolmar24.com\/de\/wp-json\/wp\/v2\/pages"}],"about":[{"href":"https:\/\/stolmar24.com\/de\/wp-json\/wp\/v2\/types\/page"}],"author":[{"embeddable":true,"href":"https:\/\/stolmar24.com\/de\/wp-json\/wp\/v2\/users\/10"}],"replies":[{"embeddable":true,"href":"https:\/\/stolmar24.com\/de\/wp-json\/wp\/v2\/comments?post=25545"}],"version-history":[{"count":0,"href":"https:\/\/stolmar24.com\/de\/wp-json\/wp\/v2\/pages\/25545\/revisions"}],"wp:attachment":[{"href":"https:\/\/stolmar24.com\/de\/wp-json\/wp\/v2\/media?parent=25545"}],"curies":[{"name":"wp","href":"https:\/\/api.w.org\/{rel}","templated":true}]}}