{"id":25521,"date":"2018-09-24T13:46:36","date_gmt":"2018-09-24T11:46:36","guid":{"rendered":"https:\/\/stolmar24.com\/gealan-s-8000-profile\/"},"modified":"2018-10-09T13:19:35","modified_gmt":"2018-10-09T11:19:35","slug":"gealan-s-8000-profile","status":"publish","type":"page","link":"https:\/\/stolmar24.com\/de\/gealan-s-8000-profile\/","title":{"rendered":"Gealan S 8000 Profile"},"content":{"rendered":"<p>[et_pb_section fullwidth=&#8220;on&#8220; specialty=&#8220;off&#8220; transparent_background=&#8220;off&#8220; background_color=&#8220;#5b5b5b&#8220; allow_player_pause=&#8220;off&#8220; inner_shadow=&#8220;off&#8220; parallax=&#8220;off&#8220; parallax_method=&#8220;off&#8220;][et_pb_fullwidth_header admin_label=&#8220;Nag\u0142\u00f3wek pe\u0142nej szeroko\u015bci&#8220; title=&#8220;Gealan S 8000 Profile&#8220; background_layout=&#8220;dark&#8220; text_orientation=&#8220;center&#8220; \/][\/et_pb_section][et_pb_section][et_pb_row][et_pb_column type=&#8220;1_3&#8243;][et_pb_image admin_label=&#8220;Obraz&#8220; src=&#8220;http:\/\/stolmar24.com\/wp-content\/uploads\/s8000-zdjecie-podstawowe.jpg&#8220; alt=&#8220;S 8000 &#8211; Standardprofil&#8220; title_text=&#8220;S 8000 &#8211; Standardprofil&#8220; show_in_lightbox=&#8220;on&#8220; url_new_window=&#8220;off&#8220; animation=&#8220;off&#8220; sticky=&#8220;off&#8220; \/][et_pb_text admin_label=&#8220;Tekst&#8220; background_layout=&#8220;light&#8220; text_orientation=&#8220;center&#8220;]<\/p>\n<p>S 8000 &#8211; Standardprofil<\/p>\n<p>[\/et_pb_text][\/et_pb_column][et_pb_column type=&#8220;1_3&#8243;][et_pb_image admin_label=&#8220;Obraz&#8220; src=&#8220;http:\/\/stolmar24.com\/wp-content\/uploads\/s8000-zlozenie-w-akrylu-ze-skrzydlem-klasycznym.jpg&#8220; alt=&#8220;S8000 &#8211; Acryl mit klassischem Fl\u00fcgel&#8220; title_text=&#8220;S8000 &#8211; Acryl mit klassischem Fl\u00fcgel&#8220; show_in_lightbox=&#8220;on&#8220; url_new_window=&#8220;off&#8220; animation=&#8220;off&#8220; sticky=&#8220;off&#8220; \/][et_pb_text admin_label=&#8220;Tekst&#8220; background_layout=&#8220;light&#8220; text_orientation=&#8220;center&#8220;]<\/p>\n<p>S8000 &#8211; Acryl mit klassischem Fl\u00fcgel<\/p>\n<p>[\/et_pb_text][\/et_pb_column][et_pb_column type=&#8220;1_3&#8243;][et_pb_image admin_label=&#8220;Obraz&#8220; src=&#8220;http:\/\/stolmar24.com\/wp-content\/uploads\/s8000-zlozenie-w-renolicie-i-zaokraglonym-skrzydlem.jpg&#8220; alt=&#8220;S8000 &#8211; Renolit mit abgerundeten Fl\u00fcgel &#8220; title_text=&#8220;S8000 &#8211; Renolit mit abgerundeten Fl\u00fcgel &#8220; show_in_lightbox=&#8220;on&#8220; url_new_window=&#8220;off&#8220; animation=&#8220;off&#8220; sticky=&#8220;off&#8220; \/][et_pb_text admin_label=&#8220;Tekst&#8220; background_layout=&#8220;light&#8220; text_orientation=&#8220;left&#8220;]<\/p>\n<p>S8000 &#8211; Renolit mit abgerundeten Fl\u00fcgel<\/p>\n<p>[\/et_pb_text][\/et_pb_column][\/et_pb_row][\/et_pb_section]<\/p>\n","protected":false},"excerpt":{"rendered":"<p><div class=\"et_pb_section et_pb_section_0 et_section_regular\" >\n\t\t\t\t\n\t\t\t\t\n\t\t\t\t\n\t\t\t\t\n\t\t\t\t\n\t\t\t\t\n\t\t\t\t\n\t\t\t\t\n\t\t\t\t\n\t\t\t<\/div><div class=\"et_pb_row et_pb_row_0 et_pb_row_empty\">\n\t\t\t\t\n\t\t\t\t\n\t\t\t\t\n\t\t\t\t\n\t\t\t\t\n\t\t\t<\/div> S 8000 &#8211; Standardprofil S8000 &#8211; Acryl mit klassischem Fl\u00fcgel S8000 &#8211; Renolit mit abgerundeten Fl\u00fcgel<\/p>\n","protected":false},"author":10,"featured_media":0,"parent":0,"menu_order":0,"comment_status":"open","ping_status":"closed","template":"","meta":{"_et_pb_use_builder":"on","_et_pb_old_content":"","_et_gb_content_width":"","footnotes":""},"class_list":["post-25521","page","type-page","status-publish","hentry"],"yoast_head":"<!-- This site is optimized with the Yoast SEO plugin v27.3 - https:\/\/yoast.com\/product\/yoast-seo-wordpress\/ -->\n<title>Gealan S 8000 Profile - Stolmar Bydgoszcz<\/title>\n<meta name=\"robots\" content=\"index, follow, max-snippet:-1, max-image-preview:large, max-video-preview:-1\" \/>\n<link rel=\"canonical\" href=\"https:\/\/stolmar24.com\/de\/gealan-s-8000-profile\/\" \/>\n<meta property=\"og:locale\" content=\"de_DE\" \/>\n<meta property=\"og:type\" content=\"article\" \/>\n<meta property=\"og:title\" content=\"Gealan S 8000 Profile - Stolmar Bydgoszcz\" \/>\n<meta property=\"og:description\" content=\"S 8000 - Standardprofil S8000 - Acryl mit klassischem Fl\u00fcgel S8000 - Renolit mit abgerundeten Fl\u00fcgel\" \/>\n<meta property=\"og:url\" content=\"https:\/\/stolmar24.com\/de\/gealan-s-8000-profile\/\" \/>\n<meta property=\"og:site_name\" content=\"Stolmar\" \/>\n<meta property=\"article:publisher\" content=\"https:\/\/www.facebook.com\/STOLMAR-1482853595329004\/\" \/>\n<meta property=\"article:modified_time\" content=\"2018-10-09T11:19:35+00:00\" \/>\n<meta name=\"twitter:card\" content=\"summary_large_image\" \/>\n<meta name=\"twitter:site\" content=\"@Stolmar24\" \/>\n<meta name=\"twitter:label1\" content=\"Gesch\u00e4tzte Lesezeit\" \/>\n\t<meta name=\"twitter:data1\" content=\"1\u00a0Minute\" \/>\n<script type=\"application\/ld+json\" class=\"yoast-schema-graph\">{\"@context\":\"https:\\\/\\\/schema.org\",\"@graph\":[{\"@type\":\"WebPage\",\"@id\":\"https:\\\/\\\/stolmar24.com\\\/de\\\/gealan-s-8000-profile\\\/\",\"url\":\"https:\\\/\\\/stolmar24.com\\\/de\\\/gealan-s-8000-profile\\\/\",\"name\":\"Gealan S 8000 Profile - Stolmar Bydgoszcz\",\"isPartOf\":{\"@id\":\"https:\\\/\\\/stolmar24.com\\\/#website\"},\"datePublished\":\"2018-09-24T11:46:36+00:00\",\"dateModified\":\"2018-10-09T11:19:35+00:00\",\"breadcrumb\":{\"@id\":\"https:\\\/\\\/stolmar24.com\\\/de\\\/gealan-s-8000-profile\\\/#breadcrumb\"},\"inLanguage\":\"de\",\"potentialAction\":[{\"@type\":\"ReadAction\",\"target\":[\"https:\\\/\\\/stolmar24.com\\\/de\\\/gealan-s-8000-profile\\\/\"]}]},{\"@type\":\"BreadcrumbList\",\"@id\":\"https:\\\/\\\/stolmar24.com\\\/de\\\/gealan-s-8000-profile\\\/#breadcrumb\",\"itemListElement\":[{\"@type\":\"ListItem\",\"position\":1,\"name\":\"Strona g\u0142\u00f3wna\",\"item\":\"https:\\\/\\\/stolmar24.com\\\/de\\\/\"},{\"@type\":\"ListItem\",\"position\":2,\"name\":\"Gealan S 8000 Profile\"}]},{\"@type\":\"WebSite\",\"@id\":\"https:\\\/\\\/stolmar24.com\\\/#website\",\"url\":\"https:\\\/\\\/stolmar24.com\\\/\",\"name\":\"Stolmar\",\"description\":\"Producent stolarki okiennej\",\"potentialAction\":[{\"@type\":\"SearchAction\",\"target\":{\"@type\":\"EntryPoint\",\"urlTemplate\":\"https:\\\/\\\/stolmar24.com\\\/?s={search_term_string}\"},\"query-input\":{\"@type\":\"PropertyValueSpecification\",\"valueRequired\":true,\"valueName\":\"search_term_string\"}}],\"inLanguage\":\"de\"}]}<\/script>\n<!-- \/ Yoast SEO plugin. -->","yoast_head_json":{"title":"Gealan S 8000 Profile - Stolmar Bydgoszcz","robots":{"index":"index","follow":"follow","max-snippet":"max-snippet:-1","max-image-preview":"max-image-preview:large","max-video-preview":"max-video-preview:-1"},"canonical":"https:\/\/stolmar24.com\/de\/gealan-s-8000-profile\/","og_locale":"de_DE","og_type":"article","og_title":"Gealan S 8000 Profile - Stolmar Bydgoszcz","og_description":"S 8000 - Standardprofil S8000 - Acryl mit klassischem Fl\u00fcgel S8000 - Renolit mit abgerundeten Fl\u00fcgel","og_url":"https:\/\/stolmar24.com\/de\/gealan-s-8000-profile\/","og_site_name":"Stolmar","article_publisher":"https:\/\/www.facebook.com\/STOLMAR-1482853595329004\/","article_modified_time":"2018-10-09T11:19:35+00:00","twitter_card":"summary_large_image","twitter_site":"@Stolmar24","twitter_misc":{"Gesch\u00e4tzte Lesezeit":"1\u00a0Minute"},"schema":{"@context":"https:\/\/schema.org","@graph":[{"@type":"WebPage","@id":"https:\/\/stolmar24.com\/de\/gealan-s-8000-profile\/","url":"https:\/\/stolmar24.com\/de\/gealan-s-8000-profile\/","name":"Gealan S 8000 Profile - Stolmar Bydgoszcz","isPartOf":{"@id":"https:\/\/stolmar24.com\/#website"},"datePublished":"2018-09-24T11:46:36+00:00","dateModified":"2018-10-09T11:19:35+00:00","breadcrumb":{"@id":"https:\/\/stolmar24.com\/de\/gealan-s-8000-profile\/#breadcrumb"},"inLanguage":"de","potentialAction":[{"@type":"ReadAction","target":["https:\/\/stolmar24.com\/de\/gealan-s-8000-profile\/"]}]},{"@type":"BreadcrumbList","@id":"https:\/\/stolmar24.com\/de\/gealan-s-8000-profile\/#breadcrumb","itemListElement":[{"@type":"ListItem","position":1,"name":"Strona g\u0142\u00f3wna","item":"https:\/\/stolmar24.com\/de\/"},{"@type":"ListItem","position":2,"name":"Gealan S 8000 Profile"}]},{"@type":"WebSite","@id":"https:\/\/stolmar24.com\/#website","url":"https:\/\/stolmar24.com\/","name":"Stolmar","description":"Producent stolarki okiennej","potentialAction":[{"@type":"SearchAction","target":{"@type":"EntryPoint","urlTemplate":"https:\/\/stolmar24.com\/?s={search_term_string}"},"query-input":{"@type":"PropertyValueSpecification","valueRequired":true,"valueName":"search_term_string"}}],"inLanguage":"de"}]}},"_links":{"self":[{"href":"https:\/\/stolmar24.com\/de\/wp-json\/wp\/v2\/pages\/25521","targetHints":{"allow":["GET"]}}],"collection":[{"href":"https:\/\/stolmar24.com\/de\/wp-json\/wp\/v2\/pages"}],"about":[{"href":"https:\/\/stolmar24.com\/de\/wp-json\/wp\/v2\/types\/page"}],"author":[{"embeddable":true,"href":"https:\/\/stolmar24.com\/de\/wp-json\/wp\/v2\/users\/10"}],"replies":[{"embeddable":true,"href":"https:\/\/stolmar24.com\/de\/wp-json\/wp\/v2\/comments?post=25521"}],"version-history":[{"count":0,"href":"https:\/\/stolmar24.com\/de\/wp-json\/wp\/v2\/pages\/25521\/revisions"}],"wp:attachment":[{"href":"https:\/\/stolmar24.com\/de\/wp-json\/wp\/v2\/media?parent=25521"}],"curies":[{"name":"wp","href":"https:\/\/api.w.org\/{rel}","templated":true}]}}