{"id":25509,"date":"2018-09-22T12:40:28","date_gmt":"2018-09-22T10:40:28","guid":{"rendered":"https:\/\/stolmar24.com\/uber-uns\/auszeichnungen-und-preise\/"},"modified":"2018-09-22T12:40:29","modified_gmt":"2018-09-22T10:40:29","slug":"auszeichnungen-und-preise","status":"publish","type":"page","link":"https:\/\/stolmar24.com\/de\/uber-uns\/auszeichnungen-und-preise\/","title":{"rendered":"Auszeichnungen &#8211; und Preise"},"content":{"rendered":"<p>[et_pb_section fullwidth=&#8220;on&#8220; specialty=&#8220;off&#8220; transparent_background=&#8220;off&#8220; background_color=&#8220;#ac76e2&#8243; inner_shadow=&#8220;off&#8220; parallax=&#8220;off&#8220; parallax_method=&#8220;off&#8220;][et_pb_fullwidth_header admin_label=&#8220;Fullwidth Header&#8220; title=&#8220;Auszeichnungen&#8220; subhead=&#8220;Auszeichnungen und Preise&#8220; background_layout=&#8220;dark&#8220; text_orientation=&#8220;left&#8220; \/][\/et_pb_section][et_pb_section][et_pb_row][et_pb_column type=&#8220;1_2&#8243;][et_pb_image admin_label=&#8220;Image&#8220; src=&#8220;http:\/\/stolmar24.com\/wp-content\/uploads\/nogroda-stolmar-najwieksza-dynamika-sprzedazy-w-2011.jpg&#8220; alt=&#8220;ALUPROF Preis in der Kategorie&#8220; title_text=&#8220;ALUPROF Preis in der Kategorie&#8220; show_in_lightbox=&#8220;off&#8220; url_new_window=&#8220;off&#8220; animation=&#8220;left&#8220; sticky=&#8220;off&#8220; \/][et_pb_text admin_label=&#8220;Text&#8220; background_layout=&#8220;light&#8220; text_orientation=&#8220;left&#8220;]ALUPROF Partner Award in der Kategorie &#8222;Die gr\u00f6\u00dfte Verkaufsdynamik im Jahr 2011&#8243;[\/et_pb_text][\/et_pb_column][et_pb_column type=&#8220;1_2&#8243;][et_pb_image admin_label=&#8220;Image&#8220; src=&#8220;http:\/\/stolmar24.com\/wp-content\/uploads\/nogroda-stolmar-konkurs-kolorowe-okna-2010.jpg&#8220; show_in_lightbox=&#8220;off&#8220; url_new_window=&#8220;off&#8220; animation=&#8220;left&#8220; sticky=&#8220;off&#8220; \/][et_pb_text admin_label=&#8220;Text&#8220; background_layout=&#8220;light&#8220; text_orientation=&#8220;left&#8220;]Auszeichnung im Wettbewerb &#8222;Farbige Fenster&#8220; 2010[\/et_pb_text][\/et_pb_column][\/et_pb_row][et_pb_row][et_pb_column type=&#8220;1_2&#8243;][et_pb_image admin_label=&#8220;Image&#8220; src=&#8220;http:\/\/stolmar24.com\/wp-content\/uploads\/nogroda-stolmar-konkurs-kolorowe-okna.jpg&#8220; show_in_lightbox=&#8220;off&#8220; url_new_window=&#8220;off&#8220; animation=&#8220;left&#8220; sticky=&#8220;off&#8220; \/][et_pb_text admin_label=&#8220;Text&#8220; background_layout=&#8220;light&#8220; text_orientation=&#8220;left&#8220;]Auszeichnung im Wettbewerb &#8222;Farbige Fenster&#8220; 2009 in der Kategorie &#8222;Einkaufswert von acrylcolor Profilen im Zeitraum 06-12.2009&#8243;[\/et_pb_text][\/et_pb_column][et_pb_column type=&#8220;1_2&#8243;][et_pb_image admin_label=&#8220;Image&#8220; src=&#8220;http:\/\/stolmar24.com\/wp-content\/uploads\/certyfikat-stolmar-licencjonowanym-uzytkownikiem-systemu-krajowego-rejestru-dlugow-biura-informacji-gospodarczej-sa.jpg&#8220; show_in_lightbox=&#8220;off&#8220; url_new_window=&#8220;off&#8220; animation=&#8220;left&#8220; sticky=&#8220;off&#8220; alt=&#8220;Certyfikat \u00fcber die Zulassung zur Nutzung des Polnischen Registers f\u00fcr Wirtschaftsinformationen &#8220; title_text=&#8220;Certyfikat \u00fcber die Zulassung zur Nutzung des Polnischen Registers f\u00fcr Wirtschaftsinformationen &#8220; \/][et_pb_text admin_label=&#8220;Text&#8220; background_layout=&#8220;light&#8220; text_orientation=&#8220;left&#8220;]Certyfikat \u00fcber die Zulassung zur Nutzung des Polnischen Registers f\u00fcr Wirtschaftsinformationen[\/et_pb_text][\/et_pb_column][\/et_pb_row][et_pb_row][et_pb_column type=&#8220;1_2&#8243;][et_pb_image admin_label=&#8220;Image&#8220; src=&#8220;http:\/\/stolmar24.com\/wp-content\/uploads\/nogroda-stolmar-superprofil-w-kategorii-wytrwalosc-i-konsekwencja-droga-do-sukcesu.jpg&#8220; show_in_lightbox=&#8220;off&#8220; url_new_window=&#8220;off&#8220; animation=&#8220;left&#8220; sticky=&#8220;off&#8220; alt=&#8220;Superprofil Award in der Kategorie&#8220; title_text=&#8220;Superprofil Award in der Kategorie&#8220; \/][et_pb_text admin_label=&#8220;Text&#8220; background_layout=&#8220;light&#8220; text_orientation=&#8220;left&#8220;]<\/p>\n<p id=\"tw-target-text\" class=\"tw-data-text tw-ta tw-text-small\" dir=\"ltr\" data-placeholder=\"\u00dcbersetzung\"><strong><span lang=\"de\">Superprofil Award in der Kategorie &#8222;Ausdauer und Best\u00e4ndigkeit als Weg zum Erfolg&#8220;<\/span><\/strong><\/p>\n<p>[\/et_pb_text][\/et_pb_column][et_pb_column type=&#8220;1_2&#8243;][et_pb_image admin_label=&#8220;Image&#8220; src=&#8220;http:\/\/stolmar24.com\/wp-content\/uploads\/nogroda-stolmar-w-konkursie-innovation-2011-w-kategorii-zakupy-profili-acrycolor.jpg&#8220; show_in_lightbox=&#8220;off&#8220; url_new_window=&#8220;off&#8220; animation=&#8220;left&#8220; sticky=&#8220;off&#8220; \/][et_pb_text admin_label=&#8220;Text&#8220; background_layout=&#8220;light&#8220; text_orientation=&#8220;left&#8220;]<\/p>\n<div class=\"oSioSc\">\n<div id=\"tw-target\">\n<div id=\"tw-target-text-container\" class=\"gsrt tw-ta-container tw-nfl\">\n<p id=\"tw-target-text\" class=\"tw-data-text tw-ta tw-text-small\" dir=\"ltr\" data-placeholder=\"\u00dcbersetzung\"><strong><span lang=\"de\">Auszeichnung im Wettbewerb &#8222;Innovation 2011&#8220; in der Kategorie &#8222;Acrylcolor &#8211; Profil shopping&#8220;<\/span><\/strong><\/p>\n<\/div>\n<\/div>\n<\/div>\n<p>[\/et_pb_text][\/et_pb_column][\/et_pb_row][et_pb_row][et_pb_column type=&#8220;1_2&#8243;][et_pb_image admin_label=&#8220;Image&#8220; src=&#8220;http:\/\/stolmar24.com\/wp-content\/uploads\/wyroznienie-dla-stolmar-za-10-letnia-wspolprace-gealan.jpg&#8220; show_in_lightbox=&#8220;off&#8220; url_new_window=&#8220;off&#8220; animation=&#8220;left&#8220; sticky=&#8220;off&#8220; alt=&#8220;Bronze Auszeichnung der Firma Gealan f\u00fcr die 10 &#8211; j\u00e4hrige Zusammenarbeit.&#8220; title_text=&#8220;Bronze Auszeichnung der Firma Gealan f\u00fcr die 10 &#8211; j\u00e4hrige Zusammenarbeit.&#8220; \/][et_pb_text admin_label=&#8220;Text&#8220; background_layout=&#8220;light&#8220; text_orientation=&#8220;left&#8220;]<strong>Bronze Auszeichnung der Firma Gealan f\u00fcr die 10 &#8211; j\u00e4hrige Zusammenarbeit.<\/strong>[\/et_pb_text][\/et_pb_column][et_pb_column type=&#8220;1_2&#8243;][\/et_pb_column][\/et_pb_row][\/et_pb_section]<\/p>\n","protected":false},"excerpt":{"rendered":"<p><div class=\"et_pb_section et_pb_section_0 et_section_regular\" >\n\t\t\t\t\n\t\t\t\t\n\t\t\t\t\n\t\t\t\t\n\t\t\t\t\n\t\t\t\t\n\t\t\t\t\n\t\t\t\t\n\t\t\t\t\n\t\t\t<\/div><div class=\"et_pb_row et_pb_row_0 et_pb_row_empty\">\n\t\t\t\t\n\t\t\t\t\n\t\t\t\t\n\t\t\t\t\n\t\t\t\t\n\t\t\t<\/div>ALUPROF Partner Award in der Kategorie &#8222;Die gr\u00f6\u00dfte Verkaufsdynamik im Jahr 2011&#8243;Auszeichnung im Wettbewerb &#8222;Farbige Fenster&#8220; 2010<div class=\"et_pb_row et_pb_row_1 et_pb_row_empty\">\n\t\t\t\t\n\t\t\t\t\n\t\t\t\t\n\t\t\t\t\n\t\t\t\t\n\t\t\t<\/div>Auszeichnung im Wettbewerb &#8222;Farbige Fenster&#8220; 2009 in der Kategorie &#8222;Einkaufswert von acrylcolor Profilen im Zeitraum 06-12.2009&#8243;Certyfikat \u00fcber die Zulassung zur Nutzung des Polnischen Registers f\u00fcr Wirtschaftsinformationen<div class=\"et_pb_row et_pb_row_2 et_pb_row_empty\">\n\t\t\t\t\n\t\t\t\t\n\t\t\t\t\n\t\t\t\t\n\t\t\t\t\n\t\t\t<\/div>Superprofil Award in der Kategorie &#8222;Ausdauer und Best\u00e4ndigkeit als Weg zum Erfolg&#8220; Auszeichnung im [&hellip;]<\/p>\n","protected":false},"author":10,"featured_media":0,"parent":25503,"menu_order":0,"comment_status":"open","ping_status":"closed","template":"","meta":{"_et_pb_use_builder":"on","_et_pb_old_content":"<p>\u00a0<\/p><p>\u00a0<\/p>","_et_gb_content_width":"","footnotes":""},"class_list":["post-25509","page","type-page","status-publish","hentry"],"yoast_head":"<!-- This site is optimized with the Yoast SEO plugin v27.4 - https:\/\/yoast.com\/product\/yoast-seo-wordpress\/ -->\n<title>Stolmar - Fenster-und T\u00fcren Produzent - Auszeichnungen und Preise<\/title>\n<meta name=\"robots\" content=\"index, follow, max-snippet:-1, max-image-preview:large, max-video-preview:-1\" \/>\n<link rel=\"canonical\" href=\"https:\/\/stolmar24.com\/de\/uber-uns\/auszeichnungen-und-preise\/\" \/>\n<meta property=\"og:locale\" content=\"de_DE\" \/>\n<meta property=\"og:type\" content=\"article\" \/>\n<meta property=\"og:title\" content=\"Stolmar - Fenster-und T\u00fcren Produzent - Auszeichnungen und Preise\" \/>\n<meta property=\"og:description\" content=\"ALUPROF Partner Award in der Kategorie &quot;Die gr\u00f6\u00dfte Verkaufsdynamik im Jahr 2011&quot;Auszeichnung im Wettbewerb &quot;Farbige Fenster&quot; 2010Auszeichnung im Wettbewerb &quot;Farbige Fenster&quot; 2009 in der Kategorie &quot;Einkaufswert von acrylcolor Profilen im Zeitraum 06-12.2009&quot;Certyfikat \u00fcber die Zulassung zur Nutzung des Polnischen Registers f\u00fcr WirtschaftsinformationenSuperprofil Award in der Kategorie &quot;Ausdauer und Best\u00e4ndigkeit als Weg zum Erfolg&quot; Auszeichnung im [&hellip;]\" \/>\n<meta property=\"og:url\" content=\"https:\/\/stolmar24.com\/de\/uber-uns\/auszeichnungen-und-preise\/\" \/>\n<meta property=\"og:site_name\" content=\"Stolmar\" \/>\n<meta property=\"article:publisher\" content=\"https:\/\/www.facebook.com\/STOLMAR-1482853595329004\/\" \/>\n<meta property=\"article:modified_time\" content=\"2018-09-22T10:40:29+00:00\" \/>\n<meta name=\"twitter:card\" content=\"summary_large_image\" \/>\n<meta name=\"twitter:site\" content=\"@Stolmar24\" \/>\n<meta name=\"twitter:label1\" content=\"Gesch\u00e4tzte Lesezeit\" \/>\n\t<meta name=\"twitter:data1\" content=\"3\u00a0Minuten\" \/>\n<script type=\"application\/ld+json\" class=\"yoast-schema-graph\">{\"@context\":\"https:\\\/\\\/schema.org\",\"@graph\":[{\"@type\":\"WebPage\",\"@id\":\"https:\\\/\\\/stolmar24.com\\\/de\\\/uber-uns\\\/auszeichnungen-und-preise\\\/\",\"url\":\"https:\\\/\\\/stolmar24.com\\\/de\\\/uber-uns\\\/auszeichnungen-und-preise\\\/\",\"name\":\"Stolmar - Fenster-und T\u00fcren Produzent - Auszeichnungen und Preise\",\"isPartOf\":{\"@id\":\"https:\\\/\\\/stolmar24.com\\\/#website\"},\"datePublished\":\"2018-09-22T10:40:28+00:00\",\"dateModified\":\"2018-09-22T10:40:29+00:00\",\"breadcrumb\":{\"@id\":\"https:\\\/\\\/stolmar24.com\\\/de\\\/uber-uns\\\/auszeichnungen-und-preise\\\/#breadcrumb\"},\"inLanguage\":\"de\",\"potentialAction\":[{\"@type\":\"ReadAction\",\"target\":[\"https:\\\/\\\/stolmar24.com\\\/de\\\/uber-uns\\\/auszeichnungen-und-preise\\\/\"]}]},{\"@type\":\"BreadcrumbList\",\"@id\":\"https:\\\/\\\/stolmar24.com\\\/de\\\/uber-uns\\\/auszeichnungen-und-preise\\\/#breadcrumb\",\"itemListElement\":[{\"@type\":\"ListItem\",\"position\":1,\"name\":\"Strona g\u0142\u00f3wna\",\"item\":\"https:\\\/\\\/stolmar24.com\\\/de\\\/\"},{\"@type\":\"ListItem\",\"position\":2,\"name\":\"\u00dcber uns\",\"item\":\"https:\\\/\\\/stolmar24.com\\\/de\\\/uber-uns\\\/\"},{\"@type\":\"ListItem\",\"position\":3,\"name\":\"Auszeichnungen &#8211; und Preise\"}]},{\"@type\":\"WebSite\",\"@id\":\"https:\\\/\\\/stolmar24.com\\\/#website\",\"url\":\"https:\\\/\\\/stolmar24.com\\\/\",\"name\":\"Stolmar\",\"description\":\"Producent stolarki okiennej\",\"potentialAction\":[{\"@type\":\"SearchAction\",\"target\":{\"@type\":\"EntryPoint\",\"urlTemplate\":\"https:\\\/\\\/stolmar24.com\\\/?s={search_term_string}\"},\"query-input\":{\"@type\":\"PropertyValueSpecification\",\"valueRequired\":true,\"valueName\":\"search_term_string\"}}],\"inLanguage\":\"de\"}]}<\/script>\n<!-- \/ Yoast SEO plugin. -->","yoast_head_json":{"title":"Stolmar - Fenster-und T\u00fcren Produzent - Auszeichnungen und Preise","robots":{"index":"index","follow":"follow","max-snippet":"max-snippet:-1","max-image-preview":"max-image-preview:large","max-video-preview":"max-video-preview:-1"},"canonical":"https:\/\/stolmar24.com\/de\/uber-uns\/auszeichnungen-und-preise\/","og_locale":"de_DE","og_type":"article","og_title":"Stolmar - Fenster-und T\u00fcren Produzent - Auszeichnungen und Preise","og_description":"ALUPROF Partner Award in der Kategorie \"Die gr\u00f6\u00dfte Verkaufsdynamik im Jahr 2011\"Auszeichnung im Wettbewerb \"Farbige Fenster\" 2010Auszeichnung im Wettbewerb \"Farbige Fenster\" 2009 in der Kategorie \"Einkaufswert von acrylcolor Profilen im Zeitraum 06-12.2009\"Certyfikat \u00fcber die Zulassung zur Nutzung des Polnischen Registers f\u00fcr WirtschaftsinformationenSuperprofil Award in der Kategorie \"Ausdauer und Best\u00e4ndigkeit als Weg zum Erfolg\" Auszeichnung im [&hellip;]","og_url":"https:\/\/stolmar24.com\/de\/uber-uns\/auszeichnungen-und-preise\/","og_site_name":"Stolmar","article_publisher":"https:\/\/www.facebook.com\/STOLMAR-1482853595329004\/","article_modified_time":"2018-09-22T10:40:29+00:00","twitter_card":"summary_large_image","twitter_site":"@Stolmar24","twitter_misc":{"Gesch\u00e4tzte Lesezeit":"3\u00a0Minuten"},"schema":{"@context":"https:\/\/schema.org","@graph":[{"@type":"WebPage","@id":"https:\/\/stolmar24.com\/de\/uber-uns\/auszeichnungen-und-preise\/","url":"https:\/\/stolmar24.com\/de\/uber-uns\/auszeichnungen-und-preise\/","name":"Stolmar - Fenster-und T\u00fcren Produzent - Auszeichnungen und Preise","isPartOf":{"@id":"https:\/\/stolmar24.com\/#website"},"datePublished":"2018-09-22T10:40:28+00:00","dateModified":"2018-09-22T10:40:29+00:00","breadcrumb":{"@id":"https:\/\/stolmar24.com\/de\/uber-uns\/auszeichnungen-und-preise\/#breadcrumb"},"inLanguage":"de","potentialAction":[{"@type":"ReadAction","target":["https:\/\/stolmar24.com\/de\/uber-uns\/auszeichnungen-und-preise\/"]}]},{"@type":"BreadcrumbList","@id":"https:\/\/stolmar24.com\/de\/uber-uns\/auszeichnungen-und-preise\/#breadcrumb","itemListElement":[{"@type":"ListItem","position":1,"name":"Strona g\u0142\u00f3wna","item":"https:\/\/stolmar24.com\/de\/"},{"@type":"ListItem","position":2,"name":"\u00dcber uns","item":"https:\/\/stolmar24.com\/de\/uber-uns\/"},{"@type":"ListItem","position":3,"name":"Auszeichnungen &#8211; und Preise"}]},{"@type":"WebSite","@id":"https:\/\/stolmar24.com\/#website","url":"https:\/\/stolmar24.com\/","name":"Stolmar","description":"Producent stolarki okiennej","potentialAction":[{"@type":"SearchAction","target":{"@type":"EntryPoint","urlTemplate":"https:\/\/stolmar24.com\/?s={search_term_string}"},"query-input":{"@type":"PropertyValueSpecification","valueRequired":true,"valueName":"search_term_string"}}],"inLanguage":"de"}]}},"_links":{"self":[{"href":"https:\/\/stolmar24.com\/de\/wp-json\/wp\/v2\/pages\/25509","targetHints":{"allow":["GET"]}}],"collection":[{"href":"https:\/\/stolmar24.com\/de\/wp-json\/wp\/v2\/pages"}],"about":[{"href":"https:\/\/stolmar24.com\/de\/wp-json\/wp\/v2\/types\/page"}],"author":[{"embeddable":true,"href":"https:\/\/stolmar24.com\/de\/wp-json\/wp\/v2\/users\/10"}],"replies":[{"embeddable":true,"href":"https:\/\/stolmar24.com\/de\/wp-json\/wp\/v2\/comments?post=25509"}],"version-history":[{"count":0,"href":"https:\/\/stolmar24.com\/de\/wp-json\/wp\/v2\/pages\/25509\/revisions"}],"up":[{"embeddable":true,"href":"https:\/\/stolmar24.com\/de\/wp-json\/wp\/v2\/pages\/25503"}],"wp:attachment":[{"href":"https:\/\/stolmar24.com\/de\/wp-json\/wp\/v2\/media?parent=25509"}],"curies":[{"name":"wp","href":"https:\/\/api.w.org\/{rel}","templated":true}]}}