{"id":25507,"date":"2018-09-22T12:14:25","date_gmt":"2018-09-22T10:14:25","guid":{"rendered":"https:\/\/stolmar24.com\/uber-uns\/zertifikate\/"},"modified":"2018-10-09T12:49:52","modified_gmt":"2018-10-09T10:49:52","slug":"zertifikate","status":"publish","type":"page","link":"https:\/\/stolmar24.com\/de\/uber-uns\/zertifikate\/","title":{"rendered":"Zertifikate"},"content":{"rendered":"<p>[et_pb_section transparent_background=&#8220;off&#8220; background_color=&#8220;#ac76e2&#8243; allow_player_pause=&#8220;off&#8220; inner_shadow=&#8220;off&#8220; parallax=&#8220;off&#8220; parallax_method=&#8220;off&#8220; make_fullwidth=&#8220;off&#8220; use_custom_width=&#8220;off&#8220; width_unit=&#8220;off&#8220; custom_width_px=&#8220;1080px&#8220; custom_width_percent=&#8220;80%&#8220; make_equal=&#8220;off&#8220; use_custom_gutter=&#8220;off&#8220; fullwidth=&#8220;on&#8220; specialty=&#8220;off&#8220; disabled=&#8220;off&#8220;][et_pb_fullwidth_header title=&#8220;Zertifikate&#8220; subhead=&#8220;Die Garantie f\u00fcr Professionalit\u00e4t und Authentizit\u00e4t unseres Unternehmens&#8220; background_layout=&#8220;dark&#8220; text_orientation=&#8220;left&#8220; header_fullscreen=&#8220;off&#8220; header_scroll_down=&#8220;off&#8220; scroll_down_icon=&#8220;;&#8220; parallax=&#8220;off&#8220; parallax_method=&#8220;off&#8220; content_orientation=&#8220;center&#8220; image_orientation=&#8220;center&#8220; admin_label=&#8220;Fullwidth Header&#8220; title_font_size=&#8220;30px&#8220; content_font_size=&#8220;14px&#8220; custom_button_one=&#8220;off&#8220; button_one_text_size=&#8220;20&#8243; button_one_use_icon=&#8220;on&#8220; button_one_icon_placement=&#8220;right&#8220; button_one_on_hover=&#8220;on&#8220; button_one_letter_spacing_hover=&#8220;0&#8243; custom_button_two=&#8220;off&#8220; button_two_text_size=&#8220;20&#8243; button_two_use_icon=&#8220;on&#8220; button_two_icon_placement=&#8220;right&#8220; button_two_on_hover=&#8220;on&#8220; button_two_letter_spacing_hover=&#8220;0&#8243; disabled=&#8220;off&#8220;][\/et_pb_fullwidth_header][\/et_pb_section][et_pb_section transparent_background=&#8220;off&#8220; allow_player_pause=&#8220;off&#8220; inner_shadow=&#8220;off&#8220; parallax=&#8220;off&#8220; parallax_method=&#8220;on&#8220; make_fullwidth=&#8220;off&#8220; use_custom_width=&#8220;off&#8220; width_unit=&#8220;off&#8220; custom_width_px=&#8220;1080px&#8220; custom_width_percent=&#8220;80%&#8220; make_equal=&#8220;off&#8220; use_custom_gutter=&#8220;off&#8220; fullwidth=&#8220;off&#8220; specialty=&#8220;off&#8220; disabled=&#8220;off&#8220;][et_pb_row make_fullwidth=&#8220;off&#8220; use_custom_width=&#8220;off&#8220; width_unit=&#8220;off&#8220; custom_width_px=&#8220;1080px&#8220; custom_width_percent=&#8220;80%&#8220; use_custom_gutter=&#8220;off&#8220; gutter_width=&#8220;3&#8243; allow_player_pause=&#8220;off&#8220; parallax=&#8220;off&#8220; parallax_method=&#8220;on&#8220; make_equal=&#8220;off&#8220; parallax_1=&#8220;off&#8220; parallax_method_1=&#8220;on&#8220; parallax_2=&#8220;off&#8220; parallax_method_2=&#8220;on&#8220; parallax_3=&#8220;off&#8220; parallax_method_3=&#8220;on&#8220; parallax_4=&#8220;off&#8220; parallax_method_4=&#8220;on&#8220; disabled=&#8220;off&#8220;][et_pb_column type=&#8220;4_4&#8243; disabled=&#8220;off&#8220; parallax=&#8220;off&#8220; parallax_method=&#8220;on&#8220;][et_pb_filterable_portfolio fullwidth=&#8220;off&#8220; posts_number=&#8220;60&#8243; include_categories=&#8220;77,78&#8243; show_title=&#8220;on&#8220; show_categories=&#8220;off&#8220; show_pagination=&#8220;on&#8220; background_layout=&#8220;light&#8220; admin_label=&#8220;Filterable Portfolio&#8220; use_border_color=&#8220;off&#8220; border_color=&#8220;#ffffff&#8220; border_width=&#8220;1px&#8220; border_style=&#8220;solid&#8220; disabled=&#8220;off&#8220;][\/et_pb_filterable_portfolio][\/et_pb_column][\/et_pb_row][\/et_pb_section]<\/p>\n","protected":false},"excerpt":{"rendered":"","protected":false},"author":10,"featured_media":0,"parent":25503,"menu_order":0,"comment_status":"open","ping_status":"open","template":"","meta":{"_et_pb_use_builder":"on","_et_pb_old_content":"","_et_gb_content_width":"","footnotes":""},"class_list":["post-25507","page","type-page","status-publish","hentry"],"yoast_head":"<!-- This site is optimized with the Yoast SEO plugin v27.4 - https:\/\/yoast.com\/product\/yoast-seo-wordpress\/ -->\n<title>Stolmar Bydgoszcze - Fenster - Produzent unsere Zertifikate<\/title>\n<meta name=\"robots\" content=\"index, follow, max-snippet:-1, max-image-preview:large, max-video-preview:-1\" \/>\n<link rel=\"canonical\" href=\"https:\/\/stolmar24.com\/de\/uber-uns\/zertifikate\/\" \/>\n<meta property=\"og:locale\" content=\"de_DE\" \/>\n<meta property=\"og:type\" content=\"article\" \/>\n<meta property=\"og:title\" content=\"Stolmar Bydgoszcze - Fenster - Produzent unsere Zertifikate\" \/>\n<meta property=\"og:url\" content=\"https:\/\/stolmar24.com\/de\/uber-uns\/zertifikate\/\" \/>\n<meta property=\"og:site_name\" content=\"Stolmar\" \/>\n<meta property=\"article:publisher\" content=\"https:\/\/www.facebook.com\/STOLMAR-1482853595329004\/\" \/>\n<meta property=\"article:modified_time\" content=\"2018-10-09T10:49:52+00:00\" \/>\n<meta name=\"twitter:card\" content=\"summary_large_image\" \/>\n<meta name=\"twitter:site\" content=\"@Stolmar24\" \/>\n<meta name=\"twitter:label1\" content=\"Gesch\u00e4tzte Lesezeit\" \/>\n\t<meta name=\"twitter:data1\" content=\"2\u00a0Minuten\" \/>\n<script type=\"application\/ld+json\" class=\"yoast-schema-graph\">{\"@context\":\"https:\\\/\\\/schema.org\",\"@graph\":[{\"@type\":\"WebPage\",\"@id\":\"https:\\\/\\\/stolmar24.com\\\/de\\\/uber-uns\\\/zertifikate\\\/\",\"url\":\"https:\\\/\\\/stolmar24.com\\\/de\\\/uber-uns\\\/zertifikate\\\/\",\"name\":\"Stolmar Bydgoszcze - Fenster - Produzent unsere Zertifikate\",\"isPartOf\":{\"@id\":\"https:\\\/\\\/stolmar24.com\\\/#website\"},\"datePublished\":\"2018-09-22T10:14:25+00:00\",\"dateModified\":\"2018-10-09T10:49:52+00:00\",\"breadcrumb\":{\"@id\":\"https:\\\/\\\/stolmar24.com\\\/de\\\/uber-uns\\\/zertifikate\\\/#breadcrumb\"},\"inLanguage\":\"de\",\"potentialAction\":[{\"@type\":\"ReadAction\",\"target\":[\"https:\\\/\\\/stolmar24.com\\\/de\\\/uber-uns\\\/zertifikate\\\/\"]}]},{\"@type\":\"BreadcrumbList\",\"@id\":\"https:\\\/\\\/stolmar24.com\\\/de\\\/uber-uns\\\/zertifikate\\\/#breadcrumb\",\"itemListElement\":[{\"@type\":\"ListItem\",\"position\":1,\"name\":\"Strona g\u0142\u00f3wna\",\"item\":\"https:\\\/\\\/stolmar24.com\\\/de\\\/\"},{\"@type\":\"ListItem\",\"position\":2,\"name\":\"\u00dcber uns\",\"item\":\"https:\\\/\\\/stolmar24.com\\\/de\\\/uber-uns\\\/\"},{\"@type\":\"ListItem\",\"position\":3,\"name\":\"Zertifikate\"}]},{\"@type\":\"WebSite\",\"@id\":\"https:\\\/\\\/stolmar24.com\\\/#website\",\"url\":\"https:\\\/\\\/stolmar24.com\\\/\",\"name\":\"Stolmar\",\"description\":\"Producent stolarki okiennej\",\"potentialAction\":[{\"@type\":\"SearchAction\",\"target\":{\"@type\":\"EntryPoint\",\"urlTemplate\":\"https:\\\/\\\/stolmar24.com\\\/?s={search_term_string}\"},\"query-input\":{\"@type\":\"PropertyValueSpecification\",\"valueRequired\":true,\"valueName\":\"search_term_string\"}}],\"inLanguage\":\"de\"}]}<\/script>\n<!-- \/ Yoast SEO plugin. -->","yoast_head_json":{"title":"Stolmar Bydgoszcze - Fenster - Produzent unsere Zertifikate","robots":{"index":"index","follow":"follow","max-snippet":"max-snippet:-1","max-image-preview":"max-image-preview:large","max-video-preview":"max-video-preview:-1"},"canonical":"https:\/\/stolmar24.com\/de\/uber-uns\/zertifikate\/","og_locale":"de_DE","og_type":"article","og_title":"Stolmar Bydgoszcze - Fenster - Produzent unsere Zertifikate","og_url":"https:\/\/stolmar24.com\/de\/uber-uns\/zertifikate\/","og_site_name":"Stolmar","article_publisher":"https:\/\/www.facebook.com\/STOLMAR-1482853595329004\/","article_modified_time":"2018-10-09T10:49:52+00:00","twitter_card":"summary_large_image","twitter_site":"@Stolmar24","twitter_misc":{"Gesch\u00e4tzte Lesezeit":"2\u00a0Minuten"},"schema":{"@context":"https:\/\/schema.org","@graph":[{"@type":"WebPage","@id":"https:\/\/stolmar24.com\/de\/uber-uns\/zertifikate\/","url":"https:\/\/stolmar24.com\/de\/uber-uns\/zertifikate\/","name":"Stolmar Bydgoszcze - Fenster - Produzent unsere Zertifikate","isPartOf":{"@id":"https:\/\/stolmar24.com\/#website"},"datePublished":"2018-09-22T10:14:25+00:00","dateModified":"2018-10-09T10:49:52+00:00","breadcrumb":{"@id":"https:\/\/stolmar24.com\/de\/uber-uns\/zertifikate\/#breadcrumb"},"inLanguage":"de","potentialAction":[{"@type":"ReadAction","target":["https:\/\/stolmar24.com\/de\/uber-uns\/zertifikate\/"]}]},{"@type":"BreadcrumbList","@id":"https:\/\/stolmar24.com\/de\/uber-uns\/zertifikate\/#breadcrumb","itemListElement":[{"@type":"ListItem","position":1,"name":"Strona g\u0142\u00f3wna","item":"https:\/\/stolmar24.com\/de\/"},{"@type":"ListItem","position":2,"name":"\u00dcber uns","item":"https:\/\/stolmar24.com\/de\/uber-uns\/"},{"@type":"ListItem","position":3,"name":"Zertifikate"}]},{"@type":"WebSite","@id":"https:\/\/stolmar24.com\/#website","url":"https:\/\/stolmar24.com\/","name":"Stolmar","description":"Producent stolarki okiennej","potentialAction":[{"@type":"SearchAction","target":{"@type":"EntryPoint","urlTemplate":"https:\/\/stolmar24.com\/?s={search_term_string}"},"query-input":{"@type":"PropertyValueSpecification","valueRequired":true,"valueName":"search_term_string"}}],"inLanguage":"de"}]}},"_links":{"self":[{"href":"https:\/\/stolmar24.com\/de\/wp-json\/wp\/v2\/pages\/25507","targetHints":{"allow":["GET"]}}],"collection":[{"href":"https:\/\/stolmar24.com\/de\/wp-json\/wp\/v2\/pages"}],"about":[{"href":"https:\/\/stolmar24.com\/de\/wp-json\/wp\/v2\/types\/page"}],"author":[{"embeddable":true,"href":"https:\/\/stolmar24.com\/de\/wp-json\/wp\/v2\/users\/10"}],"replies":[{"embeddable":true,"href":"https:\/\/stolmar24.com\/de\/wp-json\/wp\/v2\/comments?post=25507"}],"version-history":[{"count":0,"href":"https:\/\/stolmar24.com\/de\/wp-json\/wp\/v2\/pages\/25507\/revisions"}],"up":[{"embeddable":true,"href":"https:\/\/stolmar24.com\/de\/wp-json\/wp\/v2\/pages\/25503"}],"wp:attachment":[{"href":"https:\/\/stolmar24.com\/de\/wp-json\/wp\/v2\/media?parent=25507"}],"curies":[{"name":"wp","href":"https:\/\/api.w.org\/{rel}","templated":true}]}}