{"id":25497,"date":"2018-09-22T11:28:41","date_gmt":"2018-09-22T09:28:41","guid":{"rendered":"https:\/\/stolmar24.com\/farbpalette-veka\/"},"modified":"2018-10-09T12:29:08","modified_gmt":"2018-10-09T10:29:08","slug":"farbpalette-veka","status":"publish","type":"page","link":"https:\/\/stolmar24.com\/de\/farbpalette-veka\/","title":{"rendered":"Farbpalette Veka"},"content":{"rendered":"<p>[et_pb_section fullwidth=&#8220;on&#8220; specialty=&#8220;off&#8220; transparent_background=&#8220;off&#8220; background_color=&#8220;#4ac1d3&#8243; allow_player_pause=&#8220;off&#8220; inner_shadow=&#8220;off&#8220; parallax=&#8220;off&#8220; parallax_method=&#8220;off&#8220;][et_pb_fullwidth_header admin_label=&#8220;Nag\u0142\u00f3wek pe\u0142nej szeroko\u015bci&#8220; title=&#8220;FARBPALETTE VEKA&#8220; subhead=&#8220;Unsere Produkte f\u00fcr Fenster&#8220; background_layout=&#8220;dark&#8220; text_orientation=&#8220;left&#8220; \/][\/et_pb_section][et_pb_section][et_pb_row][et_pb_column type=&#8220;4_4&#8243;][et_pb_text admin_label=&#8220;Tekst&#8220; background_layout=&#8220;light&#8220; text_orientation=&#8220;left&#8220;]<\/p>\n<p>Farbige Fenster k\u00f6nnen sehr \u00e4sthetische Akzente im Haus oder Wohnung schaffen und dem Charakter des Hauses einen besonderen Feinschliff verleihen. Sie sind gleichzeitig ein Design &#8211; Element und wichtiger Bestantdteil des Internieurs.<\/p>\n<p>Je nach Konzept k\u00f6nnen farbige Fensterrahmen moderne und klare Kontraste setzen oder mit dem Stil des Hauses verschmelzen und somit ein harmonisches und nat\u00fcrliches Gesamtbild schaffen.<\/p>\n<p>[\/et_pb_text][et_pb_cta admin_label=&#8220;Wezwanie do dzia\u0142ania&#8220; title=&#8220;Veka Farbpalette&#8220; use_background_color=&#8220;on&#8220; background_color=&#8220;#7EBEC5&#8243; background_layout=&#8220;dark&#8220; text_orientation=&#8220;center&#8220;]PVC Fenster[\/et_pb_cta][\/et_pb_column][\/et_pb_row][et_pb_row][et_pb_column type=&#8220;4_4&#8243;][et_pb_gallery admin_label=&#8220;Galeria&#8220; gallery_ids=&#8220;644,643,642,641,640,639,630,631,632,633,634,635,636,637,638,629,628,627,626,625,624,622,621,612,613,617,618,619,623,611,610,609,608,616,615,614&#8243; fullwidth=&#8220;off&#8220; posts_number=&#8220;100&#8243; show_title_and_caption=&#8220;on&#8220; show_pagination=&#8220;off&#8220; background_layout=&#8220;light&#8220; \/][\/et_pb_column][\/et_pb_row][\/et_pb_section]<\/p>\n","protected":false},"excerpt":{"rendered":"<p><div class=\"et_pb_section et_pb_section_0 et_section_regular\" >\n\t\t\t\t\n\t\t\t\t\n\t\t\t\t\n\t\t\t\t\n\t\t\t\t\n\t\t\t\t\n\t\t\t\t\n\t\t\t\t\n\t\t\t\t\n\t\t\t<\/div><div class=\"et_pb_row et_pb_row_0 et_pb_row_empty\">\n\t\t\t\t\n\t\t\t\t\n\t\t\t\t\n\t\t\t\t\n\t\t\t\t\n\t\t\t<\/div> Farbige Fenster k\u00f6nnen sehr \u00e4sthetische Akzente im Haus oder Wohnung schaffen und dem Charakter des Hauses einen besonderen Feinschliff verleihen. Sie sind gleichzeitig ein Design &#8211; Element und wichtiger Bestantdteil des Internieurs. Je nach Konzept k\u00f6nnen farbige Fensterrahmen moderne und klare Kontraste setzen oder mit dem Stil des Hauses verschmelzen und somit ein harmonisches [&hellip;]<\/p>\n","protected":false},"author":10,"featured_media":0,"parent":0,"menu_order":0,"comment_status":"open","ping_status":"closed","template":"","meta":{"_et_pb_use_builder":"on","_et_pb_old_content":"","_et_gb_content_width":"","footnotes":""},"class_list":["post-25497","page","type-page","status-publish","hentry"],"yoast_head":"<!-- This site is optimized with the Yoast SEO plugin v27.3 - https:\/\/yoast.com\/product\/yoast-seo-wordpress\/ -->\n<title>Farbpalette f\u00fcr PVC Fenster Veka - Stolmar<\/title>\n<meta name=\"robots\" content=\"index, follow, max-snippet:-1, max-image-preview:large, max-video-preview:-1\" \/>\n<link rel=\"canonical\" href=\"https:\/\/stolmar24.com\/de\/farbpalette-veka\/\" \/>\n<meta property=\"og:locale\" content=\"de_DE\" \/>\n<meta property=\"og:type\" content=\"article\" \/>\n<meta property=\"og:title\" content=\"Farbpalette f\u00fcr PVC Fenster Veka - Stolmar\" \/>\n<meta property=\"og:description\" content=\"Farbige Fenster k\u00f6nnen sehr \u00e4sthetische Akzente im Haus oder Wohnung schaffen und dem Charakter des Hauses einen besonderen Feinschliff verleihen. Sie sind gleichzeitig ein Design - Element und wichtiger Bestantdteil des Internieurs. Je nach Konzept k\u00f6nnen farbige Fensterrahmen moderne und klare Kontraste setzen oder mit dem Stil des Hauses verschmelzen und somit ein harmonisches [&hellip;]\" \/>\n<meta property=\"og:url\" content=\"https:\/\/stolmar24.com\/de\/farbpalette-veka\/\" \/>\n<meta property=\"og:site_name\" content=\"Stolmar\" \/>\n<meta property=\"article:publisher\" content=\"https:\/\/www.facebook.com\/STOLMAR-1482853595329004\/\" \/>\n<meta property=\"article:modified_time\" content=\"2018-10-09T10:29:08+00:00\" \/>\n<meta name=\"twitter:card\" content=\"summary_large_image\" \/>\n<meta name=\"twitter:site\" content=\"@Stolmar24\" \/>\n<meta name=\"twitter:label1\" content=\"Gesch\u00e4tzte Lesezeit\" \/>\n\t<meta name=\"twitter:data1\" content=\"1\u00a0Minute\" \/>\n<script type=\"application\/ld+json\" class=\"yoast-schema-graph\">{\"@context\":\"https:\\\/\\\/schema.org\",\"@graph\":[{\"@type\":\"WebPage\",\"@id\":\"https:\\\/\\\/stolmar24.com\\\/de\\\/farbpalette-veka\\\/\",\"url\":\"https:\\\/\\\/stolmar24.com\\\/de\\\/farbpalette-veka\\\/\",\"name\":\"Farbpalette f\u00fcr PVC Fenster Veka - Stolmar\",\"isPartOf\":{\"@id\":\"https:\\\/\\\/stolmar24.com\\\/#website\"},\"datePublished\":\"2018-09-22T09:28:41+00:00\",\"dateModified\":\"2018-10-09T10:29:08+00:00\",\"breadcrumb\":{\"@id\":\"https:\\\/\\\/stolmar24.com\\\/de\\\/farbpalette-veka\\\/#breadcrumb\"},\"inLanguage\":\"de\",\"potentialAction\":[{\"@type\":\"ReadAction\",\"target\":[\"https:\\\/\\\/stolmar24.com\\\/de\\\/farbpalette-veka\\\/\"]}]},{\"@type\":\"BreadcrumbList\",\"@id\":\"https:\\\/\\\/stolmar24.com\\\/de\\\/farbpalette-veka\\\/#breadcrumb\",\"itemListElement\":[{\"@type\":\"ListItem\",\"position\":1,\"name\":\"Strona g\u0142\u00f3wna\",\"item\":\"https:\\\/\\\/stolmar24.com\\\/de\\\/\"},{\"@type\":\"ListItem\",\"position\":2,\"name\":\"Farbpalette Veka\"}]},{\"@type\":\"WebSite\",\"@id\":\"https:\\\/\\\/stolmar24.com\\\/#website\",\"url\":\"https:\\\/\\\/stolmar24.com\\\/\",\"name\":\"Stolmar\",\"description\":\"Producent stolarki okiennej\",\"potentialAction\":[{\"@type\":\"SearchAction\",\"target\":{\"@type\":\"EntryPoint\",\"urlTemplate\":\"https:\\\/\\\/stolmar24.com\\\/?s={search_term_string}\"},\"query-input\":{\"@type\":\"PropertyValueSpecification\",\"valueRequired\":true,\"valueName\":\"search_term_string\"}}],\"inLanguage\":\"de\"}]}<\/script>\n<!-- \/ Yoast SEO plugin. -->","yoast_head_json":{"title":"Farbpalette f\u00fcr PVC Fenster Veka - Stolmar","robots":{"index":"index","follow":"follow","max-snippet":"max-snippet:-1","max-image-preview":"max-image-preview:large","max-video-preview":"max-video-preview:-1"},"canonical":"https:\/\/stolmar24.com\/de\/farbpalette-veka\/","og_locale":"de_DE","og_type":"article","og_title":"Farbpalette f\u00fcr PVC Fenster Veka - Stolmar","og_description":"Farbige Fenster k\u00f6nnen sehr \u00e4sthetische Akzente im Haus oder Wohnung schaffen und dem Charakter des Hauses einen besonderen Feinschliff verleihen. Sie sind gleichzeitig ein Design - Element und wichtiger Bestantdteil des Internieurs. Je nach Konzept k\u00f6nnen farbige Fensterrahmen moderne und klare Kontraste setzen oder mit dem Stil des Hauses verschmelzen und somit ein harmonisches [&hellip;]","og_url":"https:\/\/stolmar24.com\/de\/farbpalette-veka\/","og_site_name":"Stolmar","article_publisher":"https:\/\/www.facebook.com\/STOLMAR-1482853595329004\/","article_modified_time":"2018-10-09T10:29:08+00:00","twitter_card":"summary_large_image","twitter_site":"@Stolmar24","twitter_misc":{"Gesch\u00e4tzte Lesezeit":"1\u00a0Minute"},"schema":{"@context":"https:\/\/schema.org","@graph":[{"@type":"WebPage","@id":"https:\/\/stolmar24.com\/de\/farbpalette-veka\/","url":"https:\/\/stolmar24.com\/de\/farbpalette-veka\/","name":"Farbpalette f\u00fcr PVC Fenster Veka - Stolmar","isPartOf":{"@id":"https:\/\/stolmar24.com\/#website"},"datePublished":"2018-09-22T09:28:41+00:00","dateModified":"2018-10-09T10:29:08+00:00","breadcrumb":{"@id":"https:\/\/stolmar24.com\/de\/farbpalette-veka\/#breadcrumb"},"inLanguage":"de","potentialAction":[{"@type":"ReadAction","target":["https:\/\/stolmar24.com\/de\/farbpalette-veka\/"]}]},{"@type":"BreadcrumbList","@id":"https:\/\/stolmar24.com\/de\/farbpalette-veka\/#breadcrumb","itemListElement":[{"@type":"ListItem","position":1,"name":"Strona g\u0142\u00f3wna","item":"https:\/\/stolmar24.com\/de\/"},{"@type":"ListItem","position":2,"name":"Farbpalette Veka"}]},{"@type":"WebSite","@id":"https:\/\/stolmar24.com\/#website","url":"https:\/\/stolmar24.com\/","name":"Stolmar","description":"Producent stolarki okiennej","potentialAction":[{"@type":"SearchAction","target":{"@type":"EntryPoint","urlTemplate":"https:\/\/stolmar24.com\/?s={search_term_string}"},"query-input":{"@type":"PropertyValueSpecification","valueRequired":true,"valueName":"search_term_string"}}],"inLanguage":"de"}]}},"_links":{"self":[{"href":"https:\/\/stolmar24.com\/de\/wp-json\/wp\/v2\/pages\/25497","targetHints":{"allow":["GET"]}}],"collection":[{"href":"https:\/\/stolmar24.com\/de\/wp-json\/wp\/v2\/pages"}],"about":[{"href":"https:\/\/stolmar24.com\/de\/wp-json\/wp\/v2\/types\/page"}],"author":[{"embeddable":true,"href":"https:\/\/stolmar24.com\/de\/wp-json\/wp\/v2\/users\/10"}],"replies":[{"embeddable":true,"href":"https:\/\/stolmar24.com\/de\/wp-json\/wp\/v2\/comments?post=25497"}],"version-history":[{"count":0,"href":"https:\/\/stolmar24.com\/de\/wp-json\/wp\/v2\/pages\/25497\/revisions"}],"wp:attachment":[{"href":"https:\/\/stolmar24.com\/de\/wp-json\/wp\/v2\/media?parent=25497"}],"curies":[{"name":"wp","href":"https:\/\/api.w.org\/{rel}","templated":true}]}}