{"id":25492,"date":"2018-09-15T14:41:25","date_gmt":"2018-09-15T12:41:25","guid":{"rendered":"https:\/\/stolmar24.com\/farbpalette-fur-rollladen\/"},"modified":"2018-10-09T12:26:25","modified_gmt":"2018-10-09T10:26:25","slug":"farbpalette-fur-rollladen","status":"publish","type":"page","link":"https:\/\/stolmar24.com\/de\/farbpalette-fur-rollladen\/","title":{"rendered":"Farbpalette f\u00fcr Rolll\u00e4den"},"content":{"rendered":"<p>[et_pb_section fullwidth=&#8220;on&#8220; specialty=&#8220;off&#8220; transparent_background=&#8220;off&#8220; background_color=&#8220;#4ac1d3&#8243; allow_player_pause=&#8220;off&#8220; inner_shadow=&#8220;off&#8220; parallax=&#8220;off&#8220; parallax_method=&#8220;off&#8220;][et_pb_fullwidth_header admin_label=&#8220;Nag\u0142\u00f3wek pe\u0142nej szeroko\u015bci&#8220; title=&#8220;FARBPALETTE F\u00dcR ROLLL\u00c4DEN&#8220; subhead=&#8220;Unsere Produkte f\u00fcr Fenster&#8220; background_layout=&#8220;dark&#8220; text_orientation=&#8220;left&#8220; \/][\/et_pb_section][et_pb_section][et_pb_row][et_pb_column type=&#8220;4_4&#8243;][et_pb_text admin_label=&#8220;Tekst&#8220; background_layout=&#8220;light&#8220; text_orientation=&#8220;left&#8220;]<\/p>\n<p><span id=\"result_box\" class=\"\" lang=\"de\">Die von uns angebotene Farbpalette umfasst sowohl holz\u00e4hnliche als auch klassische Farbbeschichtungen.<\/span><\/p>\n<p>&#8211; Farbbeschichtungen von extrudierten Elementen werden durch Pulverbeschichtung hergestellt,<br \/>\n<span class=\"\">&#8211; Die Lackschicht gew\u00e4hrleistet eine zuverl\u00e4ssige Qualit\u00e4t und Haltbarkeit des Produkts.<\/span><\/p>\n<p>[\/et_pb_text][et_pb_cta admin_label=&#8220;Wezwanie do dzia\u0142ania&#8220; title=&#8220;Farbpalette f\u00fcr Au\u00dfenrolll\u00e4den&#8220; use_background_color=&#8220;on&#8220; background_color=&#8220;#7EBEC5&#8243; background_layout=&#8220;dark&#8220; text_orientation=&#8220;center&#8220; \/][\/et_pb_column][\/et_pb_row][et_pb_row][et_pb_column type=&#8220;4_4&#8243;][et_pb_gallery admin_label=&#8220;Galeria&#8220; gallery_ids=&#8220;1690,1694,1696,1701,1705,1709,1691,1713,1697,1702,1706,1707,1692,1714,1698,1703,1718,1708,1693,1695,1699,1704,1721,1716,1723,1725&#8243; fullwidth=&#8220;off&#8220; posts_number=&#8220;100&#8243; show_title_and_caption=&#8220;on&#8220; show_pagination=&#8220;off&#8220; background_layout=&#8220;light&#8220; \/][\/et_pb_column][\/et_pb_row][\/et_pb_section]<\/p>\n","protected":false},"excerpt":{"rendered":"<p><div class=\"et_pb_section et_pb_section_0 et_section_regular\" >\n\t\t\t\t\n\t\t\t\t\n\t\t\t\t\n\t\t\t\t\n\t\t\t\t\n\t\t\t\t\n\t\t\t\t\n\t\t\t\t\n\t\t\t\t\n\t\t\t<\/div><div class=\"et_pb_row et_pb_row_0 et_pb_row_empty\">\n\t\t\t\t\n\t\t\t\t\n\t\t\t\t\n\t\t\t\t\n\t\t\t\t\n\t\t\t<\/div> Die von uns angebotene Farbpalette umfasst sowohl holz\u00e4hnliche als auch klassische Farbbeschichtungen. &#8211; Farbbeschichtungen von extrudierten Elementen werden durch Pulverbeschichtung hergestellt, &#8211; Die Lackschicht gew\u00e4hrleistet eine zuverl\u00e4ssige Qualit\u00e4t und Haltbarkeit des Produkts. <div class=\"et_pb_row et_pb_row_1 et_pb_row_empty\">\n\t\t\t\t\n\t\t\t\t\n\t\t\t\t\n\t\t\t\t\n\t\t\t\t\n\t\t\t<\/div><\/p>\n","protected":false},"author":10,"featured_media":0,"parent":0,"menu_order":0,"comment_status":"open","ping_status":"closed","template":"","meta":{"_et_pb_use_builder":"on","_et_pb_old_content":"","_et_gb_content_width":"","footnotes":""},"class_list":["post-25492","page","type-page","status-publish","hentry"],"yoast_head":"<!-- This site is optimized with the Yoast SEO plugin v27.4 - https:\/\/yoast.com\/product\/yoast-seo-wordpress\/ -->\n<title>Farbpaletten f\u00fcr Stolmar Fenster<\/title>\n<meta name=\"robots\" content=\"index, follow, max-snippet:-1, max-image-preview:large, max-video-preview:-1\" \/>\n<link rel=\"canonical\" href=\"https:\/\/stolmar24.com\/de\/farbpalette-fur-rollladen\/\" \/>\n<meta property=\"og:locale\" content=\"de_DE\" \/>\n<meta property=\"og:type\" content=\"article\" \/>\n<meta property=\"og:title\" content=\"Farbpaletten f\u00fcr Stolmar Fenster\" \/>\n<meta property=\"og:description\" content=\"Die von uns angebotene Farbpalette umfasst sowohl holz\u00e4hnliche als auch klassische Farbbeschichtungen. - Farbbeschichtungen von extrudierten Elementen werden durch Pulverbeschichtung hergestellt, - Die Lackschicht gew\u00e4hrleistet eine zuverl\u00e4ssige Qualit\u00e4t und Haltbarkeit des Produkts.\" \/>\n<meta property=\"og:url\" content=\"https:\/\/stolmar24.com\/de\/farbpalette-fur-rollladen\/\" \/>\n<meta property=\"og:site_name\" content=\"Stolmar\" \/>\n<meta property=\"article:publisher\" content=\"https:\/\/www.facebook.com\/STOLMAR-1482853595329004\/\" \/>\n<meta property=\"article:modified_time\" content=\"2018-10-09T10:26:25+00:00\" \/>\n<meta name=\"twitter:card\" content=\"summary_large_image\" \/>\n<meta name=\"twitter:site\" content=\"@Stolmar24\" \/>\n<meta name=\"twitter:label1\" content=\"Gesch\u00e4tzte Lesezeit\" \/>\n\t<meta name=\"twitter:data1\" content=\"1\u00a0Minute\" \/>\n<script type=\"application\/ld+json\" class=\"yoast-schema-graph\">{\"@context\":\"https:\\\/\\\/schema.org\",\"@graph\":[{\"@type\":\"WebPage\",\"@id\":\"https:\\\/\\\/stolmar24.com\\\/de\\\/farbpalette-fur-rollladen\\\/\",\"url\":\"https:\\\/\\\/stolmar24.com\\\/de\\\/farbpalette-fur-rollladen\\\/\",\"name\":\"Farbpaletten f\u00fcr Stolmar Fenster\",\"isPartOf\":{\"@id\":\"https:\\\/\\\/stolmar24.com\\\/#website\"},\"datePublished\":\"2018-09-15T12:41:25+00:00\",\"dateModified\":\"2018-10-09T10:26:25+00:00\",\"breadcrumb\":{\"@id\":\"https:\\\/\\\/stolmar24.com\\\/de\\\/farbpalette-fur-rollladen\\\/#breadcrumb\"},\"inLanguage\":\"de\",\"potentialAction\":[{\"@type\":\"ReadAction\",\"target\":[\"https:\\\/\\\/stolmar24.com\\\/de\\\/farbpalette-fur-rollladen\\\/\"]}]},{\"@type\":\"BreadcrumbList\",\"@id\":\"https:\\\/\\\/stolmar24.com\\\/de\\\/farbpalette-fur-rollladen\\\/#breadcrumb\",\"itemListElement\":[{\"@type\":\"ListItem\",\"position\":1,\"name\":\"Strona g\u0142\u00f3wna\",\"item\":\"https:\\\/\\\/stolmar24.com\\\/de\\\/\"},{\"@type\":\"ListItem\",\"position\":2,\"name\":\"Farbpalette f\u00fcr Rolll\u00e4den\"}]},{\"@type\":\"WebSite\",\"@id\":\"https:\\\/\\\/stolmar24.com\\\/#website\",\"url\":\"https:\\\/\\\/stolmar24.com\\\/\",\"name\":\"Stolmar\",\"description\":\"Producent stolarki okiennej\",\"potentialAction\":[{\"@type\":\"SearchAction\",\"target\":{\"@type\":\"EntryPoint\",\"urlTemplate\":\"https:\\\/\\\/stolmar24.com\\\/?s={search_term_string}\"},\"query-input\":{\"@type\":\"PropertyValueSpecification\",\"valueRequired\":true,\"valueName\":\"search_term_string\"}}],\"inLanguage\":\"de\"}]}<\/script>\n<!-- \/ Yoast SEO plugin. -->","yoast_head_json":{"title":"Farbpaletten f\u00fcr Stolmar Fenster","robots":{"index":"index","follow":"follow","max-snippet":"max-snippet:-1","max-image-preview":"max-image-preview:large","max-video-preview":"max-video-preview:-1"},"canonical":"https:\/\/stolmar24.com\/de\/farbpalette-fur-rollladen\/","og_locale":"de_DE","og_type":"article","og_title":"Farbpaletten f\u00fcr Stolmar Fenster","og_description":"Die von uns angebotene Farbpalette umfasst sowohl holz\u00e4hnliche als auch klassische Farbbeschichtungen. - Farbbeschichtungen von extrudierten Elementen werden durch Pulverbeschichtung hergestellt, - Die Lackschicht gew\u00e4hrleistet eine zuverl\u00e4ssige Qualit\u00e4t und Haltbarkeit des Produkts.","og_url":"https:\/\/stolmar24.com\/de\/farbpalette-fur-rollladen\/","og_site_name":"Stolmar","article_publisher":"https:\/\/www.facebook.com\/STOLMAR-1482853595329004\/","article_modified_time":"2018-10-09T10:26:25+00:00","twitter_card":"summary_large_image","twitter_site":"@Stolmar24","twitter_misc":{"Gesch\u00e4tzte Lesezeit":"1\u00a0Minute"},"schema":{"@context":"https:\/\/schema.org","@graph":[{"@type":"WebPage","@id":"https:\/\/stolmar24.com\/de\/farbpalette-fur-rollladen\/","url":"https:\/\/stolmar24.com\/de\/farbpalette-fur-rollladen\/","name":"Farbpaletten f\u00fcr Stolmar Fenster","isPartOf":{"@id":"https:\/\/stolmar24.com\/#website"},"datePublished":"2018-09-15T12:41:25+00:00","dateModified":"2018-10-09T10:26:25+00:00","breadcrumb":{"@id":"https:\/\/stolmar24.com\/de\/farbpalette-fur-rollladen\/#breadcrumb"},"inLanguage":"de","potentialAction":[{"@type":"ReadAction","target":["https:\/\/stolmar24.com\/de\/farbpalette-fur-rollladen\/"]}]},{"@type":"BreadcrumbList","@id":"https:\/\/stolmar24.com\/de\/farbpalette-fur-rollladen\/#breadcrumb","itemListElement":[{"@type":"ListItem","position":1,"name":"Strona g\u0142\u00f3wna","item":"https:\/\/stolmar24.com\/de\/"},{"@type":"ListItem","position":2,"name":"Farbpalette f\u00fcr Rolll\u00e4den"}]},{"@type":"WebSite","@id":"https:\/\/stolmar24.com\/#website","url":"https:\/\/stolmar24.com\/","name":"Stolmar","description":"Producent stolarki okiennej","potentialAction":[{"@type":"SearchAction","target":{"@type":"EntryPoint","urlTemplate":"https:\/\/stolmar24.com\/?s={search_term_string}"},"query-input":{"@type":"PropertyValueSpecification","valueRequired":true,"valueName":"search_term_string"}}],"inLanguage":"de"}]}},"_links":{"self":[{"href":"https:\/\/stolmar24.com\/de\/wp-json\/wp\/v2\/pages\/25492","targetHints":{"allow":["GET"]}}],"collection":[{"href":"https:\/\/stolmar24.com\/de\/wp-json\/wp\/v2\/pages"}],"about":[{"href":"https:\/\/stolmar24.com\/de\/wp-json\/wp\/v2\/types\/page"}],"author":[{"embeddable":true,"href":"https:\/\/stolmar24.com\/de\/wp-json\/wp\/v2\/users\/10"}],"replies":[{"embeddable":true,"href":"https:\/\/stolmar24.com\/de\/wp-json\/wp\/v2\/comments?post=25492"}],"version-history":[{"count":0,"href":"https:\/\/stolmar24.com\/de\/wp-json\/wp\/v2\/pages\/25492\/revisions"}],"wp:attachment":[{"href":"https:\/\/stolmar24.com\/de\/wp-json\/wp\/v2\/media?parent=25492"}],"curies":[{"name":"wp","href":"https:\/\/api.w.org\/{rel}","templated":true}]}}