{"id":25488,"date":"2018-09-15T14:27:39","date_gmt":"2018-09-15T12:27:39","guid":{"rendered":"https:\/\/stolmar24.com\/die-farbpalette-von-gealan\/"},"modified":"2018-10-09T12:25:31","modified_gmt":"2018-10-09T10:25:31","slug":"die-farbpalette-von-gealan","status":"publish","type":"page","link":"https:\/\/stolmar24.com\/de\/die-farbpalette-von-gealan\/","title":{"rendered":"Die Farbpalette von GEALAN"},"content":{"rendered":"<p>[et_pb_section fullwidth=&#8220;on&#8220; specialty=&#8220;off&#8220; transparent_background=&#8220;off&#8220; background_color=&#8220;#4ac1d3&#8243; allow_player_pause=&#8220;off&#8220; inner_shadow=&#8220;off&#8220; parallax=&#8220;off&#8220; parallax_method=&#8220;off&#8220;][et_pb_fullwidth_header admin_label=&#8220;Nag\u0142\u00f3wek pe\u0142nej szeroko\u015bci&#8220; title=&#8220;GEALAN Farbpalette&#8220; subhead=&#8220;Unsere Produkte f\u00fcr Fenster&#8220; background_layout=&#8220;dark&#8220; text_orientation=&#8220;left&#8220; \/][\/et_pb_section][et_pb_section][et_pb_row][et_pb_column type=&#8220;4_4&#8243;][et_pb_text admin_label=&#8220;Tekst&#8220; background_layout=&#8220;light&#8220; text_orientation=&#8220;left&#8220;]<\/p>\n<p><span lang=\"de-DE\">Farbige Fenster k\u00f6nnen den Charakter eines Hauses oder einer Wohnung unterstreichen und Akzente schaffen, die eine bestimmte Stilrichtung ? oder Vision noch unterst\u00fctzen. Sie sind zudem eine fantastische Art der Dekoration sowie ein wichtiges \u00e4sthetisches Element unseres Interieurs. <\/span><\/p>\n<p><span lang=\"de-DE\">Je nach Vorlieben und Visionen des Innenarchitekten k\u00f6nnen farbige Fenster klare Akzente an Fassaden setzen oder sich harmonisch in die Fassadenfarbe einf\u00fcgen. In den Zimmern hingegen schaffen farbige Fenster eine warme, freundliche Atmosph\u00e4re und unterstreichen perfekt den nat\u00fcrlichen Charakter des Interieurs. <\/span><\/p>\n<p>[\/et_pb_text][et_pb_cta admin_label=&#8220;Wezwanie do dzia\u0142ania&#8220; title=&#8220;Acrycolor Gealan&#8220; use_background_color=&#8220;on&#8220; background_color=&#8220;#7EBEC5&#8243; background_layout=&#8220;dark&#8220; text_orientation=&#8220;center&#8220;]<br \/>\nPVC Fenster<br \/>\n[\/et_pb_cta][\/et_pb_column][\/et_pb_row][et_pb_row][et_pb_column type=&#8220;4_4&#8243;][et_pb_gallery admin_label=&#8220;Galeria&#8220; gallery_ids=&#8220;601,600,599,598,597,596,595,594,593,592,591,590,589&#8243; fullwidth=&#8220;off&#8220; posts_number=&#8220;100&#8243; show_title_and_caption=&#8220;on&#8220; show_pagination=&#8220;on&#8220; background_layout=&#8220;light&#8220; \/][\/et_pb_column][\/et_pb_row][et_pb_row][et_pb_column type=&#8220;4_4&#8243;][et_pb_cta admin_label=&#8220;Wezwanie do dzia\u0142ania&#8220; title=&#8220;Renolity Gealan&#8220; use_background_color=&#8220;on&#8220; background_layout=&#8220;dark&#8220; text_orientation=&#8220;center&#8220; background_color=&#8220;#7EBEC5&#8243;]<\/p>\n<p>PVC Fenster<\/p>\n<p>[\/et_pb_cta][\/et_pb_column][\/et_pb_row][et_pb_row][et_pb_column type=&#8220;4_4&#8243;][et_pb_gallery admin_label=&#8220;Galeria&#8220; gallery_ids=&#8220;587,586,577,578,579,580,581,582,583,584,585,576,575,574,572,573,571,570,569,568&#8243; fullwidth=&#8220;off&#8220; posts_number=&#8220;100&#8243; show_title_and_caption=&#8220;on&#8220; show_pagination=&#8220;off&#8220; background_layout=&#8220;light&#8220; \/][\/et_pb_column][\/et_pb_row][\/et_pb_section]<\/p>\n","protected":false},"excerpt":{"rendered":"<p><div class=\"et_pb_section et_pb_section_0 et_section_regular\" >\n\t\t\t\t\n\t\t\t\t\n\t\t\t\t\n\t\t\t\t\n\t\t\t\t\n\t\t\t\t\n\t\t\t\t\n\t\t\t\t\n\t\t\t\t\n\t\t\t<\/div><div class=\"et_pb_row et_pb_row_0 et_pb_row_empty\">\n\t\t\t\t\n\t\t\t\t\n\t\t\t\t\n\t\t\t\t\n\t\t\t\t\n\t\t\t<\/div> Farbige Fenster k\u00f6nnen den Charakter eines Hauses oder einer Wohnung unterstreichen und Akzente schaffen, die eine bestimmte Stilrichtung ? oder Vision noch unterst\u00fctzen. Sie sind zudem eine fantastische Art der Dekoration sowie ein wichtiges \u00e4sthetisches Element unseres Interieurs. Je nach Vorlieben und Visionen des Innenarchitekten k\u00f6nnen farbige Fenster klare Akzente an Fassaden setzen oder [&hellip;]<\/p>\n","protected":false},"author":10,"featured_media":0,"parent":0,"menu_order":0,"comment_status":"open","ping_status":"closed","template":"","meta":{"_et_pb_use_builder":"on","_et_pb_old_content":"","_et_gb_content_width":"","footnotes":""},"class_list":["post-25488","page","type-page","status-publish","hentry"],"yoast_head":"<!-- This site is optimized with the Yoast SEO plugin v27.3 - https:\/\/yoast.com\/product\/yoast-seo-wordpress\/ -->\n<title>GEALAN PVC Fenster - Fenster-Farbpalette - Stolmar<\/title>\n<meta name=\"robots\" content=\"index, follow, max-snippet:-1, max-image-preview:large, max-video-preview:-1\" \/>\n<link rel=\"canonical\" href=\"https:\/\/stolmar24.com\/de\/die-farbpalette-von-gealan\/\" \/>\n<meta property=\"og:locale\" content=\"de_DE\" \/>\n<meta property=\"og:type\" content=\"article\" \/>\n<meta property=\"og:title\" content=\"GEALAN PVC Fenster - Fenster-Farbpalette - Stolmar\" \/>\n<meta property=\"og:description\" content=\"Farbige Fenster k\u00f6nnen den Charakter eines Hauses oder einer Wohnung unterstreichen und Akzente schaffen, die eine bestimmte Stilrichtung ? oder Vision noch unterst\u00fctzen. Sie sind zudem eine fantastische Art der Dekoration sowie ein wichtiges \u00e4sthetisches Element unseres Interieurs. Je nach Vorlieben und Visionen des Innenarchitekten k\u00f6nnen farbige Fenster klare Akzente an Fassaden setzen oder [&hellip;]\" \/>\n<meta property=\"og:url\" content=\"https:\/\/stolmar24.com\/de\/die-farbpalette-von-gealan\/\" \/>\n<meta property=\"og:site_name\" content=\"Stolmar\" \/>\n<meta property=\"article:publisher\" content=\"https:\/\/www.facebook.com\/STOLMAR-1482853595329004\/\" \/>\n<meta property=\"article:modified_time\" content=\"2018-10-09T10:25:31+00:00\" \/>\n<meta name=\"twitter:card\" content=\"summary_large_image\" \/>\n<meta name=\"twitter:site\" content=\"@Stolmar24\" \/>\n<meta name=\"twitter:label1\" content=\"Gesch\u00e4tzte Lesezeit\" \/>\n\t<meta name=\"twitter:data1\" content=\"2\u00a0Minuten\" \/>\n<script type=\"application\/ld+json\" class=\"yoast-schema-graph\">{\"@context\":\"https:\\\/\\\/schema.org\",\"@graph\":[{\"@type\":\"WebPage\",\"@id\":\"https:\\\/\\\/stolmar24.com\\\/de\\\/die-farbpalette-von-gealan\\\/\",\"url\":\"https:\\\/\\\/stolmar24.com\\\/de\\\/die-farbpalette-von-gealan\\\/\",\"name\":\"GEALAN PVC Fenster - Fenster-Farbpalette - Stolmar\",\"isPartOf\":{\"@id\":\"https:\\\/\\\/stolmar24.com\\\/#website\"},\"datePublished\":\"2018-09-15T12:27:39+00:00\",\"dateModified\":\"2018-10-09T10:25:31+00:00\",\"breadcrumb\":{\"@id\":\"https:\\\/\\\/stolmar24.com\\\/de\\\/die-farbpalette-von-gealan\\\/#breadcrumb\"},\"inLanguage\":\"de\",\"potentialAction\":[{\"@type\":\"ReadAction\",\"target\":[\"https:\\\/\\\/stolmar24.com\\\/de\\\/die-farbpalette-von-gealan\\\/\"]}]},{\"@type\":\"BreadcrumbList\",\"@id\":\"https:\\\/\\\/stolmar24.com\\\/de\\\/die-farbpalette-von-gealan\\\/#breadcrumb\",\"itemListElement\":[{\"@type\":\"ListItem\",\"position\":1,\"name\":\"Strona g\u0142\u00f3wna\",\"item\":\"https:\\\/\\\/stolmar24.com\\\/de\\\/\"},{\"@type\":\"ListItem\",\"position\":2,\"name\":\"Die Farbpalette von GEALAN\"}]},{\"@type\":\"WebSite\",\"@id\":\"https:\\\/\\\/stolmar24.com\\\/#website\",\"url\":\"https:\\\/\\\/stolmar24.com\\\/\",\"name\":\"Stolmar\",\"description\":\"Producent stolarki okiennej\",\"potentialAction\":[{\"@type\":\"SearchAction\",\"target\":{\"@type\":\"EntryPoint\",\"urlTemplate\":\"https:\\\/\\\/stolmar24.com\\\/?s={search_term_string}\"},\"query-input\":{\"@type\":\"PropertyValueSpecification\",\"valueRequired\":true,\"valueName\":\"search_term_string\"}}],\"inLanguage\":\"de\"}]}<\/script>\n<!-- \/ Yoast SEO plugin. -->","yoast_head_json":{"title":"GEALAN PVC Fenster - Fenster-Farbpalette - Stolmar","robots":{"index":"index","follow":"follow","max-snippet":"max-snippet:-1","max-image-preview":"max-image-preview:large","max-video-preview":"max-video-preview:-1"},"canonical":"https:\/\/stolmar24.com\/de\/die-farbpalette-von-gealan\/","og_locale":"de_DE","og_type":"article","og_title":"GEALAN PVC Fenster - Fenster-Farbpalette - Stolmar","og_description":"Farbige Fenster k\u00f6nnen den Charakter eines Hauses oder einer Wohnung unterstreichen und Akzente schaffen, die eine bestimmte Stilrichtung ? oder Vision noch unterst\u00fctzen. Sie sind zudem eine fantastische Art der Dekoration sowie ein wichtiges \u00e4sthetisches Element unseres Interieurs. Je nach Vorlieben und Visionen des Innenarchitekten k\u00f6nnen farbige Fenster klare Akzente an Fassaden setzen oder [&hellip;]","og_url":"https:\/\/stolmar24.com\/de\/die-farbpalette-von-gealan\/","og_site_name":"Stolmar","article_publisher":"https:\/\/www.facebook.com\/STOLMAR-1482853595329004\/","article_modified_time":"2018-10-09T10:25:31+00:00","twitter_card":"summary_large_image","twitter_site":"@Stolmar24","twitter_misc":{"Gesch\u00e4tzte Lesezeit":"2\u00a0Minuten"},"schema":{"@context":"https:\/\/schema.org","@graph":[{"@type":"WebPage","@id":"https:\/\/stolmar24.com\/de\/die-farbpalette-von-gealan\/","url":"https:\/\/stolmar24.com\/de\/die-farbpalette-von-gealan\/","name":"GEALAN PVC Fenster - Fenster-Farbpalette - Stolmar","isPartOf":{"@id":"https:\/\/stolmar24.com\/#website"},"datePublished":"2018-09-15T12:27:39+00:00","dateModified":"2018-10-09T10:25:31+00:00","breadcrumb":{"@id":"https:\/\/stolmar24.com\/de\/die-farbpalette-von-gealan\/#breadcrumb"},"inLanguage":"de","potentialAction":[{"@type":"ReadAction","target":["https:\/\/stolmar24.com\/de\/die-farbpalette-von-gealan\/"]}]},{"@type":"BreadcrumbList","@id":"https:\/\/stolmar24.com\/de\/die-farbpalette-von-gealan\/#breadcrumb","itemListElement":[{"@type":"ListItem","position":1,"name":"Strona g\u0142\u00f3wna","item":"https:\/\/stolmar24.com\/de\/"},{"@type":"ListItem","position":2,"name":"Die Farbpalette von GEALAN"}]},{"@type":"WebSite","@id":"https:\/\/stolmar24.com\/#website","url":"https:\/\/stolmar24.com\/","name":"Stolmar","description":"Producent stolarki okiennej","potentialAction":[{"@type":"SearchAction","target":{"@type":"EntryPoint","urlTemplate":"https:\/\/stolmar24.com\/?s={search_term_string}"},"query-input":{"@type":"PropertyValueSpecification","valueRequired":true,"valueName":"search_term_string"}}],"inLanguage":"de"}]}},"_links":{"self":[{"href":"https:\/\/stolmar24.com\/de\/wp-json\/wp\/v2\/pages\/25488","targetHints":{"allow":["GET"]}}],"collection":[{"href":"https:\/\/stolmar24.com\/de\/wp-json\/wp\/v2\/pages"}],"about":[{"href":"https:\/\/stolmar24.com\/de\/wp-json\/wp\/v2\/types\/page"}],"author":[{"embeddable":true,"href":"https:\/\/stolmar24.com\/de\/wp-json\/wp\/v2\/users\/10"}],"replies":[{"embeddable":true,"href":"https:\/\/stolmar24.com\/de\/wp-json\/wp\/v2\/comments?post=25488"}],"version-history":[{"count":0,"href":"https:\/\/stolmar24.com\/de\/wp-json\/wp\/v2\/pages\/25488\/revisions"}],"wp:attachment":[{"href":"https:\/\/stolmar24.com\/de\/wp-json\/wp\/v2\/media?parent=25488"}],"curies":[{"name":"wp","href":"https:\/\/api.w.org\/{rel}","templated":true}]}}