{"id":25486,"date":"2018-09-15T14:12:46","date_gmt":"2018-09-15T12:12:46","guid":{"rendered":"https:\/\/stolmar24.com\/fenstergriffe-hoppe\/"},"modified":"2018-10-09T12:23:51","modified_gmt":"2018-10-09T10:23:51","slug":"fenstergriffe-hoppe","status":"publish","type":"page","link":"https:\/\/stolmar24.com\/de\/fenstergriffe-hoppe\/","title":{"rendered":"Fenstergriffe Hoppe"},"content":{"rendered":"<p>[et_pb_section admin_label=&#8220;section&#8220; fullwidth=&#8220;on&#8220; specialty=&#8220;off&#8220; transparent_background=&#8220;off&#8220; background_color=&#8220;#4ac1d3&#8243; allow_player_pause=&#8220;off&#8220; inner_shadow=&#8220;off&#8220; parallax=&#8220;off&#8220; parallax_method=&#8220;off&#8220;][et_pb_fullwidth_header admin_label=&#8220;Nag\u0142\u00f3wek pe\u0142nej szeroko\u015bci&#8220; title=&#8220;FENSTERGRIFFE&#8220; subhead=&#8220;Unsere Produkte f\u00fcr Fenster&#8220; background_layout=&#8220;dark&#8220; text_orientation=&#8220;left&#8220;] [\/et_pb_fullwidth_header][\/et_pb_section][et_pb_section admin_label=&#8220;section&#8220;][et_pb_row admin_label=&#8220;row&#8220;][et_pb_column type=&#8220;4_4&#8243;][et_pb_text admin_label=&#8220;Tekst&#8220; background_layout=&#8220;light&#8220; text_orientation=&#8220;left&#8220; text_font_size=&#8220;14&#8243; use_border_color=&#8220;off&#8220; border_color=&#8220;#ffffff&#8220; border_style=&#8220;solid&#8220;]<\/p>\n<p>Qualit\u00e4ts &#8211; Fenstergriffe von HOPPE &#8211; Ihr Design resultiert aus der Symbiose eines erstklassigen Projekts und einer Fertigung, die bis in kleinste Detail perfektioniert wurde. Qualitative Materialien, sowie die ergonomische Form machen HOPPE Fenstergriffe zu einem verl\u00e4sslichen und beliebten Produkt. Die lange Lebensdauer der Fenstergriffe und die farblichen M\u00f6glichkeiten runden das Produkt ab und begeistern selbst sehr anspruchsvolle Kunden.<\/p>\n<p>[\/et_pb_text][et_pb_cta admin_label=&#8220;Wezwanie do dzia\u0142ania&#8220; title=&#8220;HOPPE Fenstergriffe&#8220; use_background_color=&#8220;on&#8220; background_color=&#8220;#7EBEC5&#8243; background_layout=&#8220;dark&#8220; text_orientation=&#8220;center&#8220;] [\/et_pb_cta][\/et_pb_column][\/et_pb_row][et_pb_row admin_label=&#8220;row&#8220;][et_pb_column type=&#8220;1_2&#8243;][et_pb_image admin_label=&#8220;Obraz&#8220; src=&#8220;http:\/\/stolmar24.com\/wp-content\/uploads\/program-klamek-titan-globe-001.jpg&#8220; show_in_lightbox=&#8220;off&#8220; url_new_window=&#8220;off&#8220; animation=&#8220;off&#8220; sticky=&#8220;off&#8220;] [\/et_pb_image][\/et_pb_column][et_pb_column type=&#8220;1_2&#8243;][et_pb_text admin_label=&#8220;Tekst&#8220; background_layout=&#8220;light&#8220; text_orientation=&#8220;left&#8220; text_font_size=&#8220;14&#8243; use_border_color=&#8220;off&#8220; border_color=&#8220;#ffffff&#8220; border_style=&#8220;solid&#8220;]<\/p>\n<p lang=\"de-DE\">Der Fenstergriff, ein Element des direkten Kontakts mit dem Fenster, wird oft \u00fcbersehen.<\/p>\n<p>Wir glauben, dass dies ein sehr wichtiges Element ist, das die Funktionalit\u00e4t, Sicherheit und Ergonomie des Fensters beeinflusst. Deshalb ist jedes unserer Fenster serienm\u00e4\u00dfig mit dem Hoppe Secustik Griff ausgestattet.<\/p>\n<p>Griffe mit der Secustik-Funktion sind ein patentiertes Produkt des deutschen Herstellers von Fenster- und T\u00fcrgriffen &#8211; der Firma Hoppe. Die Griffe sind mit einem Sperr &#8211; Mechanismus ausgestattet, der die Drehung des Griffs blockiert. Dieser erschwert ein unbefugtes Verschieben des Fensterbeschlags von au\u00dfen. Ein Kupplungselement zwischen Griff und Vierkantstift wirkt dabei als eine Art ?mechanische Diode?. Es erlaubt zwar die normale Bet\u00e4tigung des Fenstergriffs von innen, blockiert aber den Griff, falls eine unbefugte Person versucht, den Fenstergriff von au\u00dfen \u00fcber den Beschlag zu manipulieren.<\/p>\n<p>[\/et_pb_text][\/et_pb_column][\/et_pb_row][et_pb_row admin_label=&#8220;row&#8220;][et_pb_column type=&#8220;4_4&#8243;][et_pb_text admin_label=&#8220;Tekst&#8220; background_layout=&#8220;light&#8220; text_orientation=&#8220;left&#8220;]<\/p>\n<p><strong><span lang=\"de-DE\">F\u00fcr unsere Kunden bieten wir Secustik &#8211; Aluminium T\u00fcrgriffe in verschiedenen Modellen und Farben an.<\/span><\/strong><\/p>\n<p>Wir bieten hochwertige Fenstergriffe von renommierten europ\u00e4ischen Herstellern. In unserem Angebot finden Sie Aluminiumgriffe f\u00fcr verschiedene Anwendungen, in vielen Modellen und Farben.<\/p>\n<p>Neben den bereits genannten Standard Fenstergriffen f\u00fcr kippbare Fenster, f\u00fchren wir ein breites Sortiment mit Griffen, die zum Beispiel mit einem Schl\u00fcssel abschlie\u00dfbar sind (bei zertifizierten einbruchsicheren Fenstern eingesetzt), zweiseitige T\u00fcrgriffe f\u00fcr Balkont\u00fcren, Schiebet\u00fcrgriffe, spezielle T\u00fcrgriffe und andere Produkte zum \u00d6ffnen und Schlie\u00dfen von Fenstern, sowie Balkonverschl\u00fcsse.<\/p>\n<p>[\/et_pb_text][\/et_pb_column][\/et_pb_row][et_pb_row admin_label=&#8220;row&#8220;][et_pb_column type=&#8220;4_4&#8243;][et_pb_text admin_label=&#8220;Tekst&#8220; background_layout=&#8220;light&#8220; text_orientation=&#8220;center&#8220;]<br \/>\nFenstergriffe<br \/>\n[\/et_pb_text][et_pb_text admin_label=&#8220;Tekst&#8220; background_layout=&#8220;light&#8220; text_orientation=&#8220;center&#8220;]<br \/>\n<span id=\"result_box\" class=\"\" lang=\"de\"><span class=\"\">Ausf\u00fchrliche Informationen zum Sortiment an Standardgriffen, sowie Sonderanfertigungen erhalten Sie telefonisch oder per E-Mail (Kontakt).<\/span><\/span><br \/>\n[\/et_pb_text][\/et_pb_column][\/et_pb_row][et_pb_row admin_label=&#8220;row&#8220;][et_pb_column type=&#8220;1_2&#8243;][et_pb_image admin_label=&#8220;Obraz&#8220; src=&#8220;http:\/\/stolmar24.com\/wp-content\/uploads\/klamki-dla-okien-stolmar-okna-bydgoszcz-001.jpg&#8220; alt=&#8220;HOPPE Fenstergriffe&#8220; title_text=&#8220;HOPPE Fenstergriffe&#8220; show_in_lightbox=&#8220;on&#8220; url_new_window=&#8220;off&#8220; animation=&#8220;off&#8220; sticky=&#8220;off&#8220;] [\/et_pb_image][\/et_pb_column][et_pb_column type=&#8220;1_2&#8243;][et_pb_image admin_label=&#8220;Obraz&#8220; src=&#8220;http:\/\/stolmar24.com\/wp-content\/uploads\/klamki-dla-okien-stolmar-okna-bydgoszcz-002.jpg&#8220; alt=&#8220;HOPPE Fenstergriffe&#8220; title_text=&#8220;HOPPE Fenstergriffe&#8220; show_in_lightbox=&#8220;on&#8220; url_new_window=&#8220;off&#8220; animation=&#8220;off&#8220; sticky=&#8220;off&#8220;] [\/et_pb_image][\/et_pb_column][\/et_pb_row][et_pb_row admin_label=&#8220;row&#8220;][et_pb_column type=&#8220;1_2&#8243;][et_pb_text admin_label=&#8220;Tekst&#8220; background_layout=&#8220;light&#8220; text_orientation=&#8220;center&#8220; use_border_color=&#8220;off&#8220; border_color=&#8220;#ffffff&#8220; border_style=&#8220;solid&#8220;]<br \/>\n<span id=\"result_box\" class=\"short_text\" lang=\"de\"><span class=\"\">Fenstergriffe f\u00fcr Kipp- und Schiebefenster<\/span><\/span><\/p>\n<p>[\/et_pb_text][et_pb_image admin_label=&#8220;Obraz&#8220; src=&#8220;http:\/\/stolmar24.com\/wp-content\/uploads\/klamki-dla-okien-uchylno-przesownych-okna-stolmar-bydgoszcz-001.jpg&#8220; alt=&#8220;Fenstergriffe f\u00fcr Kipp- und Schiebefenster&#8220; title_text=&#8220;Fenstergriffe f\u00fcr Kipp- und Schiebefenster&#8220; show_in_lightbox=&#8220;on&#8220; url_new_window=&#8220;off&#8220; animation=&#8220;off&#8220; sticky=&#8220;off&#8220;] [\/et_pb_image][\/et_pb_column][et_pb_column type=&#8220;1_2&#8243;][et_pb_text admin_label=&#8220;Tekst&#8220; background_layout=&#8220;light&#8220; text_orientation=&#8220;center&#8220; use_border_color=&#8220;off&#8220; border_color=&#8220;#ffffff&#8220; border_style=&#8220;solid&#8220;]<br \/>\n<span id=\"result_box\" class=\"short_text\" lang=\"de\"><span class=\"\">Griffe f\u00fcr Hebe- und Schiebefenster<\/span><\/span><br \/>\n[\/et_pb_text][et_pb_image admin_label=&#8220;Obraz&#8220; src=&#8220;http:\/\/stolmar24.com\/wp-content\/uploads\/klamki-dla-okien-podnoszono-przesownych-okna-stolmar-bydgoszcz-001.jpg&#8220; alt=&#8220;Griffe f\u00fcr Hebe- und Schiebefenster&#8220; title_text=&#8220;Griffe f\u00fcr Hebe- und Schiebefenster&#8220; show_in_lightbox=&#8220;on&#8220; url_new_window=&#8220;off&#8220; animation=&#8220;off&#8220; sticky=&#8220;off&#8220; use_overlay=&#8220;off&#8220; align=&#8220;left&#8220; force_fullwidth=&#8220;off&#8220; always_center_on_mobile=&#8220;on&#8220; use_border_color=&#8220;off&#8220; border_color=&#8220;#ffffff&#8220; border_style=&#8220;solid&#8220;] [\/et_pb_image][\/et_pb_column][\/et_pb_row][et_pb_row admin_label=&#8220;row&#8220;][et_pb_column type=&#8220;4_4&#8243;][et_pb_cta admin_label=&#8220;Wezwanie do dzia\u0142ania&#8220; title=&#8220;MEDOS Fenstergriffe&#8220; button_url=&#8220;http:\/\/www.medos.pl\/#\/home&#8220; button_text=&#8220;Fenstergriffe ansehen&#8220; use_background_color=&#8220;on&#8220; background_color=&#8220;#7EBEC5&#8243; background_layout=&#8220;dark&#8220; text_orientation=&#8220;center&#8220;] [\/et_pb_cta][\/et_pb_column][\/et_pb_row][\/et_pb_section][et_pb_section admin_label=&#8220;section&#8220; fullwidth=&#8220;off&#8220; specialty=&#8220;off&#8220;][et_pb_row admin_label=&#8220;row&#8220;][et_pb_column type=&#8220;4_4&#8243;][et_pb_text admin_label=&#8220;Tekst&#8220; background_layout=&#8220;light&#8220; text_orientation=&#8220;center&#8220;]<\/p>\n<h1>Ein Film des Herstellers HOPPE<\/h1>\n<h1>Secustik? &#8211; Der Fenstergriff mit dem h\u00f6rbaren Plus an Sicherheit<\/h1>\n<p>[\/et_pb_text][et_pb_video admin_label=&#8220;Klip wideo&#8220; src=&#8220;https:\/\/www.youtube.com\/watch?v=XgYfZhXZNag&#8220;] [\/et_pb_video][\/et_pb_column][\/et_pb_row][\/et_pb_section]<\/p>\n","protected":false},"excerpt":{"rendered":"<p>Qualit\u00e4ts &#8211; Fenstergriffe von HOPPE &#8211; Ihr Design resultiert aus der Symbiose eines erstklassigen Projekts und einer Fertigung, die bis in kleinste Detail perfektioniert wurde. Qualitative Materialien, sowie die ergonomische Form machen HOPPE Fenstergriffe zu einem verl\u00e4sslichen und beliebten Produkt. Die lange Lebensdauer der Fenstergriffe und die farblichen M\u00f6glichkeiten runden das Produkt ab und begeistern [&hellip;]<\/p>\n","protected":false},"author":10,"featured_media":0,"parent":0,"menu_order":0,"comment_status":"open","ping_status":"open","template":"","meta":{"_et_pb_use_builder":"on","_et_pb_old_content":"","_et_gb_content_width":"","footnotes":""},"class_list":["post-25486","page","type-page","status-publish","hentry"],"yoast_head":"<!-- This site is optimized with the Yoast SEO plugin v27.4 - https:\/\/yoast.com\/product\/yoast-seo-wordpress\/ -->\n<title>PVC Fenstergriffe Hoppe - Stolmar<\/title>\n<meta name=\"robots\" content=\"index, follow, max-snippet:-1, max-image-preview:large, max-video-preview:-1\" \/>\n<link rel=\"canonical\" href=\"https:\/\/stolmar24.com\/de\/fenstergriffe-hoppe\/\" \/>\n<meta property=\"og:locale\" content=\"de_DE\" \/>\n<meta property=\"og:type\" content=\"article\" \/>\n<meta property=\"og:title\" content=\"PVC Fenstergriffe Hoppe - Stolmar\" \/>\n<meta property=\"og:description\" content=\"Qualit\u00e4ts - Fenstergriffe von HOPPE - Ihr Design resultiert aus der Symbiose eines erstklassigen Projekts und einer Fertigung, die bis in kleinste Detail perfektioniert wurde. Qualitative Materialien, sowie die ergonomische Form machen HOPPE Fenstergriffe zu einem verl\u00e4sslichen und beliebten Produkt. Die lange Lebensdauer der Fenstergriffe und die farblichen M\u00f6glichkeiten runden das Produkt ab und begeistern [&hellip;]\" \/>\n<meta property=\"og:url\" content=\"https:\/\/stolmar24.com\/de\/fenstergriffe-hoppe\/\" \/>\n<meta property=\"og:site_name\" content=\"Stolmar\" \/>\n<meta property=\"article:publisher\" content=\"https:\/\/www.facebook.com\/STOLMAR-1482853595329004\/\" \/>\n<meta property=\"article:modified_time\" content=\"2018-10-09T10:23:51+00:00\" \/>\n<meta name=\"twitter:card\" content=\"summary_large_image\" \/>\n<meta name=\"twitter:site\" content=\"@Stolmar24\" \/>\n<meta name=\"twitter:label1\" content=\"Gesch\u00e4tzte Lesezeit\" \/>\n\t<meta name=\"twitter:data1\" content=\"5\u00a0Minuten\" \/>\n<script type=\"application\/ld+json\" class=\"yoast-schema-graph\">{\"@context\":\"https:\\\/\\\/schema.org\",\"@graph\":[{\"@type\":\"WebPage\",\"@id\":\"https:\\\/\\\/stolmar24.com\\\/de\\\/fenstergriffe-hoppe\\\/\",\"url\":\"https:\\\/\\\/stolmar24.com\\\/de\\\/fenstergriffe-hoppe\\\/\",\"name\":\"PVC Fenstergriffe Hoppe - Stolmar\",\"isPartOf\":{\"@id\":\"https:\\\/\\\/stolmar24.com\\\/#website\"},\"datePublished\":\"2018-09-15T12:12:46+00:00\",\"dateModified\":\"2018-10-09T10:23:51+00:00\",\"breadcrumb\":{\"@id\":\"https:\\\/\\\/stolmar24.com\\\/de\\\/fenstergriffe-hoppe\\\/#breadcrumb\"},\"inLanguage\":\"de\",\"potentialAction\":[{\"@type\":\"ReadAction\",\"target\":[\"https:\\\/\\\/stolmar24.com\\\/de\\\/fenstergriffe-hoppe\\\/\"]}]},{\"@type\":\"BreadcrumbList\",\"@id\":\"https:\\\/\\\/stolmar24.com\\\/de\\\/fenstergriffe-hoppe\\\/#breadcrumb\",\"itemListElement\":[{\"@type\":\"ListItem\",\"position\":1,\"name\":\"Strona g\u0142\u00f3wna\",\"item\":\"https:\\\/\\\/stolmar24.com\\\/de\\\/\"},{\"@type\":\"ListItem\",\"position\":2,\"name\":\"Fenstergriffe Hoppe\"}]},{\"@type\":\"WebSite\",\"@id\":\"https:\\\/\\\/stolmar24.com\\\/#website\",\"url\":\"https:\\\/\\\/stolmar24.com\\\/\",\"name\":\"Stolmar\",\"description\":\"Producent stolarki okiennej\",\"potentialAction\":[{\"@type\":\"SearchAction\",\"target\":{\"@type\":\"EntryPoint\",\"urlTemplate\":\"https:\\\/\\\/stolmar24.com\\\/?s={search_term_string}\"},\"query-input\":{\"@type\":\"PropertyValueSpecification\",\"valueRequired\":true,\"valueName\":\"search_term_string\"}}],\"inLanguage\":\"de\"}]}<\/script>\n<!-- \/ Yoast SEO plugin. -->","yoast_head_json":{"title":"PVC Fenstergriffe Hoppe - Stolmar","robots":{"index":"index","follow":"follow","max-snippet":"max-snippet:-1","max-image-preview":"max-image-preview:large","max-video-preview":"max-video-preview:-1"},"canonical":"https:\/\/stolmar24.com\/de\/fenstergriffe-hoppe\/","og_locale":"de_DE","og_type":"article","og_title":"PVC Fenstergriffe Hoppe - Stolmar","og_description":"Qualit\u00e4ts - Fenstergriffe von HOPPE - Ihr Design resultiert aus der Symbiose eines erstklassigen Projekts und einer Fertigung, die bis in kleinste Detail perfektioniert wurde. Qualitative Materialien, sowie die ergonomische Form machen HOPPE Fenstergriffe zu einem verl\u00e4sslichen und beliebten Produkt. Die lange Lebensdauer der Fenstergriffe und die farblichen M\u00f6glichkeiten runden das Produkt ab und begeistern [&hellip;]","og_url":"https:\/\/stolmar24.com\/de\/fenstergriffe-hoppe\/","og_site_name":"Stolmar","article_publisher":"https:\/\/www.facebook.com\/STOLMAR-1482853595329004\/","article_modified_time":"2018-10-09T10:23:51+00:00","twitter_card":"summary_large_image","twitter_site":"@Stolmar24","twitter_misc":{"Gesch\u00e4tzte Lesezeit":"5\u00a0Minuten"},"schema":{"@context":"https:\/\/schema.org","@graph":[{"@type":"WebPage","@id":"https:\/\/stolmar24.com\/de\/fenstergriffe-hoppe\/","url":"https:\/\/stolmar24.com\/de\/fenstergriffe-hoppe\/","name":"PVC Fenstergriffe Hoppe - Stolmar","isPartOf":{"@id":"https:\/\/stolmar24.com\/#website"},"datePublished":"2018-09-15T12:12:46+00:00","dateModified":"2018-10-09T10:23:51+00:00","breadcrumb":{"@id":"https:\/\/stolmar24.com\/de\/fenstergriffe-hoppe\/#breadcrumb"},"inLanguage":"de","potentialAction":[{"@type":"ReadAction","target":["https:\/\/stolmar24.com\/de\/fenstergriffe-hoppe\/"]}]},{"@type":"BreadcrumbList","@id":"https:\/\/stolmar24.com\/de\/fenstergriffe-hoppe\/#breadcrumb","itemListElement":[{"@type":"ListItem","position":1,"name":"Strona g\u0142\u00f3wna","item":"https:\/\/stolmar24.com\/de\/"},{"@type":"ListItem","position":2,"name":"Fenstergriffe Hoppe"}]},{"@type":"WebSite","@id":"https:\/\/stolmar24.com\/#website","url":"https:\/\/stolmar24.com\/","name":"Stolmar","description":"Producent stolarki okiennej","potentialAction":[{"@type":"SearchAction","target":{"@type":"EntryPoint","urlTemplate":"https:\/\/stolmar24.com\/?s={search_term_string}"},"query-input":{"@type":"PropertyValueSpecification","valueRequired":true,"valueName":"search_term_string"}}],"inLanguage":"de"}]}},"_links":{"self":[{"href":"https:\/\/stolmar24.com\/de\/wp-json\/wp\/v2\/pages\/25486","targetHints":{"allow":["GET"]}}],"collection":[{"href":"https:\/\/stolmar24.com\/de\/wp-json\/wp\/v2\/pages"}],"about":[{"href":"https:\/\/stolmar24.com\/de\/wp-json\/wp\/v2\/types\/page"}],"author":[{"embeddable":true,"href":"https:\/\/stolmar24.com\/de\/wp-json\/wp\/v2\/users\/10"}],"replies":[{"embeddable":true,"href":"https:\/\/stolmar24.com\/de\/wp-json\/wp\/v2\/comments?post=25486"}],"version-history":[{"count":0,"href":"https:\/\/stolmar24.com\/de\/wp-json\/wp\/v2\/pages\/25486\/revisions"}],"wp:attachment":[{"href":"https:\/\/stolmar24.com\/de\/wp-json\/wp\/v2\/media?parent=25486"}],"curies":[{"name":"wp","href":"https:\/\/api.w.org\/{rel}","templated":true}]}}