{"id":25483,"date":"2018-09-15T12:47:54","date_gmt":"2018-09-15T10:47:54","guid":{"rendered":"https:\/\/stolmar24.com\/gealan\/"},"modified":"2018-10-09T12:21:38","modified_gmt":"2018-10-09T10:21:38","slug":"gealan","status":"publish","type":"page","link":"https:\/\/stolmar24.com\/de\/gealan\/","title":{"rendered":"Gealan"},"content":{"rendered":"<p>[et_pb_section admin_label=&#8220;section&#8220; fullwidth=&#8220;on&#8220; background_color=&#8220;#1f9dc4&#8243; inner_shadow=&#8220;off&#8220; parallax=&#8220;off&#8220;][et_pb_fullwidth_header admin_label=&#8220;Fullwidth Header&#8220; title=&#8220;Technologie und Geschichte der Gealan-Gruppe&#8220; background_layout=&#8220;dark&#8220; text_orientation=&#8220;left&#8220;] [\/et_pb_fullwidth_header][\/et_pb_section][et_pb_section admin_label=&#8220;section&#8220; fullwidth=&#8220;off&#8220;][et_pb_row admin_label=&#8220;row&#8220;][et_pb_column type=&#8220;4_4&#8243;][et_pb_cta admin_label=&#8220;Wezwanie do dzia\u0142ania&#8220; title=&#8220;Die GEALAN Gruppe&#8220; use_background_color=&#8220;on&#8220; background_color=&#8220;#b5b5b5&#8243; background_layout=&#8220;dark&#8220; text_orientation=&#8220;center&#8220;] [\/et_pb_cta][\/et_pb_column][\/et_pb_row][et_pb_row admin_label=&#8220;row&#8220;][et_pb_column type=&#8220;4_4&#8243;][et_pb_text admin_label=&#8220;Text&#8220; background_layout=&#8220;light&#8220; text_orientation=&#8220;left&#8220;]<\/p>\n<p><span id=\"result_box\" class=\"\" lang=\"de\"><span class=\"\">Extrusion bedeutet ein kontinuierliches Verfahren zum produzieren von Str\u00e4ngen aus Kunststoffmaterialien oder deren Ursprungsprodukten (z. B. Granulat).<\/span> <span class=\"\">Die harte, anf\u00e4nglich extrudierte Masse wird durch Erhitzen, Verdichten und Schneiden zu einer homogenen Masse.<\/span><\/span><\/p>\n<p>Um den Extrusionsprozess zu starten, m\u00fcssen Lastwagen die notwendigen Rohstoffe bereitstellen. <span class=\"\">Nach der Kontrolle von Waren, die in Form von verschiedenen Komponenten (PVC, Kreide und Titandioxid) eintreffen, wird die Anreicherung mit bestimmten Zusatzstoffen gem\u00e4\u00df dem speziellen GEALAN-Rezept durchgef\u00fchrt.<\/span> <span class=\"\">Unter zwei separat gesteuerten Mischlinien erfolgt das automatische Einwiegen der Rohstoffe, die Zugabe von intern zirkulierendem Material und das Transportieren, Dosieren, Mischen, Trocknen und Abk\u00fchlen des Materials.<\/span> <span class=\"\">Das fertige, gemischte Material wird zum Silo transportiert und ist somit f\u00fcr den Extrusionsprozess vorbereitet.<\/span><\/p>\n<p>[\/et_pb_text][\/et_pb_column][\/et_pb_row][et_pb_row admin_label=&#8220;row&#8220;][et_pb_column type=&#8220;4_4&#8243;][et_pb_text admin_label=&#8220;Tekst&#8220; background_layout=&#8220;light&#8220; text_orientation=&#8220;left&#8220; text_font_size=&#8220;14&#8243; use_border_color=&#8220;off&#8220; border_color=&#8220;#ffffff&#8220; border_style=&#8220;solid&#8220;]<\/p>\n<div id=\"gt-res-content\">\n<div id=\"gt-res-dir-ctr\" class=\"trans-verified-button-small\" dir=\"ltr\">\n<div id=\"tts_button\"><\/div>\n<p><span id=\"result_box\" class=\"\" lang=\"de\"><span class=\"\">Das erste extrudierte Fensterprofil verlie\u00df 1968 die GEALAN-Anlage.<\/span> <span class=\"\">Seither wurde eine kontinuierliche Entwicklung und Optimierung des Extrusionsprozesses durchgef\u00fchrt, daraus resultieren unter Anderem koextrudierte Fensterprofile.<\/span><\/span><\/p>\n<\/div>\n<\/div>\n<p>[\/et_pb_text][\/et_pb_column][\/et_pb_row][et_pb_row admin_label=&#8220;row&#8220;][et_pb_column type=&#8220;1_3&#8243;][et_pb_image admin_label=&#8220;Obraz&#8220; src=&#8220;http:\/\/stolmar24.com\/wp-content\/uploads\/technologie-gealan-stolmar-okna-bydgoszcz-001.gif&#8220; show_in_lightbox=&#8220;off&#8220; url_new_window=&#8220;off&#8220; animation=&#8220;off&#8220; sticky=&#8220;off&#8220; alt=&#8220;Von den Silos gelangt der Dryblent (Trockenmischung) mit zwei Schnecken durch den Trichter zum Extruderzylinder. Zwei gegenl\u00e4ufige Schnecken transportieren ihn dorthin zum Werkzeug.&#8220; title_text=&#8220;Von den Silos gelangt der Dryblent (Trockenmischung) mit zwei Schnecken durch den Trichter zum Extruderzylinder. Zwei gegenl\u00e4ufige Schnecken transportieren ihn dorthin zum Werkzeug.&#8220;] [\/et_pb_image][\/et_pb_column][et_pb_column type=&#8220;2_3&#8243;][et_pb_text admin_label=&#8220;Text&#8220; background_layout=&#8220;light&#8220; text_orientation=&#8220;left&#8220;]<\/p>\n<div id=\"gt-res-content\">\n<div id=\"gt-res-dir-ctr\" class=\"trans-verified-button-small\" dir=\"ltr\">\n<div id=\"tts_button\"><\/div>\n<p><span id=\"result_box\" class=\"\" lang=\"de\"><span title=\"Aparatura do ekstruzji ? opr\u00f3cz samego ekstrudera i narz\u0119dzia ? obejmuje urz\u0105dzenia linii ekstruzyjnej, gdzie dokonuje si\u0119 kalibracja ekstrudatu, sch\u0142adzanie, odci\u0105ganie, ci\u0119cie na d\u0142ugo\u015b\u0107 i odk\u0142adanie.\">Die Extrusionsvorrichtung umfasst &#8211; zus\u00e4tzlich zu dem Extruder selbst und dem Werkzeug &#8211; Extrusionslinienausr\u00fcstung, wobei der Extruder kalibriert, gek\u00fchlt, gezogen, geschnitten und abgelegt wird. <\/span><span title=\"Wszystkie urz\u0105dzenia linii ekstruzyjnej musz\u0105 by\u0107 technicznie dostosowane do danej zdolno\u015bci przepustowej ekstrudera.\">Alle Ger\u00e4te der Extrusionslinie m\u00fcssen technisch an die Kapazit\u00e4t des Extruders angepasst sein. <\/span><span title=\"Tak na przyk\u0142ad gor\u0105cy i niestabilny profil ? po wyj\u015bciu z narz\u0119dzia ? musi zosta\u0107 sch\u0142odzony w procesie kalibracji i tam te\u017c uzyskuje ostateczny kszta\u0142t.\">Zum Beispiel muss ein heisses und instabiles Profil &#8211; nach dem Verlassen des Werkzeuges &#8211; im Kalibrierprozess gek\u00fchlt werden um im Anschluss die endg\u00fcltige Form zu erhalten. <\/span><span title=\"W strefie kalibracji wytwarzana jest pr\u00f3\u017cnia, co powoduje doci\u015bni\u0119cie powierzchni zewn\u0119trznych profilu do \u015bcianek strefy kalibracji.\">In der Kalibrierungszone wird ein Vakuum erzeugt, wodurch die \u00e4u\u00dferen Oberfl\u00e4chen des Profils gegen die W\u00e4nde der Kalibrierungszone gedr\u00fcckt werden. <\/span><span title=\"Po przej\u015bciu wype\u0142nionej wod\u0105 \u0142a\u017ani sch\u0142adzaj\u0105cej i mechanizmu odci\u0105gaj\u0105cego, po wewn\u0119trznej i zewn\u0119trznej stronie profilu nak\u0142adana jest folia ochronna, zanim zostanie on poci\u0119ty na sze\u015bciometrowe kawa\u0142ki w urz\u0105dzeniu tn\u0105cym.\">Nach dem Passieren eines wassergef\u00fcllten K\u00fchlbades und eines Ziehmechanismus wird eine Schutzfolie auf der Innen- und Au\u00dfenseite des Profils aufgebracht, bevor es abschlie\u00dfend in der Schneidvorrichtung in sechs Meter lange St\u00fccke geschnitten wird. <\/span><span title=\"Potem urz\u0105dzenie sortuj\u0105ce automatycznie pakuje profile do kontenera.\">Dann packt die Sortiermaschine automatisch die Profile in den daf\u00fcr vorgesehenen Container. <\/span><span title=\"Po zapakowaniu kontenera profile albo sk\u0142aduje si\u0119 w centrum logistyki, albo wysy\u0142a natychmiast samochodem ci\u0119\u017carowym do klienta.\">Nach dem Beladen des Containers wird die Ware entweder im Logistikzentrum verwahrt oder aber direkt zum Kunden transportiert.<br \/><\/span><\/span><\/p>\n<\/div>\n<\/div>\n<p>[\/et_pb_text][\/et_pb_column][\/et_pb_row][et_pb_row admin_label=&#8220;row&#8220;][et_pb_column type=&#8220;4_4&#8243;][et_pb_divider admin_label=&#8220;Separator&#8220; color=&#8220;#ffffff&#8220; show_divider=&#8220;off&#8220;] [\/et_pb_divider][\/et_pb_column][\/et_pb_row][et_pb_row admin_label=&#8220;row&#8220;][et_pb_column type=&#8220;1_3&#8243;][et_pb_image admin_label=&#8220;Obraz&#8220; src=&#8220;http:\/\/stolmar24.com\/wp-content\/uploads\/technologie-gealan-stolmar-okna-bydgoszcz-004.jpg&#8220; show_in_lightbox=&#8220;off&#8220; url_new_window=&#8220;off&#8220; animation=&#8220;off&#8220; sticky=&#8220;off&#8220;] [\/et_pb_image][\/et_pb_column][et_pb_column type=&#8220;2_3&#8243;][et_pb_text admin_label=&#8220;Tekst&#8220; background_layout=&#8220;light&#8220; text_orientation=&#8220;left&#8220;]<\/p>\n<p><span lang=\"de-DE\">Im Falle der Koextrusion ist der Kern des Profils in diesem Verarbeitungszustand, der aus einem wei\u00dfen fl\u00fcssigen PVC besteht, untrennbar mit einer farbigen fl\u00fcssigen Acrylschmelze verbunden.<\/span><\/p>\n<p><span lang=\"de-DE\">Dieser Prozess findet in einem Koextrusionswerkzeug statt, an das neben dem Hauptextruder ein zweiter Extruder angeschlossen ist, der die Werkzeuge mit Acrylschmelze versorgt. Die farbige Acrylschmelze wird pr\u00e4zise auf die Oberfl\u00e4che des Profils aufgebracht, die dann im Fenster den Witterungsbedingungen ausgesetzt wird, d. H. Sonne, Licht, Regen und Schnee. <\/span><\/p>\n<p><span lang=\"de-DE\">Das Acrylcolor-Profil, das die Koextruderd\u00fcse verl\u00e4sst, ist bereits zweifarbig. Dank einer Kombination verschiedener Materialien (PVC und Acryl) wird ein Produkt hergestellt, bei dem die geforderten Leistungsmerkmale eine h\u00f6here Qualit\u00e4t haben. Das Koextrusionsverfahren gew\u00e4hrleistet eine un\u00fcbertroffene Farbechtheit. Durch den sukzessiven Austausch von Fensterelementen in ein und demselben Geb\u00e4udeblock bleiben optische Unterschiede auch nach Jahren praktisch nicht wahrnehmbar.<\/span><\/p>\n<p><span lang=\"de-DE\">Im Falle der Koextrusion ist der Kern des Profils in diesem Verarbeitungszustand, der aus einem wei\u00dfen fl\u00fcssigen PVC besteht, untrennbar mit einer farbigen fl\u00fcssigen Acrylschmelze verbunden.<\/span><\/p>\n<p><span lang=\"de-DE\">Dieser Prozess findet in einem Koextrusionswerkzeug statt, an das neben dem Hauptextruder ein zweiter Extruder angeschlossen ist, der die Werkzeuge mit Acrylschmelze versorgt. Die farbige Acrylschmelze wird pr\u00e4zise auf die Oberfl\u00e4che des Profils aufgebracht, die dann im Fenster den Witterungsbedingungen ausgesetzt wird, d. H. Sonne, Licht, Regen und Schnee. <\/span><\/p>\n<p><span lang=\"de-DE\">Das Acrylcolor-Profil, das die Koextruderd\u00fcse verl\u00e4sst, ist bereits zweifarbig. Dank einer Kombination verschiedener Materialien (PVC und Acryl) wird ein Produkt hergestellt, bei dem die geforderten Leistungsmerkmale eine h\u00f6here Qualit\u00e4t haben. Das Koextrusionsverfahren gew\u00e4hrleistet eine un\u00fcbertroffene Farbechtheit. Durch den sukzessiven Austausch von Fensterelementen in ein und demselben Geb\u00e4udeblock bleiben optische Unterschiede auch nach Jahren praktisch nicht wahrnehmbar.<\/span><\/p>\n<p>[\/et_pb_text][\/et_pb_column][\/et_pb_row][et_pb_row admin_label=&#8220;row&#8220;][et_pb_column type=&#8220;4_4&#8243;][et_pb_text admin_label=&#8220;Tekst&#8220; background_layout=&#8220;light&#8220; text_orientation=&#8220;left&#8220; text_font_size=&#8220;14&#8243; use_border_color=&#8220;off&#8220; border_color=&#8220;#ffffff&#8220; border_style=&#8220;solid&#8220;]<\/p>\n<p><span id=\"result_box\" class=\"\" lang=\"de\"><span class=\"\">Die Firma GEALAN&nbsp; setzt seit 1980 das Koextrusuionsverfahren ein.<\/span> Mit Stolz erf\u00fcllt uns das <span class=\"\">RAL-G\u00fctezeichen f\u00fcr Acrylcolor-Profile, sowie das G\u00fctezeichen des S\u00fcddeutschen Kunststoffzentrums.<\/span><\/span><\/p>\n<p>[\/et_pb_text][\/et_pb_column][\/et_pb_row][\/et_pb_section][et_pb_section admin_label=&#8220;section&#8220; fullwidth=&#8220;off&#8220; specialty=&#8220;off&#8220; transparent_background=&#8220;off&#8220; background_color=&#8220;#6bbef9&#8243; allow_player_pause=&#8220;off&#8220; inner_shadow=&#8220;off&#8220; parallax=&#8220;off&#8220; parallax_method=&#8220;off&#8220;][et_pb_row admin_label=&#8220;row&#8220;][et_pb_column type=&#8220;4_4&#8243;][et_pb_text admin_label=&#8220;Tekst&#8220; background_layout=&#8220;dark&#8220; text_orientation=&#8220;left&#8220;]<\/p>\n<p><span id=\"result_box\" class=\"\" lang=\"de\"><span class=\"\">Schl\u00fcsseltechnologien &#8211; STV? &#8211; Trockene statische Verglasung.<\/span><\/span><\/p>\n<p>[\/et_pb_text][et_pb_text admin_label=&#8220;Tekst&#8220; background_layout=&#8220;dark&#8220; text_orientation=&#8220;left&#8220; text_font_size=&#8220;14&#8243; use_border_color=&#8220;off&#8220; border_color=&#8220;#ffffff&#8220; border_style=&#8220;solid&#8220;]<\/p>\n<p><span lang=\"de-DE\">STV? &#8211; Statische-Trocken-Verglasung ist eine innovative Technologie zum Verkleben von Glas und Fl\u00fcgelprofil, die bei der Fensterherstellung verwendet wird. Das Geheimnis von STV? liegt in einem speziell entwickelten Band, das w\u00e4hrend des Extrusionsprozesses permanent am Fl\u00fcgelfalz befestigt wird. <\/span><\/p>\n<p><span lang=\"de-DE\">Die Verarbeitung von Profilen mit STV?-Band erfolgt auf traditionelle Art und es werden keine Investitionen in zus\u00e4tzliche Maschinen ben\u00f6tigt. Beschneiden, Schwei\u00dfen, Schleifen und Glasieren erfordert nur geringf\u00fcgige \u00c4nderungen der Parameter der Produktionsmaschinen. <\/span><\/p>\n<p>[\/et_pb_text][et_pb_image admin_label=&#8220;Obraz&#8220; src=&#8220;http:\/\/stolmar24.com\/wp-content\/uploads\/stv-ikd-stolmar-okna-bydgoszcz-002.jpg&#8220; show_in_lightbox=&#8220;off&#8220; url_new_window=&#8220;off&#8220; animation=&#8220;left&#8220; sticky=&#8220;off&#8220;] [\/et_pb_image][\/et_pb_column][\/et_pb_row][et_pb_row admin_label=&#8220;row&#8220;][et_pb_column type=&#8220;4_4&#8243;][et_pb_text admin_label=&#8220;Tekst&#8220; background_layout=&#8220;dark&#8220; text_orientation=&#8220;left&#8220;]<\/p>\n<p><span id=\"result_box\" class=\"\" lang=\"de\"><span class=\"\">Gr\u00f6\u00dfere Fenster, besser W\u00e4rmedemmung, mehr Sicherheit!<\/span><\/span><\/p>\n<p><\/p>\n<p>[\/et_pb_text][et_pb_text admin_label=&#8220;Tekst&#8220; background_layout=&#8220;dark&#8220; text_orientation=&#8220;left&#8220;]<\/p>\n<p><span lang=\"de-DE\">Die gleichzeitige Verwendung von STV? und Stahlverst\u00e4rkungen im Fensterbau erm\u00f6glicht die Konstruktion von sehr gro\u00dfen Fenstern. Hinzu kommt, dass die Nutzungseigenschaften der Fenster deutlich verbessert werden. Dar\u00fcber hinaus k\u00f6nnen im Rahmen von STV? unter Verwendung von w\u00e4rmeisolierten Dichtungen extrem warme und stabile Fenster in den g\u00e4ngigen Standard-Gr\u00f6\u00dfen hergestellt werden. Die STV Technologie kann auch in gebogenen Fenstern eingesetzt werden und verbessert somit widerrum ihre Stabilit\u00e4t.<br \/>Die Verwendung von STV? bei gleichzeitigem Verzicht auf den Verbau einer Stahlverst\u00e4rkung wirkt sich signifikant auf den Uf-Koeffizienten aus. Da eine normale Fenstergr\u00f6\u00dfe ohne Stahl im Fl\u00fcgel eingebaut werden kann, f\u00fchrt dies zu einer Verringerung des Uf-Koeffizienten um durchschnittlich 0,2 W \/ (m? ? K).<br \/>Dar\u00fcber hinaus verbessert die gro\u00dfe Klebefl\u00e4che der Scheibe zum Fl\u00fcgelfalz den Einbruchschutz. Die Glasscheibe ist deutlich schwieriger auszuhebeln. <\/span><\/p>\n<p>[\/et_pb_text][\/et_pb_column][\/et_pb_row][\/et_pb_section][et_pb_section admin_label=&#8220;section&#8220; fullwidth=&#8220;off&#8220; specialty=&#8220;off&#8220;][et_pb_row admin_label=&#8220;row&#8220;][et_pb_column type=&#8220;4_4&#8243;][et_pb_text admin_label=&#8220;Tekst&#8220; background_layout=&#8220;light&#8220; text_orientation=&#8220;left&#8220;]<\/p>\n<p>Schl\u00fcsseltechnologien &#8211; IKD<sup>?<\/sup> &#8211; Intensiv-Kern-D\u00e4mmung.<\/p>\n<p>[\/et_pb_text][et_pb_text admin_label=&#8220;Tekst&#8220; background_layout=&#8220;light&#8220; text_orientation=&#8220;left&#8220;] <\/p>\n<p><span id=\"result_box\" class=\"\" lang=\"de\">Eine interessante M\u00f6glichkeit, den Uf-Koeffizienten zu reduzieren, ist das F\u00fcllen der Profile mit Schaum. Die innovative Technologie der Trockenverglasungs &#8211; STV? schafft neue Perspektiven in diesem Bereich. Durch die gro\u00dfe Klebefl\u00e4che der Scheibe und dem Verkleben mit dem speziellen STV?-Band entf\u00e4llt die Stahlverst\u00e4rkung im Fl\u00fcgel. Die resultierende leere Hauptkammer im Fl\u00fcgel kann zur Erh\u00f6hung der W\u00e4rmed\u00e4mmung ausgenutzt werden. <span class=\"\">Das Hauptziel der Kombination von STV- und IKD?-Technologie war, den Uw-Koeffizienten unter 0,80 W \/ (m? ? K) zu erreichen &#8211; der f\u00fcr Passivh\u00e4user erforderliche Standard.<\/span><\/span><\/p>\n<p> [\/et_pb_text][et_pb_text admin_label=&#8220;Tekst&#8220; background_layout=&#8220;light&#8220; text_orientation=&#8220;left&#8220;]<\/p>\n<p><span id=\"result_box\" class=\"short_text\" lang=\"de\"><span class=\"\">IKD? Profile direkt von GEALAN<\/span><\/span><\/p>\n<p>[\/et_pb_text][et_pb_text admin_label=&#8220;Tekst&#8220; background_layout=&#8220;light&#8220; text_orientation=&#8220;left&#8220;] <\/p>\n<p>Die Konstrukteure der Firma GEALAN haben eine Methode erarbeitet, bei der der Schaum direkt im Extrusionswerk in die Profilkammer eingebracht wird. Der Fensterbauer bekommt somit das fertig ausgesch\u00e4umte Profil geliefert. Um hervorragende W\u00e4rmed\u00e4mmung zu erreichen, ist es nicht notwendig, die Profile per Hand mit Einschieblingen zu best\u00fccken. Alle weiteren Fertigungsetappen der Fenster wie Zuschnitt, Verschwei\u00dfen und Verputzen sind wie gewohnt durchf\u00fchrbar.<\/p>\n<p> [\/et_pb_text][\/et_pb_column][\/et_pb_row][\/et_pb_section]<\/p>\n","protected":false},"excerpt":{"rendered":"<p>Extrusion bedeutet ein kontinuierliches Verfahren zum produzieren von Str\u00e4ngen aus Kunststoffmaterialien oder deren Ursprungsprodukten (z. B. Granulat). Die harte, anf\u00e4nglich extrudierte Masse wird durch Erhitzen, Verdichten und Schneiden zu einer homogenen Masse.Um den Extrusionsprozess zu starten, m\u00fcssen Lastwagen die notwendigen Rohstoffe bereitstellen. Nach der Kontrolle von Waren, die in Form von verschiedenen Komponenten (PVC, Kreide [&hellip;]<\/p>\n","protected":false},"author":10,"featured_media":0,"parent":0,"menu_order":0,"comment_status":"open","ping_status":"closed","template":"","meta":{"_et_pb_use_builder":"on","_et_pb_old_content":"","_et_gb_content_width":"","footnotes":""},"class_list":["post-25483","page","type-page","status-publish","hentry"],"yoast_head":"<!-- This site is optimized with the Yoast SEO plugin v27.4 - https:\/\/yoast.com\/product\/yoast-seo-wordpress\/ -->\n<title>Kunststoff-PVC-Fenster mit Gealan Profilen - Stolmar Bydgoszcz<\/title>\n<meta name=\"robots\" content=\"index, follow, max-snippet:-1, max-image-preview:large, max-video-preview:-1\" \/>\n<link rel=\"canonical\" href=\"https:\/\/stolmar24.com\/de\/gealan\/\" \/>\n<meta property=\"og:locale\" content=\"de_DE\" \/>\n<meta property=\"og:type\" content=\"article\" \/>\n<meta property=\"og:title\" content=\"Kunststoff-PVC-Fenster mit Gealan Profilen - Stolmar Bydgoszcz\" \/>\n<meta property=\"og:description\" content=\"Extrusion bedeutet ein kontinuierliches Verfahren zum produzieren von Str\u00e4ngen aus Kunststoffmaterialien oder deren Ursprungsprodukten (z. B. Granulat). Die harte, anf\u00e4nglich extrudierte Masse wird durch Erhitzen, Verdichten und Schneiden zu einer homogenen Masse.Um den Extrusionsprozess zu starten, m\u00fcssen Lastwagen die notwendigen Rohstoffe bereitstellen. Nach der Kontrolle von Waren, die in Form von verschiedenen Komponenten (PVC, Kreide [&hellip;]\" \/>\n<meta property=\"og:url\" content=\"https:\/\/stolmar24.com\/de\/gealan\/\" \/>\n<meta property=\"og:site_name\" content=\"Stolmar\" \/>\n<meta property=\"article:publisher\" content=\"https:\/\/www.facebook.com\/STOLMAR-1482853595329004\/\" \/>\n<meta property=\"article:modified_time\" content=\"2018-10-09T10:21:38+00:00\" \/>\n<meta name=\"twitter:card\" content=\"summary_large_image\" \/>\n<meta name=\"twitter:site\" content=\"@Stolmar24\" \/>\n<meta name=\"twitter:label1\" content=\"Gesch\u00e4tzte Lesezeit\" \/>\n\t<meta name=\"twitter:data1\" content=\"9\u00a0Minuten\" \/>\n<script type=\"application\/ld+json\" class=\"yoast-schema-graph\">{\"@context\":\"https:\\\/\\\/schema.org\",\"@graph\":[{\"@type\":\"WebPage\",\"@id\":\"https:\\\/\\\/stolmar24.com\\\/de\\\/gealan\\\/\",\"url\":\"https:\\\/\\\/stolmar24.com\\\/de\\\/gealan\\\/\",\"name\":\"Kunststoff-PVC-Fenster mit Gealan Profilen - Stolmar Bydgoszcz\",\"isPartOf\":{\"@id\":\"https:\\\/\\\/stolmar24.com\\\/#website\"},\"datePublished\":\"2018-09-15T10:47:54+00:00\",\"dateModified\":\"2018-10-09T10:21:38+00:00\",\"breadcrumb\":{\"@id\":\"https:\\\/\\\/stolmar24.com\\\/de\\\/gealan\\\/#breadcrumb\"},\"inLanguage\":\"de\",\"potentialAction\":[{\"@type\":\"ReadAction\",\"target\":[\"https:\\\/\\\/stolmar24.com\\\/de\\\/gealan\\\/\"]}]},{\"@type\":\"BreadcrumbList\",\"@id\":\"https:\\\/\\\/stolmar24.com\\\/de\\\/gealan\\\/#breadcrumb\",\"itemListElement\":[{\"@type\":\"ListItem\",\"position\":1,\"name\":\"Strona g\u0142\u00f3wna\",\"item\":\"https:\\\/\\\/stolmar24.com\\\/de\\\/\"},{\"@type\":\"ListItem\",\"position\":2,\"name\":\"Gealan\"}]},{\"@type\":\"WebSite\",\"@id\":\"https:\\\/\\\/stolmar24.com\\\/#website\",\"url\":\"https:\\\/\\\/stolmar24.com\\\/\",\"name\":\"Stolmar\",\"description\":\"Producent stolarki okiennej\",\"potentialAction\":[{\"@type\":\"SearchAction\",\"target\":{\"@type\":\"EntryPoint\",\"urlTemplate\":\"https:\\\/\\\/stolmar24.com\\\/?s={search_term_string}\"},\"query-input\":{\"@type\":\"PropertyValueSpecification\",\"valueRequired\":true,\"valueName\":\"search_term_string\"}}],\"inLanguage\":\"de\"}]}<\/script>\n<!-- \/ Yoast SEO plugin. -->","yoast_head_json":{"title":"Kunststoff-PVC-Fenster mit Gealan Profilen - Stolmar Bydgoszcz","robots":{"index":"index","follow":"follow","max-snippet":"max-snippet:-1","max-image-preview":"max-image-preview:large","max-video-preview":"max-video-preview:-1"},"canonical":"https:\/\/stolmar24.com\/de\/gealan\/","og_locale":"de_DE","og_type":"article","og_title":"Kunststoff-PVC-Fenster mit Gealan Profilen - Stolmar Bydgoszcz","og_description":"Extrusion bedeutet ein kontinuierliches Verfahren zum produzieren von Str\u00e4ngen aus Kunststoffmaterialien oder deren Ursprungsprodukten (z. B. Granulat). Die harte, anf\u00e4nglich extrudierte Masse wird durch Erhitzen, Verdichten und Schneiden zu einer homogenen Masse.Um den Extrusionsprozess zu starten, m\u00fcssen Lastwagen die notwendigen Rohstoffe bereitstellen. Nach der Kontrolle von Waren, die in Form von verschiedenen Komponenten (PVC, Kreide [&hellip;]","og_url":"https:\/\/stolmar24.com\/de\/gealan\/","og_site_name":"Stolmar","article_publisher":"https:\/\/www.facebook.com\/STOLMAR-1482853595329004\/","article_modified_time":"2018-10-09T10:21:38+00:00","twitter_card":"summary_large_image","twitter_site":"@Stolmar24","twitter_misc":{"Gesch\u00e4tzte Lesezeit":"9\u00a0Minuten"},"schema":{"@context":"https:\/\/schema.org","@graph":[{"@type":"WebPage","@id":"https:\/\/stolmar24.com\/de\/gealan\/","url":"https:\/\/stolmar24.com\/de\/gealan\/","name":"Kunststoff-PVC-Fenster mit Gealan Profilen - Stolmar Bydgoszcz","isPartOf":{"@id":"https:\/\/stolmar24.com\/#website"},"datePublished":"2018-09-15T10:47:54+00:00","dateModified":"2018-10-09T10:21:38+00:00","breadcrumb":{"@id":"https:\/\/stolmar24.com\/de\/gealan\/#breadcrumb"},"inLanguage":"de","potentialAction":[{"@type":"ReadAction","target":["https:\/\/stolmar24.com\/de\/gealan\/"]}]},{"@type":"BreadcrumbList","@id":"https:\/\/stolmar24.com\/de\/gealan\/#breadcrumb","itemListElement":[{"@type":"ListItem","position":1,"name":"Strona g\u0142\u00f3wna","item":"https:\/\/stolmar24.com\/de\/"},{"@type":"ListItem","position":2,"name":"Gealan"}]},{"@type":"WebSite","@id":"https:\/\/stolmar24.com\/#website","url":"https:\/\/stolmar24.com\/","name":"Stolmar","description":"Producent stolarki okiennej","potentialAction":[{"@type":"SearchAction","target":{"@type":"EntryPoint","urlTemplate":"https:\/\/stolmar24.com\/?s={search_term_string}"},"query-input":{"@type":"PropertyValueSpecification","valueRequired":true,"valueName":"search_term_string"}}],"inLanguage":"de"}]}},"_links":{"self":[{"href":"https:\/\/stolmar24.com\/de\/wp-json\/wp\/v2\/pages\/25483","targetHints":{"allow":["GET"]}}],"collection":[{"href":"https:\/\/stolmar24.com\/de\/wp-json\/wp\/v2\/pages"}],"about":[{"href":"https:\/\/stolmar24.com\/de\/wp-json\/wp\/v2\/types\/page"}],"author":[{"embeddable":true,"href":"https:\/\/stolmar24.com\/de\/wp-json\/wp\/v2\/users\/10"}],"replies":[{"embeddable":true,"href":"https:\/\/stolmar24.com\/de\/wp-json\/wp\/v2\/comments?post=25483"}],"version-history":[{"count":0,"href":"https:\/\/stolmar24.com\/de\/wp-json\/wp\/v2\/pages\/25483\/revisions"}],"wp:attachment":[{"href":"https:\/\/stolmar24.com\/de\/wp-json\/wp\/v2\/media?parent=25483"}],"curies":[{"name":"wp","href":"https:\/\/api.w.org\/{rel}","templated":true}]}}